{"id":14774,"date":"2023-11-19T18:59:29","date_gmt":"2023-11-19T18:59:29","guid":{"rendered":"https:\/\/time3.vl-staging.com\/sartlar-ve-kosullar\/"},"modified":"2025-07-02T11:26:22","modified_gmt":"2025-07-02T11:26:22","slug":"sartlar-ve-kosullar","status":"publish","type":"page","link":"https:\/\/timetravelaesthetic.com\/de\/sartlar-ve-kosullar\/","title":{"rendered":"\u015eartlar ve Ko\u015fullar DE"},"content":{"rendered":"<div class=\"brz-root__container brz-reset-all brz\">\n<section id=\"_uPD2j8eTDSPJ\" class=\"brz-section brz-css-xLcCr\">\n<div class=\"brz-section__content brz-section--boxed brz-css-ntIou brz-css-eh5_o\" data-brz-custom-id=\"vr4RbLto9Opj\">\n<div class=\"brz-bg\">\n<div class=\"brz-bg-image\"><\/div>\n<div class=\"brz-bg-color\"><\/div>\n<\/div>\n<div class=\"brz-container brz-css-juGx0 brz-css-wW1VK\">\n<div id=\"\" class=\"brz-css-rYMNC brz-wrapper\">\n<div class=\"brz-rich-text brz-rich-text__custom brz-css-kzQm7\" data-brz-custom-id=\"oYzFhzza96Tq\">\n<div data-brz-translate-text=\"1\">\n<p class=\"brz-fs-lg-36 brz-ft-upload brz-ff-ozhkiphnhvhspgnsirfckwjaxjgjldcctydj brz-tp-lg-empty brz-text-lg-center brz-fss-lg-px brz-fw-lg-400 brz-ls-lg-0 brz-lh-lg-1_9 brz-css-u0GHY\" data-uniq-id=\"hN16q\" data-generated-css=\"brz-css-efrv6\"><strong style=\"opacity: 1\">GESCH\u00c4FTSBEDINGUNGEN<\/strong><\/p>\n<\/div>\n<\/div>\n<\/div>\n<div class=\"brz-row__container brz-css-rcfTM\" data-brz-custom-id=\"uvmvVyCzc7ru\">\n<div class=\"brz-bg\"><\/div>\n<div class=\"brz-row brz-css-qHRRd brz-css-aVf3m\">\n<div class=\"brz-columns brz-css-x2wMF brz-css-fVwlm\" data-brz-custom-id=\"i2Zq3b2WNNfy\">\n<div class=\"brz-bg\"><\/div>\n<div class=\"brz-column__items brz-css-ywji5 brz-css-l4xH7\">\n<div id=\"\" class=\"brz-css-rYMNC brz-css-vpqjh brz-wrapper\">\n<div class=\"brz-rich-text brz-rich-text__custom brz-css-kzQm7\" data-brz-custom-id=\"oczq5A3XWafz\">\n<div data-brz-translate-text=\"1\">\n<p class=\"brz-tp-lg-empty brz-ff-ozhkiphnhvhspgnsirfckwjaxjgjldcctydj brz-ft-upload brz-fs-lg-19 brz-fss-lg-px brz-fw-lg-400 brz-ls-lg-0 brz-lh-lg-1_8 brz-css-a6UZe\" data-uniq-id=\"qD6_V\" data-generated-css=\"brz-css-jkl7O\"><strong>VERTRAGSPARTEIEN<\/strong><\/p>\n<p class=\"brz-tp-lg-empty brz-ff-wezyasbxuqgubgesyrpopjmxdwuuvjhpghzy brz-ft-upload brz-fs-lg-16 brz-fss-lg-px brz-fw-lg-400 brz-ls-lg-0 brz-lh-lg-1_8 brz-css-tZKv6\" data-uniq-id=\"t3LVy\" data-generated-css=\"brz-css-iCc2v\"><span>Der Vertrag \u00fcber die Vermittlungsorganisation f\u00fcr Gesundheitstourismus wurde zwischen Time Travel Aesthetic (im Folgenden als VERMITTLERSORGANISATION F\u00dcR GESUNDHEITSTOURISMUS bezeichnet) und der Person, deren Informationen unten aufgef\u00fchrt sind (im Folgenden als PATIENT bezeichnet), im Rahmen der nachstehend aufgef\u00fchrten Bestimmungen und mit der Unterzeichnung geschlossen Mit der Vertragserf\u00fcllung durch die Parteien akzeptiert der Patient alle in der Vereinbarung festgelegten Bestimmungen. Er akzeptiert, erkl\u00e4rt und verpflichtet sich, diese Regeln zu verstehen und sie einzuhalten.<\/span><\/p>\n<\/div>\n<\/div>\n<\/div>\n<\/div>\n<\/div>\n<\/div>\n<\/div>\n<div class=\"brz-row__container brz-css-rcfTM\" data-brz-custom-id=\"m031I0bMHlxq\">\n<div class=\"brz-bg\"><\/div>\n<div class=\"brz-row brz-css-qHRRd brz-css-aVf3m\">\n<div class=\"brz-columns brz-css-x2wMF brz-css-vb1tV\" data-brz-custom-id=\"wJN1xXFDxqw1\">\n<div class=\"brz-bg\"><\/div>\n<div class=\"brz-column__items brz-css-ywji5 brz-css-sOLnN\">\n<div id=\"\" class=\"brz-css-rYMNC brz-css-aH2sG brz-wrapper\">\n<div class=\"brz-rich-text brz-rich-text__custom brz-css-kzQm7\" data-brz-custom-id=\"tEkYKQM1rf5p\">\n<div data-brz-translate-text=\"1\">\n<p class=\"brz-lh-lg-1_8 brz-ls-lg-0 brz-fw-lg-400 brz-fss-lg-px brz-fs-lg-19 brz-ft-upload brz-ff-ozhkiphnhvhspgnsirfckwjaxjgjldcctydj brz-tp-lg-empty brz-css-zd0gY\" data-generated-css=\"brz-css-xev5_\" data-uniq-id=\"gKTW6\"><strong>GEGENSTAND DES VERTRAGS UND RECHTE UND PFLICHTEN VON TIME TRAVEL AESTHETIC<\/strong><\/p>\n<p class=\"brz-lh-lg-1_8 brz-ls-lg-0 brz-fw-lg-400 brz-fss-lg-px brz-fs-lg-16 brz-ft-upload brz-ff-wezyasbxuqgubgesyrpopjmxdwuuvjhpghzy brz-tp-lg-empty brz-css-gpTGh\" data-generated-css=\"brz-css-sRG2k\" data-uniq-id=\"okJc6\"><span>Time Travel Aesthetic ist eine speziell autorisierte Tourismusagentur, die als Vermittler zwischen Gesundheitseinrichtungen in der T\u00fcrkei fungiert. Der Vertragsgegenstand umfasst die Vermittlung aller Arten von Dienstleistungen wie \u00c4rzte, Krankenh\u00e4user, Unterkunft, Reisen und Transport, die im Rahmen des Gesundheitstourismus in der T\u00fcrkei gem\u00e4\u00df den W\u00fcnschen des Patienten, den Preis- und Zahlungsgrunds\u00e4tzen erforderlich sind Rechte und Pflichten der Parteien. Time Travel Aesthetic gibt dem Patienten vorl\u00e4ufige Informationen und bietet Unterst\u00fctzung wie Transport und Unterbringung, wenn der Eingriff genehmigt wird. Der Patient wei\u00df, dass es sich bei der zu erbringenden Leistung um eine Vermittlungsleistung handelt und nimmt zur Kenntnis, erkl\u00e4rt und verpflichtet sich, dass ihm die im Rahmen dieses Vertrages erbrachten Vermittlungsleistungen wie Krankenhaus, Arzt, Transfer und Unterbringung bekannt sind. Er akzeptiert, erkl\u00e4rt und verpflichtet sich, dass Time Travel Aesthetic keine rechtliche Haftung f\u00fcr andere Gesundheitsdienstleistungen als Vermittlungsdienstleistungen \u00fcbernimmt und dass er Time Travel Aesthetic nicht f\u00fcr materielle oder moralische Sch\u00e4den haftbar macht, die aufgrund von Gesundheitsdienstleistungen entstehen k\u00f6nnen. Wenn der Gesundheitsdienst unzufrieden ist, kann der Patient keine Ma\u00dfnahmen ergreifen, die Time Travel Aesthetic schaden k\u00f6nnten.<\/span><\/p>\n<\/div>\n<\/div>\n<\/div>\n<\/div>\n<\/div>\n<\/div>\n<\/div>\n<div class=\"brz-row__container brz-css-rcfTM\" data-brz-custom-id=\"u9AKDLOGOTAY\">\n<div class=\"brz-bg\"><\/div>\n<div class=\"brz-row brz-css-qHRRd brz-css-aVf3m\">\n<div class=\"brz-columns brz-css-x2wMF brz-css-xer4F\" data-brz-custom-id=\"lROCmjQKu_V1\">\n<div class=\"brz-bg\"><\/div>\n<div class=\"brz-column__items brz-css-ywji5 brz-css-ibWV8\">\n<div id=\"\" class=\"brz-css-rYMNC brz-css-m7U_0 brz-wrapper\">\n<div class=\"brz-rich-text brz-rich-text__custom brz-css-kzQm7\" data-brz-custom-id=\"hih5ilREtsQb\">\n<div data-brz-translate-text=\"1\">\n<p class=\"brz-lh-lg-1_8 brz-ls-lg-0 brz-fw-lg-400 brz-fss-lg-px brz-fs-lg-19 brz-ft-upload brz-ff-ozhkiphnhvhspgnsirfckwjaxjgjldcctydj brz-tp-lg-empty brz-css-bvSau\" data-generated-css=\"brz-css-jV5QP\" data-uniq-id=\"vKFki\"><strong>RECHTE UND PFLICHTEN DES PATIENTEN<\/strong><\/p>\n<p class=\"brz-lh-lg-1_8 brz-ls-lg-0 brz-fw-lg-400 brz-fss-lg-px brz-fs-lg-16 brz-ft-upload brz-ff-wezyasbxuqgubgesyrpopjmxdwuuvjhpghzy brz-tp-lg-empty brz-css-uP2NG\" data-generated-css=\"brz-css-hqQDe\" data-uniq-id=\"bhw5t\"><span>Der Patient akzeptiert, erkl\u00e4rt und verpflichtet sich, sich dar\u00fcber im Klaren zu sein, dass Time Travel Aesthetic vorl\u00e4ufige Informationen zu den angeforderten Eingriffen bereitstellt und Unterst\u00fctzung wie Transport und Unterbringung leistet, wenn der Eingriff genehmigt wird. Der Patient ist verpflichtet, alle seine Gesundheitsinformationen korrekt und klar an Time Travel Aesthetic zu \u00fcbermitteln, indem er das \u00fcber WhatsApp gesendete medizinische Formular ausf\u00fcllt. Wenn der Patient seinen Gesundheitszustand unvollst\u00e4ndig oder nicht wie vorgeschrieben angibt, liegt die gesamte rechtliche Haftung beim Patienten. Der Patient ist f\u00fcr alle Sch\u00e4den verantwortlich, die zum Beispiel dadurch entstehen, dass er den Flug vers\u00e4umt oder die Abl\u00e4ufe durch den Patienten gest\u00f6rt werden. Der Patient akzeptiert und erkl\u00e4rt, dass Time Travel Aesthetic keinerlei Haftung \u00fcbernimmt. Der Patient ist f\u00fcr die Zahlung der von Time Travel Aesthetic festgelegten Geb\u00fchr verantwortlich. Der Patient ist f\u00fcr alle von ihm verursachten Verz\u00f6gerungen pers\u00f6nlich verantwortlich. Sollten durch diese Situation zus\u00e4tzliche Kosten und Verbindlichkeiten f\u00fcr Time Travel Aesthetic entstehen, werden die Kosten und Auslagen vom Patienten an die zwischengeschaltete Organisation f\u00fcr Gesundheitstourismus gezahlt. Time Travel Aesthetic empfiehlt dem Patienten den Abschluss einer Versicherung bei einer Versicherungsgesellschaft. S\u00e4mtliche Haftungen und Folgen, die sich daraus ergeben, dass der Patient keine angemessene Versicherung abgeschlossen hat, gehen ausschlie\u00dflich zu Lasten des Patienten. Der Patient wei\u00df, dass es keine Garantie f\u00fcr die von Time Travel Aesthetic erhaltenen Dienstleistungen gibt, und akzeptiert, erkl\u00e4rt und verpflichtet sich, dass er Time Travel Aesthetic im Falle von Problemen mit diesen Dienstleistungen zun\u00e4chst schriftlich benachrichtigen wird.<\/span><\/p>\n<\/div>\n<\/div>\n<\/div>\n<\/div>\n<\/div>\n<\/div>\n<\/div>\n<div class=\"brz-row__container brz-css-rcfTM\" data-brz-custom-id=\"n1YYJzJdnHTF\">\n<div class=\"brz-bg\"><\/div>\n<div class=\"brz-row brz-css-qHRRd brz-css-aVf3m\">\n<div class=\"brz-columns brz-css-x2wMF brz-css-nACUw\" data-brz-custom-id=\"hMh6gBkIGtQr\">\n<div class=\"brz-bg\"><\/div>\n<div class=\"brz-column__items brz-css-ywji5 brz-css-zJ4_y\">\n<div id=\"\" class=\"brz-css-rYMNC brz-css-wkiFC brz-wrapper\">\n<div class=\"brz-rich-text brz-rich-text__custom brz-css-kzQm7\" data-brz-custom-id=\"mD0QtJbrqyAt\">\n<div data-brz-translate-text=\"1\">\n<p class=\"brz-tp-lg-empty brz-ff-ozhkiphnhvhspgnsirfckwjaxjgjldcctydj brz-ft-upload brz-fs-lg-19 brz-fss-lg-px brz-fw-lg-400 brz-ls-lg-0 brz-lh-lg-1_8 brz-css-vSDor\" data-uniq-id=\"iIzfC\" data-generated-css=\"brz-css-lbq21\"><strong>BEZAHLUNGSVERFAHREN<\/strong><\/p>\n<p class=\"brz-tp-lg-empty brz-ff-wezyasbxuqgubgesyrpopjmxdwuuvjhpghzy brz-ft-upload brz-fs-lg-16 brz-fss-lg-px brz-fw-lg-400 brz-ls-lg-0 brz-lh-lg-1_8 brz-css-iu4qa\" data-uniq-id=\"hZ0Zc\" data-generated-css=\"brz-css-xvubY\"><span>Time Travel Aesthetic ermittelt die Kosten des vom Patienten gew\u00fcnschten Behandlungspakets. Wenn der Patient das Angebot annimmt, muss er zun\u00e4chst die Anzahlung als Gegenleistung f\u00fcr die Vermittlungsleistung leisten, die Time Travel Aesthetic dem Patienten erbringt. Mit dieser Vorauszahlung wird der Termin f\u00fcr die notwendigen Vorkehrungen f\u00fcr den Patienten garantiert und den Unternehmen und\/oder Einzelpersonen vorbehalten, die im Namen des Patienten Gesundheits-, Unterbringungs- und Transferdienstleistungen erbringen. Zahlungsarten werden von Time Travel Aesthetic in einem separaten Geb\u00fchrenformular angeboten. Wenn der Patient seinen Pflichten in diesem Abschnitt \u201eZahlung\u201c nicht nachkommt, verst\u00f6\u00dft er gegen die Vereinbarung und Time Travel Aesthetic ist nicht zur Erbringung von Dienstleistungen verpflichtet. F\u00fcr Situationen, vom Patienten gew\u00fcnschte Sondersituationen oder nach der Erbringung von Gesundheitsmediationsdiensten durch den Patienten zu erbringende Arbeiten und Dienstleistungen fallen ebenfalls zus\u00e4tzliche Geb\u00fchren an. Der restliche Restbetrag f\u00fcr alle der Vermittlungsleistung unterliegenden Arrangements ist sp\u00e4testens am Tag der Operation an Time Travel Aesthetic zu entrichten. Nach der Reservierung durch den Patienten wird das gezahlte Honorar nicht zur\u00fcckerstattet, wenn der Patient die von den Leistungserbringern vorgelegten Vertr\u00e4ge oder Dokumente nicht unterschreibt oder die mit der Unterschrift vereinbarten Ma\u00dfnahmen nicht erf\u00fcllt. Der Patient akzeptiert, erkl\u00e4rt und verpflichtet sich, dass er keine R\u00fcckerstattung der Geb\u00fchr gem\u00e4\u00df den Bestimmungen dieses Artikels verlangen wird. Der Patient kann seine Reservierung 1 Monat im Voraus stornieren, indem er Time Travel Aesthetic schriftlich benachrichtigt. Im Falle einer Stornierung verbleibt jedoch die Anzahlung als Reservierungsgeb\u00fchr bei Time Travel Aesthetic.<\/span><\/p>\n<\/div>\n<\/div>\n<\/div>\n<\/div>\n<\/div>\n<\/div>\n<\/div>\n<div class=\"brz-row__container brz-css-rcfTM\" data-brz-custom-id=\"ofg4iKO51seK\">\n<div class=\"brz-bg\"><\/div>\n<div class=\"brz-row brz-css-qHRRd brz-css-aVf3m\">\n<div class=\"brz-columns brz-css-x2wMF brz-css-vwEWG\" data-brz-custom-id=\"i_zAvUKPAIWZ\">\n<div class=\"brz-bg\"><\/div>\n<div class=\"brz-column__items brz-css-ywji5 brz-css-y7MuY\">\n<div id=\"\" class=\"brz-css-rYMNC brz-css-mT3ub brz-wrapper\">\n<div class=\"brz-rich-text brz-rich-text__custom brz-css-kzQm7\" data-brz-custom-id=\"yrtWV7pxJLxT\">\n<div data-brz-translate-text=\"1\">\n<p class=\"brz-lh-lg-1_8 brz-ls-lg-0 brz-fw-lg-400 brz-fss-lg-px brz-fs-lg-19 brz-ft-upload brz-ff-ozhkiphnhvhspgnsirfckwjaxjgjldcctydj brz-tp-lg-empty brz-css-cP5Jy\" data-generated-css=\"brz-css-yRDYj\" data-uniq-id=\"dyoWB\"><strong>DEFINITION VERTRAULICHER INFORMATIONEN<\/strong><\/p>\n<p class=\"brz-lh-lg-1_8 brz-ls-lg-0 brz-fw-lg-400 brz-fss-lg-px brz-fs-lg-16 brz-ft-upload brz-ff-wezyasbxuqgubgesyrpopjmxdwuuvjhpghzy brz-tp-lg-empty brz-css-aFXB1\" data-generated-css=\"brz-css-zZvpv\" data-uniq-id=\"pav4P\"><span>Informationen \u00fcber die im Rahmen des Datenschutzgesetzes definierte Person und alle Arten von Informationen \u00fcber eine identifizierte oder identifizierbare nat\u00fcrliche Person, alle Arten von Gesundheitsinformationen \u00fcber eine identifizierte oder identifizierbare nat\u00fcrliche Person, Rasse, ethnische Herkunft, politische Einstellung, philosophische \u00dcberzeugung , Religion, Sekte oder andere \u00dcberzeugungen, Aussehen und Kleidung, Vereins-, Stiftungs- oder Gewerkschaftsmitgliedschaft, Gesundheit, Sexualleben, strafrechtliche Verurteilungen und Sicherheitsma\u00dfnahmen sowie biometrische und genetische Daten.<\/span><\/p>\n<\/div>\n<\/div>\n<\/div>\n<\/div>\n<\/div>\n<\/div>\n<\/div>\n<div class=\"brz-row__container brz-css-rcfTM\" data-brz-custom-id=\"s_nBlHE_r7gW\">\n<div class=\"brz-bg\"><\/div>\n<div class=\"brz-row brz-css-qHRRd brz-css-aVf3m\">\n<div class=\"brz-columns brz-css-x2wMF brz-css-gpo3G\" data-brz-custom-id=\"xgjv9xiTG7AL\">\n<div class=\"brz-bg\"><\/div>\n<div class=\"brz-column__items brz-css-ywji5 brz-css-l2exs\">\n<div id=\"\" class=\"brz-css-rYMNC brz-css-jTu4R brz-wrapper\">\n<div class=\"brz-rich-text brz-rich-text__custom brz-css-kzQm7\" data-brz-custom-id=\"wMeZsj8ooBUF\">\n<div data-brz-translate-text=\"1\">\n<p class=\"brz-lh-lg-1_8 brz-ls-lg-0 brz-fw-lg-400 brz-fss-lg-px brz-fs-lg-19 brz-ft-upload brz-ff-ozhkiphnhvhspgnsirfckwjaxjgjldcctydj brz-tp-lg-empty brz-css-fLtTq\" data-generated-css=\"brz-css-h9PR8\" data-uniq-id=\"xCN15\"><strong>H\u00d6HERE GEWALT<\/strong><\/p>\n<p class=\"brz-lh-lg-1_8 brz-ls-lg-0 brz-fw-lg-400 brz-fss-lg-px brz-fs-lg-16 brz-ft-upload brz-ff-wezyasbxuqgubgesyrpopjmxdwuuvjhpghzy brz-tp-lg-empty brz-css-o1JC6\" data-generated-css=\"brz-css-ftYBd\" data-uniq-id=\"qDFB8\"><span>H\u00f6here Gewalt (Naturkatastrophe, Krieg, Terror, Aufruhr, \u00c4nderung gesetzlicher Bestimmungen, Beschlagnahme oder Streik, Aussperrung, erhebliche St\u00f6rung von Produktions- und Kommunikationsanlagen usw.). Die Partei, bei der h\u00f6here Gewalt vorliegt, wird die andere Partei unverz\u00fcglich und schriftlich benachrichtigen. W\u00e4hrend der Dauer der h\u00f6heren Gewalt haften die Parteien nicht f\u00fcr die Nichterf\u00fcllung ihrer Verpflichtungen.<\/span><\/p>\n<\/div>\n<\/div>\n<\/div>\n<\/div>\n<\/div>\n<\/div>\n<\/div>\n<div class=\"brz-row__container brz-css-rcfTM\" data-brz-custom-id=\"k6iP9mRzXexC\">\n<div class=\"brz-bg\"><\/div>\n<div class=\"brz-row brz-css-qHRRd brz-css-aVf3m\">\n<div class=\"brz-columns brz-css-x2wMF brz-css-qYU2N\" data-brz-custom-id=\"plvoNYnva1mU\">\n<div class=\"brz-bg\"><\/div>\n<div class=\"brz-column__items brz-css-ywji5 brz-css-f6Py9\">\n<div id=\"\" class=\"brz-css-rYMNC brz-css-mxhdx brz-wrapper\">\n<div class=\"brz-rich-text brz-rich-text__custom brz-css-kzQm7\" data-brz-custom-id=\"iKKJjM9YysVp\">\n<div data-brz-translate-text=\"1\">\n<p class=\"brz-lh-lg-1_8 brz-ls-lg-0 brz-fw-lg-400 brz-fss-lg-px brz-fs-lg-19 brz-ft-upload brz-ff-ozhkiphnhvhspgnsirfckwjaxjgjldcctydj brz-tp-lg-empty brz-css-ufjgR\" data-generated-css=\"brz-css-vbUkq\" data-uniq-id=\"xRg7J\"><strong>\u00dcBERTRAGUNGSVERBOT<\/strong><\/p>\n<p class=\"brz-lh-lg-1_8 brz-ls-lg-0 brz-fw-lg-400 brz-fss-lg-px brz-fs-lg-16 brz-ft-upload brz-ff-wezyasbxuqgubgesyrpopjmxdwuuvjhpghzy brz-tp-lg-empty brz-css-cNLAC\" data-generated-css=\"brz-css-hgONt\" data-uniq-id=\"iWIcV\"><span>Diese Vereinbarung und\/oder keine der damit verbundenen Rechte und Pflichten d\u00fcrfen ohne vorherige schriftliche Zustimmung der anderen Partei auf einen anderen Dritten \u00fcbertragen oder abgetreten werden.<\/span><\/p>\n<\/div>\n<\/div>\n<\/div>\n<\/div>\n<\/div>\n<\/div>\n<\/div>\n<div class=\"brz-row__container brz-css-rcfTM\" data-brz-custom-id=\"jQus4mmlVKGx\">\n<div class=\"brz-bg\"><\/div>\n<div class=\"brz-row brz-css-qHRRd brz-css-aVf3m\">\n<div class=\"brz-columns brz-css-x2wMF brz-css-xF1BS\" data-brz-custom-id=\"fRU9dY6xx7Zu\">\n<div class=\"brz-bg\"><\/div>\n<div class=\"brz-column__items brz-css-ywji5 brz-css-zQYWG\">\n<div id=\"\" class=\"brz-css-rYMNC brz-css-qpsSA brz-wrapper\">\n<div class=\"brz-rich-text brz-rich-text__custom brz-css-kzQm7\" data-brz-custom-id=\"lnc8zi04V0U3\">\n<div data-brz-translate-text=\"1\">\n<p class=\"brz-lh-lg-1_8 brz-ls-lg-0 brz-fw-lg-400 brz-fss-lg-px brz-fs-lg-19 brz-ft-upload brz-ff-ozhkiphnhvhspgnsirfckwjaxjgjldcctydj brz-tp-lg-empty brz-css-ehy60\" data-generated-css=\"brz-css-ww0y1\" data-uniq-id=\"fC6wn\"><strong>TRENNBARKEIT VON MATERIALIEN<\/strong><\/p>\n<p class=\"brz-lh-lg-1_8 brz-ls-lg-0 brz-fw-lg-400 brz-fss-lg-px brz-fs-lg-16 brz-ft-upload brz-ff-wezyasbxuqgubgesyrpopjmxdwuuvjhpghzy brz-tp-lg-empty brz-css-zpZ6m\" data-generated-css=\"brz-css-tEaoh\" data-uniq-id=\"u3e23\"><span>Sollten eine oder mehrere Bestimmungen dieser Vereinbarung aufgrund eines Gesetzes oder einer Verordnung f\u00fcr ung\u00fcltig, rechtswidrig oder nicht durchsetzbar erkl\u00e4rt werden, wird die G\u00fcltigkeit, Rechtm\u00e4\u00dfigkeit und Durchsetzbarkeit der \u00fcbrigen Bestimmungen in keiner Weise beeintr\u00e4chtigt oder beeintr\u00e4chtigt.<\/span><\/p>\n<\/div>\n<\/div>\n<\/div>\n<\/div>\n<\/div>\n<\/div>\n<\/div>\n<div class=\"brz-row__container brz-css-rcfTM\" data-brz-custom-id=\"oRqBiFwc69rk\">\n<div class=\"brz-bg\"><\/div>\n<div class=\"brz-row brz-css-qHRRd brz-css-aVf3m\">\n<div class=\"brz-columns brz-css-x2wMF brz-css-x0Ofs\" data-brz-custom-id=\"odSW7WoEymt_\">\n<div class=\"brz-bg\"><\/div>\n<div class=\"brz-column__items brz-css-ywji5 brz-css-fPpEI\">\n<div id=\"\" class=\"brz-css-rYMNC brz-css-ch6LJ brz-wrapper\">\n<div class=\"brz-rich-text brz-rich-text__custom brz-css-kzQm7\" data-brz-custom-id=\"jE9htOPQiv0L\">\n<div data-brz-translate-text=\"1\">\n<p class=\"brz-lh-lg-1_8 brz-ls-lg-0 brz-fw-lg-400 brz-fss-lg-px brz-fs-lg-19 brz-ft-upload brz-ff-ozhkiphnhvhspgnsirfckwjaxjgjldcctydj brz-tp-lg-empty brz-css-zzPCg\" data-generated-css=\"brz-css-sUAU1\" data-uniq-id=\"sMrQR\"><strong>BEWEISVERTRAG<\/strong><\/p>\n<p class=\"brz-lh-lg-1_8 brz-ls-lg-0 brz-fw-lg-400 brz-fss-lg-px brz-fs-lg-16 brz-ft-upload brz-ff-wezyasbxuqgubgesyrpopjmxdwuuvjhpghzy brz-tp-lg-empty brz-css-fRj9H\" data-generated-css=\"brz-css-pOavS\" data-uniq-id=\"h4jJa\"><span>Der Patient akzeptiert, erkl\u00e4rt und verpflichtet sich, dass die Aufzeichnungen und B\u00fccher von Time Travel Aesthetic als Beweismittel bei Streitigkeiten aus diesem Vertrag dienen und dass er gegen diese Aufzeichnungen und B\u00fccher keine Einw\u00e4nde erheben und keine anderen Beweise als diese vorlegen wird.<\/span><\/p>\n<\/div>\n<\/div>\n<\/div>\n<\/div>\n<\/div>\n<\/div>\n<\/div>\n<div class=\"brz-row__container brz-css-rcfTM\" data-brz-custom-id=\"krvldXRuTV_b\">\n<div class=\"brz-bg\"><\/div>\n<div class=\"brz-row brz-css-qHRRd brz-css-aVf3m\">\n<div class=\"brz-columns brz-css-x2wMF brz-css-e0SMa\" data-brz-custom-id=\"rjCrolJxkCq8\">\n<div class=\"brz-bg\"><\/div>\n<div class=\"brz-column__items brz-css-ywji5 brz-css-djdfL\">\n<div id=\"\" class=\"brz-css-rYMNC brz-css-uQbwn brz-wrapper\">\n<div class=\"brz-rich-text brz-rich-text__custom brz-css-kzQm7\" data-brz-custom-id=\"cXsePfGaYarQ\">\n<div data-brz-translate-text=\"1\">\n<p class=\"brz-lh-lg-1_8 brz-ls-lg-0 brz-fw-lg-400 brz-fss-lg-px brz-fs-lg-19 brz-ft-upload brz-ff-ozhkiphnhvhspgnsirfckwjaxjgjldcctydj brz-tp-lg-empty brz-css-uZD1B\" data-generated-css=\"brz-css-ztbl6\" data-uniq-id=\"l4zV9\"><strong>STREITIGKEITSSTATUS<\/strong><\/p>\n<p class=\"brz-lh-lg-1_8 brz-ls-lg-0 brz-fw-lg-400 brz-fss-lg-px brz-fs-lg-16 brz-ft-upload brz-ff-wezyasbxuqgubgesyrpopjmxdwuuvjhpghzy brz-tp-lg-empty brz-css-fZvB6\" data-generated-css=\"brz-css-e2v4G\" data-uniq-id=\"lVgxx\"><span>Bei allen Streitigkeiten, die sich aus der Auslegung und Ausf\u00fchrung dieser Vereinbarung ergeben k\u00f6nnen, gelten die Gesetze der Republik T\u00fcrkei, und die Gerichte und Vollstreckungsbeh\u00f6rden von Antalya sind ausschlie\u00dflich zur Anh\u00f6rung der Streitigkeiten befugt.<\/span><\/p>\n<\/div>\n<\/div>\n<\/div>\n<\/div>\n<\/div>\n<\/div>\n<\/div>\n<div class=\"brz-row__container brz-css-rcfTM\" data-brz-custom-id=\"oMkASiKoLftB\">\n<div class=\"brz-bg\"><\/div>\n<div class=\"brz-row brz-css-qHRRd brz-css-aVf3m\">\n<div class=\"brz-columns brz-css-x2wMF brz-css-lGqE1\" data-brz-custom-id=\"uAqo6q9BowDT\">\n<div class=\"brz-bg\"><\/div>\n<div class=\"brz-column__items brz-css-ywji5 brz-css-iJrse\">\n<div id=\"\" class=\"brz-css-rYMNC brz-css-zHc6v brz-wrapper\">\n<div class=\"brz-rich-text brz-rich-text__custom brz-css-kzQm7\" data-brz-custom-id=\"pZ5WIIYVnPsx\">\n<div data-brz-translate-text=\"1\">\n<p class=\"brz-lh-lg-1_8 brz-ls-lg-0 brz-fw-lg-400 brz-fss-lg-px brz-fs-lg-19 brz-ft-upload brz-ff-ozhkiphnhvhspgnsirfckwjaxjgjldcctydj brz-tp-lg-empty brz-css-u_p1n\" data-generated-css=\"brz-css-eZIJq\" data-uniq-id=\"hr8CI\"><strong>INTEGRIT\u00c4T UND ANWENDBARKEIT DES VERTRAGS<\/strong><\/p>\n<p class=\"brz-lh-lg-1_8 brz-ls-lg-0 brz-fw-lg-400 brz-fss-lg-px brz-fs-lg-16 brz-ft-upload brz-ff-wezyasbxuqgubgesyrpopjmxdwuuvjhpghzy brz-tp-lg-empty brz-css-nqfYW\" data-generated-css=\"brz-css-iRM4U\" data-uniq-id=\"orkm6\"><span>Die oben genannten Artikel stellen die gesamte Vereinbarung zwischen den Parteien dar und ersetzen alle zuvor m\u00fcndlich oder schriftlich getroffenen Vereinbarungen, Zusagen und Absprachen zum Gegenstand dieser Vereinbarung.<\/span><\/p>\n<\/div>\n<\/div>\n<\/div>\n<\/div>\n<\/div>\n<\/div>\n<\/div>\n<\/div>\n<\/div>\n<\/section>\n<\/div>\n<p>    <!-- version:1732718269 --><\/p>\n","protected":false},"excerpt":{"rendered":"<p>GESCH\u00c4FTSBEDINGUNGEN VERTRAGSPARTEIEN Der Vertrag \u00fcber die Vermittlungsorganisation f\u00fcr Gesundheitstourismus wurde zwischen Time Travel Aesthetic (im Folgenden als VERMITTLERSORGANISATION F\u00dcR GESUNDHEITSTOURISMUS bezeichnet) und der Person, deren Informationen unten aufgef\u00fchrt sind (im Folgenden als PATIENT bezeichnet), im Rahmen der nachstehend aufgef\u00fchrten Bestimmungen und mit der Unterzeichnung geschlossen Mit der Vertragserf\u00fcllung durch die Parteien akzeptiert der Patient alle [&hellip;]<\/p>\n","protected":false},"author":1,"featured_media":0,"parent":0,"menu_order":2,"comment_status":"closed","ping_status":"closed","template":"","meta":{"footnotes":""},"class_list":["post-14774","page","type-page","status-publish","hentry"],"blocksy_meta":[],"_links":{"self":[{"href":"https:\/\/timetravelaesthetic.com\/de\/wp-json\/wp\/v2\/pages\/14774","targetHints":{"allow":["GET"]}}],"collection":[{"href":"https:\/\/timetravelaesthetic.com\/de\/wp-json\/wp\/v2\/pages"}],"about":[{"href":"https:\/\/timetravelaesthetic.com\/de\/wp-json\/wp\/v2\/types\/page"}],"author":[{"embeddable":true,"href":"https:\/\/timetravelaesthetic.com\/de\/wp-json\/wp\/v2\/users\/1"}],"replies":[{"embeddable":true,"href":"https:\/\/timetravelaesthetic.com\/de\/wp-json\/wp\/v2\/comments?post=14774"}],"version-history":[{"count":1,"href":"https:\/\/timetravelaesthetic.com\/de\/wp-json\/wp\/v2\/pages\/14774\/revisions"}],"predecessor-version":[{"id":24403,"href":"https:\/\/timetravelaesthetic.com\/de\/wp-json\/wp\/v2\/pages\/14774\/revisions\/24403"}],"wp:attachment":[{"href":"https:\/\/timetravelaesthetic.com\/de\/wp-json\/wp\/v2\/media?parent=14774"}],"curies":[{"name":"wp","href":"https:\/\/api.w.org\/{rel}","templated":true}]}}