{"id":14825,"date":"2023-11-19T14:43:49","date_gmt":"2023-11-19T14:43:49","guid":{"rendered":"https:\/\/time3.vl-staging.com\/doktorlar\/doktorlar-obezite\/"},"modified":"2025-07-03T00:16:17","modified_gmt":"2025-07-03T00:16:17","slug":"doktorlar-obezite","status":"publish","type":"page","link":"https:\/\/timetravelaesthetic.com\/de\/doktorlar\/doktorlar-obezite\/","title":{"rendered":"Doktorlar-Obezite DE"},"content":{"rendered":"<div class=\"brz-root__container brz-reset-all brz\">\n<section id=\"_hqtA8BAoBx5w\" class=\"brz-section brz-css-uOR3U\">\n<div class=\"brz-section__content brz-section--boxed brz-css-hfaKb brz-css-mpaaX\" data-brz-custom-id=\"e608xfg2u7Xl\">\n<div class=\"brz-bg\">\n<div class=\"brz-bg-image\"><\/div>\n<\/div>\n<div class=\"brz-container brz-css-hpEtS\">\n<div id=\"\" class=\"brz-css-ajFZy brz-css-spUoi brz-wrapper\">\n<div class=\"brz-rich-text brz-rich-text__custom brz-css-juejl\" data-brz-custom-id=\"qM8TYlilG_hU\">\n<div data-brz-translate-text=\"1\">\n<h1 class=\"brz-mt-lg-0 brz-fsft-lg-0 brz-fwdth-lg-100 brz-vfw-lg-400 brz-lh-lg-1 brz-ls-lg-m_1_5 brz-fw-lg-600 brz-fss-lg-px brz-fs-lg-46 brz-ft-upload brz-ff-ozhkiphnhvhspgnsirfckwjaxjgjldcctydj brz-tp-lg-heading1 brz-fs-xs-36 brz-tp-xs-empty brz-lh-xs-1 brz-ls-xs-m_1_5 brz-fw-xs-600 brz-fss-xs-px brz-text-lg-center brz-css-u1ywc\" data-uniq-id=\"c50Mb\" data-generated-css=\"brz-css-mK2lg\"><span style=\"opacity: 1\">\u00c4RZTE PARTNER\u00c4RZTE<\/span><\/h1>\n<\/div>\n<\/div>\n<\/div>\n<div id=\"\" class=\"brz-css-ajFZy brz-css-bYl_C brz-wrapper\">\n<div class=\"brz-rich-text brz-rich-text__custom brz-css-juejl\" data-brz-custom-id=\"wz8n9_xjY9tS\">\n<div data-brz-translate-text=\"1\">\n<h2 class=\"brz-fs-xs-36 brz-tp-xs-empty brz-lh-xs-1_3 brz-ls-xs-m_1 brz-fw-xs-700 brz-fss-xs-px brz-tp-lg-heading2 brz-text-lg-center brz-css-aNm6I\" data-uniq-id=\"yLglD\" data-generated-css=\"brz-css-jjKg3\"><span class=\"brz-cp-color2\">Besonderer Service f\u00fcr Sie mit Gesundheitsexperten.<\/span><\/h2>\n<\/div>\n<\/div>\n<\/div>\n<div id=\"\" class=\"brz-css-ajFZy brz-css-htN1j brz-wrapper\">\n<div class=\"brz-rich-text brz-rich-text__custom brz-css-juejl\" data-brz-custom-id=\"eIK_BZfAJ0tQ\">\n<div data-brz-translate-text=\"1\">\n<p class=\"brz-tp-lg-subtitle brz-bcp-color2 brz-text-lg-center brz-css-feifj\" data-generated-css=\"brz-css-jPNHm\" data-uniq-id=\"kND62\"><span class=\"brz-cp-color2\">Unsere Agentur arbeitet mit erfahrenen \u00c4rzten zusammen, um Ihnen hochwertige Gesundheitsdienstleistungen zu bieten. Unsere \u00c4rzte sind medizinische Fachkr\u00e4fte, die \u00fcber umfassende Erfahrung auf ihrem Gebiet verf\u00fcgen, aktuelle medizinische Informationen befolgen und sich st\u00e4ndig verbessern.  Time Travel arbeitet mit \u00c4rzten zusammen, die f\u00fcr ihre hohe Patientenzufriedenheit bekannt sind, um Ihnen dabei zu helfen, Ihr gew\u00fcnschtes Aussehen zu erreichen.<\/span><\/p>\n<\/div>\n<\/div>\n<\/div>\n<div id=\"\" class=\"brz-css-ajFZy brz-css-zd0e1 brz-css-ih0e_ brz-wrapper\">\n<div class=\"brz-spacer brz-css-cP3u9 brz-css-hDPmU\"><\/div>\n<\/div>\n<div class=\"brz-row__container brz-css-sssvP\" data-brz-custom-id=\"p_QLrMc5D6sU\">\n<div class=\"brz-bg\"><\/div>\n<div class=\"brz-row brz-css-hATdd brz-css-nCVuG\">\n<div class=\"brz-columns brz-css-umzjq brz-css-gEDlO\" data-brz-custom-id=\"zSTc3SWGmHcO\">\n<div class=\"brz-column__items brz-css-cD16H brz-css-pqguQ\">\n<div class=\"brz-row__container brz-css-sssvP\" data-brz-custom-id=\"uqRGv4WAfmjZ\">\n<div class=\"brz-bg\"><\/div>\n<div class=\"brz-row brz-row--inner brz-css-hATdd brz-css-nCVuG\">\n<div class=\"brz-columns brz-css-umzjq brz-css-z16bK\" data-brz-custom-id=\"v0GjlALnRizi\">\n<div class=\"brz-bg\">\n<div class=\"brz-bg-color\"><\/div>\n<\/div>\n<div class=\"brz-column__items brz-css-cD16H brz-css-dx6Nw\">\n<div id=\"\" class=\"brz-css-ajFZy brz-css-alP5c brz-wrapper\">\n<div class=\"brz-image brz-css-ciLfy brz-css-b1Gum\" data-brz-custom-id=\"tB_A9ItOv5Ui\"><img decoding=\"async\" class=\"brz-img\" src=\"https:\/\/timetravelaesthetic.com\/de?brizy_media=wp-e70fd06723f705756cc305a883940e83.jpg&amp;brizy_crop=original\" alt=\"\" loading=\"lazy\"><\/div>\n<\/div>\n<\/div>\n<\/div>\n<div class=\"brz-columns brz-css-umzjq brz-css-fEjRk\" data-brz-custom-id=\"lYTeWKzZixA_\">\n<div class=\"brz-bg\">\n<div class=\"brz-bg-color\"><\/div>\n<\/div>\n<div class=\"brz-column__items brz-css-cD16H brz-css-ukhjE\">\n<div id=\"\" class=\"brz-css-ajFZy brz-css-cquul brz-wrapper\">\n<div class=\"brz-icon-text brz-css-t3Cau\" data-brz-custom-id=\"qbDHzvFBGgpG\">\n<div class=\"brz-icon__container\" data-brz-custom-id=\"v0GiYLW0gO5b\">\n<div class=\"brz-hover-animation__container\" data-brz-hover-animationid=\"v0GiYLW0gO5b\" data-brz-hover-options=\"%7B%22duration%22:600,%22iterations%22:1%7D\" data-brz-hover-reversible=\"true\" data-brz-hover-target=\"%22firstChild%22\"><span class=\"brz-icon brz-span brz-css-t8sbm brz-css-obRGd\"><\/span><\/div>\n<\/div>\n<div class=\"brz-text-btn\">\n<div class=\"brz-rich-text brz-rich-text__custom brz-css-juejl\" data-brz-custom-id=\"iV5s66zEIrWu\">\n<div data-brz-translate-text=\"1\">\n<h6 class=\"brz-mb-lg-0 brz-lh-lg-1_2 brz-ls-lg-0 brz-fw-lg-600 brz-fss-lg-px brz-fs-lg-24 brz-ft-upload brz-ff-ozhkiphnhvhspgnsirfckwjaxjgjldcctydj brz-tp-lg-empty brz-text-lg-justify brz-css-tOsqh\" data-uniq-id=\"eMu9S\" data-generated-css=\"brz-css-pCcnp\"><span class=\"brz-cp-color2\">Namik Yilmaz<\/span><\/h6>\n<h4 class=\"brz-lh-lg-1_2 brz-ls-lg-m_0_5 brz-fw-lg-500 brz-fss-lg-px brz-fs-lg-18 brz-ft-upload brz-ff-ozhkiphnhvhspgnsirfckwjaxjgjldcctydj brz-tp-lg-empty ql-align-center brz-mb-lg-10 brz-css-gIjCW\" data-uniq-id=\"cP1XP\" data-generated-css=\"brz-css-zD1G2\"><span class=\"brz-cp-color2\">Allgemeiner Chirurg<\/span><\/h4>\n<p class=\"brz-lh-lg-1_9 brz-ls-lg-0 brz-fw-lg-400 brz-fss-lg-px brz-fs-lg-14 brz-ft-upload brz-ff-ozhkiphnhvhspgnsirfckwjaxjgjldcctydj brz-tp-lg-empty brz-css-wJpn9\" data-uniq-id=\"abQxB\" data-generated-css=\"brz-css-hSHmk\"><span class=\"brz-cp-color7\">Er wurde im Jahr 1983 in Ankara geboren. Er absolvierte seine Grund- und Sekundarschulausbildung in Balikesir. Er schloss die Kuleli Milit\u00e4rhochschule als Dritter seiner Abteilung ab. Seine medizinische Ausbildung schloss er 2008 an der G\u00fclhane Milit\u00e4rmedizinische Akademie ab. Anschlie\u00dfend schloss er seine Ausbildung in plastischer, rekonstruktiver und \u00e4sthetischer Chirurgie an der medizinischen Fakult\u00e4t der Universit\u00e4t Ankara ab. Er hat zahlreiche Artikel auf internationalen Kongressen ver\u00f6ffentlicht. Er nahm mehrfach an nationalen und internationalen Kongressen teil. Er f\u00fchrt erfolgreich alle Arten von Eingriffen und Operationen der plastischen Chirurgie durch.<\/span><\/p>\n<\/div>\n<\/div>\n<\/div>\n<\/div>\n<\/div>\n<\/div>\n<\/div>\n<\/div>\n<\/div>\n<\/div>\n<\/div>\n<\/div>\n<\/div>\n<div class=\"brz-row__container brz-css-sssvP\" data-brz-custom-id=\"lYZunj7TB3R7\">\n<div class=\"brz-bg\"><\/div>\n<div class=\"brz-row brz-css-hATdd brz-css-nCVuG\">\n<div class=\"brz-columns brz-css-umzjq brz-css-qmaRH\" data-brz-custom-id=\"kCIk_qtaQQri\">\n<div class=\"brz-column__items brz-css-cD16H brz-css-xKwhq\">\n<div class=\"brz-row__container brz-css-sssvP\" data-brz-custom-id=\"jeanJ_oYU6CL\">\n<div class=\"brz-bg\"><\/div>\n<div class=\"brz-row brz-row--inner brz-css-hATdd brz-css-nCVuG\">\n<div class=\"brz-columns brz-css-umzjq brz-css-wUtK_\" data-brz-custom-id=\"dI3u2ETWxhm_\">\n<div class=\"brz-bg\">\n<div class=\"brz-bg-color\"><\/div>\n<\/div>\n<div class=\"brz-column__items brz-css-cD16H brz-css-e2muB\">\n<div id=\"\" class=\"brz-css-ajFZy brz-css-oG78m brz-wrapper\">\n<div class=\"brz-image brz-css-kc9uz brz-css-yMyzT\" data-brz-custom-id=\"mELgJqzREtUH\"><img decoding=\"async\" class=\"brz-img\" src=\"https:\/\/timetravelaesthetic.com\/de?brizy_media=wp-44a132f78de5ee32ca352c5bd89eb1f9.jpeg&amp;brizy_crop=original\" alt=\"\" loading=\"lazy\"><\/div>\n<\/div>\n<\/div>\n<\/div>\n<div class=\"brz-columns brz-css-umzjq brz-css-w0JZw\" data-brz-custom-id=\"bLA5k768KE9Y\">\n<div class=\"brz-bg\">\n<div class=\"brz-bg-color\"><\/div>\n<\/div>\n<div class=\"brz-column__items brz-css-cD16H brz-css-gNkRx\">\n<div id=\"\" class=\"brz-css-ajFZy brz-css-pmAsp brz-wrapper\">\n<div class=\"brz-icon-text brz-css-t3Cau\" data-brz-custom-id=\"deZD7p4K3Ktb\">\n<div class=\"brz-icon__container\" data-brz-custom-id=\"zhOOrFwwawLb\">\n<div class=\"brz-hover-animation__container\" data-brz-hover-animationid=\"zhOOrFwwawLb\" data-brz-hover-options=\"%7B%22duration%22:600,%22iterations%22:1%7D\" data-brz-hover-reversible=\"true\" data-brz-hover-target=\"%22firstChild%22\"><span class=\"brz-icon brz-span brz-css-t8sbm brz-css-o6eXn\"><\/span><\/div>\n<\/div>\n<div class=\"brz-text-btn\">\n<div class=\"brz-rich-text brz-rich-text__custom brz-css-juejl\" data-brz-custom-id=\"sewOxZ4zvNtV\">\n<div data-brz-translate-text=\"1\">\n<h6 class=\"brz-mb-lg-0 brz-lh-lg-1_2 brz-ls-lg-0 brz-fw-lg-600 brz-fss-lg-px brz-fs-lg-24 brz-ft-upload brz-ff-ozhkiphnhvhspgnsirfckwjaxjgjldcctydj brz-tp-lg-empty brz-text-lg-justify brz-css-aoQrB\" data-uniq-id=\"g835B\" data-generated-css=\"brz-css-qlFlH\"><span class=\"brz-cp-color2\">Erdem Can Yardimci<\/span><\/h6>\n<h4 class=\"brz-lh-lg-1_2 brz-ls-lg-m_0_5 brz-fw-lg-500 brz-fss-lg-px brz-fs-lg-18 brz-ft-upload brz-ff-ozhkiphnhvhspgnsirfckwjaxjgjldcctydj brz-tp-lg-empty ql-align-center brz-mb-lg-10 brz-css-wv54f\" data-uniq-id=\"guaCW\" data-generated-css=\"brz-css-jFlOv\"><span class=\"brz-cp-color2\">Allgemeiner Chirurg<\/span><\/h4>\n<p class=\"brz-lh-lg-1_9 brz-ls-lg-0 brz-fw-lg-400 brz-fss-lg-px brz-fs-lg-14 brz-ft-upload brz-ff-ozhkiphnhvhspgnsirfckwjaxjgjldcctydj brz-tp-lg-empty brz-css-wg481\" data-uniq-id=\"txLlK\" data-generated-css=\"brz-css-dpKrZ\"><span class=\"brz-cp-color7\">Im Jahr 2011 schloss er sein Studium an der medizinischen Fakult\u00e4t der 19 Mayis-Universit\u00e4t ab. Zwischen 2013 und 2018 absolvierte er eine Ausbildung an der Klinik f\u00fcr Allgemeinchirurgie des Trainings- und Forschungskrankenhauses Antalya und wurde zum Facharzt f\u00fcr Allgemeinchirurgie ausgebildet. Er arbeitete in Organtransplantationskliniken in Tokat und Istanbul. Er setzt seine Karriere als Allgemeinchirurg in den Bereichen fortgeschrittene laparoskopische Chirurgie, Adipositas und metabolische Chirurgie fort.<\/span><\/p>\n<\/div>\n<\/div>\n<\/div>\n<\/div>\n<\/div>\n<\/div>\n<\/div>\n<\/div>\n<\/div>\n<\/div>\n<\/div>\n<\/div>\n<\/div>\n<\/div>\n<\/div>\n<\/section>\n<\/div>\n<p>    <!-- version:1732594629 --><\/p>\n","protected":false},"excerpt":{"rendered":"<p>\u00c4RZTE PARTNER\u00c4RZTE Besonderer Service f\u00fcr Sie mit Gesundheitsexperten. Unsere Agentur arbeitet mit erfahrenen \u00c4rzten zusammen, um Ihnen hochwertige Gesundheitsdienstleistungen zu bieten. Unsere \u00c4rzte sind medizinische Fachkr\u00e4fte, die \u00fcber umfassende Erfahrung auf ihrem Gebiet verf\u00fcgen, aktuelle medizinische Informationen befolgen und sich st\u00e4ndig verbessern. Time Travel arbeitet mit \u00c4rzten zusammen, die f\u00fcr ihre hohe Patientenzufriedenheit bekannt sind, [&hellip;]<\/p>\n","protected":false},"author":1,"featured_media":0,"parent":14819,"menu_order":0,"comment_status":"closed","ping_status":"closed","template":"","meta":{"footnotes":""},"class_list":["post-14825","page","type-page","status-publish","hentry"],"blocksy_meta":[],"_links":{"self":[{"href":"https:\/\/timetravelaesthetic.com\/de\/wp-json\/wp\/v2\/pages\/14825","targetHints":{"allow":["GET"]}}],"collection":[{"href":"https:\/\/timetravelaesthetic.com\/de\/wp-json\/wp\/v2\/pages"}],"about":[{"href":"https:\/\/timetravelaesthetic.com\/de\/wp-json\/wp\/v2\/types\/page"}],"author":[{"embeddable":true,"href":"https:\/\/timetravelaesthetic.com\/de\/wp-json\/wp\/v2\/users\/1"}],"replies":[{"embeddable":true,"href":"https:\/\/timetravelaesthetic.com\/de\/wp-json\/wp\/v2\/comments?post=14825"}],"version-history":[{"count":1,"href":"https:\/\/timetravelaesthetic.com\/de\/wp-json\/wp\/v2\/pages\/14825\/revisions"}],"predecessor-version":[{"id":24313,"href":"https:\/\/timetravelaesthetic.com\/de\/wp-json\/wp\/v2\/pages\/14825\/revisions\/24313"}],"up":[{"embeddable":true,"href":"https:\/\/timetravelaesthetic.com\/de\/wp-json\/wp\/v2\/pages\/14819"}],"wp:attachment":[{"href":"https:\/\/timetravelaesthetic.com\/de\/wp-json\/wp\/v2\/media?parent=14825"}],"curies":[{"name":"wp","href":"https:\/\/api.w.org\/{rel}","templated":true}]}}