{"id":14835,"date":"2023-11-19T14:46:39","date_gmt":"2023-11-19T14:46:39","guid":{"rendered":"https:\/\/time3.vl-staging.com\/doktorlar\/doktorlar-estetik\/"},"modified":"2025-07-02T04:30:57","modified_gmt":"2025-07-02T04:30:57","slug":"doktorlar-estetik","status":"publish","type":"page","link":"https:\/\/timetravelaesthetic.com\/de\/doktorlar\/doktorlar-estetik\/","title":{"rendered":"Doktorlar-Estetik DE"},"content":{"rendered":"<div class=\"brz-root__container brz-reset-all brz\">\n<section id=\"_rhv0ij4y8zf5\" class=\"brz-section brz-css-mZz0v\">\n<div class=\"brz-section__content brz-section--boxed brz-css-iMzJA brz-css-nVaAZ\" data-brz-custom-id=\"h0K5n9KCwLHt\">\n<div class=\"brz-bg\">\n<div class=\"brz-bg-image\"><\/div>\n<\/div>\n<div class=\"brz-container brz-css-em21P\">\n<div id=\"\" class=\"brz-css-jgEDQ brz-css-u6Hha brz-wrapper\">\n<div class=\"brz-rich-text brz-rich-text__custom brz-css-yJ1Ir\" data-brz-custom-id=\"ne1WP9hSn8xD\">\n<div data-brz-translate-text=\"1\">\n<h1 class=\"brz-mt-lg-0 brz-fsft-lg-0 brz-fwdth-lg-100 brz-vfw-lg-400 brz-lh-lg-1 brz-ls-lg-m_1_5 brz-fw-lg-600 brz-fss-lg-px brz-fs-lg-46 brz-ft-upload brz-ff-ozhkiphnhvhspgnsirfckwjaxjgjldcctydj brz-tp-lg-heading1 brz-fs-xs-36 brz-tp-xs-empty brz-lh-xs-1 brz-ls-xs-m_1_5 brz-fw-xs-600 brz-fss-xs-px brz-text-lg-center brz-css-wnCrz\" data-uniq-id=\"c50Mb\" data-generated-css=\"brz-css-mK2lg\"><span style=\"opacity: 1\">\u00c4RZTE PARTNER\u00c4RZTE<\/span><\/h1>\n<\/div>\n<\/div>\n<\/div>\n<div id=\"\" class=\"brz-css-jgEDQ brz-css-mlugl brz-wrapper\">\n<div class=\"brz-rich-text brz-rich-text__custom brz-css-yJ1Ir\" data-brz-custom-id=\"y2Vn13amG84k\">\n<div data-brz-translate-text=\"1\">\n<h2 class=\"brz-fs-xs-36 brz-tp-xs-empty brz-lh-xs-1_3 brz-ls-xs-m_1 brz-fw-xs-700 brz-fss-xs-px brz-tp-lg-heading2 brz-text-lg-center brz-css-vhVmi\" data-uniq-id=\"yLglD\" data-generated-css=\"brz-css-jjKg3\"><span class=\"brz-cp-color2\">Besonderer Service f\u00fcr Sie mit Gesundheitsexperten.<\/span><\/h2>\n<\/div>\n<\/div>\n<\/div>\n<div id=\"\" class=\"brz-css-jgEDQ brz-css-qnGEw brz-wrapper\">\n<div class=\"brz-rich-text brz-rich-text__custom brz-css-yJ1Ir\" data-brz-custom-id=\"e1m_2q9jm04S\">\n<div data-brz-translate-text=\"1\">\n<p class=\"brz-text-lg-center brz-bcp-color2 brz-tp-lg-subtitle brz-css-pC42c\" data-uniq-id=\"jVWOl\" data-generated-css=\"brz-css-otGOF\"><span class=\"brz-cp-color2\">Unsere Agentur arbeitet mit erfahrenen \u00c4rzten zusammen, um Ihnen hochwertige Gesundheitsdienstleistungen zu bieten. Unsere \u00c4rzte sind medizinische Fachkr\u00e4fte, die \u00fcber umfassende Erfahrung auf ihrem Gebiet verf\u00fcgen, aktuelle medizinische Informationen befolgen und sich st\u00e4ndig verbessern.  Time Travel arbeitet mit \u00c4rzten zusammen, die f\u00fcr ihre hohe Patientenzufriedenheit bekannt sind, um Ihnen dabei zu helfen, Ihr gew\u00fcnschtes Aussehen zu erreichen.<\/span><\/p>\n<\/div>\n<\/div>\n<\/div>\n<div id=\"\" class=\"brz-css-jgEDQ brz-css-gBkOD brz-css-b3LLR brz-wrapper\">\n<div class=\"brz-spacer brz-css-tYf34 brz-css-sh07b\"><\/div>\n<\/div>\n<div class=\"brz-row__container brz-css-rdRi3\" data-brz-custom-id=\"q0En7sg74X6I\">\n<div class=\"brz-bg\"><\/div>\n<div class=\"brz-row brz-css-vGBUa brz-css-a6uGD\">\n<div class=\"brz-columns brz-css-tTyl2 brz-css-vY48F\" data-brz-custom-id=\"xuFRDlAIVacJ\">\n<div class=\"brz-column__items brz-css-fiG9t brz-css-tDcIx\">\n<div class=\"brz-row__container brz-css-rdRi3\" data-brz-custom-id=\"tJTzLvklV6vT\">\n<div class=\"brz-bg\"><\/div>\n<div class=\"brz-row brz-row--inner brz-css-vGBUa brz-css-a6uGD\">\n<div class=\"brz-columns brz-css-tTyl2 brz-css-vCq5q\" data-brz-custom-id=\"zvjbS8mYemX9\">\n<div class=\"brz-bg\">\n<div class=\"brz-bg-color\"><\/div>\n<\/div>\n<div class=\"brz-column__items brz-css-fiG9t brz-css-pnHhY\">\n<div id=\"\" class=\"brz-css-jgEDQ brz-css-zK9Ko brz-wrapper\">\n<div class=\"brz-image brz-css-wzxqX brz-css-mScGM\" data-brz-custom-id=\"r1CQMd9KEQVj\"><img decoding=\"async\" class=\"brz-img\" src=\"https:\/\/timetravelaesthetic.com\/de?brizy_media=wp-e353b222912ad5d9ef74228d0a97fdd5.png&amp;brizy_crop=original\" alt=\"\" loading=\"lazy\"><\/div>\n<\/div>\n<\/div>\n<\/div>\n<div class=\"brz-columns brz-css-tTyl2 brz-css-eR5HP\" data-brz-custom-id=\"o_MEqKOuq0hv\">\n<div class=\"brz-bg\">\n<div class=\"brz-bg-color\"><\/div>\n<\/div>\n<div class=\"brz-column__items brz-css-fiG9t brz-css-c6MtB\">\n<div id=\"\" class=\"brz-css-jgEDQ brz-css-jp6Wi brz-wrapper\">\n<div class=\"brz-icon-text brz-css-qrr5o\" data-brz-custom-id=\"wx6PPY9ySnT3\">\n<div class=\"brz-icon__container\" data-brz-custom-id=\"cMnGR7xfV6qK\">\n<div class=\"brz-hover-animation__container\" data-brz-hover-animationid=\"cMnGR7xfV6qK\" data-brz-hover-options=\"%7B%22duration%22:600,%22iterations%22:1%7D\" data-brz-hover-reversible=\"true\" data-brz-hover-target=\"%22firstChild%22\"><span class=\"brz-icon brz-span brz-css-gpyBG brz-css-d0cK8\"><\/span><\/div>\n<\/div>\n<div class=\"brz-text-btn\">\n<div class=\"brz-rich-text brz-rich-text__custom brz-css-yJ1Ir\" data-brz-custom-id=\"bnzda9v7Zo5J\">\n<div data-brz-translate-text=\"1\">\n<h6 class=\"brz-text-xs-justify brz-lh-lg-1_2 brz-ls-lg-0 brz-fw-lg-600 brz-fss-lg-px brz-fs-lg-24 brz-ft-upload brz-ff-ozhkiphnhvhspgnsirfckwjaxjgjldcctydj brz-tp-lg-empty brz-mb-lg-0 brz-css-nZEGE\" data-generated-css=\"brz-css-wEsA4\" data-uniq-id=\"vQMgj\"><span class=\"brz-cp-color2\">Adem Usta<\/span><\/h6>\n<h6 class=\"brz-text-xs-left brz-lh-lg-1_2 brz-ls-lg-0 brz-fw-lg-500 brz-fss-lg-px brz-fs-lg-18 brz-ft-upload brz-ff-ozhkiphnhvhspgnsirfckwjaxjgjldcctydj brz-tp-lg-empty brz-mb-lg-10 brz-css-pma4j\" data-generated-css=\"brz-css-pLivJ\" data-uniq-id=\"hV9hB\"><span class=\"brz-cp-color2,color7\">Facharzt f\u00fcr Plastische Rekonstruktive und \u00c4sthetische Chirurgie<\/span><\/h6>\n<p class=\"brz-text-xs-left brz-lh-lg-1_9 brz-ls-lg-0 brz-fw-lg-400 brz-fss-lg-px brz-fs-lg-14 brz-ft-upload brz-ff-ozhkiphnhvhspgnsirfckwjaxjgjldcctydj brz-tp-lg-empty ql-align-center brz-mb-lg-28 brz-css-bVseX\" data-generated-css=\"brz-css-dxoiD\" data-uniq-id=\"zA9Hy\"><span class=\"brz-cp-color7\">Er wurde 1989 in Antalya geboren. Op. Dr. Adem Usta absolvierte 2007 die Antalya Yusuf Ziya \u00d6ner Science High School und 2014 die Medizinische Fakult\u00e4t der Universit\u00e4t Pamukkale. Nach seinem Pflichtdienst als Allgemeinmediziner im Bezirk \u00c7avd\u0131r von Burdur absolvierte er 2015-2020 seine Fachbildung an der Fakult\u00e4t f\u00fcr Medizin der Universit\u00e4t Pamukkale, Abteilung f\u00fcr Plastik-, Rekonstruktive und \u00c4sthetische Chirurgie, und 2020-2021 seine Pflichtarbeit als Facharzt im Staatskrankenhaus I\u011fd\u0131r.<\/span><\/p>\n<\/div>\n<\/div>\n<\/div>\n<\/div>\n<\/div>\n<\/div>\n<\/div>\n<\/div>\n<\/div>\n<\/div>\n<\/div>\n<\/div>\n<\/div>\n<div class=\"brz-row__container brz-css-rdRi3\" data-brz-custom-id=\"aHd6FIddhRQ2\">\n<div class=\"brz-bg\"><\/div>\n<div class=\"brz-row brz-css-vGBUa brz-css-a6uGD\">\n<div class=\"brz-columns brz-css-tTyl2 brz-css-rsw8b\" data-brz-custom-id=\"e8UoXgKkl1Oh\">\n<div class=\"brz-column__items brz-css-fiG9t brz-css-cohed\">\n<div class=\"brz-row__container brz-css-rdRi3\" data-brz-custom-id=\"iUSyANsE9PAu\">\n<div class=\"brz-bg\"><\/div>\n<div class=\"brz-row brz-row--inner brz-css-vGBUa brz-css-a6uGD\">\n<div class=\"brz-columns brz-css-tTyl2 brz-css-zKnQ9\" data-brz-custom-id=\"w7wM0L2dNdG6\">\n<div class=\"brz-bg\">\n<div class=\"brz-bg-color\"><\/div>\n<\/div>\n<div class=\"brz-column__items brz-css-fiG9t brz-css-gtXiA\">\n<div id=\"\" class=\"brz-css-jgEDQ brz-css-o7NII brz-wrapper\">\n<div class=\"brz-image brz-css-yyeCQ brz-css-lT4mw\" data-brz-custom-id=\"bduoFSIy3TVw\"><img decoding=\"async\" class=\"brz-img\" src=\"https:\/\/timetravelaesthetic.com\/de?brizy_media=wp-e63f0e29d4665480fd988a6175366b9e.png&amp;brizy_crop=original\" alt=\"\" loading=\"lazy\"><\/div>\n<\/div>\n<\/div>\n<\/div>\n<div class=\"brz-columns brz-css-tTyl2 brz-css-pesZa\" data-brz-custom-id=\"s6BAsNPCaE4n\">\n<div class=\"brz-bg\">\n<div class=\"brz-bg-color\"><\/div>\n<\/div>\n<div class=\"brz-column__items brz-css-fiG9t brz-css-itAGN\">\n<div id=\"\" class=\"brz-css-jgEDQ brz-css-q0rg1 brz-wrapper\">\n<div class=\"brz-icon-text brz-css-qrr5o\" data-brz-custom-id=\"iUT4RyC_5skd\">\n<div class=\"brz-icon__container\" data-brz-custom-id=\"o9T2fjJGgNrK\">\n<div class=\"brz-hover-animation__container\" data-brz-hover-animationid=\"o9T2fjJGgNrK\" data-brz-hover-options=\"%7B%22duration%22:600,%22iterations%22:1%7D\" data-brz-hover-reversible=\"true\" data-brz-hover-target=\"%22firstChild%22\"><span class=\"brz-icon brz-span brz-css-gpyBG brz-css-vOlAK\"><\/span><\/div>\n<\/div>\n<div class=\"brz-text-btn\">\n<div class=\"brz-rich-text brz-rich-text__custom brz-css-yJ1Ir\" data-brz-custom-id=\"nZoTHNG9V1Fn\">\n<div data-brz-translate-text=\"1\">\n<h6 class=\"brz-mb-lg-0 brz-lh-lg-1_2 brz-ls-lg-0 brz-fw-lg-600 brz-fss-lg-px brz-fs-lg-24 brz-ft-upload brz-ff-ozhkiphnhvhspgnsirfckwjaxjgjldcctydj brz-tp-lg-empty brz-text-lg-justify brz-css-jmaE5\" data-uniq-id=\"takaw\" data-generated-css=\"brz-css-q9U0W\"><span class=\"brz-cp-color2\">Bahad\u0131r \u00c7EL\u0130K<\/span><\/h6>\n<h4 class=\"brz-lh-lg-1_2 brz-ls-lg-m_0_5 brz-fw-lg-500 brz-fss-lg-px brz-fs-lg-18 brz-ft-upload brz-ff-ozhkiphnhvhspgnsirfckwjaxjgjldcctydj brz-tp-lg-empty ql-align-center brz-mb-lg-10 brz-css-j7mYN\" data-uniq-id=\"k_c7B\" data-generated-css=\"brz-css-vRBlM\"><span class=\"brz-cp-color2\">Facharzt f\u00fcr Plastische Rekonstruktive und \u00c4sthetische Chirurgie<\/span><\/h4>\n<p class=\"brz-lh-lg-1_9 brz-ls-lg-0 brz-fw-lg-400 brz-fss-lg-px brz-fs-lg-14 brz-ft-upload brz-ff-ozhkiphnhvhspgnsirfckwjaxjgjldcctydj brz-tp-lg-empty brz-text-xs-left brz-css-wWE3T\" data-uniq-id=\"kPFjW\" data-generated-css=\"brz-css-v9kbb\"><span class=\"brz-cp-color7\">Er wurde im Jahr 1983 in Ankara geboren. Er absolvierte seine Grund- und Sekundarschulausbildung in Bal\u0131kesir. Er schloss die Kuleli Milit\u00e4rhochschule als Dritter seiner Abteilung ab. Seine medizinische Ausbildung schloss er im Jahr 2008 an der G\u00fclhane Milit\u00e4rmedizinische Akademie ab. Anschlie\u00dfend schloss er seine Ausbildung in plastischer, rekonstruktiver und \u00e4sthetischer Chirurgie an der medizinischen Fakult\u00e4t der Universit\u00e4t Ankara ab. Er hat zahlreiche Artikel auf internationalen Kongressen ver\u00f6ffentlicht. Er nahm mehrfach an nationalen und internationalen Kongressen teil. Er f\u00fchrt erfolgreich alle Arten von Eingriffen und Operationen der plastischen Chirurgie durch.<\/span><\/p>\n<\/div>\n<\/div>\n<\/div>\n<\/div>\n<\/div>\n<\/div>\n<\/div>\n<\/div>\n<\/div>\n<\/div>\n<\/div>\n<\/div>\n<\/div>\n<\/div>\n<\/div>\n<\/section>\n<\/div>\n<p>    <!-- version:1732836184 --><\/p>\n","protected":false},"excerpt":{"rendered":"<p>\u00c4RZTE PARTNER\u00c4RZTE Besonderer Service f\u00fcr Sie mit Gesundheitsexperten. Unsere Agentur arbeitet mit erfahrenen \u00c4rzten zusammen, um Ihnen hochwertige Gesundheitsdienstleistungen zu bieten. Unsere \u00c4rzte sind medizinische Fachkr\u00e4fte, die \u00fcber umfassende Erfahrung auf ihrem Gebiet verf\u00fcgen, aktuelle medizinische Informationen befolgen und sich st\u00e4ndig verbessern. Time Travel arbeitet mit \u00c4rzten zusammen, die f\u00fcr ihre hohe Patientenzufriedenheit bekannt sind, [&hellip;]<\/p>\n","protected":false},"author":1,"featured_media":0,"parent":14819,"menu_order":1,"comment_status":"closed","ping_status":"closed","template":"","meta":{"footnotes":""},"class_list":["post-14835","page","type-page","status-publish","hentry"],"blocksy_meta":[],"_links":{"self":[{"href":"https:\/\/timetravelaesthetic.com\/de\/wp-json\/wp\/v2\/pages\/14835","targetHints":{"allow":["GET"]}}],"collection":[{"href":"https:\/\/timetravelaesthetic.com\/de\/wp-json\/wp\/v2\/pages"}],"about":[{"href":"https:\/\/timetravelaesthetic.com\/de\/wp-json\/wp\/v2\/types\/page"}],"author":[{"embeddable":true,"href":"https:\/\/timetravelaesthetic.com\/de\/wp-json\/wp\/v2\/users\/1"}],"replies":[{"embeddable":true,"href":"https:\/\/timetravelaesthetic.com\/de\/wp-json\/wp\/v2\/comments?post=14835"}],"version-history":[{"count":2,"href":"https:\/\/timetravelaesthetic.com\/de\/wp-json\/wp\/v2\/pages\/14835\/revisions"}],"predecessor-version":[{"id":24305,"href":"https:\/\/timetravelaesthetic.com\/de\/wp-json\/wp\/v2\/pages\/14835\/revisions\/24305"}],"up":[{"embeddable":true,"href":"https:\/\/timetravelaesthetic.com\/de\/wp-json\/wp\/v2\/pages\/14819"}],"wp:attachment":[{"href":"https:\/\/timetravelaesthetic.com\/de\/wp-json\/wp\/v2\/media?parent=14835"}],"curies":[{"name":"wp","href":"https:\/\/api.w.org\/{rel}","templated":true}]}}