{"id":14844,"date":"2023-11-19T14:51:09","date_gmt":"2023-11-19T14:51:09","guid":{"rendered":"https:\/\/time3.vl-staging.com\/doktorlar\/doktorlar-dis\/"},"modified":"2025-07-03T02:51:47","modified_gmt":"2025-07-03T02:51:47","slug":"doktorlar-dis","status":"publish","type":"page","link":"https:\/\/timetravelaesthetic.com\/de\/doktorlar\/doktorlar-dis\/","title":{"rendered":"Doktorlar-di\u015f DE"},"content":{"rendered":"<div class=\"brz-root__container brz-reset-all brz\">\n<section id=\"_c7R71W1JuFc4\" class=\"brz-section brz-css-pM4b_\">\n<div class=\"brz-section__content brz-section--boxed brz-css-h27pD brz-css-xV3WP\" data-brz-custom-id=\"pjNuGEfvKurX\">\n<div class=\"brz-bg\">\n<div class=\"brz-bg-image\"><\/div>\n<\/div>\n<div class=\"brz-container brz-css-h7Q3Z\">\n<div id=\"\" class=\"brz-css-eRVDQ brz-css-baYDM brz-wrapper\">\n<div class=\"brz-rich-text brz-rich-text__custom brz-css-yEYnC\" data-brz-custom-id=\"n4C16GzHjRW1\">\n<div data-brz-translate-text=\"1\">\n<h1 class=\"brz-mt-lg-0 brz-fsft-lg-0 brz-fwdth-lg-100 brz-vfw-lg-400 brz-lh-lg-1 brz-ls-lg-m_1_5 brz-fw-lg-600 brz-fss-lg-px brz-fs-lg-46 brz-ft-upload brz-ff-ozhkiphnhvhspgnsirfckwjaxjgjldcctydj brz-tp-lg-heading1 brz-fs-xs-36 brz-tp-xs-empty brz-lh-xs-1 brz-ls-xs-m_1_5 brz-fw-xs-600 brz-fss-xs-px brz-text-lg-center brz-css-wADbU\" data-uniq-id=\"c50Mb\" data-generated-css=\"brz-css-mK2lg\"><span style=\"opacity: 1\">\u00c4RZTE PARTNER\u00c4RZTE<\/span><\/h1>\n<\/div>\n<\/div>\n<\/div>\n<div id=\"\" class=\"brz-css-eRVDQ brz-css-kbLlS brz-wrapper\">\n<div class=\"brz-rich-text brz-rich-text__custom brz-css-yEYnC\" data-brz-custom-id=\"xHKYbFyu1PDU\">\n<div data-brz-translate-text=\"1\">\n<h2 class=\"brz-fs-xs-36 brz-tp-xs-empty brz-lh-xs-1_3 brz-ls-xs-m_1 brz-fw-xs-700 brz-fss-xs-px brz-tp-lg-heading2 brz-text-lg-center brz-css-o0Mxr\" data-uniq-id=\"yLglD\" data-generated-css=\"brz-css-jjKg3\"><span class=\"brz-cp-color2\">Besonderer Service f\u00fcr Sie mit Gesundheitsexperten.<\/span><\/h2>\n<\/div>\n<\/div>\n<\/div>\n<div id=\"\" class=\"brz-css-eRVDQ brz-css-spelH brz-wrapper\">\n<div class=\"brz-rich-text brz-rich-text__custom brz-css-yEYnC\" data-brz-custom-id=\"ceGD12fbAUQ6\">\n<div data-brz-translate-text=\"1\">\n<p class=\"brz-text-lg-center brz-bcp-color2 brz-tp-lg-subtitle brz-css-rPska\" data-uniq-id=\"wP3MM\" data-generated-css=\"brz-css-h5BAL\"><span class=\"brz-cp-color2\">Unsere Agentur arbeitet mit erfahrenen \u00c4rzten zusammen, um Ihnen hochwertige Gesundheitsdienstleistungen zu bieten. Unsere \u00c4rzte sind medizinische Fachkr\u00e4fte, die \u00fcber umfassende Erfahrung auf ihrem Gebiet verf\u00fcgen, aktuelle medizinische Informationen befolgen und sich st\u00e4ndig verbessern.  Time Travel arbeitet mit \u00c4rzten zusammen, die f\u00fcr ihre hohe Patientenzufriedenheit bekannt sind, um Ihnen dabei zu helfen, Ihr gew\u00fcnschtes Aussehen zu erreichen.<\/span><\/p>\n<\/div>\n<\/div>\n<\/div>\n<div id=\"\" class=\"brz-css-eRVDQ brz-css-jGSas brz-css-v_iXr brz-wrapper\">\n<div class=\"brz-spacer brz-css-ptvkY brz-css-ogQoh\"><\/div>\n<\/div>\n<div class=\"brz-row__container brz-css-g9BA2\" data-brz-custom-id=\"fGfbIOVbz7uo\">\n<div class=\"brz-bg\"><\/div>\n<div class=\"brz-row brz-css-glO4s brz-css-cM6d3\">\n<div class=\"brz-columns brz-css-edAqm brz-css-jlwNT\" data-brz-custom-id=\"lmTzEmxASMhg\">\n<div class=\"brz-column__items brz-css-xgH_X brz-css-gc15Q\">\n<div class=\"brz-row__container brz-css-g9BA2\" data-brz-custom-id=\"sk0M1rfnEtoE\">\n<div class=\"brz-bg\"><\/div>\n<div class=\"brz-row brz-row--inner brz-css-glO4s brz-css-cM6d3\">\n<div class=\"brz-columns brz-css-edAqm brz-css-n123a\" data-brz-custom-id=\"xMBFPhs0GxFO\">\n<div class=\"brz-bg\">\n<div class=\"brz-bg-color\"><\/div>\n<\/div>\n<div class=\"brz-column__items brz-css-xgH_X brz-css-nvRdO\">\n<div id=\"\" class=\"brz-css-eRVDQ brz-css-muzEJ brz-wrapper\">\n<div class=\"brz-image brz-css-ci4DV brz-css-eDZ0F\" data-brz-custom-id=\"dimAfAEKm2G4\"><img decoding=\"async\" class=\"brz-img\" src=\"https:\/\/timetravelaesthetic.com\/de?brizy_media=wp-8c0a37cccd88c529e43fc81fb6144600.jpg&amp;brizy_crop=original\" alt=\"\" loading=\"lazy\"><\/div>\n<\/div>\n<\/div>\n<\/div>\n<div class=\"brz-columns brz-css-edAqm brz-css-a1Qo_\" data-brz-custom-id=\"xtF9H_lCP7Nx\">\n<div class=\"brz-bg\">\n<div class=\"brz-bg-color\"><\/div>\n<\/div>\n<div class=\"brz-column__items brz-css-xgH_X brz-css-plSGV\">\n<div id=\"\" class=\"brz-css-eRVDQ brz-css-qV2s2 brz-wrapper\">\n<div class=\"brz-icon-text brz-css-ipoOY\" data-brz-custom-id=\"j2ZPA6PJ__Xj\">\n<div class=\"brz-icon__container\" data-brz-custom-id=\"gySdSITijn9R\">\n<div class=\"brz-hover-animation__container\" data-brz-hover-animationid=\"gySdSITijn9R\" data-brz-hover-options=\"%7B%22duration%22:600,%22iterations%22:1%7D\" data-brz-hover-reversible=\"true\" data-brz-hover-target=\"%22firstChild%22\"><span class=\"brz-icon brz-span brz-css-qiaoE brz-css-qIOnz\"><\/span><\/div>\n<\/div>\n<div class=\"brz-text-btn\">\n<div class=\"brz-rich-text brz-rich-text__custom brz-css-yEYnC\" data-brz-custom-id=\"vBLyTcbgFquy\">\n<div data-brz-translate-text=\"1\">\n<h6 class=\"brz-text-xs-left brz-text-lg-justify brz-tp-lg-empty brz-ff-ozhkiphnhvhspgnsirfckwjaxjgjldcctydj brz-ft-upload brz-fs-lg-24 brz-fss-lg-px brz-fw-lg-600 brz-ls-lg-0 brz-lh-lg-1_2 brz-mb-lg-0 brz-css-q5xPX\" data-generated-css=\"brz-css-lhp1e\" data-uniq-id=\"kq1i6\">Spezialist Dt. Mustafa DILLI<\/h6>\n<h4 class=\"brz-mb-lg-10 ql-align-center brz-tp-lg-empty brz-ff-ozhkiphnhvhspgnsirfckwjaxjgjldcctydj brz-ft-upload brz-fs-lg-18 brz-fss-lg-px brz-fw-lg-500 brz-ls-lg-m_0_5 brz-lh-lg-1_2 brz-css-koEbY\" data-generated-css=\"brz-css-dY6C7\" data-uniq-id=\"kTGNT\"><span class=\"brz-cp-color2\">Spezialist f\u00fcr Endodontie<\/span><\/h4>\n<p class=\"brz-tp-lg-empty brz-ff-ozhkiphnhvhspgnsirfckwjaxjgjldcctydj brz-ft-upload brz-fs-lg-14 brz-fss-lg-px brz-fw-lg-400 brz-ls-lg-0 brz-lh-lg-1_9 brz-css-rJ1Oc\" data-generated-css=\"brz-css-tanBh\" data-uniq-id=\"y6TUL\"><span class=\"brz-cp-color7\">Der Endodontie-Spezialist Mustafa Dilli wurde im Jahr 1989 in Hatay geboren. Im Jahr 2014 schloss er sein Studium an der Fakult\u00e4t f\u00fcr Zahnmedizin der Universit\u00e4t Gazi ab. Im Jahr 2017 begann er seine Facharztausbildung an der Tokat Gaziosmanpasa Universit\u00e4t, Abteilung f\u00fcr Endodontie. Er schloss im Jahr 2021 seine Dissertation zum Thema \u201ePostoperativer Schmerz in der Endodontie\u201c ab. Mustafa Dilli ist seit 2022 als Endodontie-Spezialist in unserer Klinik t\u00e4tig.<\/span><\/p>\n<\/div>\n<\/div>\n<\/div>\n<\/div>\n<\/div>\n<\/div>\n<\/div>\n<\/div>\n<\/div>\n<\/div>\n<\/div>\n<\/div>\n<\/div>\n<div class=\"brz-row__container brz-css-g9BA2\" data-brz-custom-id=\"zLpx8SkNq8Ln\">\n<div class=\"brz-bg\"><\/div>\n<div class=\"brz-row brz-css-glO4s brz-css-cM6d3\">\n<div class=\"brz-columns brz-css-edAqm brz-css-pEHLk\" data-brz-custom-id=\"mih19eptW6db\">\n<div class=\"brz-column__items brz-css-xgH_X brz-css-b99wS\">\n<div class=\"brz-row__container brz-css-g9BA2\" data-brz-custom-id=\"p8nW6gwpNotI\">\n<div class=\"brz-bg\"><\/div>\n<div class=\"brz-row brz-row--inner brz-css-glO4s brz-css-cM6d3\">\n<div class=\"brz-columns brz-css-edAqm brz-css-euhVs\" data-brz-custom-id=\"oyTsyVXEr2Z9\">\n<div class=\"brz-bg\">\n<div class=\"brz-bg-color\"><\/div>\n<\/div>\n<div class=\"brz-column__items brz-css-xgH_X brz-css-hQKkq\">\n<div id=\"\" class=\"brz-css-eRVDQ brz-css-ajnMS brz-wrapper\">\n<div class=\"brz-image brz-css-g3Tzq brz-css-vsDC1\" data-brz-custom-id=\"ul1q6snmjDO3\"><img decoding=\"async\" class=\"brz-img\" src=\"https:\/\/timetravelaesthetic.com\/de?brizy_media=wp-40f1f146e53367ff4d1cbe4996343bdb.png&amp;brizy_crop=original\" alt=\"\" loading=\"lazy\"><\/div>\n<\/div>\n<\/div>\n<\/div>\n<div class=\"brz-columns brz-css-edAqm brz-css-uy8iH\" data-brz-custom-id=\"bknOzhj2kqqt\">\n<div class=\"brz-bg\">\n<div class=\"brz-bg-color\"><\/div>\n<\/div>\n<div class=\"brz-column__items brz-css-xgH_X brz-css-ua9mz\">\n<div id=\"\" class=\"brz-css-eRVDQ brz-css-kWGAF brz-wrapper\">\n<div class=\"brz-icon-text brz-css-ipoOY\" data-brz-custom-id=\"s5kVmE2QldUT\">\n<div class=\"brz-icon__container\" data-brz-custom-id=\"je3Wi3vhl77O\">\n<div class=\"brz-hover-animation__container\" data-brz-hover-animationid=\"je3Wi3vhl77O\" data-brz-hover-options=\"%7B%22duration%22:600,%22iterations%22:1%7D\" data-brz-hover-reversible=\"true\" data-brz-hover-target=\"%22firstChild%22\"><span class=\"brz-icon brz-span brz-css-qiaoE brz-css-dxZMe\"><\/span><\/div>\n<\/div>\n<div class=\"brz-text-btn\">\n<div class=\"brz-rich-text brz-rich-text__custom brz-css-yEYnC\" data-brz-custom-id=\"z0e7zbM2FsoI\">\n<div data-brz-translate-text=\"1\">\n<h6 class=\"brz-mb-lg-0 brz-lh-lg-1_2 brz-ls-lg-0 brz-fw-lg-600 brz-fss-lg-px brz-fs-lg-24 brz-ft-upload brz-ff-ozhkiphnhvhspgnsirfckwjaxjgjldcctydj brz-tp-lg-empty brz-text-lg-justify brz-text-xs-left brz-css-a33O9\" data-uniq-id=\"lwwlL\" data-generated-css=\"brz-css-jZNKM\">Spezialistin Dr. Dt Piril T. SINDEL<\/h6>\n<h4 class=\"brz-lh-lg-1_2 brz-ls-lg-m_0_5 brz-fw-lg-500 brz-fss-lg-px brz-fs-lg-18 brz-ft-upload brz-ff-ozhkiphnhvhspgnsirfckwjaxjgjldcctydj brz-tp-lg-empty ql-align-center brz-mb-lg-10 brz-css-deYh4\" data-uniq-id=\"vaTI4\" data-generated-css=\"brz-css-xosjQ\"><span class=\"brz-cp-color2\">Prothetikerin<\/span><\/h4>\n<p class=\"brz-lh-lg-1_9 brz-ls-lg-0 brz-fw-lg-400 brz-fss-lg-px brz-fs-lg-14 brz-ft-upload brz-ff-ozhkiphnhvhspgnsirfckwjaxjgjldcctydj brz-tp-lg-empty brz-css-el5qa\" data-uniq-id=\"wT7iL\" data-generated-css=\"brz-css-dyMaK\"><span class=\"brz-cp-color7\">Piril T\u00fcrkan Sindel, geboren im Jahr 1985, schloss im Jahr 2009 ihr Studium an der Fakult\u00e4t f\u00fcr Zahnmedizin der Universit\u00e4t Ankara ab. Im selben Jahr begann sie ihre Fach- und Doktorandenausbildung an der Fakult\u00e4t f\u00fcr Zahnmedizin der Universit\u00e4t Gazi, Abteilung f\u00fcr Prothetische Zahnheilkunde, und schloss ihre Ausbildung im Jahr 2014 ab. Neben verschiedenen Privatkliniken arbeitete sie 6 Jahre lang im Antalya Oral and Dental Health Hospital. Seit August 2022 ist sie als Gesch\u00e4ftsf\u00fchrerin in der ARD-Klinik t\u00e4tig, deren Gesellschafterin sie ist.<\/span><\/p>\n<\/div>\n<\/div>\n<\/div>\n<\/div>\n<\/div>\n<\/div>\n<\/div>\n<\/div>\n<\/div>\n<\/div>\n<\/div>\n<\/div>\n<\/div>\n<div class=\"brz-row__container brz-css-g9BA2\" data-brz-custom-id=\"lMAs5NZkgASh\">\n<div class=\"brz-bg\"><\/div>\n<div class=\"brz-row brz-css-glO4s brz-css-cM6d3\">\n<div class=\"brz-columns brz-css-edAqm brz-css-oWe8t\" data-brz-custom-id=\"iemIYi2Et4ye\">\n<div class=\"brz-column__items brz-css-xgH_X brz-css-ly_uK\">\n<div class=\"brz-row__container brz-css-g9BA2\" data-brz-custom-id=\"qOPYVMZRvP13\">\n<div class=\"brz-bg\"><\/div>\n<div class=\"brz-row brz-row--inner brz-css-glO4s brz-css-cM6d3\">\n<div class=\"brz-columns brz-css-edAqm brz-css-xGHPo\" data-brz-custom-id=\"ijg5vCDHgQTv\">\n<div class=\"brz-bg\">\n<div class=\"brz-bg-color\"><\/div>\n<\/div>\n<div class=\"brz-column__items brz-css-xgH_X brz-css-eewQe\">\n<div id=\"\" class=\"brz-css-eRVDQ brz-css-ac2xl brz-wrapper\">\n<div class=\"brz-image brz-css-exhVB brz-css-aacrB\" data-brz-custom-id=\"zQrMZDbLM2wE\"><img decoding=\"async\" class=\"brz-img\" src=\"https:\/\/timetravelaesthetic.com\/de?brizy_media=wp-0fd1d72e0f98b1380379c99b8a871c75.png&amp;brizy_crop=original\" alt=\"\" loading=\"lazy\"><\/div>\n<\/div>\n<\/div>\n<\/div>\n<div class=\"brz-columns brz-css-edAqm brz-css-kEWJR\" data-brz-custom-id=\"n6Y8RZ05pKHD\">\n<div class=\"brz-bg\">\n<div class=\"brz-bg-color\"><\/div>\n<\/div>\n<div class=\"brz-column__items brz-css-xgH_X brz-css-qVpbU\">\n<div id=\"\" class=\"brz-css-eRVDQ brz-css-ttRMd brz-wrapper\">\n<div class=\"brz-icon-text brz-css-ipoOY\" data-brz-custom-id=\"lsff4PBZr1Bb\">\n<div class=\"brz-icon__container\" data-brz-custom-id=\"dpvhUwzVa3gn\">\n<div class=\"brz-hover-animation__container\" data-brz-hover-animationid=\"dpvhUwzVa3gn\" data-brz-hover-options=\"%7B%22duration%22:600,%22iterations%22:1%7D\" data-brz-hover-reversible=\"true\" data-brz-hover-target=\"%22firstChild%22\"><span class=\"brz-icon brz-span brz-css-qiaoE brz-css-lltuM\"><\/span><\/div>\n<\/div>\n<div class=\"brz-text-btn\">\n<div class=\"brz-rich-text brz-rich-text__custom brz-css-yEYnC\" data-brz-custom-id=\"erByxeYlQzQk\">\n<div data-brz-translate-text=\"1\">\n<h6 class=\"brz-mb-lg-0 brz-lh-lg-1_2 brz-ls-lg-0 brz-fw-lg-600 brz-fss-lg-px brz-fs-lg-24 brz-ft-upload brz-ff-ozhkiphnhvhspgnsirfckwjaxjgjldcctydj brz-tp-lg-empty brz-text-lg-justify brz-text-xs-left brz-css-jO_az\" data-uniq-id=\"s8jOK\" data-generated-css=\"brz-css-iXYwG\">Spezialist Dt. Alican TEZERISENER<\/h6>\n<h4 class=\"brz-lh-lg-1_2 brz-ls-lg-m_0_5 brz-fw-lg-500 brz-fss-lg-px brz-fs-lg-18 brz-ft-upload brz-ff-ozhkiphnhvhspgnsirfckwjaxjgjldcctydj brz-tp-lg-empty ql-align-center brz-mb-lg-10 brz-css-cPhvc\" data-uniq-id=\"iiGJU\" data-generated-css=\"brz-css-p8v33\"><span class=\"brz-cp-color2\">Facharzt f\u00fcr Mund-, Kiefer- und Gesichtschirurgie<\/span><\/h4>\n<p class=\"brz-lh-lg-1_9 brz-ls-lg-0 brz-fw-lg-400 brz-fss-lg-px brz-fs-lg-14 brz-ft-upload brz-ff-ozhkiphnhvhspgnsirfckwjaxjgjldcctydj brz-tp-lg-empty brz-css-tcqZd\" data-uniq-id=\"q2C4z\" data-generated-css=\"brz-css-hWtYK\"><span class=\"brz-cp-color7\">Alican Tezerisener wurde im Jahr 1990 in Bursa geboren.<\/span><\/p>\n<p class=\"brz-lh-lg-1_9 brz-ls-lg-0 brz-fw-lg-400 brz-fss-lg-px brz-fs-lg-14 brz-ft-upload brz-ff-ozhkiphnhvhspgnsirfckwjaxjgjldcctydj brz-tp-lg-empty brz-css-uDjU4\" data-uniq-id=\"zQydB\" data-generated-css=\"brz-css-gRwX2\"><span class=\"brz-cp-color7\">Nach seinem Abschluss an der Marmara-Universit\u00e4t im Jahr 2014 schloss er seine Facharztausbildung<\/span><\/p>\n<p class=\"brz-lh-lg-1_9 brz-ls-lg-0 brz-fw-lg-400 brz-fss-lg-px brz-fs-lg-14 brz-ft-upload brz-ff-ozhkiphnhvhspgnsirfckwjaxjgjldcctydj brz-tp-lg-empty brz-css-fbpQW\" data-uniq-id=\"xlbtr\" data-generated-css=\"brz-css-iehJt\"><span class=\"brz-cp-color7\">an der Fakult\u00e4t f\u00fcr Zahnmedizin der Akdeniz-Universit\u00e4t ab und erhielt im Jahr<\/span><\/p>\n<p class=\"brz-lh-lg-1_9 brz-ls-lg-0 brz-fw-lg-400 brz-fss-lg-px brz-fs-lg-14 brz-ft-upload brz-ff-ozhkiphnhvhspgnsirfckwjaxjgjldcctydj brz-tp-lg-empty brz-css-qKz04\" data-uniq-id=\"tNm8r\" data-generated-css=\"brz-css-vwLKL\"><span class=\"brz-cp-color7\">2019 den Titel eines Facharztes f\u00fcr Mund-, Kiefer- und Gesichtschirurgie. Neben<\/span><\/p>\n<p class=\"brz-lh-lg-1_9 brz-ls-lg-0 brz-fw-lg-400 brz-fss-lg-px brz-fs-lg-14 brz-ft-upload brz-ff-ozhkiphnhvhspgnsirfckwjaxjgjldcctydj brz-tp-lg-empty brz-css-p_bBD\" data-uniq-id=\"lUwZl\" data-generated-css=\"brz-css-yGhiI\"><span class=\"brz-cp-color7\">der T\u00e4tigkeit in vielen verschiedenen Privatkliniken f\u00fchrt er seit 2021 seine<\/span><\/p>\n<p class=\"brz-lh-lg-1_9 brz-ls-lg-0 brz-fw-lg-400 brz-fss-lg-px brz-fs-lg-14 brz-ft-upload brz-ff-ozhkiphnhvhspgnsirfckwjaxjgjldcctydj brz-tp-lg-empty brz-css-epiMh\" data-uniq-id=\"rk6Oc\" data-generated-css=\"brz-css-vm9Zy\"><span class=\"brz-cp-color7\">T\u00e4tigkeit in der ARD-Klinik fort.<\/span><\/p>\n<\/div>\n<\/div>\n<\/div>\n<\/div>\n<\/div>\n<\/div>\n<\/div>\n<\/div>\n<\/div>\n<\/div>\n<\/div>\n<\/div>\n<\/div>\n<\/div>\n<\/div>\n<\/section>\n<\/div>\n<p>    <!-- version:1733293688 --><\/p>\n","protected":false},"excerpt":{"rendered":"<p>\u00c4RZTE PARTNER\u00c4RZTE Besonderer Service f\u00fcr Sie mit Gesundheitsexperten. Unsere Agentur arbeitet mit erfahrenen \u00c4rzten zusammen, um Ihnen hochwertige Gesundheitsdienstleistungen zu bieten. Unsere \u00c4rzte sind medizinische Fachkr\u00e4fte, die \u00fcber umfassende Erfahrung auf ihrem Gebiet verf\u00fcgen, aktuelle medizinische Informationen befolgen und sich st\u00e4ndig verbessern. Time Travel arbeitet mit \u00c4rzten zusammen, die f\u00fcr ihre hohe Patientenzufriedenheit bekannt sind, [&hellip;]<\/p>\n","protected":false},"author":1,"featured_media":0,"parent":14819,"menu_order":2,"comment_status":"closed","ping_status":"closed","template":"","meta":{"footnotes":""},"class_list":["post-14844","page","type-page","status-publish","hentry"],"blocksy_meta":[],"_links":{"self":[{"href":"https:\/\/timetravelaesthetic.com\/de\/wp-json\/wp\/v2\/pages\/14844","targetHints":{"allow":["GET"]}}],"collection":[{"href":"https:\/\/timetravelaesthetic.com\/de\/wp-json\/wp\/v2\/pages"}],"about":[{"href":"https:\/\/timetravelaesthetic.com\/de\/wp-json\/wp\/v2\/types\/page"}],"author":[{"embeddable":true,"href":"https:\/\/timetravelaesthetic.com\/de\/wp-json\/wp\/v2\/users\/1"}],"replies":[{"embeddable":true,"href":"https:\/\/timetravelaesthetic.com\/de\/wp-json\/wp\/v2\/comments?post=14844"}],"version-history":[{"count":1,"href":"https:\/\/timetravelaesthetic.com\/de\/wp-json\/wp\/v2\/pages\/14844\/revisions"}],"predecessor-version":[{"id":24311,"href":"https:\/\/timetravelaesthetic.com\/de\/wp-json\/wp\/v2\/pages\/14844\/revisions\/24311"}],"up":[{"embeddable":true,"href":"https:\/\/timetravelaesthetic.com\/de\/wp-json\/wp\/v2\/pages\/14819"}],"wp:attachment":[{"href":"https:\/\/timetravelaesthetic.com\/de\/wp-json\/wp\/v2\/media?parent=14844"}],"curies":[{"name":"wp","href":"https:\/\/api.w.org\/{rel}","templated":true}]}}