{"id":14845,"date":"2023-11-19T14:52:46","date_gmt":"2023-11-19T14:52:46","guid":{"rendered":"https:\/\/time3.vl-staging.com\/doktorlar\/doktorlar-sac\/"},"modified":"2025-07-03T02:34:30","modified_gmt":"2025-07-03T02:34:30","slug":"doktorlar-sac","status":"publish","type":"page","link":"https:\/\/timetravelaesthetic.com\/de\/doktorlar\/doktorlar-sac\/","title":{"rendered":"Doktorlar-Sa\u00e7 DE"},"content":{"rendered":"<div class=\"brz-root__container brz-reset-all brz\">\n<section id=\"_thnLAjJlqMxf\" class=\"brz-section brz-css-b3EJl\">\n<div class=\"brz-section__content brz-section--boxed brz-css-xSBTY brz-css-cSaRk\" data-brz-custom-id=\"o5se2w3uFYY8\">\n<div class=\"brz-bg\">\n<div class=\"brz-bg-image\"><\/div>\n<\/div>\n<div class=\"brz-container brz-css-kGuzk\">\n<div id=\"\" class=\"brz-css-bHvkM brz-css-yRtiW brz-wrapper\">\n<div class=\"brz-rich-text brz-rich-text__custom brz-css-o_3XH\" data-brz-custom-id=\"qyKuExIGleOk\">\n<div data-brz-translate-text=\"1\">\n<h1 class=\"brz-mt-lg-0 brz-fsft-lg-0 brz-fwdth-lg-100 brz-vfw-lg-400 brz-lh-lg-1 brz-ls-lg-m_1_5 brz-fw-lg-600 brz-fss-lg-px brz-fs-lg-46 brz-ft-upload brz-ff-ozhkiphnhvhspgnsirfckwjaxjgjldcctydj brz-tp-lg-heading1 brz-fs-xs-36 brz-tp-xs-empty brz-lh-xs-1 brz-ls-xs-m_1_5 brz-fw-xs-600 brz-fss-xs-px brz-text-lg-center brz-css-wnBq_\" data-uniq-id=\"c50Mb\" data-generated-css=\"brz-css-mK2lg\"><span style=\"opacity: 1\">\u00c4RZTE PARTNER\u00c4RZTE<\/span><\/h1>\n<\/div>\n<\/div>\n<\/div>\n<div id=\"\" class=\"brz-css-bHvkM brz-css-vNoKg brz-wrapper\">\n<div class=\"brz-rich-text brz-rich-text__custom brz-css-o_3XH\" data-brz-custom-id=\"sQhK2MJlVlu4\">\n<div data-brz-translate-text=\"1\">\n<h2 class=\"brz-fs-xs-36 brz-tp-xs-empty brz-lh-xs-1_3 brz-ls-xs-m_1 brz-fw-xs-700 brz-fss-xs-px brz-tp-lg-heading2 brz-text-lg-center brz-css-pscqp\" data-uniq-id=\"yLglD\" data-generated-css=\"brz-css-jjKg3\"><span class=\"brz-cp-color2\">Besonderer Service f\u00fcr Sie mit Gesundheitsexperten.<\/span><\/h2>\n<\/div>\n<\/div>\n<\/div>\n<div id=\"\" class=\"brz-css-bHvkM brz-css-dwJA3 brz-wrapper\">\n<div class=\"brz-rich-text brz-rich-text__custom brz-css-o_3XH\" data-brz-custom-id=\"y0EFIYVxAdtd\">\n<div data-brz-translate-text=\"1\">\n<p class=\"brz-tp-lg-subtitle brz-bcp-color2 brz-text-lg-center brz-css-czjI6\" data-generated-css=\"brz-css-uS9ow\" data-uniq-id=\"hchZu\"><span class=\"brz-cp-color2\">Unsere Agentur arbeitet mit erfahrenen \u00c4rzten zusammen, um Ihnen hochwertige Gesundheitsdienstleistungen zu bieten. Unsere \u00c4rzte sind medizinische Fachkr\u00e4fte, die \u00fcber umfassende Erfahrung auf ihrem Gebiet verf\u00fcgen, aktuelle medizinische Informationen befolgen und sich st\u00e4ndig verbessern.  Time Travel arbeitet mit \u00c4rzten zusammen, die f\u00fcr ihre hohe Patientenzufriedenheit bekannt sind, um Ihnen dabei zu helfen, Ihr gew\u00fcnschtes Aussehen zu erreichen.<\/span><\/p>\n<\/div>\n<\/div>\n<\/div>\n<div id=\"\" class=\"brz-css-bHvkM brz-css-gbGKS brz-css-v19eY brz-wrapper\">\n<div class=\"brz-spacer brz-css-eJQJf brz-css-u74Tq\"><\/div>\n<\/div>\n<div class=\"brz-row__container brz-css-ogIDE\" data-brz-custom-id=\"ryVKRaLdwTNW\">\n<div class=\"brz-bg\"><\/div>\n<div class=\"brz-row brz-css-k_co0 brz-css-w6fvm\">\n<div class=\"brz-columns brz-css-fpp7U brz-css-qj7Nv\" data-brz-custom-id=\"kS0eUKl7o9VU\">\n<div class=\"brz-column__items brz-css-fPVY0 brz-css-cm7Sd\">\n<div class=\"brz-row__container brz-css-ogIDE\" data-brz-custom-id=\"yEwScA3wYzwW\">\n<div class=\"brz-bg\"><\/div>\n<div class=\"brz-row brz-row--inner brz-css-k_co0 brz-css-w6fvm\">\n<div class=\"brz-columns brz-css-fpp7U brz-css-oEKMl\" data-brz-custom-id=\"domNf6z0ytJm\">\n<div class=\"brz-bg\">\n<div class=\"brz-bg-color\"><\/div>\n<\/div>\n<div class=\"brz-column__items brz-css-fPVY0 brz-css-xislU\">\n<div id=\"\" class=\"brz-css-bHvkM brz-css-hKIZZ brz-wrapper\">\n<div class=\"brz-image brz-css-mthV5 brz-css-kGIoM\" data-brz-custom-id=\"sAJ30GrQNcq8\"><img decoding=\"async\" class=\"brz-img\" src=\"https:\/\/timetravelaesthetic.com\/de?brizy_media=wp-7c2c8bb5616dd4f75f22620f69bac946.png&amp;brizy_crop=original\" alt=\"\" loading=\"lazy\"><\/div>\n<\/div>\n<\/div>\n<\/div>\n<div class=\"brz-columns brz-css-fpp7U brz-css-hzyPA\" data-brz-custom-id=\"aUj2v85vS0MC\">\n<div class=\"brz-bg\">\n<div class=\"brz-bg-color\"><\/div>\n<\/div>\n<div class=\"brz-column__items brz-css-fPVY0 brz-css-zrm4o\">\n<div id=\"\" class=\"brz-css-bHvkM brz-css-lUSHB brz-wrapper\">\n<div class=\"brz-icon-text brz-css-z3SCs\" data-brz-custom-id=\"lokLhI_ZwWpi\">\n<div class=\"brz-icon__container\" data-brz-custom-id=\"f_WDHTw7dQdw\">\n<div class=\"brz-hover-animation__container\" data-brz-hover-animationid=\"f_WDHTw7dQdw\" data-brz-hover-options=\"%7B%22duration%22:600,%22iterations%22:1%7D\" data-brz-hover-reversible=\"true\" data-brz-hover-target=\"%22firstChild%22\"><span class=\"brz-icon brz-span brz-css-ipgRA brz-css-elE8g\"><\/span><\/div>\n<\/div>\n<div class=\"brz-text-btn\">\n<div class=\"brz-rich-text brz-rich-text__custom brz-css-o_3XH\" data-brz-custom-id=\"u_5QkY6WYcGB\">\n<div data-brz-translate-text=\"1\">\n<h6 class=\"brz-mb-lg-0 brz-lh-lg-1_2 brz-ls-lg-0 brz-fw-lg-600 brz-fss-lg-px brz-fs-lg-24 brz-ft-upload brz-ff-ozhkiphnhvhspgnsirfckwjaxjgjldcctydj brz-tp-lg-empty brz-text-lg-justify brz-css-d2xrK\" data-uniq-id=\"mSbt8\" data-generated-css=\"brz-css-sMKwL\">Banu Caglar<\/h6>\n<h4 class=\"brz-lh-lg-1_2 brz-ls-lg-m_0_5 brz-fw-lg-500 brz-fss-lg-px brz-fs-lg-18 brz-ft-upload brz-ff-ozhkiphnhvhspgnsirfckwjaxjgjldcctydj brz-tp-lg-empty ql-align-center brz-mb-lg-10 brz-css-eAyhH\" data-uniq-id=\"g5Fj3\" data-generated-css=\"brz-css-nsR8u\"><span class=\"brz-cp-color2\">Facharztin f\u00fcr Dermatologie und Kosmetologie<\/span><\/h4>\n<p class=\"brz-lh-lg-1_9 brz-ls-lg-0 brz-fw-lg-400 brz-fss-lg-px brz-fs-lg-14 brz-ft-upload brz-ff-ozhkiphnhvhspgnsirfckwjaxjgjldcctydj brz-tp-lg-empty brz-css-k9eOk\" data-uniq-id=\"eC6CZ\" data-generated-css=\"brz-css-c9yYd\"><span class=\"brz-cp-color7\">Dr. Banu Caglar wurde im Jahr 1985 in ANKARA geboren. Sie absolvierte das Ankara Atat\u00fcrk Anatolian Gymnasium und begann im Jahr 2003 ihre medizinische Ausbildung an der medizinischen Fakult\u00e4t der Gazi-Universit\u00e4t. Sie begann ihre Dermatologie-Spezialisierung an der Dermatologischen Abteilung der Universit\u00e4t Ankara im Jahr 2009, als sie seinen Abschluss machte, und qualifizierte sich im Jahr 2014 f\u00fcr die Spezialisierung. Ihre Spezialisierungsarbeit erhielt sie mit einer Studie, die die Wirksamkeit der Behandlung mit intensiv gepulstem Licht bei Rosacea zeigte. Im Jahr 2014 hatte sie Anspruch auf den Erhalt der T\u00fcrkei Zertifikat f\u00fcr Dermatologische Kompetenz (Vorstand).<\/span><\/p>\n<\/div>\n<\/div>\n<\/div>\n<\/div>\n<\/div>\n<\/div>\n<\/div>\n<\/div>\n<\/div>\n<\/div>\n<\/div>\n<\/div>\n<\/div>\n<\/div>\n<\/div>\n<\/section>\n<\/div>\n<p>    <!-- version:1732406951 --><\/p>\n","protected":false},"excerpt":{"rendered":"<p>\u00c4RZTE PARTNER\u00c4RZTE Besonderer Service f\u00fcr Sie mit Gesundheitsexperten. Unsere Agentur arbeitet mit erfahrenen \u00c4rzten zusammen, um Ihnen hochwertige Gesundheitsdienstleistungen zu bieten. Unsere \u00c4rzte sind medizinische Fachkr\u00e4fte, die \u00fcber umfassende Erfahrung auf ihrem Gebiet verf\u00fcgen, aktuelle medizinische Informationen befolgen und sich st\u00e4ndig verbessern. Time Travel arbeitet mit \u00c4rzten zusammen, die f\u00fcr ihre hohe Patientenzufriedenheit bekannt sind, [&hellip;]<\/p>\n","protected":false},"author":1,"featured_media":0,"parent":14819,"menu_order":3,"comment_status":"closed","ping_status":"closed","template":"","meta":{"footnotes":""},"class_list":["post-14845","page","type-page","status-publish","hentry"],"blocksy_meta":[],"_links":{"self":[{"href":"https:\/\/timetravelaesthetic.com\/de\/wp-json\/wp\/v2\/pages\/14845","targetHints":{"allow":["GET"]}}],"collection":[{"href":"https:\/\/timetravelaesthetic.com\/de\/wp-json\/wp\/v2\/pages"}],"about":[{"href":"https:\/\/timetravelaesthetic.com\/de\/wp-json\/wp\/v2\/types\/page"}],"author":[{"embeddable":true,"href":"https:\/\/timetravelaesthetic.com\/de\/wp-json\/wp\/v2\/users\/1"}],"replies":[{"embeddable":true,"href":"https:\/\/timetravelaesthetic.com\/de\/wp-json\/wp\/v2\/comments?post=14845"}],"version-history":[{"count":1,"href":"https:\/\/timetravelaesthetic.com\/de\/wp-json\/wp\/v2\/pages\/14845\/revisions"}],"predecessor-version":[{"id":24312,"href":"https:\/\/timetravelaesthetic.com\/de\/wp-json\/wp\/v2\/pages\/14845\/revisions\/24312"}],"up":[{"embeddable":true,"href":"https:\/\/timetravelaesthetic.com\/de\/wp-json\/wp\/v2\/pages\/14819"}],"wp:attachment":[{"href":"https:\/\/timetravelaesthetic.com\/de\/wp-json\/wp\/v2\/media?parent=14845"}],"curies":[{"name":"wp","href":"https:\/\/api.w.org\/{rel}","templated":true}]}}