{"id":14846,"date":"2023-11-19T14:54:14","date_gmt":"2023-11-19T14:54:14","guid":{"rendered":"https:\/\/time3.vl-staging.com\/doktorlar\/doktorlar-goez\/"},"modified":"2025-07-01T14:27:54","modified_gmt":"2025-07-01T14:27:54","slug":"doktorlar-goz","status":"publish","type":"page","link":"https:\/\/timetravelaesthetic.com\/de\/doktorlar\/doktorlar-goz\/","title":{"rendered":"Doktorlar-G\u00f6z DE"},"content":{"rendered":"<div class=\"brz-root__container brz-reset-all brz\">\n<section id=\"_cgxQ2Kr53LNA\" class=\"brz-section brz-css-bUCnS\">\n<div class=\"brz-section__content brz-section--boxed brz-css-jr9_W brz-css-ysT2T\" data-brz-custom-id=\"rdRHQYquhq_m\">\n<div class=\"brz-bg\">\n<div class=\"brz-bg-image\"><\/div>\n<\/div>\n<div class=\"brz-container brz-css-pdD4H\">\n<div id=\"\" class=\"brz-css-rYS1D brz-css-yY_96 brz-wrapper\">\n<div class=\"brz-rich-text brz-rich-text__custom brz-css-sKaG3\" data-brz-custom-id=\"uueMG5rwh_uk\">\n<div data-brz-translate-text=\"1\">\n<h1 class=\"brz-mt-lg-0 brz-fsft-lg-0 brz-fwdth-lg-100 brz-vfw-lg-400 brz-lh-lg-1 brz-ls-lg-m_1_5 brz-fw-lg-600 brz-fss-lg-px brz-fs-lg-46 brz-ft-upload brz-ff-ozhkiphnhvhspgnsirfckwjaxjgjldcctydj brz-tp-lg-heading1 brz-fs-xs-36 brz-tp-xs-empty brz-lh-xs-1 brz-ls-xs-m_1_5 brz-fw-xs-600 brz-fss-xs-px brz-text-lg-center brz-css-f2GZ8\" data-uniq-id=\"c50Mb\" data-generated-css=\"brz-css-mK2lg\"><span style=\"opacity: 1\">\u00c4RZTE PARTNER\u00c4RZTE<\/span><\/h1>\n<\/div>\n<\/div>\n<\/div>\n<div id=\"\" class=\"brz-css-rYS1D brz-css-kq2Jc brz-wrapper\">\n<div class=\"brz-rich-text brz-rich-text__custom brz-css-sKaG3\" data-brz-custom-id=\"iA5a6eSMMmLx\">\n<div data-brz-translate-text=\"1\">\n<h2 class=\"brz-fs-xs-36 brz-tp-xs-empty brz-lh-xs-1_3 brz-ls-xs-m_1 brz-fw-xs-700 brz-fss-xs-px brz-tp-lg-heading2 brz-text-lg-center brz-css-tsk0e\" data-uniq-id=\"yLglD\" data-generated-css=\"brz-css-jjKg3\"><span class=\"brz-cp-color2\">Besonderer Service f\u00fcr Sie mit Gesundheitsexperten.<\/span><\/h2>\n<\/div>\n<\/div>\n<\/div>\n<div id=\"\" class=\"brz-css-rYS1D brz-css-l52R1 brz-wrapper\">\n<div class=\"brz-rich-text brz-rich-text__custom brz-css-sKaG3\" data-brz-custom-id=\"t6FdRbJMOfan\">\n<div data-brz-translate-text=\"1\">\n<p class=\"brz-tp-lg-subtitle brz-bcp-color2 brz-text-lg-center brz-css-zB39U\" data-generated-css=\"brz-css-hgt5o\" data-uniq-id=\"xTpuP\"><span class=\"brz-cp-color2\">Unsere Agentur arbeitet mit erfahrenen \u00c4rzten zusammen, um Ihnen hochwertige Gesundheitsdienstleistungen zu bieten. Unsere \u00c4rzte sind medizinische Fachkr\u00e4fte, die \u00fcber umfassende Erfahrung auf ihrem Gebiet verf\u00fcgen, aktuelle medizinische Informationen befolgen und sich st\u00e4ndig verbessern.  Time Travel arbeitet mit \u00c4rzten zusammen, die f\u00fcr ihre hohe Patientenzufriedenheit bekannt sind, um Ihnen dabei zu helfen, Ihr gew\u00fcnschtes Aussehen zu erreichen.<\/span><\/p>\n<\/div>\n<\/div>\n<\/div>\n<div id=\"\" class=\"brz-css-rYS1D brz-css-agCUS brz-css-rV94I brz-wrapper\">\n<div class=\"brz-spacer brz-css-eXDB7 brz-css-fTz2m\"><\/div>\n<\/div>\n<div class=\"brz-row__container brz-css-te8qB\" data-brz-custom-id=\"xRQcfmV7wKLe\">\n<div class=\"brz-bg\"><\/div>\n<div class=\"brz-row brz-css-kFqKK brz-css-sr4S4\">\n<div class=\"brz-columns brz-css-gcyqs brz-css-c0bik\" data-brz-custom-id=\"nOgifLKvbW5k\">\n<div class=\"brz-column__items brz-css-e5Cbg brz-css-qpY_N\">\n<div class=\"brz-row__container brz-css-te8qB\" data-brz-custom-id=\"d0CF5anJ4gpw\">\n<div class=\"brz-bg\"><\/div>\n<div class=\"brz-row brz-row--inner brz-css-kFqKK brz-css-sr4S4\">\n<div class=\"brz-columns brz-css-gcyqs brz-css-lBDWH\" data-brz-custom-id=\"r5hajTlBmoq9\">\n<div class=\"brz-bg\">\n<div class=\"brz-bg-color\"><\/div>\n<\/div>\n<div class=\"brz-column__items brz-css-e5Cbg brz-css-nOyE0\">\n<div id=\"\" class=\"brz-css-rYS1D brz-css-d4kMB brz-wrapper\">\n<div class=\"brz-image brz-css-bw9GG brz-css-dgBbH\" data-brz-custom-id=\"i6qZH4x8yuFl\"><img decoding=\"async\" class=\"brz-img\" src=\"https:\/\/timetravelaesthetic.com\/de?brizy_media=wp-95890496739d399af20d41acb5ef4c14.jpeg&amp;brizy_crop=iW%3D436%26iH%3D436%26oX%3D0%26oY%3D0%26cW%3D436%26cH%3D436\" alt=\"\" loading=\"lazy\"><\/div>\n<\/div>\n<\/div>\n<\/div>\n<div class=\"brz-columns brz-css-gcyqs brz-css-tEv33\" data-brz-custom-id=\"rRJ9w03SE7pb\">\n<div class=\"brz-bg\">\n<div class=\"brz-bg-color\"><\/div>\n<\/div>\n<div class=\"brz-column__items brz-css-e5Cbg brz-css-zJURI\">\n<div id=\"\" class=\"brz-css-rYS1D brz-css-woja3 brz-wrapper\">\n<div class=\"brz-icon-text brz-css-ladOG\" data-brz-custom-id=\"g1F11u5EF2sP\">\n<div class=\"brz-icon__container\" data-brz-custom-id=\"bkZqpFvjI9IZ\">\n<div class=\"brz-hover-animation__container\" data-brz-hover-animationid=\"bkZqpFvjI9IZ\" data-brz-hover-options=\"%7B%22duration%22:600,%22iterations%22:1%7D\" data-brz-hover-reversible=\"true\" data-brz-hover-target=\"%22firstChild%22\"><span class=\"brz-icon brz-span brz-css-hn3Re brz-css-nM2Rw\"><\/span><\/div>\n<\/div>\n<div class=\"brz-text-btn\">\n<div class=\"brz-rich-text brz-rich-text__custom brz-css-sKaG3\" data-brz-custom-id=\"pjnYLjB7ApLJ\">\n<div data-brz-translate-text=\"1\">\n<h6 class=\"brz-text-lg-justify brz-tp-lg-empty brz-ff-ozhkiphnhvhspgnsirfckwjaxjgjldcctydj brz-ft-upload brz-fs-lg-24 brz-fss-lg-px brz-fw-lg-600 brz-ls-lg-0 brz-lh-lg-1_2 brz-mb-lg-0 brz-css-aZHZE\" data-generated-css=\"brz-css-eRj9k\" data-uniq-id=\"fmXdg\"><span class=\"brz-cp-color2\">Ugur Balci<\/span><\/h6>\n<h4 class=\"brz-mb-lg-10 ql-align-center brz-tp-lg-empty brz-ff-ozhkiphnhvhspgnsirfckwjaxjgjldcctydj brz-ft-upload brz-fs-lg-18 brz-fss-lg-px brz-fw-lg-500 brz-ls-lg-m_0_5 brz-lh-lg-1_2 brz-css-gmBG6\" data-generated-css=\"brz-css-rkpWr\" data-uniq-id=\"gIDZ0\"><span class=\"brz-cp-color2\">Augenkrankheiten und Chirurgie<\/span><\/h4>\n<p class=\"brz-tp-lg-empty brz-ff-ozhkiphnhvhspgnsirfckwjaxjgjldcctydj brz-ft-upload brz-fs-lg-14 brz-fss-lg-px brz-fw-lg-400 brz-ls-lg-0 brz-lh-lg-1_9 brz-css-g4OZO\" data-generated-css=\"brz-css-sdwAe\" data-uniq-id=\"jI7gT\"><span class=\"brz-cp-color7\">Nach Abschluss seiner Grund- und Sekundarschulbildung trat er im Jahr 2006 in die medizinische Fakult\u00e4t der Universit\u00e4t Ankara ein und schloss sein Studium im Jahr 2012 ab. Im Jahr 2012 begann er als Assistent am Trainings- und Forschungskrankenhaus Antalya und an der Augenklinik der Medizinischen Fakult\u00e4t der Akdeniz-Universit\u00e4t zu arbeiten. Im Jahr 2012 erhielt er seinen Facharzttitel f\u00fcr Augenheilkunde und Chirurgie. Er setzt seine Arbeit im Veni Vidi Eye Hospital fort und hat im Laufe seiner Karriere mehr als 10.000 F\u00e4lle behandelt.<\/span><\/p>\n<\/div>\n<\/div>\n<\/div>\n<\/div>\n<\/div>\n<\/div>\n<\/div>\n<\/div>\n<\/div>\n<\/div>\n<\/div>\n<\/div>\n<\/div>\n<div class=\"brz-row__container brz-css-te8qB\" data-brz-custom-id=\"sUFzlP2nSQYa\">\n<div class=\"brz-bg\"><\/div>\n<div class=\"brz-row brz-css-kFqKK brz-css-sr4S4\">\n<div class=\"brz-columns brz-css-gcyqs brz-css-lFMwp\" data-brz-custom-id=\"oABN1iCDGCA1\">\n<div class=\"brz-column__items brz-css-e5Cbg brz-css-bLU8t\">\n<div class=\"brz-row__container brz-css-te8qB\" data-brz-custom-id=\"gYeSnDrsD_Qe\">\n<div class=\"brz-bg\"><\/div>\n<div class=\"brz-row brz-row--inner brz-css-kFqKK brz-css-sr4S4\">\n<div class=\"brz-columns brz-css-gcyqs brz-css-eFUgl\" data-brz-custom-id=\"amvMhzBYxQmL\">\n<div class=\"brz-bg\">\n<div class=\"brz-bg-color\"><\/div>\n<\/div>\n<div class=\"brz-column__items brz-css-e5Cbg brz-css-uayGP\">\n<div id=\"\" class=\"brz-css-rYS1D brz-css-mNpDA brz-wrapper\">\n<div class=\"brz-image brz-css-luI8K brz-css-snC1K\" data-brz-custom-id=\"cPQHXja76PxK\"><img decoding=\"async\" class=\"brz-img\" src=\"https:\/\/timetravelaesthetic.com\/de?brizy_media=wp-81cc705bc5d067d587e34c688012f574.jpeg&amp;brizy_crop=iW%3D436%26iH%3D436%26oX%3D0%26oY%3D0%26cW%3D436%26cH%3D436\" alt=\"\" loading=\"lazy\"><\/div>\n<\/div>\n<\/div>\n<\/div>\n<div class=\"brz-columns brz-css-gcyqs brz-css-liBnL\" data-brz-custom-id=\"el04C8C64g0f\">\n<div class=\"brz-bg\">\n<div class=\"brz-bg-color\"><\/div>\n<\/div>\n<div class=\"brz-column__items brz-css-e5Cbg brz-css-j42dT\">\n<div id=\"\" class=\"brz-css-rYS1D brz-css-fo4Cl brz-wrapper\">\n<div class=\"brz-icon-text brz-css-ladOG\" data-brz-custom-id=\"uFfPwOhWf1Nu\">\n<div class=\"brz-icon__container\" data-brz-custom-id=\"nsrvzvdkrvlP\">\n<div class=\"brz-hover-animation__container\" data-brz-hover-animationid=\"nsrvzvdkrvlP\" data-brz-hover-options=\"%7B%22duration%22:600,%22iterations%22:1%7D\" data-brz-hover-reversible=\"true\" data-brz-hover-target=\"%22firstChild%22\"><span class=\"brz-icon brz-span brz-css-hn3Re brz-css-rVKPh\"><\/span><\/div>\n<\/div>\n<div class=\"brz-text-btn\">\n<div class=\"brz-rich-text brz-rich-text__custom brz-css-sKaG3\" data-brz-custom-id=\"faqUt59ozT3n\">\n<div data-brz-translate-text=\"1\">\n<h6 class=\"brz-mb-lg-0 brz-lh-lg-1_2 brz-ls-lg-0 brz-fw-lg-600 brz-fss-lg-px brz-fs-lg-24 brz-ft-upload brz-ff-ozhkiphnhvhspgnsirfckwjaxjgjldcctydj brz-tp-lg-empty brz-text-lg-justify brz-css-cLDz9\" data-uniq-id=\"sxN5h\" data-generated-css=\"brz-css-gYFxI\"><span class=\"brz-cp-color2\">Prof. Dr. Elif T\u00fcrkoglu<\/span><\/h6>\n<h4 class=\"brz-lh-lg-1_2 brz-ls-lg-m_0_5 brz-fw-lg-500 brz-fss-lg-px brz-fs-lg-18 brz-ft-upload brz-ff-ozhkiphnhvhspgnsirfckwjaxjgjldcctydj brz-tp-lg-empty ql-align-center brz-mb-lg-10 brz-css-sxbL2\" data-uniq-id=\"h5nOE\" data-generated-css=\"brz-css-bMT4e\"><span class=\"brz-cp-color2\">Augenkrankheiten und Chirurgie<\/span><\/h4>\n<p class=\"brz-text-xs-left brz-lh-lg-1_9 brz-ls-lg-0 brz-fw-lg-400 brz-fss-lg-px brz-fs-lg-14 brz-ft-upload brz-ff-ozhkiphnhvhspgnsirfckwjaxjgjldcctydj brz-tp-lg-empty brz-css-jMziE\" data-uniq-id=\"nYejs\" data-generated-css=\"brz-css-kvspt\"><span class=\"brz-cp-color7\">Dr. Elif Bet\u00fcl T\u00fcrkoglu schloss als beste Studentin der Universit\u00e4t im Jahr 2005. Sie begann ihre Facharztausbildung an der Augenklinik des Ankara Hospital mit einer hohen Punktzahl bei der TUS-Pr\u00fcfung. Nach 2010 arbeitete sie in der Abteilung f\u00fcr Augen\u00e4sthetik des Trainings- und Forschungskrankenhauses der Universit\u00e4t Sakarya. Im Jahr 2014 begann sie als Assistenzprofessorin an der Augenklinik der Medizinischen Fakult\u00e4t der Universit\u00e4t Akdeniz zu arbeiten. Sie konzentrierte ihre Studien auf Augenkrebs und arbeitete zwischen 2015 und 2016 als Dr. in der Abteilung f\u00fcr Augenonkologie des Wills Eye Institute in Amerika. Sie schloss ihr Masterstudium unter der Leitung von Carol Shields ab. Im M\u00e4rz 2017 erhielt sie den Titel eines au\u00dferordentlichen Professors. Im Jahr 2019 nahm sie als Beobachterin am Tokyo National Cancer Center teil, das zum ersten Mal weltweit eine intraarterielle Chemotherapie bei Retinoblastomen anwendete. Im November 2022 erhielt sie den Professorentitel und konzentrierte ihr Studium auf Augenonkologie bei Erwachsenen und Kindern, Okuloplastik, Kataraktchirurgie und refraktive Sehst\u00f6rungen. Sie hat \u00fcber 150 wissenschaftliche Studien und viele Artikel in internationalen und nationalen Fachzeitschriften ver\u00f6ffentlicht.<\/span><\/p>\n<\/div>\n<\/div>\n<\/div>\n<\/div>\n<\/div>\n<\/div>\n<\/div>\n<\/div>\n<\/div>\n<\/div>\n<\/div>\n<\/div>\n<\/div>\n<div class=\"brz-row__container brz-css-te8qB\" data-brz-custom-id=\"nCC95i35EthB\">\n<div class=\"brz-bg\"><\/div>\n<div class=\"brz-row brz-css-kFqKK brz-css-sr4S4\">\n<div class=\"brz-columns brz-css-gcyqs brz-css-rCxxR\" data-brz-custom-id=\"bJSvmygwB6bt\">\n<div class=\"brz-column__items brz-css-e5Cbg brz-css-lwZIZ\">\n<div class=\"brz-row__container brz-css-te8qB\" data-brz-custom-id=\"mUWg7ICQsona\">\n<div class=\"brz-bg\"><\/div>\n<div class=\"brz-row brz-row--inner brz-css-kFqKK brz-css-sr4S4\">\n<div class=\"brz-columns brz-css-gcyqs brz-css-hFjeO\" data-brz-custom-id=\"oXmrlRYqrAze\">\n<div class=\"brz-bg\">\n<div class=\"brz-bg-color\"><\/div>\n<\/div>\n<div class=\"brz-column__items brz-css-e5Cbg brz-css-mHFOB\">\n<div id=\"\" class=\"brz-css-rYS1D brz-css-ap8Mg brz-wrapper\">\n<div class=\"brz-image brz-css-rCvN0 brz-css-ejfAM\" data-brz-custom-id=\"dhbeFyInjP6E\"><img decoding=\"async\" class=\"brz-img\" src=\"https:\/\/timetravelaesthetic.com\/de?brizy_media=wp-3674270e97d70b5732221c2e5f19c855.jpg&amp;brizy_crop=original\" alt=\"\" loading=\"lazy\"><\/div>\n<\/div>\n<\/div>\n<\/div>\n<div class=\"brz-columns brz-css-gcyqs brz-css-fnAKf\" data-brz-custom-id=\"xyI92pSxtmgJ\">\n<div class=\"brz-bg\">\n<div class=\"brz-bg-color\"><\/div>\n<\/div>\n<div class=\"brz-column__items brz-css-e5Cbg brz-css-jed_V\">\n<div id=\"\" class=\"brz-css-rYS1D brz-css-g4vvR brz-wrapper\">\n<div class=\"brz-icon-text brz-css-ladOG\" data-brz-custom-id=\"oEONPQ9LPGuT\">\n<div class=\"brz-icon__container\" data-brz-custom-id=\"vavrTe6UmP7T\">\n<div class=\"brz-hover-animation__container\" data-brz-hover-animationid=\"vavrTe6UmP7T\" data-brz-hover-options=\"%7B%22duration%22:600,%22iterations%22:1%7D\" data-brz-hover-reversible=\"true\" data-brz-hover-target=\"%22firstChild%22\"><span class=\"brz-icon brz-span brz-css-hn3Re brz-css-zXiLf\"><\/span><\/div>\n<\/div>\n<div class=\"brz-text-btn\">\n<div class=\"brz-rich-text brz-rich-text__custom brz-css-sKaG3\" data-brz-custom-id=\"eO9XUsygi4UT\">\n<div data-brz-translate-text=\"1\">\n<h6 class=\"brz-text-lg-justify brz-tp-lg-empty brz-ff-ozhkiphnhvhspgnsirfckwjaxjgjldcctydj brz-ft-upload brz-fs-lg-24 brz-fss-lg-px brz-fw-lg-600 brz-ls-lg-0 brz-lh-lg-1_2 brz-mb-lg-0 brz-css-krciL\" data-generated-css=\"brz-css-lox2v\" data-uniq-id=\"pgloo\">Fersat Muhacir<\/h6>\n<h4 class=\"brz-mb-lg-10 ql-align-center brz-tp-lg-empty brz-ff-ozhkiphnhvhspgnsirfckwjaxjgjldcctydj brz-ft-upload brz-fs-lg-18 brz-fss-lg-px brz-fw-lg-500 brz-ls-lg-m_0_5 brz-lh-lg-1_2 brz-css-jjLnJ\" data-generated-css=\"brz-css-czyXr\" data-uniq-id=\"mcUpH\"><span class=\"brz-cp-color2\">Augenkrankheiten und Chirurgiei<\/span><\/h4>\n<p class=\"brz-tp-lg-empty brz-ff-ozhkiphnhvhspgnsirfckwjaxjgjldcctydj brz-ft-upload brz-fs-lg-14 brz-fss-lg-px brz-fw-lg-400 brz-ls-lg-0 brz-lh-lg-1_9 brz-css-u7bXb\" data-generated-css=\"brz-css-oVq2E\" data-uniq-id=\"yHQyv\"><span class=\"brz-cp-color7\">Nach Abschluss seiner Grund- und Sekundarschulbildung in Ankara trat er im Jahr 1986 in die medizinische Fakult\u00e4t der Cukurova-Universit\u00e4t ein und schloss 1992 sein Studium ab. Er begann im Jahr 1993 als Assistent an der Augenklinik der Medizinischen Fakult\u00e4t der 19 Mayis-Universit\u00e4t zu arbeiten. Nach seinem Studium an der Gazi-Universit\u00e4t arbeitete er 1996 sechs Monate lang in der Augenklinik und erhielt im Jahr 1997 seinen Facharzttitel f\u00fcr Augenheilkunde und Chirurgie. Nach seiner Spezialisierung ging er in die Vereinigten Staaten und diente als Beobachter an der UCSF (University of California San Francisco). Er ging in die Niederlande und nach \u00d6sterreich und hatte die Gelegenheit, an der modernen Kataraktchirurgie zu arbeiten. Dr. Fersat Muhacir hat im April 2009 die ICO-Pr\u00fcfung (International Council of Ophthalmology, Clinical Evaluation) erfolgreich bestanden. Er bestand erfolgreich das European Ophthalmology Board, das am 8. und 9. Mai 2009 in Paris stattfand, und erhielt das European Union Ophthalmology Specialist Diploma sowie den FEBO-Titel (European Ophthalmology Board Member). hatte Anspruch darauf.<\/span><\/p>\n<\/div>\n<\/div>\n<\/div>\n<\/div>\n<\/div>\n<\/div>\n<\/div>\n<\/div>\n<\/div>\n<\/div>\n<\/div>\n<\/div>\n<\/div>\n<\/div>\n<\/div>\n<\/section>\n<\/div>\n<p>    <!-- version:1732400359 --><\/p>\n","protected":false},"excerpt":{"rendered":"<p>\u00c4RZTE PARTNER\u00c4RZTE Besonderer Service f\u00fcr Sie mit Gesundheitsexperten. Unsere Agentur arbeitet mit erfahrenen \u00c4rzten zusammen, um Ihnen hochwertige Gesundheitsdienstleistungen zu bieten. Unsere \u00c4rzte sind medizinische Fachkr\u00e4fte, die \u00fcber umfassende Erfahrung auf ihrem Gebiet verf\u00fcgen, aktuelle medizinische Informationen befolgen und sich st\u00e4ndig verbessern. Time Travel arbeitet mit \u00c4rzten zusammen, die f\u00fcr ihre hohe Patientenzufriedenheit bekannt sind, [&hellip;]<\/p>\n","protected":false},"author":1,"featured_media":0,"parent":14819,"menu_order":4,"comment_status":"closed","ping_status":"closed","template":"","meta":{"footnotes":""},"class_list":["post-14846","page","type-page","status-publish","hentry"],"blocksy_meta":[],"_links":{"self":[{"href":"https:\/\/timetravelaesthetic.com\/de\/wp-json\/wp\/v2\/pages\/14846","targetHints":{"allow":["GET"]}}],"collection":[{"href":"https:\/\/timetravelaesthetic.com\/de\/wp-json\/wp\/v2\/pages"}],"about":[{"href":"https:\/\/timetravelaesthetic.com\/de\/wp-json\/wp\/v2\/types\/page"}],"author":[{"embeddable":true,"href":"https:\/\/timetravelaesthetic.com\/de\/wp-json\/wp\/v2\/users\/1"}],"replies":[{"embeddable":true,"href":"https:\/\/timetravelaesthetic.com\/de\/wp-json\/wp\/v2\/comments?post=14846"}],"version-history":[{"count":1,"href":"https:\/\/timetravelaesthetic.com\/de\/wp-json\/wp\/v2\/pages\/14846\/revisions"}],"predecessor-version":[{"id":24314,"href":"https:\/\/timetravelaesthetic.com\/de\/wp-json\/wp\/v2\/pages\/14846\/revisions\/24314"}],"up":[{"embeddable":true,"href":"https:\/\/timetravelaesthetic.com\/de\/wp-json\/wp\/v2\/pages\/14819"}],"wp:attachment":[{"href":"https:\/\/timetravelaesthetic.com\/de\/wp-json\/wp\/v2\/media?parent=14846"}],"curies":[{"name":"wp","href":"https:\/\/api.w.org\/{rel}","templated":true}]}}