{"id":14847,"date":"2023-11-19T14:56:07","date_gmt":"2023-11-19T14:56:07","guid":{"rendered":"https:\/\/time3.vl-staging.com\/doktorlar\/doktorlar-genital\/"},"modified":"2025-07-03T15:08:25","modified_gmt":"2025-07-03T15:08:25","slug":"doktorlar-genital","status":"publish","type":"page","link":"https:\/\/timetravelaesthetic.com\/de\/doktorlar\/doktorlar-genital\/","title":{"rendered":"Doktorlar-genital DE"},"content":{"rendered":"<div class=\"brz-root__container brz-reset-all brz\">\n<section id=\"_rYBIlIWlRxH9\" class=\"brz-section brz-css-w2LLz\">\n<div class=\"brz-section__content brz-section--boxed brz-css-p2NHH brz-css-um_Jn\" data-brz-custom-id=\"z1zyaEJxAZlK\">\n<div class=\"brz-bg\">\n<div class=\"brz-bg-image\"><\/div>\n<\/div>\n<div class=\"brz-container brz-css-vmOKc\">\n<div id=\"\" class=\"brz-css-teaGC brz-css-egU0v brz-wrapper\">\n<div class=\"brz-rich-text brz-rich-text__custom brz-css-dMRaN\" data-brz-custom-id=\"uhZ8z7rMSkh3\">\n<div data-brz-translate-text=\"1\">\n<h1 class=\"brz-mt-lg-0 brz-fsft-lg-0 brz-fwdth-lg-100 brz-vfw-lg-400 brz-lh-lg-1 brz-ls-lg-m_1_5 brz-fw-lg-600 brz-fss-lg-px brz-fs-lg-46 brz-ft-upload brz-ff-ozhkiphnhvhspgnsirfckwjaxjgjldcctydj brz-tp-lg-heading1 brz-fs-xs-36 brz-tp-xs-empty brz-lh-xs-1 brz-ls-xs-m_1_5 brz-fw-xs-600 brz-fss-xs-px brz-text-lg-center brz-css-nuuEr\" data-uniq-id=\"c50Mb\" data-generated-css=\"brz-css-mK2lg\"><span style=\"opacity: 1\">\u00c4RZTE PARTNER\u00c4RZTE<\/span><\/h1>\n<\/div>\n<\/div>\n<\/div>\n<div id=\"\" class=\"brz-css-teaGC brz-css-cxPNN brz-wrapper\">\n<div class=\"brz-rich-text brz-rich-text__custom brz-css-dMRaN\" data-brz-custom-id=\"afLBgV71X8o_\">\n<div data-brz-translate-text=\"1\">\n<h2 class=\"brz-fs-xs-36 brz-tp-xs-empty brz-lh-xs-1_3 brz-ls-xs-m_1 brz-fw-xs-700 brz-fss-xs-px brz-tp-lg-heading2 brz-text-lg-center brz-css-zeMJc\" data-uniq-id=\"yLglD\" data-generated-css=\"brz-css-jjKg3\"><span class=\"brz-cp-color2\">Besonderer Service f\u00fcr Sie mit Gesundheitsexperten.<\/span><\/h2>\n<\/div>\n<\/div>\n<\/div>\n<div id=\"\" class=\"brz-css-teaGC brz-css-uw3UX brz-wrapper\">\n<div class=\"brz-rich-text brz-rich-text__custom brz-css-dMRaN\" data-brz-custom-id=\"ufSfbsS0jmlv\">\n<div data-brz-translate-text=\"1\">\n<p class=\"brz-text-lg-center brz-bcp-color2 brz-tp-lg-subtitle brz-css-gjvMh\" data-uniq-id=\"bSvSY\" data-generated-css=\"brz-css-r3map\"><span class=\"brz-cp-color2\">Unsere Agentur arbeitet mit erfahrenen \u00c4rzten zusammen, um Ihnen hochwertige Gesundheitsdienstleistungen zu bieten. Unsere \u00c4rzte sind medizinische Fachkr\u00e4fte, die \u00fcber umfassende Erfahrung auf ihrem Gebiet verf\u00fcgen, aktuelle medizinische Informationen befolgen und sich st\u00e4ndig verbessern.  Time Travel arbeitet mit \u00c4rzten zusammen, die f\u00fcr ihre hohe Patientenzufriedenheit bekannt sind, um Ihnen dabei zu helfen, Ihr gew\u00fcnschtes Aussehen zu erreichen.<\/span><\/p>\n<\/div>\n<\/div>\n<\/div>\n<div id=\"\" class=\"brz-css-teaGC brz-css-v4AA_ brz-css-jWVtJ brz-wrapper\">\n<div class=\"brz-spacer brz-css-m4Bcs brz-css-xWPRJ\"><\/div>\n<\/div>\n<div class=\"brz-row__container brz-css-iGtqW\" data-brz-custom-id=\"nZ2c8lgoNUp6\">\n<div class=\"brz-bg\"><\/div>\n<div class=\"brz-row brz-css-qX6qG brz-css-iVxZw\">\n<div class=\"brz-columns brz-css-mnWpN brz-css-bnUSZ\" data-brz-custom-id=\"hg3UJAtzilxV\">\n<div class=\"brz-column__items brz-css-iaU4u brz-css-quQX6\">\n<div class=\"brz-row__container brz-css-iGtqW\" data-brz-custom-id=\"a77DqTtua6JR\">\n<div class=\"brz-bg\"><\/div>\n<div class=\"brz-row brz-row--inner brz-css-qX6qG brz-css-iVxZw\">\n<div class=\"brz-columns brz-css-mnWpN brz-css-sOkdT\" data-brz-custom-id=\"ocqhnWTjtoah\">\n<div class=\"brz-bg\">\n<div class=\"brz-bg-color\"><\/div>\n<\/div>\n<div class=\"brz-column__items brz-css-iaU4u brz-css-fJCYL\">\n<div id=\"\" class=\"brz-css-teaGC brz-css-n7zHL brz-wrapper\">\n<div class=\"brz-image brz-css-n0O_D brz-css-iQjKf\" data-brz-custom-id=\"qKlicqMVqfQ8\"><img decoding=\"async\" class=\"brz-img\" src=\"https:\/\/timetravelaesthetic.com\/de?brizy_media=wp-1bcd2a437ab084eb932b6733a6360f5a.png&amp;brizy_crop=original\" alt=\"\" loading=\"lazy\"><\/div>\n<\/div>\n<\/div>\n<\/div>\n<div class=\"brz-columns brz-css-mnWpN brz-css-pezAo\" data-brz-custom-id=\"hwj8SNWzgzpa\">\n<div class=\"brz-bg\">\n<div class=\"brz-bg-color\"><\/div>\n<\/div>\n<div class=\"brz-column__items brz-css-iaU4u brz-css-mZii1\">\n<div id=\"\" class=\"brz-css-teaGC brz-css-iH7Kt brz-wrapper\">\n<div class=\"brz-icon-text brz-css-pWYXd\" data-brz-custom-id=\"tnhfToF4rXIA\">\n<div class=\"brz-icon__container\" data-brz-custom-id=\"jIMlxnndS5eB\">\n<div class=\"brz-hover-animation__container\" data-brz-hover-animationid=\"jIMlxnndS5eB\" data-brz-hover-options=\"%7B%22duration%22:600,%22iterations%22:1%7D\" data-brz-hover-reversible=\"true\" data-brz-hover-target=\"%22firstChild%22\"><span class=\"brz-icon brz-span brz-css-dKdy_ brz-css-gmXFY\"><\/span><\/div>\n<\/div>\n<div class=\"brz-text-btn\">\n<div class=\"brz-rich-text brz-rich-text__custom brz-css-dMRaN\" data-brz-custom-id=\"wSh3IN_JRX81\">\n<div data-brz-translate-text=\"1\">\n<h6 class=\"brz-text-lg-justify brz-mt-lg-0 brz-mb-lg-0 brz-tp-lg-empty brz-ff-ozhkiphnhvhspgnsirfckwjaxjgjldcctydj brz-ft-upload brz-fs-lg-24 brz-fss-lg-px brz-fw-lg-600 brz-ls-lg-0 brz-lh-lg-1_2 brz-css-zC4UU\" data-uniq-id=\"ycNgr\" data-generated-css=\"brz-css-aWWic\"><span class=\"brz-cp-color2\">Mehmet Bekir SEN<\/span><\/h6>\n<p class=\"brz-tp-lg-empty brz-ff-ozhkiphnhvhspgnsirfckwjaxjgjldcctydj brz-ft-upload brz-fs-lg-18 brz-fss-lg-px brz-fw-lg-500 brz-ls-lg-0 brz-lh-lg-1_2 brz-css-topIk\" data-uniq-id=\"yU2nS\" data-generated-css=\"brz-css-qmQB8\"><span style=\"opacity: 1\">Facharzt f\u00fcr Gyn\u00e4kologie und Geburtshilfe<\/span><\/p>\n<p class=\"brz-tp-lg-empty brz-ff-ozhkiphnhvhspgnsirfckwjaxjgjldcctydj brz-ft-upload brz-fs-lg-14 brz-fss-lg-px brz-fw-lg-400 brz-ls-lg-0 brz-lh-lg-1_9 brz-css-tCCZz\" data-uniq-id=\"hTwyC\" data-generated-css=\"brz-css-gB8fa\"><span class=\"brz-cp-color7\">Der Chirurg Mehmet Bekir Sen wurde in Hatay, Antakya, geboren. Er schloss sein Studium an der medizinischen Fakult\u00e4t der Yeditepe-Universit\u00e4t mit Auszeichnung ab. Sein Fachwissen erhielt er vom Trainings- und Forschungskrankenhaus der Gesundheitswissenschaftlichen Universit\u00e4t \u00dcmraniye. Nach seiner Spezialisierung arbeitete er in der Abteilung f\u00fcr Perinatologie am King&#8217;s College of London Fetal Medicine Centre, um sein Wissen und seine Kultur zu verbessern. Er studierte kosmetische Gyn\u00e4kologie in den USA. Au\u00dferdem erhielt er eine Ausbildung in Sexualtherapie, Vaginismus und Genital\u00e4sthetik. Nach Abschluss seiner Ausbildung im Ausland kehrte er in die T\u00fcrkei zur\u00fcck und gr\u00fcndete in Antalya seine eigene Privatklinik. Sein besonderes Interesse gilt den Bereichen kosmetische Gyn\u00e4kologie und Genital\u00e4sthetik, Schwangerschaftsnachsorge und Geburt.<\/span><\/p>\n<\/div>\n<\/div>\n<\/div>\n<\/div>\n<\/div>\n<\/div>\n<\/div>\n<\/div>\n<\/div>\n<\/div>\n<\/div>\n<\/div>\n<\/div>\n<\/div>\n<\/div>\n<\/section>\n<\/div>\n<p>    <!-- version:1732490296 --><\/p>\n","protected":false},"excerpt":{"rendered":"<p>\u00c4RZTE PARTNER\u00c4RZTE Besonderer Service f\u00fcr Sie mit Gesundheitsexperten. Unsere Agentur arbeitet mit erfahrenen \u00c4rzten zusammen, um Ihnen hochwertige Gesundheitsdienstleistungen zu bieten. Unsere \u00c4rzte sind medizinische Fachkr\u00e4fte, die \u00fcber umfassende Erfahrung auf ihrem Gebiet verf\u00fcgen, aktuelle medizinische Informationen befolgen und sich st\u00e4ndig verbessern. Time Travel arbeitet mit \u00c4rzten zusammen, die f\u00fcr ihre hohe Patientenzufriedenheit bekannt sind, [&hellip;]<\/p>\n","protected":false},"author":1,"featured_media":0,"parent":14819,"menu_order":5,"comment_status":"closed","ping_status":"closed","template":"","meta":{"footnotes":""},"class_list":["post-14847","page","type-page","status-publish","hentry"],"blocksy_meta":[],"_links":{"self":[{"href":"https:\/\/timetravelaesthetic.com\/de\/wp-json\/wp\/v2\/pages\/14847","targetHints":{"allow":["GET"]}}],"collection":[{"href":"https:\/\/timetravelaesthetic.com\/de\/wp-json\/wp\/v2\/pages"}],"about":[{"href":"https:\/\/timetravelaesthetic.com\/de\/wp-json\/wp\/v2\/types\/page"}],"author":[{"embeddable":true,"href":"https:\/\/timetravelaesthetic.com\/de\/wp-json\/wp\/v2\/users\/1"}],"replies":[{"embeddable":true,"href":"https:\/\/timetravelaesthetic.com\/de\/wp-json\/wp\/v2\/comments?post=14847"}],"version-history":[{"count":1,"href":"https:\/\/timetravelaesthetic.com\/de\/wp-json\/wp\/v2\/pages\/14847\/revisions"}],"predecessor-version":[{"id":24315,"href":"https:\/\/timetravelaesthetic.com\/de\/wp-json\/wp\/v2\/pages\/14847\/revisions\/24315"}],"up":[{"embeddable":true,"href":"https:\/\/timetravelaesthetic.com\/de\/wp-json\/wp\/v2\/pages\/14819"}],"wp:attachment":[{"href":"https:\/\/timetravelaesthetic.com\/de\/wp-json\/wp\/v2\/media?parent=14847"}],"curies":[{"name":"wp","href":"https:\/\/api.w.org\/{rel}","templated":true}]}}