{"id":14881,"date":"2023-11-19T15:00:07","date_gmt":"2023-11-19T15:00:07","guid":{"rendered":"https:\/\/time3.vl-staging.com\/servisler\/"},"modified":"2025-07-06T17:44:15","modified_gmt":"2025-07-06T17:44:15","slug":"servisler","status":"publish","type":"page","link":"https:\/\/timetravelaesthetic.com\/de\/servisler\/","title":{"rendered":"Servisler DE"},"content":{"rendered":"<div class=\"brz-root__container brz-reset-all brz\">\n<section id=\"_zVu6IoXfCRYL\" class=\"brz-section brz-css-aQxOu brz-css-ps4Km\">\n<div class=\"brz-section__content brz-section--boxed brz-css-cm36x brz-css-m53k7\" data-brz-custom-id=\"f7C4oX2BEF33\">\n<div class=\"brz-container brz-css-jNJKM\">\n<div id=\"\" class=\"brz-css-ksNwF brz-css-n7jYH brz-wrapper\">\n<div class=\"brz-rich-text brz-rich-text__custom brz-css-cD6YU\" data-brz-custom-id=\"e5_Nre2RaaZH\">\n<div data-brz-translate-text=\"1\">\n<h1 class=\"brz-fs-xs-36 brz-tp-xs-empty brz-lh-xs-1 brz-ls-xs-m_1_5 brz-fw-xs-600 brz-fss-xs-px brz-mt-lg-0 brz-lh-lg-1 brz-ls-lg-m_1_5 brz-fw-lg-600 brz-fss-lg-px brz-fs-lg-46 brz-ft-upload brz-ff-ozhkiphnhvhspgnsirfckwjaxjgjldcctydj brz-tp-lg-empty brz-text-lg-center brz-css-xcA0_\" data-generated-css=\"brz-css-jA09C\" data-uniq-id=\"ibqgq\"><span style=\"opacity: 1\">DIENSTLEISTUNGEN<\/span><\/h1>\n<\/div>\n<\/div>\n<\/div>\n<div id=\"\" class=\"brz-css-ksNwF brz-wrapper\">\n<div class=\"brz-rich-text brz-rich-text__custom brz-css-cD6YU\" data-brz-custom-id=\"gzoZmXsR5PFg\">\n<div data-brz-translate-text=\"1\">\n<p class=\"brz-tp-lg-paragraph brz-text-lg-center brz-css-yshtr\" data-uniq-id=\"stjqw\" data-generated-css=\"brz-css-ucjxu\"><\/p>\n<\/div>\n<\/div>\n<\/div>\n<div class=\"brz-row__container brz-css-hz43T\" data-brz-custom-id=\"vSSSVDwngGW3\">\n<div class=\"brz-bg\"><\/div>\n<div class=\"brz-row brz-css-f2jMW brz-css-vDh00\">\n<div class=\"brz-columns brz-css-bvXOx brz-css-s0rjF\" data-brz-custom-id=\"bpwGaplR_eVE\">\n<div class=\"brz-bg\">\n<div class=\"brz-bg-image\"><\/div>\n<div class=\"brz-bg-color\"><\/div>\n<\/div>\n<div class=\"brz-column__items brz-css-u0tr4 brz-css-xSKOA\">\n<div id=\"\" class=\"brz-css-ksNwF brz-css-fXJxc brz-wrapper\">\n<div class=\"brz-image brz-css-eTjKy\" data-brz-custom-id=\"oWjU4OpLp5ip\"><img decoding=\"async\" class=\"brz-img\" src=\"https:\/\/timetravelaesthetic.com\/de?brizy_media=wp-91ff9e5f0101cddbaf89c8ce3e509d10.png&amp;brizy_crop=iW%3D55%26iH%3D55%26oX%3D0%26oY%3D1%26cW%3D55%26cH%3D53\" alt=\"\" loading=\"lazy\"><\/div>\n<\/div>\n<div id=\"\" class=\"brz-css-ksNwF brz-css-vKZoO brz-wrapper\">\n<div class=\"brz-rich-text brz-rich-text__custom brz-css-cD6YU\" data-brz-custom-id=\"gikdsvoV9cMb\">\n<div data-brz-translate-text=\"1\">\n<h2 class=\"brz-mt-lg-0 brz-ff-mpjyynqwgvyhatkoestlnfxjlpjxmhldaxxc brz-text-xs-left brz-text-lg-left brz-ls-lg-0 brz-lh-lg-1_6 brz-tp-lg-empty brz-ft-upload brz-fs-lg-20 brz-fss-lg-px brz-fw-lg-600 brz-css-fbbFv\" data-uniq-id=\"yXESY\" data-generated-css=\"brz-css-yKxzI\">\u00c4sthetik<\/h2>\n<\/div>\n<\/div>\n<\/div>\n<div id=\"\" class=\"brz-css-ksNwF brz-css-dd4Wu brz-wrapper\">\n<div class=\"brz-spacer brz-css-eAfW3 brz-css-eGEcF\"><\/div>\n<\/div>\n<div id=\"\" class=\"brz-css-ksNwF brz-css-uoRvw brz-wrapper\">\n<div class=\"brz-rich-text brz-rich-text__custom brz-css-cD6YU\" data-brz-custom-id=\"y4GQ7sdAkVo5\">\n<div data-brz-translate-text=\"1\">\n<p class=\"brz-fw-lg-400 brz-fss-lg-px brz-fs-lg-16 brz-ft-upload brz-ff-mpjyynqwgvyhatkoestlnfxjlpjxmhldaxxc brz-tp-lg-empty brz-text-xs-left brz-mt-lg-0 brz-text-lg-left brz-ls-lg-0 brz-lh-lg-1_9 brz-css-do_JE\" data-generated-css=\"brz-css-ywHGK\" data-uniq-id=\"oyzmD\"><span>Eine <\/span><strong>Sch\u00f6nheit <\/strong><span>jenseits der Zeit<\/span><\/p>\n<\/div>\n<\/div>\n<\/div>\n<\/div>\n<p><a class=\"brz-a brz-container-link\" href=\"\/de\/servisler\/estetik\/\" target=\"_self\" rel=\"noopener\" data-brz-link-type=\"external\"><\/a><\/div>\n<div class=\"brz-columns brz-css-bvXOx brz-css-tfPiN\" data-brz-custom-id=\"hwkZb8ao10Jf\">\n<div class=\"brz-bg\">\n<div class=\"brz-bg-image\"><\/div>\n<div class=\"brz-bg-color\"><\/div>\n<\/div>\n<div class=\"brz-column__items brz-css-u0tr4 brz-css-cJzAB\">\n<div id=\"\" class=\"brz-css-ksNwF brz-css-kJOfb brz-wrapper\">\n<div class=\"brz-image brz-css-oOXfZ\" data-brz-custom-id=\"fsiHrJt6oYR0\"><img decoding=\"async\" class=\"brz-img\" src=\"https:\/\/timetravelaesthetic.com\/de?brizy_media=wp-41eccbbde1abb0c3974aff64e0edef47.png&amp;brizy_crop=iW%3D55%26iH%3D55%26oX%3D0%26oY%3D1%26cW%3D55%26cH%3D53\" alt=\"\" loading=\"lazy\"><\/div>\n<\/div>\n<div id=\"\" class=\"brz-css-ksNwF brz-css-rG4fV brz-wrapper\">\n<div class=\"brz-rich-text brz-rich-text__custom brz-css-cD6YU\" data-brz-custom-id=\"j1BM9NPVDYcr\">\n<div data-brz-translate-text=\"1\">\n<h2 class=\"brz-fw-lg-600 brz-fss-lg-px brz-fs-lg-20 brz-ft-upload brz-tp-lg-empty brz-lh-lg-1_6 brz-ls-lg-0 brz-text-lg-left brz-text-xs-left brz-ff-mpjyynqwgvyhatkoestlnfxjlpjxmhldaxxc brz-mt-lg-0 brz-css-sRlre\" data-generated-css=\"brz-css-lC8oE\" data-uniq-id=\"imr_j\">Zahn<\/h2>\n<\/div>\n<\/div>\n<\/div>\n<div id=\"\" class=\"brz-css-ksNwF brz-css-dd4Wu brz-wrapper\">\n<div class=\"brz-spacer brz-css-eAfW3 brz-css-ulxTr\"><\/div>\n<\/div>\n<div id=\"\" class=\"brz-css-ksNwF brz-css-ypRBc brz-wrapper\">\n<div class=\"brz-rich-text brz-rich-text__custom brz-css-cD6YU\" data-brz-custom-id=\"bZyYp6fS96iH\">\n<div data-brz-translate-text=\"1\">\n<p class=\"brz-text-lg-left brz-mt-lg-0 brz-text-xs-left brz-tp-lg-empty brz-ff-mpjyynqwgvyhatkoestlnfxjlpjxmhldaxxc brz-ft-upload brz-fs-lg-16 brz-fss-lg-px brz-fw-lg-400 brz-ls-lg-0 brz-lh-lg-1_9 brz-css-qmreV\" data-uniq-id=\"n1PyB\" data-generated-css=\"brz-css-d0vSP\"><span>Ein <\/span><strong><span class=\"text-gradient brz-image-gradient\" data-gradient_type=\"linear-gradient\" data-gradient_radial_position=\"90\" data-gradient_linear_angle=\"90\" data-gradient_start_pointer=\"0\" data-gradient_finish_pointer=\"100\" data-gradient_active_pointer=\"finishPointer\" data-gradient_start_hex=\"#1456a4\" data-gradient_finish_hex=\"#5DC5E8\" data-gradient_start_opacity=\"1\" data-gradient_finish_opacity=\"1\" data-gradient_start_palette=\"\" data-gradient_finish_palette=\"\" style=\"background-image: linear-gradient(90deg, rgb(20, 86, 164) 0%, rgb(93, 197, 232) 100%)\">L\u00e4cheln <\/span><\/strong><span>jenseits der Zeit<\/span><\/p>\n<\/div>\n<\/div>\n<\/div>\n<\/div>\n<p><a class=\"brz-a brz-container-link\" href=\"\/de\/servisler\/dis-tedavisi\/\" target=\"_self\" rel=\"noopener\" data-brz-link-type=\"external\"><\/a><\/div>\n<div class=\"brz-columns brz-css-bvXOx brz-css-n22Ld\" data-brz-custom-id=\"f0rlZEaLd2i9\">\n<div class=\"brz-bg\">\n<div class=\"brz-bg-image\"><\/div>\n<div class=\"brz-bg-color\"><\/div>\n<\/div>\n<div class=\"brz-column__items brz-css-u0tr4 brz-css-jfk1t\">\n<div id=\"\" class=\"brz-css-ksNwF brz-css-rw1QO brz-wrapper\">\n<div class=\"brz-image brz-css-wVQeT\" data-brz-custom-id=\"lTWpJCPzV4sr\"><img decoding=\"async\" class=\"brz-img\" src=\"https:\/\/timetravelaesthetic.com\/de?brizy_media=wp-4f07bb1120ff9e8bd3632511c15e944c.png&amp;brizy_crop=iW%3D56%26iH%3D55%26oX%3D0%26oY%3D0%26cW%3D56%26cH%3D55\" alt=\"\" loading=\"lazy\"><\/div>\n<\/div>\n<div id=\"\" class=\"brz-css-ksNwF brz-css-bLRck brz-wrapper\">\n<div class=\"brz-rich-text brz-rich-text__custom brz-css-cD6YU\" data-brz-custom-id=\"xZ5kaUhmvu6M\">\n<div data-brz-translate-text=\"1\">\n<h2 class=\"brz-mt-lg-0 brz-ff-mpjyynqwgvyhatkoestlnfxjlpjxmhldaxxc brz-text-xs-left brz-text-lg-left brz-ls-lg-0 brz-lh-lg-1_6 brz-tp-lg-empty brz-ft-upload brz-fs-lg-20 brz-fss-lg-px brz-fw-lg-600 brz-css-mUQq4\" data-uniq-id=\"tfWyQ\" data-generated-css=\"brz-css-ivdDN\">Auge<\/h2>\n<\/div>\n<\/div>\n<\/div>\n<div id=\"\" class=\"brz-css-ksNwF brz-css-dd4Wu brz-wrapper\">\n<div class=\"brz-spacer brz-css-eAfW3 brz-css-cfO_W\"><\/div>\n<\/div>\n<div id=\"\" class=\"brz-css-ksNwF brz-css-zXGzw brz-wrapper\">\n<div class=\"brz-rich-text brz-rich-text__custom brz-css-cD6YU\" data-brz-custom-id=\"q7iVtS2UF_BG\">\n<div data-brz-translate-text=\"1\">\n<p class=\"brz-lh-lg-1_9 brz-ls-lg-0 brz-fw-lg-400 brz-fss-lg-px brz-fs-lg-16 brz-ft-upload brz-ff-mpjyynqwgvyhatkoestlnfxjlpjxmhldaxxc brz-tp-lg-empty brz-text-xs-left brz-mt-lg-0 brz-text-lg-left brz-css-p6f91\" data-generated-css=\"brz-css-zs363\" data-uniq-id=\"yrHix\"><span>Ein <\/span><strong style=\"color: darkcyan\">Sehen <\/strong><span>jenseits der Zeit<\/span><\/p>\n<\/div>\n<\/div>\n<\/div>\n<\/div>\n<p><a class=\"brz-a brz-container-link\" href=\"\/de\/servisler\/goz\/\" target=\"_self\" rel=\"noopener\" data-brz-link-type=\"external\"><\/a><\/div>\n<\/div>\n<\/div>\n<div class=\"brz-row__container brz-css-hz43T\" data-brz-custom-id=\"eDMJe7xgT0Ix\">\n<div class=\"brz-bg\"><\/div>\n<div class=\"brz-row brz-css-f2jMW brz-css-vDh00\">\n<div class=\"brz-columns brz-css-bvXOx brz-css-wtsM0\" data-brz-custom-id=\"hGT7zZI7hDqH\">\n<div class=\"brz-bg\">\n<div class=\"brz-bg-image\"><\/div>\n<div class=\"brz-bg-color\"><\/div>\n<\/div>\n<div class=\"brz-column__items brz-css-u0tr4 brz-css-c4pyR\">\n<div id=\"\" class=\"brz-css-ksNwF brz-css-gDFCv brz-wrapper\">\n<div class=\"brz-image brz-css-xXv5J\" data-brz-custom-id=\"rpZb3i5bqUMb\"><img decoding=\"async\" class=\"brz-img\" src=\"https:\/\/timetravelaesthetic.com\/de?brizy_media=wp-d2be1ad5563cf18578d14319862ad940.png&amp;brizy_crop=iW%3D55%26iH%3D55%26oX%3D0%26oY%3D1%26cW%3D55%26cH%3D53\" alt=\"\" loading=\"lazy\"><\/div>\n<\/div>\n<div id=\"\" class=\"brz-css-ksNwF brz-css-z2X2_ brz-wrapper\">\n<div class=\"brz-rich-text brz-rich-text__custom brz-css-cD6YU\" data-brz-custom-id=\"kKNO5Qoj5iZc\">\n<div data-brz-translate-text=\"1\">\n<h2 class=\"brz-fw-lg-600 brz-fss-lg-px brz-fs-lg-20 brz-ft-upload brz-tp-lg-empty brz-lh-lg-1_6 brz-ls-lg-0 brz-text-lg-left brz-text-xs-left brz-ff-mpjyynqwgvyhatkoestlnfxjlpjxmhldaxxc brz-mt-lg-0 brz-css-mX1Co\" data-generated-css=\"brz-css-iMXug\" data-uniq-id=\"m0jL8\">Haar<\/h2>\n<\/div>\n<\/div>\n<\/div>\n<div id=\"\" class=\"brz-css-ksNwF brz-css-dd4Wu brz-wrapper\">\n<div class=\"brz-spacer brz-css-eAfW3 brz-css-uPG0d\"><\/div>\n<\/div>\n<div id=\"\" class=\"brz-css-ksNwF brz-css-n48vW brz-wrapper\">\n<div class=\"brz-rich-text brz-rich-text__custom brz-css-cD6YU\" data-brz-custom-id=\"p_JlK3q9B4fH\">\n<div data-brz-translate-text=\"1\">\n<p class=\"brz-lh-lg-1_9 brz-ls-lg-0 brz-fw-lg-400 brz-fss-lg-px brz-fs-lg-16 brz-ft-upload brz-ff-mpjyynqwgvyhatkoestlnfxjlpjxmhldaxxc brz-tp-lg-empty brz-text-xs-left brz-mt-lg-0 brz-text-lg-left brz-css-qIXRV\" data-generated-css=\"brz-css-uz8YF\" data-uniq-id=\"iXCuY\"><span>Ein <\/span><strong><span class=\"text-gradient brz-image-gradient\" data-gradient_type=\"linear-gradient\" data-gradient_radial_position=\"90\" data-gradient_linear_angle=\"90\" data-gradient_start_pointer=\"0\" data-gradient_finish_pointer=\"100\" data-gradient_active_pointer=\"finishPointer\" data-gradient_start_hex=\"#450006\" data-gradient_finish_hex=\"#E03E5A\" data-gradient_start_opacity=\"1\" data-gradient_finish_opacity=\"1\" data-gradient_start_palette=\"\" data-gradient_finish_palette=\"\" style=\"background-image: linear-gradient(90deg, rgb(69, 0, 6) 0%, rgb(224, 62, 90) 100%)\">Look <\/span><\/strong><span>jenseits der Zeit<\/span><\/p>\n<\/div>\n<\/div>\n<\/div>\n<\/div>\n<p><a class=\"brz-a brz-container-link\" href=\"\/de\/servisler\/sac\/\" target=\"_self\" rel=\"noopener\" data-brz-link-type=\"external\"><\/a><\/div>\n<div class=\"brz-columns brz-css-bvXOx brz-css-roOqB\" data-brz-custom-id=\"l0UaowTRdHGh\">\n<div class=\"brz-bg\">\n<div class=\"brz-bg-image\"><\/div>\n<div class=\"brz-bg-color\"><\/div>\n<\/div>\n<div class=\"brz-column__items brz-css-u0tr4 brz-css-aEHzJ\">\n<div id=\"\" class=\"brz-css-ksNwF brz-css-sdMRX brz-wrapper\">\n<div class=\"brz-image brz-css-cZTpA\" data-brz-custom-id=\"jrKmb5ulYgZY\"><img decoding=\"async\" class=\"brz-img\" src=\"https:\/\/timetravelaesthetic.com\/de?brizy_media=wp-61abaed2b3c2aafd3bcc8c2753f3866c.png&amp;brizy_crop=iW%3D52%26iH%3D52%26oX%3D0%26oY%3D1%26cW%3D52%26cH%3D50\" alt=\"\" loading=\"lazy\"><\/div>\n<\/div>\n<div id=\"\" class=\"brz-css-ksNwF brz-css-oYtCj brz-wrapper\">\n<div class=\"brz-rich-text brz-rich-text__custom brz-css-cD6YU\" data-brz-custom-id=\"uZX5Fzwvnk1J\">\n<div data-brz-translate-text=\"1\">\n<h2 class=\"brz-mt-lg-0 brz-ff-mpjyynqwgvyhatkoestlnfxjlpjxmhldaxxc brz-text-xs-left brz-text-lg-left brz-ls-lg-0 brz-lh-lg-1_6 brz-tp-lg-empty brz-ft-upload brz-fs-lg-20 brz-fss-lg-px brz-fw-lg-600 brz-css-rfbbX\" data-uniq-id=\"bp50n\" data-generated-css=\"brz-css-vIHI4\">Adipositas<\/h2>\n<\/div>\n<\/div>\n<\/div>\n<div id=\"\" class=\"brz-css-ksNwF brz-css-dd4Wu brz-wrapper\">\n<div class=\"brz-spacer brz-css-eAfW3 brz-css-t3qf8\"><\/div>\n<\/div>\n<div id=\"\" class=\"brz-css-ksNwF brz-css-hfsix brz-wrapper\">\n<div class=\"brz-rich-text brz-rich-text__custom brz-css-cD6YU\" data-brz-custom-id=\"b7iliFQiojr7\">\n<div data-brz-translate-text=\"1\">\n<p class=\"brz-lh-lg-1_9 brz-ls-lg-0 brz-fw-lg-400 brz-fss-lg-px brz-fs-lg-16 brz-ft-upload brz-ff-mpjyynqwgvyhatkoestlnfxjlpjxmhldaxxc brz-tp-lg-empty brz-text-xs-left brz-mt-lg-0 brz-text-lg-left brz-css-xmydH\" data-generated-css=\"brz-css-hQoAA\" data-uniq-id=\"edtr4\"><span>Eine <\/span><strong><span class=\"text-gradient brz-image-gradient\" data-gradient_type=\"linear-gradient\" data-gradient_radial_position=\"90\" data-gradient_linear_angle=\"90\" data-gradient_start_pointer=\"0\" data-gradient_finish_pointer=\"100\" data-gradient_active_pointer=\"finishPointer\" data-gradient_start_hex=\"#ef7c00\" data-gradient_finish_hex=\"#F1C7B9\" data-gradient_start_opacity=\"1\" data-gradient_finish_opacity=\"1\" data-gradient_start_palette=\"\" data-gradient_finish_palette=\"\" style=\"background-image: linear-gradient(90deg, rgb(239, 124, 0) 0%, rgb(241, 199, 185) 100%)\">Gesundheit <\/span><\/strong><span>jenseits der Zeit<\/span><\/p>\n<\/div>\n<\/div>\n<\/div>\n<\/div>\n<p><a class=\"brz-a brz-container-link\" href=\"\/de\/servisler\/obezite\/\" target=\"_self\" rel=\"noopener\" data-brz-link-type=\"external\"><\/a><\/div>\n<div class=\"brz-columns brz-css-bvXOx brz-css-mZInD\" data-brz-custom-id=\"kSQ2hnvZnfOh\">\n<div class=\"brz-bg\">\n<div class=\"brz-bg-image\"><\/div>\n<div class=\"brz-bg-color\"><\/div>\n<\/div>\n<div class=\"brz-column__items brz-css-u0tr4 brz-css-tgTHp\">\n<div id=\"\" class=\"brz-css-ksNwF brz-css-oB3TV brz-wrapper\">\n<div class=\"brz-image brz-css-fh4IK\" data-brz-custom-id=\"uwthEyrNuMOz\"><img decoding=\"async\" class=\"brz-img\" src=\"https:\/\/timetravelaesthetic.com\/de?brizy_media=wp-6cd10bbfa486e49d66d78efe46a32025.png&amp;brizy_crop=iW%3D56%26iH%3D56%26oX%3D0%26oY%3D1%26cW%3D56%26cH%3D53\" alt=\"\" loading=\"lazy\"><\/div>\n<\/div>\n<div id=\"\" class=\"brz-css-ksNwF brz-css-sY91U brz-wrapper\">\n<div class=\"brz-rich-text brz-rich-text__custom brz-css-cD6YU\" data-brz-custom-id=\"qXPv2aRhXINr\">\n<div data-brz-translate-text=\"1\">\n<h2 class=\"brz-mt-lg-0 brz-ff-mpjyynqwgvyhatkoestlnfxjlpjxmhldaxxc brz-text-xs-left brz-text-lg-left brz-ls-lg-0 brz-lh-lg-1_6 brz-tp-lg-empty brz-ft-upload brz-fs-lg-20 brz-fss-lg-px brz-fw-lg-600 brz-css-t5N_p\" data-uniq-id=\"eekug\" data-generated-css=\"brz-css-yassb\">Genital<\/h2>\n<\/div>\n<\/div>\n<\/div>\n<div id=\"\" class=\"brz-css-ksNwF brz-css-dd4Wu brz-wrapper\">\n<div class=\"brz-spacer brz-css-eAfW3 brz-css-h2hMj\"><\/div>\n<\/div>\n<div id=\"\" class=\"brz-css-ksNwF brz-css-cLs4i brz-wrapper\">\n<div class=\"brz-rich-text brz-rich-text__custom brz-css-cD6YU\" data-brz-custom-id=\"vuIT5b5fX1SN\">\n<div data-brz-translate-text=\"1\">\n<p class=\"brz-text-lg-justify brz-lh-lg-1_9 brz-ls-lg-0 brz-mt-lg-0 brz-text-xs-left brz-tp-lg-empty brz-ff-mpjyynqwgvyhatkoestlnfxjlpjxmhldaxxc brz-ft-upload brz-fs-lg-16 brz-fss-lg-px brz-fw-lg-400 ql-align-justify brz-css-mqJW_\" data-uniq-id=\"ehDd7\" data-generated-css=\"brz-css-y1QOs\"><span>Ein<\/span><span> <\/span><strong><span class=\"text-gradient brz-image-gradient\" data-gradient_type=\"linear-gradient\" data-gradient_radial_position=\"90\" data-gradient_linear_angle=\"90\" data-gradient_start_pointer=\"0\" data-gradient_finish_pointer=\"100\" data-gradient_active_pointer=\"finishPointer\" data-gradient_start_hex=\"#e06da1\" data-gradient_finish_hex=\"#F4C1C1\" data-gradient_start_opacity=\"1\" data-gradient_finish_opacity=\"1\" data-gradient_start_palette=\"\" data-gradient_finish_palette=\"\" style=\"background-image: linear-gradient(90deg, rgb(224, 109, 161) 0%, rgb(244, 193, 193) 100%)\">Komfort<\/span><\/strong><span><span class=\"text-gradient brz-image-gradient\" data-gradient_type=\"linear-gradient\" data-gradient_radial_position=\"90\" data-gradient_linear_angle=\"90\" data-gradient_start_pointer=\"0\" data-gradient_finish_pointer=\"100\" data-gradient_active_pointer=\"finishPointer\" data-gradient_start_hex=\"#e06da1\" data-gradient_finish_hex=\"#F4C1C1\" data-gradient_start_opacity=\"1\" data-gradient_finish_opacity=\"1\" data-gradient_start_palette=\"\" data-gradient_finish_palette=\"\" style=\"background-image: linear-gradient(90deg, rgb(224, 109, 161) 0%, rgb(244, 193, 193) 100%)\"> <\/span><\/span><span>jenseits der Zeit<\/span><\/p>\n<\/div>\n<\/div>\n<\/div>\n<\/div>\n<p><a class=\"brz-a brz-container-link\" href=\"\/de\/servisler\/genital-estetik\/\" target=\"_self\" rel=\"noopener\" data-brz-link-type=\"external\"><\/a><\/div>\n<\/div>\n<\/div>\n<\/div>\n<\/div>\n<\/section>\n<\/div>\n<p>    <!-- version:1732049880 --><\/p>\n","protected":false},"excerpt":{"rendered":"<p>DIENSTLEISTUNGEN \u00c4sthetik Eine Sch\u00f6nheit jenseits der Zeit Zahn Ein L\u00e4cheln jenseits der Zeit Auge Ein Sehen jenseits der Zeit Haar Ein Look jenseits der Zeit Adipositas Eine Gesundheit jenseits der Zeit Genital Ein Komfort jenseits der Zeit<\/p>\n","protected":false},"author":1,"featured_media":0,"parent":0,"menu_order":8,"comment_status":"closed","ping_status":"closed","template":"","meta":{"footnotes":""},"class_list":["post-14881","page","type-page","status-publish","hentry"],"blocksy_meta":[],"_links":{"self":[{"href":"https:\/\/timetravelaesthetic.com\/de\/wp-json\/wp\/v2\/pages\/14881","targetHints":{"allow":["GET"]}}],"collection":[{"href":"https:\/\/timetravelaesthetic.com\/de\/wp-json\/wp\/v2\/pages"}],"about":[{"href":"https:\/\/timetravelaesthetic.com\/de\/wp-json\/wp\/v2\/types\/page"}],"author":[{"embeddable":true,"href":"https:\/\/timetravelaesthetic.com\/de\/wp-json\/wp\/v2\/users\/1"}],"replies":[{"embeddable":true,"href":"https:\/\/timetravelaesthetic.com\/de\/wp-json\/wp\/v2\/comments?post=14881"}],"version-history":[{"count":0,"href":"https:\/\/timetravelaesthetic.com\/de\/wp-json\/wp\/v2\/pages\/14881\/revisions"}],"wp:attachment":[{"href":"https:\/\/timetravelaesthetic.com\/de\/wp-json\/wp\/v2\/media?parent=14881"}],"curies":[{"name":"wp","href":"https:\/\/api.w.org\/{rel}","templated":true}]}}