{"id":15266,"date":"2023-11-19T15:34:58","date_gmt":"2023-11-19T15:34:58","guid":{"rendered":"https:\/\/time3.vl-staging.com\/servisler\/estetik\/goegues-estetigi\/"},"modified":"2025-07-04T13:26:37","modified_gmt":"2025-07-04T13:26:37","slug":"gogus-estetigi","status":"publish","type":"page","link":"https:\/\/timetravelaesthetic.com\/de\/servisler\/estetik\/gogus-estetigi\/","title":{"rendered":"G\u00f6\u011f\u00fcs Esteti\u011fi DE"},"content":{"rendered":"<div class=\"brz-root__container brz-reset-all brz\">\n<section id=\"_fidtqyzvpxqsslmkvahoifsqedgenxhujabx\" class=\"brz-section brz-css-btu9q\">\n<div class=\"brz-section__content brz-section--boxed brz-css-e1RNw brz-css-u7m_Z\" data-brz-custom-id=\"tktpusjiwfvvcsfwmrcfxrvurjgyeejdbiax\">\n<div class=\"brz-bg\">\n<div class=\"brz-bg-image\"><\/div>\n<div class=\"brz-bg-color\"><\/div>\n<\/div>\n<div class=\"brz-container brz-css-i0Yf0\">\n<div class=\"brz-row__container brz-css-gGrJU\" data-brz-custom-id=\"hmtyxgoszsbtogxddyenxphtqcnqtlcotxma\">\n<div class=\"brz-bg\"><\/div>\n<div class=\"brz-row brz-css-u9mfZ brz-css-vJB4A\">\n<div class=\"brz-columns brz-css-uEev3 brz-css-a8UPe\" data-brz-custom-id=\"enrqknxsiouqownwkkzqwydoxxrgfazplqyj\">\n<div class=\"brz-bg\"><\/div>\n<div class=\"brz-column__items brz-css-k5v6L brz-css-xRsJb\">\n<div id=\"\" class=\"brz-css-h6g4S brz-css-aGS5i brz-wrapper\">\n<div class=\"brz-rich-text brz-rich-text__custom brz-css-jdNZQ\" data-brz-custom-id=\"objbzwisehomcgcgwbuwkgsdzqxmwemuyhsp\">\n<div data-brz-translate-text=\"1\">\n<p class=\"brz-fw-lg-400 brz-fss-lg-px brz-fs-lg-14 brz-ft-upload brz-ff-wezyasbxuqgubgesyrpopjmxdwuuvjhpghzy brz-tp-lg-empty brz-lh-lg-1_5 brz-ls-lg-1_1 brz-text-lg-left brz-css-zqQa0\" data-uniq-id=\"hCGkk\" data-generated-css=\"brz-css-aSMCn\"><span>\u00e4sthetischen<\/span><\/p>\n<\/div>\n<\/div>\n<\/div>\n<div id=\"\" class=\"brz-css-h6g4S brz-css-oemuy brz-wrapper\">\n<div class=\"brz-rich-text brz-rich-text__custom brz-css-jdNZQ\" data-brz-custom-id=\"ufqvvtrznchtmpqyosvfuhyjqhstfiwipvqj\">\n<div data-brz-translate-text=\"1\">\n<p class=\"brz-fs-lg-54 brz-ft-upload brz-ff-ozhkiphnhvhspgnsirfckwjaxjgjldcctydj brz-tp-lg-empty brz-lh-lg-1_3 brz-ls-lg-m_1_5 brz-fw-lg-600 brz-fss-lg-px brz-text-lg-left brz-css-crf_T\" data-uniq-id=\"xEK9p\" data-generated-css=\"brz-css-m_DBc\"><span class=\"brz-cp-color2\">BRUST\u00c4STHETIK<\/span><\/p>\n<\/div>\n<\/div>\n<\/div>\n<\/div>\n<\/div>\n<div class=\"brz-columns brz-css-uEev3 brz-css-i1GrV\" data-brz-custom-id=\"yufgcgarkyossnwwmqyirwensctdtdbwaasu\">\n<div class=\"brz-bg\"><\/div>\n<div class=\"brz-column__items brz-css-k5v6L brz-css-iAYrj\">\n<div id=\"\" class=\"brz-css-h6g4S brz-css-xKbAa brz-wrapper\">\n<div class=\"brz-rich-text brz-rich-text__custom brz-css-jdNZQ\" data-brz-custom-id=\"opcmomtupmiskpvirumyvpkavjrieraazdiv\">\n<div data-brz-translate-text=\"1\">\n<p class=\"brz-text-lg-left brz-ls-lg-0 brz-lh-lg-1_8 brz-tp-lg-empty brz-ff-wezyasbxuqgubgesyrpopjmxdwuuvjhpghzy brz-ft-upload brz-fs-lg-18 brz-fss-lg-px brz-fw-lg-300 brz-css-oursx\" data-generated-css=\"brz-css-ta6Gl\" data-uniq-id=\"uyFUl\"><span>Mit unserem kompetenten \u00c4rzteteam und einer modernen Klinik bieten wir Ihnen spezielle L\u00f6sungen im Bereich der Brust\u00e4sthetik. W\u00e4hrend Sie die Ver\u00e4nderung genie\u00dfen, planen wir alle weiteren Prozesse f\u00fcr Sie.<\/span><\/p>\n<\/div>\n<\/div>\n<\/div>\n<\/div>\n<\/div>\n<\/div>\n<\/div>\n<div id=\"\" class=\"brz-css-h6g4S brz-css-xdrWf brz-wrapper\">\n<div class=\"brz-spacer brz-css-kUbSA brz-css-cAu4b\"><\/div>\n<\/div>\n<div class=\"brz-row__container brz-css-gGrJU\" data-brz-custom-id=\"rvszxyatxwivvfcrxltokjunzcffutoigijz\">\n<div class=\"brz-bg\"><\/div>\n<div class=\"brz-row brz-css-u9mfZ brz-css-vJB4A\">\n<div class=\"brz-columns brz-css-uEev3 brz-css-yddev\" data-brz-custom-id=\"mtxvszgksxhicqasiagvwetryczasfahrsej\">\n<div class=\"brz-bg\">\n<div class=\"brz-bg-image\"><\/div>\n<div class=\"brz-bg-color\"><\/div>\n<\/div>\n<div class=\"brz-column__items brz-css-k5v6L brz-css-d8IpW\">\n<div id=\"\" class=\"brz-css-h6g4S brz-css-xdrWf brz-wrapper\">\n<div class=\"brz-spacer brz-css-kUbSA brz-css-iRUGq\"><\/div>\n<\/div>\n<div id=\"\" class=\"brz-css-h6g4S brz-wrapper\">\n<div class=\"brz-rich-text brz-rich-text__custom brz-css-jdNZQ\" data-brz-custom-id=\"vcfoxmtfeeywzcacnzkmzalywewnbnxukuva\">\n<div data-brz-translate-text=\"1\">\n<h2 class=\"brz-ls-lg-0 brz-fw-lg-700 brz-fss-lg-px brz-fs-lg-24 brz-ft-upload brz-ff-ozhkiphnhvhspgnsirfckwjaxjgjldcctydj brz-tp-lg-empty brz-lh-lg-1_3 brz-text-lg-center brz-css-wVkst\" data-uniq-id=\"qjX1d\" data-generated-css=\"brz-css-rRcq7\"><strong class=\"brz-cp-color8\">Brustverkleinerung bei M\u00e4nnern<\/strong><\/h2>\n<\/div>\n<\/div>\n<\/div>\n<\/div>\n<p><a class=\"brz-a brz-container-link\" href=\"\/de\/servisler\/estetik\/gogus-estetigi\/erkek-meme-kucultme\/\" target=\"_self\" rel=\"noopener\" data-brz-link-type=\"external\"><\/a><\/div>\n<div class=\"brz-columns brz-css-uEev3 brz-css-k9g48\" data-brz-custom-id=\"tovkgpzzlriczrrxabuvethidqsdmgilciwp\">\n<div class=\"brz-bg\">\n<div class=\"brz-bg-image\"><\/div>\n<div class=\"brz-bg-color\"><\/div>\n<\/div>\n<div class=\"brz-column__items brz-css-k5v6L brz-css-fAmt2\">\n<div id=\"\" class=\"brz-css-h6g4S brz-css-xdrWf brz-wrapper\">\n<div class=\"brz-spacer brz-css-kUbSA brz-css-tB3Aw\"><\/div>\n<\/div>\n<div id=\"\" class=\"brz-css-h6g4S brz-wrapper\">\n<div class=\"brz-rich-text brz-rich-text__custom brz-css-jdNZQ\" data-brz-custom-id=\"puxoagalvgxhfcakppetelqipuqmzxhtsime\">\n<div data-brz-translate-text=\"1\">\n<h2 class=\"brz-text-lg-center brz-lh-lg-1_3 brz-tp-lg-empty brz-ff-ozhkiphnhvhspgnsirfckwjaxjgjldcctydj brz-ft-upload brz-fs-lg-24 brz-fss-lg-px brz-fw-lg-700 brz-ls-lg-0 brz-css-pjupM\" data-generated-css=\"brz-css-sA1WZ\" data-uniq-id=\"cH0XU\"><strong class=\"brz-cp-color8\">Revision des Brustimplantats<\/strong><\/h2>\n<\/div>\n<\/div>\n<\/div>\n<\/div>\n<p><a class=\"brz-a brz-container-link\" href=\"\/de\/servisler\/estetik\/gogus-estetigi\/meme-implant-revizyonu\/\" target=\"_self\" rel=\"noopener\" data-brz-link-type=\"external\"><\/a><\/div>\n<div class=\"brz-columns brz-css-uEev3 brz-css-ugNh3\" data-brz-custom-id=\"mihqnvwsvzauawudhuntdgxalspujlifjzde\">\n<div class=\"brz-bg\">\n<div class=\"brz-bg-image\"><\/div>\n<div class=\"brz-bg-color\"><\/div>\n<\/div>\n<div class=\"brz-column__items brz-css-k5v6L brz-css-crnP7\">\n<div id=\"\" class=\"brz-css-h6g4S brz-css-xdrWf brz-wrapper\">\n<div class=\"brz-spacer brz-css-kUbSA brz-css-mA5IM\"><\/div>\n<\/div>\n<div id=\"\" class=\"brz-css-h6g4S brz-wrapper\">\n<div class=\"brz-rich-text brz-rich-text__custom brz-css-jdNZQ\" data-brz-custom-id=\"znjjageepoevfijrfyengxryffargvignydl\">\n<div data-brz-translate-text=\"1\">\n<h2 class=\"brz-ls-lg-0 brz-fw-lg-700 brz-fss-lg-px brz-fs-lg-24 brz-ft-upload brz-ff-ozhkiphnhvhspgnsirfckwjaxjgjldcctydj brz-tp-lg-empty brz-lh-lg-1_3 brz-text-lg-center brz-css-pPi7t\" data-generated-css=\"brz-css-kSG7D\" data-uniq-id=\"e5S4G\"><span class=\"brz-cp-color8\">Brustvergr\u00f6\u00dferung<\/span><\/h2>\n<\/div>\n<\/div>\n<\/div>\n<\/div>\n<p><a class=\"brz-a brz-container-link\" href=\"\/de\/servisler\/estetik\/gogus-estetigi\/meme-buyutme\/\" target=\"_self\" rel=\"noopener\" data-brz-link-type=\"external\"><\/a><\/div>\n<div class=\"brz-columns brz-css-uEev3 brz-css-dXi4K\" data-brz-custom-id=\"yuggwlvlsdmiazdywbtvtyesjbkigfafjwxz\">\n<div class=\"brz-bg\">\n<div class=\"brz-bg-image\"><\/div>\n<div class=\"brz-bg-color\"><\/div>\n<\/div>\n<div class=\"brz-column__items brz-css-k5v6L brz-css-v_car\">\n<div id=\"\" class=\"brz-css-h6g4S brz-css-xdrWf brz-wrapper\">\n<div class=\"brz-spacer brz-css-kUbSA brz-css-o8Lrl\"><\/div>\n<\/div>\n<div id=\"\" class=\"brz-css-h6g4S brz-wrapper\">\n<div class=\"brz-rich-text brz-rich-text__custom brz-css-jdNZQ\" data-brz-custom-id=\"ndpdrprbtsapjvrzrhngjpquxjdvebusrrhv\">\n<div data-brz-translate-text=\"1\">\n<h2 class=\"brz-ls-lg-0 brz-fw-lg-700 brz-fss-lg-px brz-fs-lg-24 brz-ft-upload brz-ff-ozhkiphnhvhspgnsirfckwjaxjgjldcctydj brz-tp-lg-empty brz-lh-lg-1_3 brz-text-lg-center brz-css-sd9I5\" data-uniq-id=\"frx4Z\" data-generated-css=\"brz-css-pcEMI\"><span class=\"brz-cp-color8\">Bruststraffung<\/span><\/h2>\n<\/div>\n<\/div>\n<\/div>\n<\/div>\n<p><a class=\"brz-a brz-container-link\" href=\"\/de\/servisler\/estetik\/gogus-estetigi\/meme-diklestirme\/\" target=\"_self\" rel=\"noopener\" data-brz-link-type=\"external\"><\/a><\/div>\n<div class=\"brz-columns brz-css-uEev3 brz-css-dJjTl\" data-brz-custom-id=\"awcmdbrulksegocprtbcvscorvrorfkryimi\">\n<div class=\"brz-bg\">\n<div class=\"brz-bg-image\"><\/div>\n<div class=\"brz-bg-color\"><\/div>\n<\/div>\n<div class=\"brz-column__items brz-css-k5v6L brz-css-oNCS3\">\n<div id=\"\" class=\"brz-css-h6g4S brz-css-xdrWf brz-wrapper\">\n<div class=\"brz-spacer brz-css-kUbSA brz-css-axhLE\"><\/div>\n<\/div>\n<div id=\"\" class=\"brz-css-h6g4S brz-css-zVYv9 brz-wrapper\">\n<div class=\"brz-rich-text brz-rich-text__custom brz-css-jdNZQ\" data-brz-custom-id=\"iscvsrgfwvmzzfqsdaiolovmjscqwbllynnf\">\n<div data-brz-translate-text=\"1\">\n<h2 class=\"brz-ls-lg-0 brz-fw-lg-700 brz-fss-lg-px brz-fs-lg-24 brz-ft-upload brz-ff-ozhkiphnhvhspgnsirfckwjaxjgjldcctydj brz-tp-lg-empty brz-lh-lg-1_3 brz-text-lg-center brz-css-aCrqa\" data-uniq-id=\"f90j0\" data-generated-css=\"brz-css-scbV0\"><span class=\"brz-cp-color8\">Brustverkleinerung<\/span><\/h2>\n<\/div>\n<\/div>\n<\/div>\n<\/div>\n<p><a class=\"brz-a brz-container-link\" href=\"\/de\/servisler\/estetik\/gogus-estetigi\/meme-kucultme\/\" target=\"_self\" rel=\"noopener\" data-brz-link-type=\"external\"><\/a><\/div>\n<\/div>\n<\/div>\n<\/div>\n<\/div>\n<\/section>\n<\/div>\n<p>    <!-- version:1735796421 --><\/p>\n","protected":false},"excerpt":{"rendered":"<p>\u00e4sthetischen BRUST\u00c4STHETIK Mit unserem kompetenten \u00c4rzteteam und einer modernen Klinik bieten wir Ihnen spezielle L\u00f6sungen im Bereich der Brust\u00e4sthetik. W\u00e4hrend Sie die Ver\u00e4nderung genie\u00dfen, planen wir alle weiteren Prozesse f\u00fcr Sie. Brustverkleinerung bei M\u00e4nnern Revision des Brustimplantats Brustvergr\u00f6\u00dferung Bruststraffung Brustverkleinerung<\/p>\n","protected":false},"author":1,"featured_media":0,"parent":14894,"menu_order":1,"comment_status":"closed","ping_status":"closed","template":"","meta":{"footnotes":""},"class_list":["post-15266","page","type-page","status-publish","hentry"],"blocksy_meta":[],"_links":{"self":[{"href":"https:\/\/timetravelaesthetic.com\/de\/wp-json\/wp\/v2\/pages\/15266","targetHints":{"allow":["GET"]}}],"collection":[{"href":"https:\/\/timetravelaesthetic.com\/de\/wp-json\/wp\/v2\/pages"}],"about":[{"href":"https:\/\/timetravelaesthetic.com\/de\/wp-json\/wp\/v2\/types\/page"}],"author":[{"embeddable":true,"href":"https:\/\/timetravelaesthetic.com\/de\/wp-json\/wp\/v2\/users\/1"}],"replies":[{"embeddable":true,"href":"https:\/\/timetravelaesthetic.com\/de\/wp-json\/wp\/v2\/comments?post=15266"}],"version-history":[{"count":0,"href":"https:\/\/timetravelaesthetic.com\/de\/wp-json\/wp\/v2\/pages\/15266\/revisions"}],"up":[{"embeddable":true,"href":"https:\/\/timetravelaesthetic.com\/de\/wp-json\/wp\/v2\/pages\/14894"}],"wp:attachment":[{"href":"https:\/\/timetravelaesthetic.com\/de\/wp-json\/wp\/v2\/media?parent=15266"}],"curies":[{"name":"wp","href":"https:\/\/api.w.org\/{rel}","templated":true}]}}