{"id":15367,"date":"2023-11-19T15:47:02","date_gmt":"2023-11-19T15:47:02","guid":{"rendered":"https:\/\/time3.vl-staging.com\/servisler\/estetik\/vuecut-estetigi\/"},"modified":"2025-07-03T12:50:24","modified_gmt":"2025-07-03T12:50:24","slug":"vucut-estetigi","status":"publish","type":"page","link":"https:\/\/timetravelaesthetic.com\/de\/servisler\/estetik\/vucut-estetigi\/","title":{"rendered":"V\u00fccut Esteti\u011fi DE"},"content":{"rendered":"<div class=\"brz-root__container brz-reset-all brz\">\n<section id=\"_jxiliymmgdehlcylyhxtumxjlmprkdjmyrmi\" class=\"brz-section brz-css-o8mx4\">\n<div class=\"brz-section__content brz-section--boxed brz-css-m0_na brz-css-bkYpl\" data-brz-custom-id=\"wldvxckbtbnxaufkplqnniqnmjujzentgjad\">\n<div class=\"brz-bg\">\n<div class=\"brz-bg-image\"><\/div>\n<div class=\"brz-bg-color\"><\/div>\n<\/div>\n<div class=\"brz-container brz-css-w1617\">\n<div id=\"\" class=\"brz-css-nvwei brz-wrapper\">\n<div class=\"brz-rich-text brz-rich-text__custom brz-css-rVXb3\" data-brz-custom-id=\"tavjyksvgjqwbidydbzjhdhmklhuktxlumrt\">\n<div data-brz-translate-text=\"1\">\n<h1 class=\"brz-tp-lg-heading1 brz-text-lg-center brz-css-gWRea\" data-uniq-id=\"acEGg\" data-generated-css=\"brz-css-oJJV1\"><span class=\"brz-cp-color2\">K\u00d6RPER\u00c4STHETIK<\/span><\/h1>\n<\/div>\n<\/div>\n<\/div>\n<div id=\"\" class=\"brz-css-nvwei brz-css-v57oE brz-wrapper\">\n<div class=\"brz-rich-text brz-rich-text__custom brz-css-rVXb3\" data-brz-custom-id=\"gstwwadgwvxqpdvqwyudewxvqttehhhmkpqt\">\n<div data-brz-translate-text=\"1\">\n<p class=\"brz-tp-lg-subtitle brz-text-lg-center brz-css-x5HqG\" data-uniq-id=\"ohMuD\" data-generated-css=\"brz-css-ebtet\"><span class=\"brz-cp-color7\" style=\"background-color: transparent\">Mit unserem kompetenten \u00c4rzteteam und einer modernen Klinik bieten wir Ihnen spezielle L\u00f6sungen im Bereich der K\u00f6rper\u00e4sthetik. W\u00e4hrend Sie die Ver\u00e4nderung genie\u00dfen, planen wir alle weiteren Prozesse f\u00fcr Sie.<\/span><\/p>\n<\/div>\n<\/div>\n<\/div>\n<div id=\"\" class=\"brz-css-nvwei brz-css-eTxa7 brz-css-z9jBR brz-wrapper\">\n<div class=\"brz-spacer brz-css-deLIB brz-css-x4LuL\"><\/div>\n<\/div>\n<div class=\"brz-row__container brz-css-irNGc\" data-brz-custom-id=\"oomisoprhjlcndugkdrpxouhgphlklzuikbb\">\n<div class=\"brz-bg\"><\/div>\n<div class=\"brz-row brz-css-tP20_ brz-css-ag1Zq\">\n<div class=\"brz-columns brz-css-klDdQ brz-css-a3E4J\" data-brz-custom-id=\"erymabuoogklatbiclojkedyophgmtunxjuj\">\n<div class=\"brz-bg\">\n<div class=\"brz-bg-image\"><\/div>\n<div class=\"brz-bg-color\"><\/div>\n<\/div>\n<div class=\"brz-column__items brz-css-wBZkz brz-css-sW53W\">\n<div id=\"\" class=\"brz-css-nvwei brz-css-eTxa7 brz-wrapper\">\n<div class=\"brz-spacer brz-css-deLIB brz-css-d1pqx\"><\/div>\n<\/div>\n<div id=\"\" class=\"brz-css-nvwei brz-wrapper\">\n<div class=\"brz-rich-text brz-rich-text__custom brz-css-rVXb3\" data-brz-custom-id=\"bcgadcxpeefvunqhjlbrjgjdnfwtfttjbnzt\">\n<div data-brz-translate-text=\"1\">\n<h2 class=\"brz-text-lg-center brz-fss-lg-px brz-fw-lg-700 brz-ls-lg-m_1_5 brz-lh-lg-1_3 brz-tp-lg-empty brz-ff-overpass brz-ft-google brz-fs-lg-31 brz-css-ygH_6\" data-generated-css=\"brz-css-iGloP\" data-uniq-id=\"xSzq9\"><span class=\"brz-cp-color8\">Bauchdeckenstraffung<\/span><\/h2>\n<\/div>\n<\/div>\n<\/div>\n<\/div>\n<p><a class=\"brz-a brz-container-link\" href=\"\/de\/servisler\/estetik\/vucut-estetigi\/vucut-germe\/\" target=\"_self\" rel=\"noopener\" data-brz-link-type=\"external\"><\/a><\/div>\n<div class=\"brz-columns brz-css-klDdQ brz-css-exTse\" data-brz-custom-id=\"wqwrdvydcwkeneytogxxjsmfgesomtqdaeps\">\n<div class=\"brz-bg\">\n<div class=\"brz-bg-image\"><\/div>\n<div class=\"brz-bg-color\"><\/div>\n<\/div>\n<div class=\"brz-column__items brz-css-wBZkz brz-css-ezatx\">\n<div id=\"\" class=\"brz-css-nvwei brz-css-eTxa7 brz-wrapper\">\n<div class=\"brz-spacer brz-css-deLIB brz-css-jZ7z7\"><\/div>\n<\/div>\n<div id=\"\" class=\"brz-css-nvwei brz-wrapper\">\n<div class=\"brz-rich-text brz-rich-text__custom brz-css-rVXb3\" data-brz-custom-id=\"vgxrbhqunhyhqrdindtjzpvlmwdjvrkvutqe\">\n<div data-brz-translate-text=\"1\">\n<h2 class=\"brz-fs-lg-31 brz-ft-google brz-ff-overpass brz-tp-lg-empty brz-lh-lg-1_3 brz-ls-lg-m_1_5 brz-fw-lg-700 brz-fss-lg-px brz-text-lg-center brz-css-an7HW\" data-generated-css=\"brz-css-k6ntV\" data-uniq-id=\"hI0vq\"><span class=\"brz-cp-color8\">K\u00f6rperdehnung<\/span><\/h2>\n<\/div>\n<\/div>\n<\/div>\n<\/div>\n<p><a class=\"brz-a brz-container-link\" href=\"\/de\/servisler\/estetik\/vucut-estetigi\/karin-germe\/\" target=\"_self\" rel=\"noopener\" data-brz-link-type=\"external\"><\/a><\/div>\n<div class=\"brz-columns brz-css-klDdQ brz-css-sgfAM\" data-brz-custom-id=\"vtpmzuikpgysuiihdzkcukjdyltbccgqeyrn\">\n<div class=\"brz-bg\">\n<div class=\"brz-bg-image\"><\/div>\n<div class=\"brz-bg-color\"><\/div>\n<\/div>\n<div class=\"brz-column__items brz-css-wBZkz brz-css-nAHKf\">\n<div id=\"\" class=\"brz-css-nvwei brz-css-eTxa7 brz-wrapper\">\n<div class=\"brz-spacer brz-css-deLIB brz-css-u87Fn\"><\/div>\n<\/div>\n<div id=\"\" class=\"brz-css-nvwei brz-wrapper\">\n<div class=\"brz-rich-text brz-rich-text__custom brz-css-rVXb3\" data-brz-custom-id=\"eiotgcxybbctcennzjclhvcaivayllgnzgag\">\n<div data-brz-translate-text=\"1\">\n<h2 class=\"brz-text-lg-center brz-fss-lg-px brz-fw-lg-700 brz-ls-lg-m_1_5 brz-lh-lg-1_3 brz-tp-lg-empty brz-ff-overpass brz-ft-google brz-fs-lg-31 brz-css-mVdij\" data-uniq-id=\"f7ba8\" data-generated-css=\"brz-css-quBBW\"><span class=\"brz-cp-color8\">Po-Lift<\/span><\/h2>\n<\/div>\n<\/div>\n<\/div>\n<\/div>\n<p><a class=\"brz-a brz-container-link\" href=\"\/de\/servisler\/estetik\/vucut-estetigi\/popo-diklestirme\/\" target=\"_self\" rel=\"noopener\" data-brz-link-type=\"external\"><\/a><\/div>\n<\/div>\n<\/div>\n<div class=\"brz-row__container brz-css-irNGc\" data-brz-custom-id=\"iqsqntsmunvbumqujcoxckxghrkqfyrlmqze\">\n<div class=\"brz-bg\"><\/div>\n<div class=\"brz-row brz-css-tP20_ brz-css-ag1Zq\">\n<div class=\"brz-columns brz-css-klDdQ brz-css-bLyS2\" data-brz-custom-id=\"ijcwkpnolobzdebezdqvwqjzkdxygbxvxgzo\">\n<div class=\"brz-bg\">\n<div class=\"brz-bg-image\"><\/div>\n<div class=\"brz-bg-color\"><\/div>\n<\/div>\n<div class=\"brz-column__items brz-css-wBZkz brz-css-uJUFS\">\n<div id=\"\" class=\"brz-css-nvwei brz-css-eTxa7 brz-wrapper\">\n<div class=\"brz-spacer brz-css-deLIB brz-css-gznTc\"><\/div>\n<\/div>\n<div id=\"\" class=\"brz-css-nvwei brz-wrapper\">\n<div class=\"brz-rich-text brz-rich-text__custom brz-css-rVXb3\" data-brz-custom-id=\"ywimmdebdyfiobtikyiukmfnnfstqorcbbqt\">\n<div data-brz-translate-text=\"1\">\n<h2 class=\"brz-text-lg-center brz-tp-lg-empty brz-ff-overpass brz-ft-google brz-fs-lg-31 brz-fss-lg-px brz-fw-lg-700 brz-ls-lg-m_1_5 brz-lh-lg-1_3 brz-css-f4d5a\" data-uniq-id=\"cbDyE\" data-generated-css=\"brz-css-sct6a\"><span class=\"brz-cp-color8\">Ges\u00e4\u00dfvergr\u00f6\u00dferung mit Implantat<\/span><\/h2>\n<\/div>\n<\/div>\n<\/div>\n<\/div>\n<p><a class=\"brz-a brz-container-link\" href=\"\/de\/servisler\/estetik\/vucut-estetigi\/implantli-popo-buyutme\/\" target=\"_self\" rel=\"noopener\" data-brz-link-type=\"external\"><\/a><\/div>\n<div class=\"brz-columns brz-css-klDdQ brz-css-zPUah\" data-brz-custom-id=\"naqosydpbxuxxrrusmvjdmblbiobhfubloje\">\n<div class=\"brz-bg\">\n<div class=\"brz-bg-image\"><\/div>\n<div class=\"brz-bg-color\"><\/div>\n<\/div>\n<div class=\"brz-column__items brz-css-wBZkz brz-css-m9Ao_\">\n<div id=\"\" class=\"brz-css-nvwei brz-css-eTxa7 brz-wrapper\">\n<div class=\"brz-spacer brz-css-deLIB brz-css-sOZsD\"><\/div>\n<\/div>\n<div id=\"\" class=\"brz-css-nvwei brz-wrapper\">\n<div class=\"brz-rich-text brz-rich-text__custom brz-css-rVXb3\" data-brz-custom-id=\"zunxmsbllzfdhiqbsswcozejteiwozwdqpuv\">\n<div data-brz-translate-text=\"1\">\n<h2 class=\"brz-text-lg-center brz-tp-lg-empty brz-ff-overpass brz-ft-google brz-fs-lg-31 brz-fss-lg-px brz-fw-lg-700 brz-ls-lg-m_1_5 brz-lh-lg-1_3 brz-css-m9B99\" data-generated-css=\"brz-css-pFRWx\" data-uniq-id=\"exwsg\"><span class=\"brz-cp-color8\">Oberschenkelstraffung<\/span><\/h2>\n<\/div>\n<\/div>\n<\/div>\n<\/div>\n<p><a class=\"brz-a brz-container-link\" href=\"\/de\/servisler\/estetik\/vucut-estetigi\/uyluk-germe\/\" target=\"_self\" rel=\"noopener\" data-brz-link-type=\"external\"><\/a><\/div>\n<div class=\"brz-columns brz-css-klDdQ brz-css-qVOwx\" data-brz-custom-id=\"tndggjngygrmyvklamkhslxtmngsrperqsve\">\n<div class=\"brz-bg\">\n<div class=\"brz-bg-image\"><\/div>\n<div class=\"brz-bg-color\"><\/div>\n<\/div>\n<div class=\"brz-column__items brz-css-wBZkz brz-css-q24Ka\">\n<div id=\"\" class=\"brz-css-nvwei brz-css-eTxa7 brz-wrapper\">\n<div class=\"brz-spacer brz-css-deLIB brz-css-u_pzA\"><\/div>\n<\/div>\n<div id=\"\" class=\"brz-css-nvwei brz-css-hEqKo brz-wrapper\">\n<div class=\"brz-rich-text brz-rich-text__custom brz-css-rVXb3\" data-brz-custom-id=\"fcnouwgxpiqyjtvnkijystntyflkhgfrqyrw\">\n<div data-brz-translate-text=\"1\">\n<h2 class=\"brz-text-lg-center brz-fss-lg-px brz-fw-lg-700 brz-ls-lg-m_1_5 brz-lh-lg-1_3 brz-tp-lg-empty brz-ff-overpass brz-ft-google brz-fs-lg-31 brz-css-wnaBc\" data-generated-css=\"brz-css-kHbNI\" data-uniq-id=\"hZZur\"><span class=\"brz-cp-color8\">Fettabsaugung<\/span><\/h2>\n<\/div>\n<\/div>\n<\/div>\n<\/div>\n<p><a class=\"brz-a brz-container-link\" href=\"\/de\/servisler\/estetik\/vucut-estetigi\/yag-aldirma\/\" target=\"_self\" rel=\"noopener\" data-brz-link-type=\"external\"><\/a><\/div>\n<\/div>\n<\/div>\n<div class=\"brz-row__container brz-css-irNGc\" data-brz-custom-id=\"qcvejuydrpkqlfpqybdbiwlsmryqdibosafq\">\n<div class=\"brz-bg\"><\/div>\n<div class=\"brz-row brz-css-tP20_ brz-css-ag1Zq\">\n<div class=\"brz-columns brz-css-klDdQ brz-css-y9yAV\" data-brz-custom-id=\"mhcrnglpjwftbvdeitiugfybkwplzaoprrqa\">\n<div class=\"brz-bg\">\n<div class=\"brz-bg-image\"><\/div>\n<div class=\"brz-bg-color\"><\/div>\n<\/div>\n<div class=\"brz-column__items brz-css-wBZkz brz-css-tFewM\">\n<div id=\"\" class=\"brz-css-nvwei brz-css-eTxa7 brz-wrapper\">\n<div class=\"brz-spacer brz-css-deLIB brz-css-hkgcg\"><\/div>\n<\/div>\n<div id=\"\" class=\"brz-css-nvwei brz-css-sZOQx brz-wrapper\">\n<div class=\"brz-rich-text brz-rich-text__custom brz-css-rVXb3\" data-brz-custom-id=\"cjtjtlmaldulxlvtfqznykjbqbmprsldtgai\">\n<div data-brz-translate-text=\"1\">\n<h2 class=\"brz-text-lg-center brz-fss-lg-px brz-fw-lg-700 brz-ls-lg-m_1_5 brz-lh-lg-1_3 brz-tp-lg-empty brz-ff-overpass brz-ft-google brz-fs-lg-31 brz-css-v3LCR\" data-uniq-id=\"ypYka\" data-generated-css=\"brz-css-uj_5X\"><span class=\"brz-cp-color8\">Mutterschafts\u00e4sthetik<\/span><\/h2>\n<\/div>\n<\/div>\n<\/div>\n<\/div>\n<p><a class=\"brz-a brz-container-link\" href=\"\/de\/servisler\/estetik\/vucut-estetigi\/annelik-estetigi\/\" target=\"_self\" rel=\"noopener\" data-brz-link-type=\"external\"><\/a><\/div>\n<div class=\"brz-columns brz-css-klDdQ brz-css-azdQs\" data-brz-custom-id=\"uatitpjchhzetdaeddefdnmqygxincurhbon\">\n<div class=\"brz-bg\">\n<div class=\"brz-bg-image\"><\/div>\n<div class=\"brz-bg-color\"><\/div>\n<\/div>\n<div class=\"brz-column__items brz-css-wBZkz brz-css-w5USz\">\n<div id=\"\" class=\"brz-css-nvwei brz-css-eTxa7 brz-wrapper\">\n<div class=\"brz-spacer brz-css-deLIB brz-css-pDzNd\"><\/div>\n<\/div>\n<div id=\"\" class=\"brz-css-nvwei brz-css-vDt7h brz-wrapper\">\n<div class=\"brz-rich-text brz-rich-text__custom brz-css-rVXb3\" data-brz-custom-id=\"ibhorbffarhumpljiehqykruyvkyiiliczpb\">\n<div data-brz-translate-text=\"1\">\n<h2 class=\"brz-text-lg-center brz-fss-lg-px brz-fw-lg-700 brz-ls-lg-m_1_5 brz-lh-lg-1_3 brz-tp-lg-empty brz-ff-overpass brz-ft-google brz-fs-lg-31 brz-css-c519f\" data-generated-css=\"brz-css-ny90Z\" data-uniq-id=\"lYnWA\"><span class=\"brz-cp-color8\">BBL <\/span><\/h2>\n<\/div>\n<\/div>\n<\/div>\n<\/div>\n<p><a class=\"brz-a brz-container-link\" href=\"\/de\/servisler\/estetik\/vucut-estetigi\/bbl\/\" target=\"_self\" rel=\"noopener\" data-brz-link-type=\"external\"><\/a><\/div>\n<div class=\"brz-columns brz-css-klDdQ brz-css-p5yyp\" data-brz-custom-id=\"pcdlyshopvczxaviqthsnawbudcjrexaqivi\">\n<div class=\"brz-bg\">\n<div class=\"brz-bg-image\"><\/div>\n<div class=\"brz-bg-color\"><\/div>\n<\/div>\n<div class=\"brz-column__items brz-css-wBZkz brz-css-aotUe\">\n<div id=\"\" class=\"brz-css-nvwei brz-css-eTxa7 brz-wrapper\">\n<div class=\"brz-spacer brz-css-deLIB brz-css-hXKbN\"><\/div>\n<\/div>\n<div id=\"\" class=\"brz-css-nvwei brz-css-bx57Q brz-wrapper\">\n<div class=\"brz-rich-text brz-rich-text__custom brz-css-rVXb3\" data-brz-custom-id=\"vnwijktvlqpwervyydeapqmylbroimupshsu\">\n<div data-brz-translate-text=\"1\">\n<h2 class=\"brz-text-lg-center brz-fss-lg-px brz-fw-lg-700 brz-ls-lg-m_1_5 brz-lh-lg-1_3 brz-tp-lg-empty brz-ff-overpass brz-ft-google brz-fs-lg-31 brz-css-zoflr\" data-uniq-id=\"quDYh\" data-generated-css=\"brz-css-wAKjs\"><span class=\"brz-cp-color8\">Armstraffung<\/span><\/h2>\n<\/div>\n<\/div>\n<\/div>\n<\/div>\n<p><a class=\"brz-a brz-container-link\" href=\"\/de\/servisler\/estetik\/vucut-estetigi\/kol-germe\/\" target=\"_self\" rel=\"noopener\" data-brz-link-type=\"external\"><\/a><\/div>\n<\/div>\n<\/div>\n<\/div>\n<\/div>\n<\/section>\n<\/div>\n<p>    <!-- version:1732373781 --><\/p>\n","protected":false},"excerpt":{"rendered":"<p>K\u00d6RPER\u00c4STHETIK Mit unserem kompetenten \u00c4rzteteam und einer modernen Klinik bieten wir Ihnen spezielle L\u00f6sungen im Bereich der K\u00f6rper\u00e4sthetik. W\u00e4hrend Sie die Ver\u00e4nderung genie\u00dfen, planen wir alle weiteren Prozesse f\u00fcr Sie. Bauchdeckenstraffung K\u00f6rperdehnung Po-Lift Ges\u00e4\u00dfvergr\u00f6\u00dferung mit Implantat Oberschenkelstraffung Fettabsaugung Mutterschafts\u00e4sthetik BBL Armstraffung<\/p>\n","protected":false},"author":1,"featured_media":0,"parent":14894,"menu_order":2,"comment_status":"closed","ping_status":"closed","template":"","meta":{"footnotes":""},"class_list":["post-15367","page","type-page","status-publish","hentry"],"blocksy_meta":[],"_links":{"self":[{"href":"https:\/\/timetravelaesthetic.com\/de\/wp-json\/wp\/v2\/pages\/15367","targetHints":{"allow":["GET"]}}],"collection":[{"href":"https:\/\/timetravelaesthetic.com\/de\/wp-json\/wp\/v2\/pages"}],"about":[{"href":"https:\/\/timetravelaesthetic.com\/de\/wp-json\/wp\/v2\/types\/page"}],"author":[{"embeddable":true,"href":"https:\/\/timetravelaesthetic.com\/de\/wp-json\/wp\/v2\/users\/1"}],"replies":[{"embeddable":true,"href":"https:\/\/timetravelaesthetic.com\/de\/wp-json\/wp\/v2\/comments?post=15367"}],"version-history":[{"count":1,"href":"https:\/\/timetravelaesthetic.com\/de\/wp-json\/wp\/v2\/pages\/15367\/revisions"}],"predecessor-version":[{"id":24193,"href":"https:\/\/timetravelaesthetic.com\/de\/wp-json\/wp\/v2\/pages\/15367\/revisions\/24193"}],"up":[{"embeddable":true,"href":"https:\/\/timetravelaesthetic.com\/de\/wp-json\/wp\/v2\/pages\/14894"}],"wp:attachment":[{"href":"https:\/\/timetravelaesthetic.com\/de\/wp-json\/wp\/v2\/media?parent=15367"}],"curies":[{"name":"wp","href":"https:\/\/api.w.org\/{rel}","templated":true}]}}