{"id":20127,"date":"2023-11-19T14:46:39","date_gmt":"2023-11-19T14:46:39","guid":{"rendered":"https:\/\/time3.vl-staging.com\/doktorlar\/doktorlar-estetik\/"},"modified":"2025-07-03T02:25:41","modified_gmt":"2025-07-03T02:25:41","slug":"doktorlar-estetik","status":"publish","type":"page","link":"https:\/\/timetravelaesthetic.com\/en\/doktorlar\/doktorlar-estetik\/","title":{"rendered":"Doktorlar-Estetik EN"},"content":{"rendered":"<div class=\"brz-root__container brz-reset-all brz\">\n<section id=\"_tXGRlgO5wT1K\" class=\"brz-section brz-css-zCE18\">\n<div class=\"brz-section__content brz-section--boxed brz-css-fL2BR brz-css-cJ90y\" data-brz-custom-id=\"gXjMdM5WoYVt\">\n<div class=\"brz-bg\">\n<div class=\"brz-bg-image\"><\/div>\n<\/div>\n<div class=\"brz-container brz-css-k_Xdk\">\n<div id=\"\" class=\"brz-css-fQt9R brz-css-ggc5w brz-wrapper\">\n<div class=\"brz-rich-text brz-rich-text__custom brz-css-pUWao\" data-brz-custom-id=\"kMpgI2TGIJVg\">\n<div data-brz-translate-text=\"1\">\n<h2 class=\"brz-mt-lg-20 brz-fsft-lg-0 brz-fwdth-lg-100 brz-vfw-lg-400 brz-lh-lg-1_3 brz-ls-lg-m_1_5 brz-fw-lg-600 brz-fss-lg-px brz-fs-lg-46 brz-ft-upload brz-ff-ozhkiphnhvhspgnsirfckwjaxjgjldcctydj brz-tp-lg-empty brz-fs-xs-36 brz-tp-xs-empty brz-lh-xs-1_3 brz-ls-xs-m_1 brz-fw-xs-700 brz-fss-xs-px brz-text-lg-center brz-css-vhqvB\" data-uniq-id=\"qzrB9\" data-generated-css=\"brz-css-jzpoU\">PARTNER DOCTORS<\/h2>\n<\/div>\n<\/div>\n<\/div>\n<div id=\"\" class=\"brz-css-fQt9R brz-css-gLnqz brz-wrapper\">\n<div class=\"brz-rich-text brz-rich-text__custom brz-css-pUWao\" data-brz-custom-id=\"eLAADVuSYD0m\">\n<div data-brz-translate-text=\"1\">\n<h2 class=\"brz-text-lg-center brz-tp-lg-heading2 brz-fss-xs-px brz-fw-xs-700 brz-ls-xs-m_1 brz-lh-xs-1_3 brz-tp-xs-empty brz-fs-xs-36 ql-align-center brz-css-jHa0b\" data-generated-css=\"brz-css-sv3jr\" data-uniq-id=\"v5f09\"><strong class=\"brz-cp-color2\">Specialised names in health, personalised service. <\/strong><\/h2>\n<\/div>\n<\/div>\n<\/div>\n<div id=\"\" class=\"brz-css-fQt9R brz-css-g_92o brz-wrapper\">\n<div class=\"brz-rich-text brz-rich-text__custom brz-css-pUWao\" data-brz-custom-id=\"avA1sYmixO3z\">\n<div data-brz-translate-text=\"1\">\n<p class=\"brz-tp-lg-subtitle brz-bcp-color2 brz-text-lg-center brz-css-qw5Ie\" data-generated-css=\"brz-css-nVPO0\" data-uniq-id=\"ew4UA\"><span class=\"brz-cp-color2\">Specialised names in health, personalised service.Our agency works with specialised doctors to provide you with the highest quality healthcare services. Our doctors are health professionals who have extensive experience in their fields, follow up-to-date medical information and constantly improve themselves.  Time Travel partners with doctors renowned for their high patient satisfaction rates to help you attain your desired appearance.<\/span><\/p>\n<\/div>\n<\/div>\n<\/div>\n<div id=\"\" class=\"brz-css-fQt9R brz-css-nzu8T brz-css-l7Tlh brz-wrapper\">\n<div class=\"brz-spacer brz-css-gMyo7 brz-css-vFIvh\"><\/div>\n<\/div>\n<div class=\"brz-row__container brz-css-bmLwY\" data-brz-custom-id=\"zFzcGJ0F9NjE\">\n<div class=\"brz-bg\"><\/div>\n<div class=\"brz-row brz-css-eNfT7 brz-css-trRf_\">\n<div class=\"brz-columns brz-css-cj8fv brz-css-h9gkW\" data-brz-custom-id=\"h8DDp8FSX6He\">\n<div class=\"brz-column__items brz-css-rE7d0 brz-css-adA5H\">\n<div class=\"brz-row__container brz-css-bmLwY\" data-brz-custom-id=\"xPQt1DJ0wuCv\">\n<div class=\"brz-bg\"><\/div>\n<div class=\"brz-row brz-row--inner brz-css-eNfT7 brz-css-trRf_\">\n<div class=\"brz-columns brz-css-cj8fv brz-css-pJKnK\" data-brz-custom-id=\"wWAIKfsUqEvW\">\n<div class=\"brz-bg\">\n<div class=\"brz-bg-color\"><\/div>\n<\/div>\n<div class=\"brz-column__items brz-css-rE7d0 brz-css-tjZjA\">\n<div id=\"\" class=\"brz-css-fQt9R brz-css-uCSDL brz-wrapper\">\n<div class=\"brz-image brz-css-whmVZ brz-css-y53Eq\" data-brz-custom-id=\"pZ4NyiWcfdkv\"><img decoding=\"async\" class=\"brz-img\" src=\"https:\/\/timetravelaesthetic.com\/en?brizy_media=wp-1de0c780db0d8b05d57f533d56e2893c.png&amp;brizy_crop=original\" alt=\"\" loading=\"lazy\"><\/div>\n<\/div>\n<\/div>\n<\/div>\n<div class=\"brz-columns brz-css-cj8fv brz-css-wF_zp\" data-brz-custom-id=\"iGkhU5nK2d3V\">\n<div class=\"brz-bg\">\n<div class=\"brz-bg-color\"><\/div>\n<\/div>\n<div class=\"brz-column__items brz-css-rE7d0 brz-css-n1M2v\">\n<div id=\"\" class=\"brz-css-fQt9R brz-css-l12b_ brz-wrapper\">\n<div class=\"brz-icon-text brz-css-iBQSx\" data-brz-custom-id=\"y9FnW2VLpCEO\">\n<div class=\"brz-icon__container\" data-brz-custom-id=\"pOvLeAnyBhWG\">\n<div class=\"brz-hover-animation__container\" data-brz-hover-animationid=\"pOvLeAnyBhWG\" data-brz-hover-options=\"%7B%22duration%22:600,%22iterations%22:1%7D\" data-brz-hover-reversible=\"true\" data-brz-hover-target=\"%22firstChild%22\"><span class=\"brz-icon brz-span brz-css-ro9pg brz-css-n7yNa\"><\/span><\/div>\n<\/div>\n<div class=\"brz-text-btn\">\n<div class=\"brz-rich-text brz-rich-text__custom brz-css-pUWao\" data-brz-custom-id=\"gkdXDk1r8R6D\">\n<div data-brz-translate-text=\"1\">\n<h6 class=\"brz-text-xs-justify brz-lh-lg-1_2 brz-ls-lg-0 brz-fw-lg-600 brz-fss-lg-px brz-fs-lg-24 brz-ft-upload brz-ff-ozhkiphnhvhspgnsirfckwjaxjgjldcctydj brz-tp-lg-empty brz-mb-lg-0 brz-css-r1ArS\" data-generated-css=\"brz-css-nTb6I\" data-uniq-id=\"nUrGF\"><span class=\"brz-cp-color2\">Adem Usta<\/span><\/h6>\n<h6 class=\"brz-text-xs-left brz-lh-lg-1_2 brz-ls-lg-0 brz-fw-lg-500 brz-fss-lg-px brz-fs-lg-18 brz-ft-upload brz-ff-ozhkiphnhvhspgnsirfckwjaxjgjldcctydj brz-tp-lg-empty brz-mb-lg-10 brz-css-i5sT8\" data-generated-css=\"brz-css-pgs22\" data-uniq-id=\"u3OAQ\"><span class=\"brz-cp-color2\">Plastic Reconstructive and Aesthetic Surgery Specialist<\/span><span class=\"brz-cp-color7\"> <\/span><\/h6>\n<p class=\"brz-text-xs-left brz-lh-lg-1_9 brz-ls-lg-0 brz-fw-lg-400 brz-fss-lg-px brz-fs-lg-14 brz-ft-upload brz-ff-ozhkiphnhvhspgnsirfckwjaxjgjldcctydj brz-tp-lg-empty ql-align-center brz-mb-lg-28 brz-css-xKfrl\" data-generated-css=\"brz-css-nnrl2\" data-uniq-id=\"bfuh9\"><span class=\"brz-cp-color7\">He was born in Antalya in 1989, Op. Dr. Adem Usta graduated from Antalya Yusuf Ziya \u00d6ner Science High School in 2007 and from Pamukkale University Faculty of Medicine in 2014. After his compulsory service as a general practitioner in \u00c7avd\u0131r district of Burdur, he completed his specialist training at Pamukkale University Faculty of Medicine, Department of Plastic, Reconstructive and Aesthetic Surgery in 2015-2020, and his compulsory service as a specialist physician at I\u011fd\u0131r State Hospital in 2020-2021.<\/span><\/p>\n<\/div>\n<\/div>\n<\/div>\n<\/div>\n<\/div>\n<\/div>\n<\/div>\n<\/div>\n<\/div>\n<\/div>\n<\/div>\n<\/div>\n<\/div>\n<div class=\"brz-row__container brz-css-bmLwY\" data-brz-custom-id=\"scYd3LhgO5oJ\">\n<div class=\"brz-bg\"><\/div>\n<div class=\"brz-row brz-css-eNfT7 brz-css-trRf_\">\n<div class=\"brz-columns brz-css-cj8fv brz-css-rphBw\" data-brz-custom-id=\"qP5wQO4o46y3\">\n<div class=\"brz-column__items brz-css-rE7d0 brz-css-cGd8d\">\n<div class=\"brz-row__container brz-css-bmLwY\" data-brz-custom-id=\"gEnJkaSQ_CEd\">\n<div class=\"brz-bg\"><\/div>\n<div class=\"brz-row brz-row--inner brz-css-eNfT7 brz-css-trRf_\">\n<div class=\"brz-columns brz-css-cj8fv brz-css-y_2u0\" data-brz-custom-id=\"wE16dYzD4gKn\">\n<div class=\"brz-bg\">\n<div class=\"brz-bg-color\"><\/div>\n<\/div>\n<div class=\"brz-column__items brz-css-rE7d0 brz-css-p24XZ\">\n<div id=\"\" class=\"brz-css-fQt9R brz-css-xcHHn brz-wrapper\">\n<div class=\"brz-image brz-css-h9e_b brz-css-ftsqW\" data-brz-custom-id=\"xuzMSaJh9QBK\"><img decoding=\"async\" class=\"brz-img\" src=\"https:\/\/timetravelaesthetic.com\/en?brizy_media=wp-e63f0e29d4665480fd988a6175366b9e.png&amp;brizy_crop=original\" alt=\"\" loading=\"lazy\"><\/div>\n<\/div>\n<\/div>\n<\/div>\n<div class=\"brz-columns brz-css-cj8fv brz-css-p24WA\" data-brz-custom-id=\"fElWReechqIA\">\n<div class=\"brz-bg\">\n<div class=\"brz-bg-color\"><\/div>\n<\/div>\n<div class=\"brz-column__items brz-css-rE7d0 brz-css-uksHA\">\n<div id=\"\" class=\"brz-css-fQt9R brz-css-nOh6Q brz-wrapper\">\n<div class=\"brz-icon-text brz-css-iBQSx\" data-brz-custom-id=\"yM3Zt0zA3Onb\">\n<div class=\"brz-icon__container\" data-brz-custom-id=\"xq308GZ2rPCl\">\n<div class=\"brz-hover-animation__container\" data-brz-hover-animationid=\"xq308GZ2rPCl\" data-brz-hover-options=\"%7B%22duration%22:600,%22iterations%22:1%7D\" data-brz-hover-reversible=\"true\" data-brz-hover-target=\"%22firstChild%22\"><span class=\"brz-icon brz-span brz-css-ro9pg brz-css-jnyG9\"><\/span><\/div>\n<\/div>\n<div class=\"brz-text-btn\">\n<div class=\"brz-rich-text brz-rich-text__custom brz-css-pUWao\" data-brz-custom-id=\"sGC81moo7BnE\">\n<div data-brz-translate-text=\"1\">\n<h6 class=\"brz-text-lg-justify brz-tp-lg-empty brz-ff-ozhkiphnhvhspgnsirfckwjaxjgjldcctydj brz-ft-upload brz-fs-lg-24 brz-fss-lg-px brz-fw-lg-600 brz-ls-lg-0 brz-lh-lg-1_2 brz-mb-lg-0 brz-css-x9FiG\" data-generated-css=\"brz-css-vxBBp\" data-uniq-id=\"wcsmE\"><span class=\"brz-cp-color2\">Bahad\u0131r \u00c7EL\u0130K<\/span><\/h6>\n<h4 class=\"brz-mb-lg-10 ql-align-center brz-tp-lg-empty brz-ff-ozhkiphnhvhspgnsirfckwjaxjgjldcctydj brz-ft-upload brz-fs-lg-18 brz-fss-lg-px brz-fw-lg-500 brz-ls-lg-m_0_5 brz-lh-lg-1_2 brz-css-tij2z\" data-generated-css=\"brz-css-cMecl\" data-uniq-id=\"dmFq1\"><span class=\"brz-cp-color2\">Plastic Reconstructive and Aesthetic Surgery Specialist<\/span><\/h4>\n<p class=\"brz-text-xs-left brz-tp-lg-empty brz-ff-ozhkiphnhvhspgnsirfckwjaxjgjldcctydj brz-ft-upload brz-fs-lg-14 brz-fss-lg-px brz-fw-lg-400 brz-ls-lg-0 brz-lh-lg-1_9 brz-css-yYUJc\" data-generated-css=\"brz-css-tVSz8\" data-uniq-id=\"gsSer\"><span class=\"brz-cp-color7\">Born in 1983 in Ankara, he completed his primary and secondary education in Bal\u0131kesir. He graduated from Kuleli Military High School as the third in his department. He completed his medical education at G\u00fclhane Military Medical Academy in 2008. Then he completed his training in plastic, reconstructive and aesthetic surgery at Ankara University Faculty of Medicine. He has many articles published in international congresses. He participated in national and international congresses many times. He successfully carries out all kinds of aesthetic surgery procedures and operations.<\/span><\/p>\n<\/div>\n<\/div>\n<\/div>\n<\/div>\n<\/div>\n<\/div>\n<\/div>\n<\/div>\n<\/div>\n<\/div>\n<\/div>\n<\/div>\n<\/div>\n<\/div>\n<\/div>\n<\/section>\n<\/div>\n<p>    <!-- version:1732741857 --><\/p>\n","protected":false},"excerpt":{"rendered":"<p>PARTNER DOCTORS Specialised names in health, personalised service. Specialised names in health, personalised service.Our agency works with specialised doctors to provide you with the highest quality healthcare services. Our doctors are health professionals who have extensive experience in their fields, follow up-to-date medical information and constantly improve themselves. Time Travel partners with doctors renowned for [&hellip;]<\/p>\n","protected":false},"author":1,"featured_media":0,"parent":20125,"menu_order":1,"comment_status":"closed","ping_status":"closed","template":"","meta":{"footnotes":""},"class_list":["post-20127","page","type-page","status-publish","hentry"],"blocksy_meta":[],"_links":{"self":[{"href":"https:\/\/timetravelaesthetic.com\/en\/wp-json\/wp\/v2\/pages\/20127","targetHints":{"allow":["GET"]}}],"collection":[{"href":"https:\/\/timetravelaesthetic.com\/en\/wp-json\/wp\/v2\/pages"}],"about":[{"href":"https:\/\/timetravelaesthetic.com\/en\/wp-json\/wp\/v2\/types\/page"}],"author":[{"embeddable":true,"href":"https:\/\/timetravelaesthetic.com\/en\/wp-json\/wp\/v2\/users\/1"}],"replies":[{"embeddable":true,"href":"https:\/\/timetravelaesthetic.com\/en\/wp-json\/wp\/v2\/comments?post=20127"}],"version-history":[{"count":3,"href":"https:\/\/timetravelaesthetic.com\/en\/wp-json\/wp\/v2\/pages\/20127\/revisions"}],"predecessor-version":[{"id":24289,"href":"https:\/\/timetravelaesthetic.com\/en\/wp-json\/wp\/v2\/pages\/20127\/revisions\/24289"}],"up":[{"embeddable":true,"href":"https:\/\/timetravelaesthetic.com\/en\/wp-json\/wp\/v2\/pages\/20125"}],"wp:attachment":[{"href":"https:\/\/timetravelaesthetic.com\/en\/wp-json\/wp\/v2\/media?parent=20127"}],"curies":[{"name":"wp","href":"https:\/\/api.w.org\/{rel}","templated":true}]}}