{"id":20128,"date":"2023-11-19T14:51:09","date_gmt":"2023-11-19T14:51:09","guid":{"rendered":"https:\/\/time3.vl-staging.com\/doktorlar\/doktorlar-dis\/"},"modified":"2025-07-04T13:12:00","modified_gmt":"2025-07-04T13:12:00","slug":"doktorlar-dis","status":"publish","type":"page","link":"https:\/\/timetravelaesthetic.com\/en\/doktorlar\/doktorlar-dis\/","title":{"rendered":"Doktorlar-di\u015f EN"},"content":{"rendered":"<div class=\"brz-root__container brz-reset-all brz\">\n<section id=\"_bW0alQYPWAMF\" class=\"brz-section brz-css-xNv5L\">\n<div class=\"brz-section__content brz-section--boxed brz-css-deWdN brz-css-zM_jC\" data-brz-custom-id=\"jf_dbORi2U0z\">\n<div class=\"brz-bg\">\n<div class=\"brz-bg-image\"><\/div>\n<\/div>\n<div class=\"brz-container brz-css-nszhj\">\n<div id=\"\" class=\"brz-css-vnBD_ brz-css-en8Pt brz-wrapper\">\n<div class=\"brz-rich-text brz-rich-text__custom brz-css-oi0G3\" data-brz-custom-id=\"wuvddg_LY37_\">\n<div data-brz-translate-text=\"1\">\n<h2 class=\"brz-mt-lg-20 brz-fsft-lg-0 brz-fwdth-lg-100 brz-vfw-lg-400 brz-lh-lg-1_3 brz-ls-lg-m_1_5 brz-fw-lg-600 brz-fss-lg-px brz-fs-lg-46 brz-ft-upload brz-ff-ozhkiphnhvhspgnsirfckwjaxjgjldcctydj brz-tp-lg-empty brz-fs-xs-36 brz-tp-xs-empty brz-lh-xs-1_3 brz-ls-xs-m_1 brz-fw-xs-700 brz-fss-xs-px brz-text-lg-center brz-css-kXx7N\" data-uniq-id=\"qzrB9\" data-generated-css=\"brz-css-jzpoU\">PARTNER DOCTORS<\/h2>\n<\/div>\n<\/div>\n<\/div>\n<div id=\"\" class=\"brz-css-vnBD_ brz-css-jMz2a brz-wrapper\">\n<div class=\"brz-rich-text brz-rich-text__custom brz-css-oi0G3\" data-brz-custom-id=\"p9mkIkDnIrWh\">\n<div data-brz-translate-text=\"1\">\n<h2 class=\"brz-text-lg-center brz-tp-lg-heading2 brz-fss-xs-px brz-fw-xs-700 brz-ls-xs-m_1 brz-lh-xs-1_3 brz-tp-xs-empty brz-fs-xs-36 ql-align-center brz-css-mjRgC\" data-generated-css=\"brz-css-sv3jr\" data-uniq-id=\"v5f09\"><strong class=\"brz-cp-color2\">Specialised names in health, personalised service. <\/strong><\/h2>\n<\/div>\n<\/div>\n<\/div>\n<div id=\"\" class=\"brz-css-vnBD_ brz-css-j8Xmb brz-wrapper\">\n<div class=\"brz-rich-text brz-rich-text__custom brz-css-oi0G3\" data-brz-custom-id=\"ocU3MlVq7Gtj\">\n<div data-brz-translate-text=\"1\">\n<p class=\"brz-tp-lg-subtitle brz-bcp-color2 brz-text-lg-center brz-css-nCxSn\" data-generated-css=\"brz-css-t_ruJ\" data-uniq-id=\"rATcj\"><span class=\"brz-cp-color2\">Specialised names in health, personalised service.Our agency works with specialised doctors to provide you with the highest quality healthcare services. Our doctors are health professionals who have extensive experience in their fields, follow up-to-date medical information and constantly improve themselves.  Time Travel partners with doctors renowned for their high patient satisfaction rates to help you attain your desired appearance.<\/span><\/p>\n<\/div>\n<\/div>\n<\/div>\n<div id=\"\" class=\"brz-css-vnBD_ brz-css-eG5j0 brz-css-z_TuQ brz-wrapper\">\n<div class=\"brz-spacer brz-css-o6cz4 brz-css-o1P0_\"><\/div>\n<\/div>\n<div class=\"brz-row__container brz-css-g7qkQ\" data-brz-custom-id=\"p9MHHBW4akiK\">\n<div class=\"brz-bg\"><\/div>\n<div class=\"brz-row brz-css-kO2KK brz-css-sgd7S\">\n<div class=\"brz-columns brz-css-y96BN brz-css-smds_\" data-brz-custom-id=\"j5iXtLU9tasm\">\n<div class=\"brz-column__items brz-css-n92XY brz-css-rVvY7\">\n<div class=\"brz-row__container brz-css-g7qkQ\" data-brz-custom-id=\"sluZc0PfMw_v\">\n<div class=\"brz-bg\"><\/div>\n<div class=\"brz-row brz-row--inner brz-css-kO2KK brz-css-sgd7S\">\n<div class=\"brz-columns brz-css-y96BN brz-css-hJliY\" data-brz-custom-id=\"zz2JBYrV8pFl\">\n<div class=\"brz-bg\">\n<div class=\"brz-bg-color\"><\/div>\n<\/div>\n<div class=\"brz-column__items brz-css-n92XY brz-css-vAkgV\">\n<div id=\"\" class=\"brz-css-vnBD_ brz-css-j_1tx brz-wrapper\">\n<div class=\"brz-image brz-css-bOzBN brz-css-fJ252\" data-brz-custom-id=\"kjS0bx0g3mdO\"><img decoding=\"async\" class=\"brz-img\" src=\"https:\/\/timetravelaesthetic.com\/en?brizy_media=wp-8c0a37cccd88c529e43fc81fb6144600.jpg&amp;brizy_crop=original\" alt=\"\" loading=\"lazy\"><\/div>\n<\/div>\n<\/div>\n<\/div>\n<div class=\"brz-columns brz-css-y96BN brz-css-zFrvD\" data-brz-custom-id=\"k6DPyWme0KbE\">\n<div class=\"brz-bg\">\n<div class=\"brz-bg-color\"><\/div>\n<\/div>\n<div class=\"brz-column__items brz-css-n92XY brz-css-vq1yF\">\n<div id=\"\" class=\"brz-css-vnBD_ brz-css-ryqOV brz-wrapper\">\n<div class=\"brz-icon-text brz-css-itY81\" data-brz-custom-id=\"ssFwrk6c5eB_\">\n<div class=\"brz-icon__container\" data-brz-custom-id=\"ywvJuNfmuO2j\">\n<div class=\"brz-hover-animation__container\" data-brz-hover-animationid=\"ywvJuNfmuO2j\" data-brz-hover-options=\"%7B%22duration%22:600,%22iterations%22:1%7D\" data-brz-hover-reversible=\"true\" data-brz-hover-target=\"%22firstChild%22\"><span class=\"brz-icon brz-span brz-css-fXRt1 brz-css-q9rMI\"><\/span><\/div>\n<\/div>\n<div class=\"brz-text-btn\">\n<div class=\"brz-rich-text brz-rich-text__custom brz-css-oi0G3\" data-brz-custom-id=\"xWoCd2YQiMOh\">\n<div data-brz-translate-text=\"1\">\n<h6 class=\"brz-mb-lg-0 brz-lh-lg-1_2 brz-ls-lg-0 brz-fw-lg-600 brz-fss-lg-px brz-fs-lg-24 brz-ft-upload brz-ff-ozhkiphnhvhspgnsirfckwjaxjgjldcctydj brz-tp-lg-empty brz-text-lg-justify brz-text-xs-left brz-css-aw_nL\" data-uniq-id=\"nsu0V\" data-generated-css=\"brz-css-rIzpl\">Uzm. Dt. Mustafa D\u0130LL\u0130<\/h6>\n<h4 class=\"brz-lh-lg-1_2 brz-ls-lg-m_0_5 brz-fw-lg-500 brz-fss-lg-px brz-fs-lg-18 brz-ft-upload brz-ff-ozhkiphnhvhspgnsirfckwjaxjgjldcctydj brz-tp-lg-empty ql-align-center brz-mb-lg-10 brz-css-c7xYQ\" data-uniq-id=\"mIMQu\" data-generated-css=\"brz-css-g9cGq\"><span class=\"brz-cp-color2\">Endodontist<\/span><\/h4>\n<p class=\"brz-lh-lg-1_9 brz-ls-lg-0 brz-fw-lg-400 brz-fss-lg-px brz-fs-lg-14 brz-ft-upload brz-ff-ozhkiphnhvhspgnsirfckwjaxjgjldcctydj brz-tp-lg-empty brz-css-dmpRU\" data-uniq-id=\"nHkHS\" data-generated-css=\"brz-css-pXQGS\"><span class=\"brz-cp-color7\">Endodontics Specialist Mustafa Dilli was born in Hatay in 1989. In 2014, he graduated from Gazi University Faculty of Dentistry. In 2017, he started his speciality training at Tokat Gaziosmanpa\u015fa University, Department of Endodontics. In 2021, Dr Mustafa Dilli completed his thesis on &#8220;Postoperative pain in endodontics&#8221; and has been working as an endodontic specialist in our clinic since 2022.<\/span><\/p>\n<\/div>\n<\/div>\n<\/div>\n<\/div>\n<\/div>\n<\/div>\n<\/div>\n<\/div>\n<\/div>\n<\/div>\n<\/div>\n<\/div>\n<\/div>\n<div class=\"brz-row__container brz-css-g7qkQ\" data-brz-custom-id=\"xxosCwQcGtFH\">\n<div class=\"brz-bg\"><\/div>\n<div class=\"brz-row brz-css-kO2KK brz-css-sgd7S\">\n<div class=\"brz-columns brz-css-y96BN brz-css-k22MN\" data-brz-custom-id=\"zTHPp7pcunAv\">\n<div class=\"brz-column__items brz-css-n92XY brz-css-u3w1v\">\n<div class=\"brz-row__container brz-css-g7qkQ\" data-brz-custom-id=\"wesEEfhGfLEq\">\n<div class=\"brz-bg\"><\/div>\n<div class=\"brz-row brz-row--inner brz-css-kO2KK brz-css-sgd7S\">\n<div class=\"brz-columns brz-css-y96BN brz-css-mnVmp\" data-brz-custom-id=\"qKDnjUExlsJ3\">\n<div class=\"brz-bg\">\n<div class=\"brz-bg-color\"><\/div>\n<\/div>\n<div class=\"brz-column__items brz-css-n92XY brz-css-xLS6D\">\n<div id=\"\" class=\"brz-css-vnBD_ brz-css-i2C2o brz-wrapper\">\n<div class=\"brz-image brz-css-w20AF brz-css-tZFMd\" data-brz-custom-id=\"vvhuUf1LzA2I\"><img decoding=\"async\" class=\"brz-img\" src=\"https:\/\/timetravelaesthetic.com\/en?brizy_media=wp-40f1f146e53367ff4d1cbe4996343bdb.png&amp;brizy_crop=original\" alt=\"\" loading=\"lazy\"><\/div>\n<\/div>\n<\/div>\n<\/div>\n<div class=\"brz-columns brz-css-y96BN brz-css-oMb6l\" data-brz-custom-id=\"b_UgUzh7TyR5\">\n<div class=\"brz-bg\">\n<div class=\"brz-bg-color\"><\/div>\n<\/div>\n<div class=\"brz-column__items brz-css-n92XY brz-css-x2BE4\">\n<div id=\"\" class=\"brz-css-vnBD_ brz-css-h_Rcg brz-wrapper\">\n<div class=\"brz-icon-text brz-css-itY81\" data-brz-custom-id=\"eUG9xwqWuf5M\">\n<div class=\"brz-icon__container\" data-brz-custom-id=\"ugKZCrqcqtUy\">\n<div class=\"brz-hover-animation__container\" data-brz-hover-animationid=\"ugKZCrqcqtUy\" data-brz-hover-options=\"%7B%22duration%22:600,%22iterations%22:1%7D\" data-brz-hover-reversible=\"true\" data-brz-hover-target=\"%22firstChild%22\"><span class=\"brz-icon brz-span brz-css-fXRt1 brz-css-zuOry\"><\/span><\/div>\n<\/div>\n<div class=\"brz-text-btn\">\n<div class=\"brz-rich-text brz-rich-text__custom brz-css-oi0G3\" data-brz-custom-id=\"hJs9UoZp0Uyb\">\n<div data-brz-translate-text=\"1\">\n<h6 class=\"brz-mb-lg-0 brz-lh-lg-1_2 brz-ls-lg-0 brz-fw-lg-600 brz-fss-lg-px brz-fs-lg-24 brz-ft-upload brz-ff-ozhkiphnhvhspgnsirfckwjaxjgjldcctydj brz-tp-lg-empty brz-text-lg-justify brz-text-xs-left brz-css-oHTKJ\" data-uniq-id=\"hmcZ1\" data-generated-css=\"brz-css-gEAyl\">Uzm. Dr. Dt P\u0131r\u0131l T. S\u0130NDEL<\/h6>\n<h4 class=\"brz-lh-lg-1_2 brz-ls-lg-m_0_5 brz-fw-lg-500 brz-fss-lg-px brz-fs-lg-18 brz-ft-upload brz-ff-ozhkiphnhvhspgnsirfckwjaxjgjldcctydj brz-tp-lg-empty ql-align-center brz-mb-lg-10 brz-css-dSteq\" data-uniq-id=\"ahtUC\" data-generated-css=\"brz-css-yey6P\"><span class=\"brz-cp-color2\">Prosthodontist<\/span><\/h4>\n<p class=\"brz-lh-lg-1_9 brz-ls-lg-0 brz-fw-lg-400 brz-fss-lg-px brz-fs-lg-14 brz-ft-upload brz-ff-ozhkiphnhvhspgnsirfckwjaxjgjldcctydj brz-tp-lg-empty brz-css-aJ4zp\" data-uniq-id=\"bsnKu\" data-generated-css=\"brz-css-bEEzu\"><span class=\"brz-cp-color7\">Born in 1985, P\u0131r\u0131l T\u00fcrkan Sindel graduated from Ankara University Faculty of Dentistry in 2009, started her speciality and doctorate education at Gazi University Faculty of Dentistry, Department of Prosthodontics and completed her education in 2014. In addition to different private clinics, he worked in Antalya Oral and Dental Health Hospital for 6 years. Since August 2022, he has been working as a manager in ARD clinic, where he has been a partner.<\/span><\/p>\n<\/div>\n<\/div>\n<\/div>\n<\/div>\n<\/div>\n<\/div>\n<\/div>\n<\/div>\n<\/div>\n<\/div>\n<\/div>\n<\/div>\n<\/div>\n<div class=\"brz-row__container brz-css-g7qkQ\" data-brz-custom-id=\"d2X_9PiEO9sz\">\n<div class=\"brz-bg\"><\/div>\n<div class=\"brz-row brz-css-kO2KK brz-css-sgd7S\">\n<div class=\"brz-columns brz-css-y96BN brz-css-weu1K\" data-brz-custom-id=\"dCFMYQFpKVsI\">\n<div class=\"brz-column__items brz-css-n92XY brz-css-nSNe8\">\n<div class=\"brz-row__container brz-css-g7qkQ\" data-brz-custom-id=\"hLRFlKpLJbUD\">\n<div class=\"brz-bg\"><\/div>\n<div class=\"brz-row brz-row--inner brz-css-kO2KK brz-css-sgd7S\">\n<div class=\"brz-columns brz-css-y96BN brz-css-lwX2P\" data-brz-custom-id=\"a1agi5pg9xf6\">\n<div class=\"brz-bg\">\n<div class=\"brz-bg-color\"><\/div>\n<\/div>\n<div class=\"brz-column__items brz-css-n92XY brz-css-g33WO\">\n<div id=\"\" class=\"brz-css-vnBD_ brz-css-jqMPe brz-wrapper\">\n<div class=\"brz-image brz-css-cO5IT brz-css-p0oBA\" data-brz-custom-id=\"mdamDPMDi2hv\"><img decoding=\"async\" class=\"brz-img\" src=\"https:\/\/timetravelaesthetic.com\/en?brizy_media=wp-0fd1d72e0f98b1380379c99b8a871c75.png&amp;brizy_crop=original\" alt=\"\" loading=\"lazy\"><\/div>\n<\/div>\n<\/div>\n<\/div>\n<div class=\"brz-columns brz-css-y96BN brz-css-kAOPl\" data-brz-custom-id=\"yEnT1qKl47KR\">\n<div class=\"brz-bg\">\n<div class=\"brz-bg-color\"><\/div>\n<\/div>\n<div class=\"brz-column__items brz-css-n92XY brz-css-e0uUi\">\n<div id=\"\" class=\"brz-css-vnBD_ brz-css-pWazU brz-wrapper\">\n<div class=\"brz-icon-text brz-css-itY81\" data-brz-custom-id=\"laXrL0PSWfrB\">\n<div class=\"brz-icon__container\" data-brz-custom-id=\"dg1jCeWkbvTs\">\n<div class=\"brz-hover-animation__container\" data-brz-hover-animationid=\"dg1jCeWkbvTs\" data-brz-hover-options=\"%7B%22duration%22:600,%22iterations%22:1%7D\" data-brz-hover-reversible=\"true\" data-brz-hover-target=\"%22firstChild%22\"><span class=\"brz-icon brz-span brz-css-fXRt1 brz-css-og96T\"><\/span><\/div>\n<\/div>\n<div class=\"brz-text-btn\">\n<div class=\"brz-rich-text brz-rich-text__custom brz-css-oi0G3\" data-brz-custom-id=\"wxLKne4D25Zy\">\n<div data-brz-translate-text=\"1\">\n<h6 class=\"brz-mb-lg-0 brz-lh-lg-1_2 brz-ls-lg-0 brz-fw-lg-600 brz-fss-lg-px brz-fs-lg-24 brz-ft-upload brz-ff-ozhkiphnhvhspgnsirfckwjaxjgjldcctydj brz-tp-lg-empty brz-text-lg-justify brz-text-xs-left brz-css-en1Kx\" data-uniq-id=\"qITek\" data-generated-css=\"brz-css-ej4nW\">Uzm. Dt. Alican TEZER\u0130\u015eENER<\/h6>\n<h4 class=\"brz-lh-lg-1_2 brz-ls-lg-m_0_5 brz-fw-lg-500 brz-fss-lg-px brz-fs-lg-18 brz-ft-upload brz-ff-ozhkiphnhvhspgnsirfckwjaxjgjldcctydj brz-tp-lg-empty ql-align-center brz-mb-lg-10 brz-css-hzL24\" data-uniq-id=\"jy5KI\" data-generated-css=\"brz-css-kjjmo\"><span class=\"brz-cp-color2\">Oral, Dental and Maxillofacial Surgeon<\/span><\/h4>\n<p class=\"brz-lh-lg-1_9 brz-ls-lg-0 brz-fw-lg-400 brz-fss-lg-px brz-fs-lg-14 brz-ft-upload brz-ff-ozhkiphnhvhspgnsirfckwjaxjgjldcctydj brz-tp-lg-empty brz-css-qRyti\" data-uniq-id=\"nh32n\" data-generated-css=\"brz-css-vez1l\"><span class=\"brz-cp-color7\">Alican Tezeri\u015fener was born in Bursa in 1990. After graduating from Marmara University in 2014, he completed his speciality education at Akdeniz University Faculty of Dentistry and received the title of Oral, Dental and Maxillofacial Surgery specialist in 2019. In addition to working in many different private clinics, he has been working at ARD Clinic since 2021.<\/span><\/p>\n<\/div>\n<\/div>\n<\/div>\n<\/div>\n<\/div>\n<\/div>\n<\/div>\n<\/div>\n<\/div>\n<\/div>\n<\/div>\n<\/div>\n<\/div>\n<\/div>\n<\/div>\n<\/section>\n<\/div>\n<p>    <!-- version:1734444325 --><\/p>\n","protected":false},"excerpt":{"rendered":"<p>PARTNER DOCTORS Specialised names in health, personalised service. Specialised names in health, personalised service.Our agency works with specialised doctors to provide you with the highest quality healthcare services. Our doctors are health professionals who have extensive experience in their fields, follow up-to-date medical information and constantly improve themselves. Time Travel partners with doctors renowned for [&hellip;]<\/p>\n","protected":false},"author":1,"featured_media":0,"parent":20125,"menu_order":2,"comment_status":"closed","ping_status":"closed","template":"","meta":{"footnotes":""},"class_list":["post-20128","page","type-page","status-publish","hentry"],"blocksy_meta":[],"_links":{"self":[{"href":"https:\/\/timetravelaesthetic.com\/en\/wp-json\/wp\/v2\/pages\/20128","targetHints":{"allow":["GET"]}}],"collection":[{"href":"https:\/\/timetravelaesthetic.com\/en\/wp-json\/wp\/v2\/pages"}],"about":[{"href":"https:\/\/timetravelaesthetic.com\/en\/wp-json\/wp\/v2\/types\/page"}],"author":[{"embeddable":true,"href":"https:\/\/timetravelaesthetic.com\/en\/wp-json\/wp\/v2\/users\/1"}],"replies":[{"embeddable":true,"href":"https:\/\/timetravelaesthetic.com\/en\/wp-json\/wp\/v2\/comments?post=20128"}],"version-history":[{"count":1,"href":"https:\/\/timetravelaesthetic.com\/en\/wp-json\/wp\/v2\/pages\/20128\/revisions"}],"predecessor-version":[{"id":24290,"href":"https:\/\/timetravelaesthetic.com\/en\/wp-json\/wp\/v2\/pages\/20128\/revisions\/24290"}],"up":[{"embeddable":true,"href":"https:\/\/timetravelaesthetic.com\/en\/wp-json\/wp\/v2\/pages\/20125"}],"wp:attachment":[{"href":"https:\/\/timetravelaesthetic.com\/en\/wp-json\/wp\/v2\/media?parent=20128"}],"curies":[{"name":"wp","href":"https:\/\/api.w.org\/{rel}","templated":true}]}}