{"id":20129,"date":"2023-11-19T14:52:46","date_gmt":"2023-11-19T14:52:46","guid":{"rendered":"https:\/\/time3.vl-staging.com\/doktorlar\/doktorlar-sac\/"},"modified":"2025-07-04T11:19:05","modified_gmt":"2025-07-04T11:19:05","slug":"doktorlar-sac","status":"publish","type":"page","link":"https:\/\/timetravelaesthetic.com\/en\/doktorlar\/doktorlar-sac\/","title":{"rendered":"Doktorlar-Sa\u00e7 EN"},"content":{"rendered":"<div class=\"brz-root__container brz-reset-all brz\">\n<section id=\"_xUvAhvoFS_Qv\" class=\"brz-section brz-css-no20P\">\n<div class=\"brz-section__content brz-section--boxed brz-css-ylSPl brz-css-cxWf2\" data-brz-custom-id=\"cOGoD9OkcLmV\">\n<div class=\"brz-bg\">\n<div class=\"brz-bg-image\"><\/div>\n<\/div>\n<div class=\"brz-container brz-css-cyhUB\">\n<div id=\"\" class=\"brz-css-vO3Kk brz-css-rMZJI brz-wrapper\">\n<div class=\"brz-rich-text brz-rich-text__custom brz-css-uv9Ai\" data-brz-custom-id=\"hCbfs8KRJl98\">\n<div data-brz-translate-text=\"1\">\n<h2 class=\"brz-mt-lg-20 brz-fsft-lg-0 brz-fwdth-lg-100 brz-vfw-lg-400 brz-lh-lg-1_3 brz-ls-lg-m_1_5 brz-fw-lg-600 brz-fss-lg-px brz-fs-lg-46 brz-ft-upload brz-ff-ozhkiphnhvhspgnsirfckwjaxjgjldcctydj brz-tp-lg-empty brz-fs-xs-36 brz-tp-xs-empty brz-lh-xs-1_3 brz-ls-xs-m_1 brz-fw-xs-700 brz-fss-xs-px brz-text-lg-center brz-css-qWo1_\" data-uniq-id=\"qzrB9\" data-generated-css=\"brz-css-jzpoU\">PARTNER DOCTORS<\/h2>\n<\/div>\n<\/div>\n<\/div>\n<div id=\"\" class=\"brz-css-vO3Kk brz-css-bJe4i brz-wrapper\">\n<div class=\"brz-rich-text brz-rich-text__custom brz-css-uv9Ai\" data-brz-custom-id=\"kuFspNsYo_LD\">\n<div data-brz-translate-text=\"1\">\n<h2 class=\"brz-text-lg-center brz-tp-lg-heading2 brz-fss-xs-px brz-fw-xs-700 brz-ls-xs-m_1 brz-lh-xs-1_3 brz-tp-xs-empty brz-fs-xs-36 ql-align-center brz-css-ixLM3\" data-generated-css=\"brz-css-sv3jr\" data-uniq-id=\"v5f09\"><strong class=\"brz-cp-color2\">Specialised names in health, personalised service. <\/strong><\/h2>\n<\/div>\n<\/div>\n<\/div>\n<div id=\"\" class=\"brz-css-vO3Kk brz-css-nEzMy brz-wrapper\">\n<div class=\"brz-rich-text brz-rich-text__custom brz-css-uv9Ai\" data-brz-custom-id=\"z3RKCllTiQ8i\">\n<div data-brz-translate-text=\"1\">\n<p class=\"brz-tp-lg-subtitle brz-bcp-color2 brz-text-lg-center brz-css-flmXX\" data-generated-css=\"brz-css-qKiq7\" data-uniq-id=\"yO9af\"><span class=\"brz-cp-color2\">Specialised names in health, personalised service.Our agency works with specialised doctors to provide you with the highest quality healthcare services. Our doctors are health professionals who have extensive experience in their fields, follow up-to-date medical information and constantly improve themselves.  Time Travel partners with doctors renowned for their high patient satisfaction rates to help you attain your desired appearance.<\/span><\/p>\n<\/div>\n<\/div>\n<\/div>\n<div id=\"\" class=\"brz-css-vO3Kk brz-css-h88hS brz-css-tNyBH brz-wrapper\">\n<div class=\"brz-spacer brz-css-iVqSQ brz-css-uajI1\"><\/div>\n<\/div>\n<div class=\"brz-row__container brz-css-mhKLQ\" data-brz-custom-id=\"kyyxRZuXPZmM\">\n<div class=\"brz-bg\"><\/div>\n<div class=\"brz-row brz-css-iN4D2 brz-css-zKgE1\">\n<div class=\"brz-columns brz-css-kOy8C brz-css-ojr7X\" data-brz-custom-id=\"p2d8G4N1uOTP\">\n<div class=\"brz-column__items brz-css-t1BN2 brz-css-jUfRW\">\n<div class=\"brz-row__container brz-css-mhKLQ\" data-brz-custom-id=\"lWBHcJo4yA4g\">\n<div class=\"brz-bg\"><\/div>\n<div class=\"brz-row brz-row--inner brz-css-iN4D2 brz-css-zKgE1\">\n<div class=\"brz-columns brz-css-kOy8C brz-css-c8kXp\" data-brz-custom-id=\"g_tCFjE6b5lA\">\n<div class=\"brz-bg\">\n<div class=\"brz-bg-color\"><\/div>\n<\/div>\n<div class=\"brz-column__items brz-css-t1BN2 brz-css-wticn\">\n<div id=\"\" class=\"brz-css-vO3Kk brz-css-jZz17 brz-wrapper\">\n<div class=\"brz-image brz-css-lBa4I brz-css-ud6bu\" data-brz-custom-id=\"lAwk5X9PhA2C\"><img decoding=\"async\" class=\"brz-img\" src=\"https:\/\/timetravelaesthetic.com\/en?brizy_media=wp-7c2c8bb5616dd4f75f22620f69bac946.png&amp;brizy_crop=original\" alt=\"\" loading=\"lazy\"><\/div>\n<\/div>\n<\/div>\n<\/div>\n<div class=\"brz-columns brz-css-kOy8C brz-css-k_MkT\" data-brz-custom-id=\"y0EtUhSCoYvE\">\n<div class=\"brz-bg\">\n<div class=\"brz-bg-color\"><\/div>\n<\/div>\n<div class=\"brz-column__items brz-css-t1BN2 brz-css-vNtBr\">\n<div id=\"\" class=\"brz-css-vO3Kk brz-css-eUPsc brz-wrapper\">\n<div class=\"brz-icon-text brz-css-p5fgD\" data-brz-custom-id=\"oaAfe4JL_DM3\">\n<div class=\"brz-icon__container\" data-brz-custom-id=\"s3DBz7nn__nV\">\n<div class=\"brz-hover-animation__container\" data-brz-hover-animationid=\"s3DBz7nn__nV\" data-brz-hover-options=\"%7B%22duration%22:600,%22iterations%22:1%7D\" data-brz-hover-reversible=\"true\" data-brz-hover-target=\"%22firstChild%22\"><span class=\"brz-icon brz-span brz-css-qjWA6 brz-css-jhDnp\"><\/span><\/div>\n<\/div>\n<div class=\"brz-text-btn\">\n<div class=\"brz-rich-text brz-rich-text__custom brz-css-uv9Ai\" data-brz-custom-id=\"vQcdQpQldVeC\">\n<div data-brz-translate-text=\"1\">\n<h6 class=\"brz-text-lg-justify brz-tp-lg-empty brz-ff-ozhkiphnhvhspgnsirfckwjaxjgjldcctydj brz-ft-upload brz-fs-lg-24 brz-fss-lg-px brz-fw-lg-600 brz-ls-lg-0 brz-lh-lg-1_2 brz-mb-lg-0 brz-css-e6Ede\" data-generated-css=\"brz-css-pzXUr\" data-uniq-id=\"mO3DP\">Banu \u00c7a\u011flar<\/h6>\n<h4 class=\"brz-mb-lg-10 ql-align-center brz-tp-lg-empty brz-ff-ozhkiphnhvhspgnsirfckwjaxjgjldcctydj brz-ft-upload brz-fs-lg-18 brz-fss-lg-px brz-fw-lg-500 brz-ls-lg-m_0_5 brz-lh-lg-1_2 brz-css-tnImW\" data-generated-css=\"brz-css-wcHGl\" data-uniq-id=\"yn7sU\"><span class=\"brz-cp-color2\">Dermatology and Cosmetology Specialist<\/span><\/h4>\n<p class=\"brz-tp-lg-empty brz-ff-ozhkiphnhvhspgnsirfckwjaxjgjldcctydj brz-ft-upload brz-fs-lg-14 brz-fss-lg-px brz-fw-lg-400 brz-ls-lg-0 brz-lh-lg-1_9 brz-css-kH_lF\" data-generated-css=\"brz-css-oOtkI\" data-uniq-id=\"j765R\"><span class=\"brz-cp-color7\">Dr. Banu \u00c7a\u011flar was born in ANKARA in 1985. She graduated from Ankara Atat\u00fcrk Anatolian High School and started her medical education at Gazi University Faculty of Medicine in 2003. She started her specialisation in dermatology at Ankara University, Department of Dermatology in 2009 and qualified as a specialist in 2014. He received his speciality thesis with a study showing the effectiveness of Intense Pulsed Light Therapy in Rosacea. In 2014, he was entitled to receive the Turkish Dermatology Qualification (Board) Certificate<\/span><\/p>\n<\/div>\n<\/div>\n<\/div>\n<\/div>\n<\/div>\n<\/div>\n<\/div>\n<\/div>\n<\/div>\n<\/div>\n<\/div>\n<\/div>\n<\/div>\n<\/div>\n<\/div>\n<\/section>\n<\/div>\n<p>    <!-- version:1733377265 --><\/p>\n","protected":false},"excerpt":{"rendered":"<p>PARTNER DOCTORS Specialised names in health, personalised service. Specialised names in health, personalised service.Our agency works with specialised doctors to provide you with the highest quality healthcare services. Our doctors are health professionals who have extensive experience in their fields, follow up-to-date medical information and constantly improve themselves. Time Travel partners with doctors renowned for [&hellip;]<\/p>\n","protected":false},"author":1,"featured_media":0,"parent":20125,"menu_order":3,"comment_status":"closed","ping_status":"closed","template":"","meta":{"footnotes":""},"class_list":["post-20129","page","type-page","status-publish","hentry"],"blocksy_meta":[],"_links":{"self":[{"href":"https:\/\/timetravelaesthetic.com\/en\/wp-json\/wp\/v2\/pages\/20129","targetHints":{"allow":["GET"]}}],"collection":[{"href":"https:\/\/timetravelaesthetic.com\/en\/wp-json\/wp\/v2\/pages"}],"about":[{"href":"https:\/\/timetravelaesthetic.com\/en\/wp-json\/wp\/v2\/types\/page"}],"author":[{"embeddable":true,"href":"https:\/\/timetravelaesthetic.com\/en\/wp-json\/wp\/v2\/users\/1"}],"replies":[{"embeddable":true,"href":"https:\/\/timetravelaesthetic.com\/en\/wp-json\/wp\/v2\/comments?post=20129"}],"version-history":[{"count":1,"href":"https:\/\/timetravelaesthetic.com\/en\/wp-json\/wp\/v2\/pages\/20129\/revisions"}],"predecessor-version":[{"id":24291,"href":"https:\/\/timetravelaesthetic.com\/en\/wp-json\/wp\/v2\/pages\/20129\/revisions\/24291"}],"up":[{"embeddable":true,"href":"https:\/\/timetravelaesthetic.com\/en\/wp-json\/wp\/v2\/pages\/20125"}],"wp:attachment":[{"href":"https:\/\/timetravelaesthetic.com\/en\/wp-json\/wp\/v2\/media?parent=20129"}],"curies":[{"name":"wp","href":"https:\/\/api.w.org\/{rel}","templated":true}]}}