{"id":20130,"date":"2023-11-19T14:54:14","date_gmt":"2023-11-19T14:54:14","guid":{"rendered":"https:\/\/time3.vl-staging.com\/doktorlar\/doktorlar-goz\/"},"modified":"2025-07-01T15:56:35","modified_gmt":"2025-07-01T15:56:35","slug":"doktorlar-goz","status":"publish","type":"page","link":"https:\/\/timetravelaesthetic.com\/en\/doktorlar\/doktorlar-goz\/","title":{"rendered":"Doktorlar-G\u00f6z EN"},"content":{"rendered":"<div class=\"brz-root__container brz-reset-all brz\">\n<section id=\"_uXS2OE9RndFx\" class=\"brz-section brz-css-zngLw\">\n<div class=\"brz-section__content brz-section--boxed brz-css-ou8co brz-css-aakB0\" data-brz-custom-id=\"fiyoXp8KV2R8\">\n<div class=\"brz-bg\">\n<div class=\"brz-bg-image\"><\/div>\n<\/div>\n<div class=\"brz-container brz-css-vy89P\">\n<div id=\"\" class=\"brz-css-q6KYK brz-css-cSlPa brz-wrapper\">\n<div class=\"brz-rich-text brz-rich-text__custom brz-css-k00Sk\" data-brz-custom-id=\"jIRkH7FOlhz0\">\n<div data-brz-translate-text=\"1\">\n<h2 class=\"brz-mt-lg-20 brz-fsft-lg-0 brz-fwdth-lg-100 brz-vfw-lg-400 brz-lh-lg-1_3 brz-ls-lg-m_1_5 brz-fw-lg-600 brz-fss-lg-px brz-fs-lg-46 brz-ft-upload brz-ff-ozhkiphnhvhspgnsirfckwjaxjgjldcctydj brz-tp-lg-empty brz-fs-xs-36 brz-tp-xs-empty brz-lh-xs-1_3 brz-ls-xs-m_1 brz-fw-xs-700 brz-fss-xs-px brz-text-lg-center brz-css-vC2eu\" data-uniq-id=\"qzrB9\" data-generated-css=\"brz-css-jzpoU\">PARTNER DOCTORS<\/h2>\n<\/div>\n<\/div>\n<\/div>\n<div id=\"\" class=\"brz-css-q6KYK brz-css-gnCj1 brz-wrapper\">\n<div class=\"brz-rich-text brz-rich-text__custom brz-css-k00Sk\" data-brz-custom-id=\"ihrjfSINBKJB\">\n<div data-brz-translate-text=\"1\">\n<h2 class=\"brz-text-lg-center brz-tp-lg-heading2 brz-fss-xs-px brz-fw-xs-700 brz-ls-xs-m_1 brz-lh-xs-1_3 brz-tp-xs-empty brz-fs-xs-36 ql-align-center brz-css-ytBZi\" data-generated-css=\"brz-css-sv3jr\" data-uniq-id=\"v5f09\"><strong class=\"brz-cp-color2\">Specialised names in health, personalised service. <\/strong><\/h2>\n<\/div>\n<\/div>\n<\/div>\n<div id=\"\" class=\"brz-css-q6KYK brz-css-nVzGW brz-wrapper\">\n<div class=\"brz-rich-text brz-rich-text__custom brz-css-k00Sk\" data-brz-custom-id=\"exB_gzrNyKQb\">\n<div data-brz-translate-text=\"1\">\n<p class=\"brz-tp-lg-subtitle brz-bcp-color2 brz-text-lg-center brz-css-gjuxd\" data-generated-css=\"brz-css-lW3AF\" data-uniq-id=\"dFqM2\"><span class=\"brz-cp-color2\">Specialised names in health, personalised service.Our agency works with specialised doctors to provide you with the highest quality healthcare services. Our doctors are health professionals who have extensive experience in their fields, follow up-to-date medical information and constantly improve themselves.  Time Travel partners with doctors renowned for their high patient satisfaction rates to help you attain your desired appearance.<\/span><\/p>\n<\/div>\n<\/div>\n<\/div>\n<div id=\"\" class=\"brz-css-q6KYK brz-css-cOucK brz-css-czTHc brz-wrapper\">\n<div class=\"brz-spacer brz-css-sQXON brz-css-fUTcf\"><\/div>\n<\/div>\n<div class=\"brz-row__container brz-css-sOfq9\" data-brz-custom-id=\"zs_j2k889G_Q\">\n<div class=\"brz-bg\"><\/div>\n<div class=\"brz-row brz-css-tuNUZ brz-css-gAGZd\">\n<div class=\"brz-columns brz-css-aXkAC brz-css-bClYc\" data-brz-custom-id=\"g8M06lEElRX2\">\n<div class=\"brz-column__items brz-css-snQ0D brz-css-snLYg\">\n<div class=\"brz-row__container brz-css-sOfq9\" data-brz-custom-id=\"g1BYA0alftmh\">\n<div class=\"brz-bg\"><\/div>\n<div class=\"brz-row brz-row--inner brz-css-tuNUZ brz-css-gAGZd\">\n<div class=\"brz-columns brz-css-aXkAC brz-css-tj2nL\" data-brz-custom-id=\"kcYTLw1GRFhA\">\n<div class=\"brz-bg\">\n<div class=\"brz-bg-color\"><\/div>\n<\/div>\n<div class=\"brz-column__items brz-css-snQ0D brz-css-mDkol\">\n<div id=\"\" class=\"brz-css-q6KYK brz-css-ll60T brz-wrapper\">\n<div class=\"brz-image brz-css-kbdtb brz-css-c1pFm\" data-brz-custom-id=\"hZZi18tclQY5\"><img decoding=\"async\" class=\"brz-img\" src=\"https:\/\/timetravelaesthetic.com\/en?brizy_media=wp-95890496739d399af20d41acb5ef4c14.jpeg&amp;brizy_crop=iW%3D436%26iH%3D436%26oX%3D0%26oY%3D0%26cW%3D436%26cH%3D436\" alt=\"\" loading=\"lazy\"><\/div>\n<\/div>\n<\/div>\n<\/div>\n<div class=\"brz-columns brz-css-aXkAC brz-css-egbCq\" data-brz-custom-id=\"rFBrGWPWiT9x\">\n<div class=\"brz-bg\">\n<div class=\"brz-bg-color\"><\/div>\n<\/div>\n<div class=\"brz-column__items brz-css-snQ0D brz-css-wOHPM\">\n<div id=\"\" class=\"brz-css-q6KYK brz-css-kk7hR brz-wrapper\">\n<div class=\"brz-icon-text brz-css-h9CYU\" data-brz-custom-id=\"mKQI79EKFvSM\">\n<div class=\"brz-icon__container\" data-brz-custom-id=\"wxydcolbq5zA\">\n<div class=\"brz-hover-animation__container\" data-brz-hover-animationid=\"wxydcolbq5zA\" data-brz-hover-options=\"%7B%22duration%22:600,%22iterations%22:1%7D\" data-brz-hover-reversible=\"true\" data-brz-hover-target=\"%22firstChild%22\"><span class=\"brz-icon brz-span brz-css-nqXTw brz-css-jZHIh\"><\/span><\/div>\n<\/div>\n<div class=\"brz-text-btn\">\n<div class=\"brz-rich-text brz-rich-text__custom brz-css-k00Sk\" data-brz-custom-id=\"emugJdC8WJCB\">\n<div data-brz-translate-text=\"1\">\n<h6 class=\"brz-mb-lg-0 brz-lh-lg-1_2 brz-ls-lg-0 brz-fw-lg-600 brz-fss-lg-px brz-fs-lg-24 brz-ft-upload brz-ff-ozhkiphnhvhspgnsirfckwjaxjgjldcctydj brz-tp-lg-empty brz-text-lg-justify brz-css-p4zzd\" data-uniq-id=\"sW0hS\" data-generated-css=\"brz-css-qXEnU\"><span class=\"brz-cp-color2\">U\u011fur Balc\u0131<\/span><\/h6>\n<h4 class=\"brz-lh-lg-1_2 brz-ls-lg-m_0_5 brz-fw-lg-500 brz-fss-lg-px brz-fs-lg-18 brz-ft-upload brz-ff-ozhkiphnhvhspgnsirfckwjaxjgjldcctydj brz-tp-lg-empty ql-align-center brz-mb-lg-10 brz-css-hNDqF\" data-uniq-id=\"iiczD\" data-generated-css=\"brz-css-cCfTX\"><span class=\"brz-cp-color2\">Ophthalmology<\/span><\/h4>\n<p class=\"brz-lh-lg-1_9 brz-ls-lg-0 brz-fw-lg-400 brz-fss-lg-px brz-fs-lg-14 brz-ft-upload brz-ff-ozhkiphnhvhspgnsirfckwjaxjgjldcctydj brz-tp-lg-empty brz-css-iMh6g\" data-uniq-id=\"i7Vqm\" data-generated-css=\"brz-css-lLOqS\"><span class=\"brz-cp-color7\">After completing his primary and secondary education, he entered Ankara University Faculty of Medicine in 2006 and graduated in 2012. In 2012, he started to work as an assistant in Antalya Training and Research Hospital and Akdeniz University Faculty of Medicine Eye Clinic. In 2012, he received his speciality in Ophthalmology and Surgery. He continues his work at Veni Vidi Eye Hospital and has exceeded 10,000 cases during his career.<\/span><\/p>\n<\/div>\n<\/div>\n<\/div>\n<\/div>\n<\/div>\n<\/div>\n<\/div>\n<\/div>\n<\/div>\n<\/div>\n<\/div>\n<\/div>\n<\/div>\n<div class=\"brz-row__container brz-css-sOfq9\" data-brz-custom-id=\"l_flRUi61jPK\">\n<div class=\"brz-bg\"><\/div>\n<div class=\"brz-row brz-css-tuNUZ brz-css-gAGZd\">\n<div class=\"brz-columns brz-css-aXkAC brz-css-bSbti\" data-brz-custom-id=\"cUaqHD1pXxwA\">\n<div class=\"brz-column__items brz-css-snQ0D brz-css-pOXDk\">\n<div class=\"brz-row__container brz-css-sOfq9\" data-brz-custom-id=\"ecoxcFsq2kzJ\">\n<div class=\"brz-bg\"><\/div>\n<div class=\"brz-row brz-row--inner brz-css-tuNUZ brz-css-gAGZd\">\n<div class=\"brz-columns brz-css-aXkAC brz-css-eOVew\" data-brz-custom-id=\"k2LeE003KhpK\">\n<div class=\"brz-bg\">\n<div class=\"brz-bg-color\"><\/div>\n<\/div>\n<div class=\"brz-column__items brz-css-snQ0D brz-css-j0CFj\">\n<div id=\"\" class=\"brz-css-q6KYK brz-css-u7BLQ brz-wrapper\">\n<div class=\"brz-image brz-css-nkh_q brz-css-fzvGq\" data-brz-custom-id=\"mP12t3xPv5ME\"><img decoding=\"async\" class=\"brz-img\" src=\"https:\/\/timetravelaesthetic.com\/en?brizy_media=wp-81cc705bc5d067d587e34c688012f574.jpeg&amp;brizy_crop=iW%3D436%26iH%3D436%26oX%3D0%26oY%3D0%26cW%3D436%26cH%3D436\" alt=\"\" loading=\"lazy\"><\/div>\n<\/div>\n<\/div>\n<\/div>\n<div class=\"brz-columns brz-css-aXkAC brz-css-tFarZ\" data-brz-custom-id=\"wAhTPY84ttxz\">\n<div class=\"brz-bg\">\n<div class=\"brz-bg-color\"><\/div>\n<\/div>\n<div class=\"brz-column__items brz-css-snQ0D brz-css-coUre\">\n<div id=\"\" class=\"brz-css-q6KYK brz-css-a3ilv brz-wrapper\">\n<div class=\"brz-icon-text brz-css-h9CYU\" data-brz-custom-id=\"pUA5DIieaTU5\">\n<div class=\"brz-icon__container\" data-brz-custom-id=\"v47XnuRJ7MhZ\">\n<div class=\"brz-hover-animation__container\" data-brz-hover-animationid=\"v47XnuRJ7MhZ\" data-brz-hover-options=\"%7B%22duration%22:600,%22iterations%22:1%7D\" data-brz-hover-reversible=\"true\" data-brz-hover-target=\"%22firstChild%22\"><span class=\"brz-icon brz-span brz-css-nqXTw brz-css-ySGVI\"><\/span><\/div>\n<\/div>\n<div class=\"brz-text-btn\">\n<div class=\"brz-rich-text brz-rich-text__custom brz-css-k00Sk\" data-brz-custom-id=\"fMGkiTWGP0M3\">\n<div data-brz-translate-text=\"1\">\n<h6 class=\"brz-text-lg-justify brz-tp-lg-empty brz-ff-ozhkiphnhvhspgnsirfckwjaxjgjldcctydj brz-ft-upload brz-fs-lg-24 brz-fss-lg-px brz-fw-lg-600 brz-ls-lg-0 brz-lh-lg-1_2 brz-mb-lg-0 brz-css-oyI9v\" data-generated-css=\"brz-css-qH3NF\" data-uniq-id=\"yzIxq\"><span class=\"brz-cp-color2\">Prof. Dr. Elif T\u00fcrko\u011flu<\/span><\/h6>\n<h4 class=\"brz-mb-lg-10 ql-align-center brz-tp-lg-empty brz-ff-ozhkiphnhvhspgnsirfckwjaxjgjldcctydj brz-ft-upload brz-fs-lg-18 brz-fss-lg-px brz-fw-lg-500 brz-ls-lg-m_0_5 brz-lh-lg-1_2 brz-css-esRUU\" data-generated-css=\"brz-css-xlZtJ\" data-uniq-id=\"vPgVj\"><span class=\"brz-cp-color2\">Ophthalmology<\/span><\/h4>\n<p class=\"brz-tp-lg-empty brz-ff-ozhkiphnhvhspgnsirfckwjaxjgjldcctydj brz-ft-upload brz-fs-lg-14 brz-fss-lg-px brz-fw-lg-400 brz-ls-lg-0 brz-lh-lg-1_9 brz-text-xs-left brz-css-pF5Zw\" data-generated-css=\"brz-css-i0ehf\" data-uniq-id=\"ptxKb\"><span class=\"brz-cp-color7\">In 2005, Dr. Elif Bet\u00fcl T\u00fcrko\u011flu, who graduated as the first in the university, received a high score in the TUS exam and started her specialty training at Ankara Hospital Eye Hospital. After 2010, she worked in Sakarya University Training and Research Hospital Eye Aesthetics department. In 2014, she started to work as an Assistant Professor at Akdeniz University Faculty of Medicine Eye Hospital. He focused his studies on eye cancers and worked as a Dr. at the Wills Eye Institute Ocular Oncology unit in the USA between 2015-2016. She completed her master&#8217;s degree under the supervision of Carol Shields. He received the title of Associate Professor in March 2017. In 2019, he participated as an observer in the Tokyo National Cancer Centre, which applied intraarterial chemotherapy treatment for retinoblastoma for the first time in the world. In November 2022, he became a Professor and focused his research on adult and paediatric ocular oncology, oculoplasty, cataract surgery and refractive visual defects. He has published over 150 scientific studies and numerous articles in international and national journals.<\/span><\/p>\n<\/div>\n<\/div>\n<\/div>\n<\/div>\n<\/div>\n<\/div>\n<\/div>\n<\/div>\n<\/div>\n<\/div>\n<\/div>\n<\/div>\n<\/div>\n<div class=\"brz-row__container brz-css-sOfq9\" data-brz-custom-id=\"vAHe4MLh0uUI\">\n<div class=\"brz-bg\"><\/div>\n<div class=\"brz-row brz-css-tuNUZ brz-css-gAGZd\">\n<div class=\"brz-columns brz-css-aXkAC brz-css-i6Ut8\" data-brz-custom-id=\"vv4ZBUgQUcfb\">\n<div class=\"brz-column__items brz-css-snQ0D brz-css-iuVUX\">\n<div class=\"brz-row__container brz-css-sOfq9\" data-brz-custom-id=\"w7BLkavC47Hc\">\n<div class=\"brz-bg\"><\/div>\n<div class=\"brz-row brz-row--inner brz-css-tuNUZ brz-css-gAGZd\">\n<div class=\"brz-columns brz-css-aXkAC brz-css-mzuCS\" data-brz-custom-id=\"uFecqj9Ms9oH\">\n<div class=\"brz-bg\">\n<div class=\"brz-bg-color\"><\/div>\n<\/div>\n<div class=\"brz-column__items brz-css-snQ0D brz-css-ul5Iq\">\n<div id=\"\" class=\"brz-css-q6KYK brz-css-rhEIN brz-wrapper\">\n<div class=\"brz-image brz-css-yRx6t brz-css-kecI5\" data-brz-custom-id=\"bChAbU1fVeEi\"><img decoding=\"async\" class=\"brz-img\" src=\"https:\/\/timetravelaesthetic.com\/en?brizy_media=wp-3674270e97d70b5732221c2e5f19c855.jpg&amp;brizy_crop=original\" alt=\"\" loading=\"lazy\"><\/div>\n<\/div>\n<\/div>\n<\/div>\n<div class=\"brz-columns brz-css-aXkAC brz-css-l6fAU\" data-brz-custom-id=\"kbrxpxUvMhrP\">\n<div class=\"brz-bg\">\n<div class=\"brz-bg-color\"><\/div>\n<\/div>\n<div class=\"brz-column__items brz-css-snQ0D brz-css-kMQ0d\">\n<div id=\"\" class=\"brz-css-q6KYK brz-css-f4zH6 brz-wrapper\">\n<div class=\"brz-icon-text brz-css-h9CYU\" data-brz-custom-id=\"bN4jEYkHttJL\">\n<div class=\"brz-icon__container\" data-brz-custom-id=\"vzKkjVgzTV5Y\">\n<div class=\"brz-hover-animation__container\" data-brz-hover-animationid=\"vzKkjVgzTV5Y\" data-brz-hover-options=\"%7B%22duration%22:600,%22iterations%22:1%7D\" data-brz-hover-reversible=\"true\" data-brz-hover-target=\"%22firstChild%22\"><span class=\"brz-icon brz-span brz-css-nqXTw brz-css-uluvh\"><\/span><\/div>\n<\/div>\n<div class=\"brz-text-btn\">\n<div class=\"brz-rich-text brz-rich-text__custom brz-css-k00Sk\" data-brz-custom-id=\"jAmq2Obl0Ev_\">\n<div data-brz-translate-text=\"1\">\n<h6 class=\"brz-mb-lg-0 brz-lh-lg-1_2 brz-ls-lg-0 brz-fw-lg-600 brz-fss-lg-px brz-fs-lg-24 brz-ft-upload brz-ff-ozhkiphnhvhspgnsirfckwjaxjgjldcctydj brz-tp-lg-empty brz-text-lg-justify brz-css-bTqgp\" data-uniq-id=\"d8ehe\" data-generated-css=\"brz-css-vNn5i\">Fer\u015fat Muhacir<\/h6>\n<h4 class=\"brz-lh-lg-1_2 brz-ls-lg-m_0_5 brz-fw-lg-500 brz-fss-lg-px brz-fs-lg-18 brz-ft-upload brz-ff-ozhkiphnhvhspgnsirfckwjaxjgjldcctydj brz-tp-lg-empty ql-align-center brz-mb-lg-10 brz-css-kkBSw\" data-uniq-id=\"s12jb\" data-generated-css=\"brz-css-bL6kK\"><span class=\"brz-cp-color2\">Ophthalmology<\/span><\/h4>\n<p class=\"brz-lh-lg-1_9 brz-ls-lg-0 brz-fw-lg-400 brz-fss-lg-px brz-fs-lg-14 brz-ft-upload brz-ff-ozhkiphnhvhspgnsirfckwjaxjgjldcctydj brz-tp-lg-empty brz-css-jGQX2\" data-uniq-id=\"oPIOD\" data-generated-css=\"brz-css-eqteZ\"><span class=\"brz-cp-color7\">After completing his primary and secondary education in Ankara, he entered \u00c7ukurova University Faculty of Medicine in 1986 and graduated in 1992. In 1993, he started to work as an assistant in 19 May\u0131s University Faculty of Medicine Eye Clinic and after studying at Gazi University, he worked in the Eye Clinic for 6 months in 1996 and received his speciality in Ophthalmology and Surgery in 1997. After his specialisation, he went to the United States of America and worked as an observer at UCSF (University of California San Francisco). He travelled to the Netherlands and Austria and had the opportunity to work on modern cataract surgery. Dr Fer\u015fat Muhacir successfully passed the ICO (International Council of Ophthalmology, Clinical Evaluation) exam in April 2009. On 8 and 9 May 2009, he successfully passed the European Board of Ophthalmology in Paris and received the European Union Ophthalmology Specialist Diploma and the title of FEBO (Member of the European Board of Ophthalmology).<\/span><\/p>\n<\/div>\n<\/div>\n<\/div>\n<\/div>\n<\/div>\n<\/div>\n<\/div>\n<\/div>\n<\/div>\n<\/div>\n<\/div>\n<\/div>\n<\/div>\n<\/div>\n<\/div>\n<\/section>\n<\/div>\n<p>    <!-- version:1732448853 --><\/p>\n","protected":false},"excerpt":{"rendered":"<p>PARTNER DOCTORS Specialised names in health, personalised service. Specialised names in health, personalised service.Our agency works with specialised doctors to provide you with the highest quality healthcare services. Our doctors are health professionals who have extensive experience in their fields, follow up-to-date medical information and constantly improve themselves. Time Travel partners with doctors renowned for [&hellip;]<\/p>\n","protected":false},"author":1,"featured_media":0,"parent":20125,"menu_order":4,"comment_status":"closed","ping_status":"closed","template":"","meta":{"footnotes":""},"class_list":["post-20130","page","type-page","status-publish","hentry"],"blocksy_meta":[],"_links":{"self":[{"href":"https:\/\/timetravelaesthetic.com\/en\/wp-json\/wp\/v2\/pages\/20130","targetHints":{"allow":["GET"]}}],"collection":[{"href":"https:\/\/timetravelaesthetic.com\/en\/wp-json\/wp\/v2\/pages"}],"about":[{"href":"https:\/\/timetravelaesthetic.com\/en\/wp-json\/wp\/v2\/types\/page"}],"author":[{"embeddable":true,"href":"https:\/\/timetravelaesthetic.com\/en\/wp-json\/wp\/v2\/users\/1"}],"replies":[{"embeddable":true,"href":"https:\/\/timetravelaesthetic.com\/en\/wp-json\/wp\/v2\/comments?post=20130"}],"version-history":[{"count":1,"href":"https:\/\/timetravelaesthetic.com\/en\/wp-json\/wp\/v2\/pages\/20130\/revisions"}],"predecessor-version":[{"id":24292,"href":"https:\/\/timetravelaesthetic.com\/en\/wp-json\/wp\/v2\/pages\/20130\/revisions\/24292"}],"up":[{"embeddable":true,"href":"https:\/\/timetravelaesthetic.com\/en\/wp-json\/wp\/v2\/pages\/20125"}],"wp:attachment":[{"href":"https:\/\/timetravelaesthetic.com\/en\/wp-json\/wp\/v2\/media?parent=20130"}],"curies":[{"name":"wp","href":"https:\/\/api.w.org\/{rel}","templated":true}]}}