{"id":20516,"date":"2023-11-19T15:34:58","date_gmt":"2023-11-19T15:34:58","guid":{"rendered":"https:\/\/time3.vl-staging.com\/servisler\/estetik\/gogus-estetigi\/"},"modified":"2025-07-03T03:08:19","modified_gmt":"2025-07-03T03:08:19","slug":"gogus-estetigi","status":"publish","type":"page","link":"https:\/\/timetravelaesthetic.com\/en\/servisler\/estetik\/gogus-estetigi\/","title":{"rendered":"G\u00f6\u011f\u00fcs Esteti\u011fi EN"},"content":{"rendered":"<div class=\"brz-root__container brz-reset-all brz\">\n<section id=\"_fidtqyzvpxqsslmkvahoifsqedgenxhujabx\" class=\"brz-section brz-css-fOE3N\">\n<div class=\"brz-section__content brz-section--boxed brz-css-fKgFB brz-css-cpClY\" data-brz-custom-id=\"tktpusjiwfvvcsfwmrcfxrvurjgyeejdbiax\">\n<div class=\"brz-bg\">\n<div class=\"brz-bg-image\"><\/div>\n<div class=\"brz-bg-color\"><\/div>\n<\/div>\n<div class=\"brz-container brz-css-cYTH1\">\n<div class=\"brz-row__container brz-css-x4jum\" data-brz-custom-id=\"hmtyxgoszsbtogxddyenxphtqcnqtlcotxma\">\n<div class=\"brz-bg\"><\/div>\n<div class=\"brz-row brz-css-rnDom brz-css-zsxeG\">\n<div class=\"brz-columns brz-css-yAgs2 brz-css-fQk3i\" data-brz-custom-id=\"enrqknxsiouqownwkkzqwydoxxrgfazplqyj\">\n<div class=\"brz-bg\"><\/div>\n<div class=\"brz-column__items brz-css-ov1Qs brz-css-xHTi2\">\n<div id=\"\" class=\"brz-css-caSrV brz-css-zR4Ml brz-wrapper\">\n<div class=\"brz-rich-text brz-rich-text__custom brz-css-i75Fd\" data-brz-custom-id=\"objbzwisehomcgcgwbuwkgsdzqxmwemuyhsp\">\n<div data-brz-translate-text=\"1\">\n<p class=\"brz-fw-lg-400 brz-fss-lg-px brz-fs-lg-14 brz-ft-upload brz-ff-wezyasbxuqgubgesyrpopjmxdwuuvjhpghzy brz-tp-lg-empty brz-lh-lg-1_5 brz-ls-lg-1_1 brz-text-lg-left brz-css-bL1z_\" data-uniq-id=\"sj7XU\" data-generated-css=\"brz-css-to5Ee\"><span>Aesthetic<\/span><\/p>\n<\/div>\n<\/div>\n<\/div>\n<div id=\"\" class=\"brz-css-caSrV brz-css-uGYcc brz-wrapper\">\n<div class=\"brz-rich-text brz-rich-text__custom brz-css-i75Fd\" data-brz-custom-id=\"ufqvvtrznchtmpqyosvfuhyjqhstfiwipvqj\">\n<div data-brz-translate-text=\"1\">\n<p class=\"brz-fs-lg-54 brz-ft-upload brz-ff-ozhkiphnhvhspgnsirfckwjaxjgjldcctydj brz-tp-lg-empty brz-lh-lg-1_3 brz-ls-lg-m_1_5 brz-fw-lg-600 brz-fss-lg-px brz-text-lg-left brz-css-n2SCr\" data-uniq-id=\"uX5ed\" data-generated-css=\"brz-css-iK03G\"><span class=\"brz-cp-color2\">BREAST AESTHETICS<\/span><\/p>\n<\/div>\n<\/div>\n<\/div>\n<\/div>\n<\/div>\n<div class=\"brz-columns brz-css-yAgs2 brz-css-mOdIg\" data-brz-custom-id=\"yufgcgarkyossnwwmqyirwensctdtdbwaasu\">\n<div class=\"brz-bg\"><\/div>\n<div class=\"brz-column__items brz-css-ov1Qs brz-css-gI6SS\">\n<div id=\"\" class=\"brz-css-caSrV brz-css-uPc3i brz-wrapper\">\n<div class=\"brz-rich-text brz-rich-text__custom brz-css-i75Fd\" data-brz-custom-id=\"opcmomtupmiskpvirumyvpkavjrieraazdiv\">\n<div data-brz-translate-text=\"1\">\n<p class=\"brz-text-lg-left brz-ls-lg-0 brz-lh-lg-1_8 brz-tp-lg-empty brz-ff-wezyasbxuqgubgesyrpopjmxdwuuvjhpghzy brz-ft-upload brz-fs-lg-18 brz-fss-lg-px brz-fw-lg-300 brz-css-gGxD4\" data-generated-css=\"brz-css-aGyob\" data-uniq-id=\"j8lFi\"><span>We offer you special solutions in the field of breast aesthetics with our expert team of doctors and modern clinic. While you enjoy the change, we plan every remaining process for you.<\/span><\/p>\n<\/div>\n<\/div>\n<\/div>\n<\/div>\n<\/div>\n<\/div>\n<\/div>\n<div id=\"\" class=\"brz-css-caSrV brz-css-jptQ1 brz-wrapper\">\n<div class=\"brz-spacer brz-css-smswH brz-css-eSvXu\"><\/div>\n<\/div>\n<div class=\"brz-row__container brz-css-x4jum\" data-brz-custom-id=\"rvszxyatxwivvfcrxltokjunzcffutoigijz\">\n<div class=\"brz-bg\"><\/div>\n<div class=\"brz-row brz-css-rnDom brz-css-zsxeG\">\n<div class=\"brz-columns brz-css-yAgs2 brz-css-ix6sy\" data-brz-custom-id=\"mtxvszgksxhicqasiagvwetryczasfahrsej\">\n<div class=\"brz-bg\">\n<div class=\"brz-bg-image\"><\/div>\n<div class=\"brz-bg-color\"><\/div>\n<\/div>\n<div class=\"brz-column__items brz-css-ov1Qs brz-css-sGWyi\">\n<div id=\"\" class=\"brz-css-caSrV brz-css-jptQ1 brz-wrapper\">\n<div class=\"brz-spacer brz-css-smswH brz-css-cm275\"><\/div>\n<\/div>\n<div id=\"\" class=\"brz-css-caSrV brz-wrapper\">\n<div class=\"brz-rich-text brz-rich-text__custom brz-css-i75Fd\" data-brz-custom-id=\"vcfoxmtfeeywzcacnzkmzalywewnbnxukuva\">\n<div data-brz-translate-text=\"1\">\n<h2 class=\"brz-ls-lg-0 brz-fw-lg-700 brz-fss-lg-px brz-fs-lg-24 brz-ft-upload brz-ff-ozhkiphnhvhspgnsirfckwjaxjgjldcctydj brz-tp-lg-empty brz-lh-lg-1_3 brz-text-lg-center brz-css-sEJAr\" data-uniq-id=\"tswKH\" data-generated-css=\"brz-css-ps4uD\"><strong class=\"brz-cp-color8\">Gynecomastia<\/strong><\/h2>\n<\/div>\n<\/div>\n<\/div>\n<\/div>\n<p><a class=\"brz-a brz-container-link\" href=\"\/en\/servisler\/estetik\/gogus-estetigi\/erkek-meme-kucultme\/\" target=\"_self\" rel=\"noopener\" data-brz-link-type=\"external\"><\/a><\/div>\n<div class=\"brz-columns brz-css-yAgs2 brz-css-z3Gmh\" data-brz-custom-id=\"tovkgpzzlriczrrxabuvethidqsdmgilciwp\">\n<div class=\"brz-bg\">\n<div class=\"brz-bg-image\"><\/div>\n<div class=\"brz-bg-color\"><\/div>\n<\/div>\n<div class=\"brz-column__items brz-css-ov1Qs brz-css-pR9EC\">\n<div id=\"\" class=\"brz-css-caSrV brz-css-jptQ1 brz-wrapper\">\n<div class=\"brz-spacer brz-css-smswH brz-css-pn2Ab\"><\/div>\n<\/div>\n<div id=\"\" class=\"brz-css-caSrV brz-wrapper\">\n<div class=\"brz-rich-text brz-rich-text__custom brz-css-i75Fd\" data-brz-custom-id=\"puxoagalvgxhfcakppetelqipuqmzxhtsime\">\n<div data-brz-translate-text=\"1\">\n<h2 class=\"brz-text-lg-center brz-lh-lg-1_3 brz-tp-lg-empty brz-ff-ozhkiphnhvhspgnsirfckwjaxjgjldcctydj brz-ft-upload brz-fs-lg-24 brz-fss-lg-px brz-fw-lg-700 brz-ls-lg-0 brz-css-vFVPS\" data-generated-css=\"brz-css-iCtva\" data-uniq-id=\"gHM1i\"><strong class=\"brz-cp-color8\">Breast Implant Revision<\/strong><\/h2>\n<\/div>\n<\/div>\n<\/div>\n<\/div>\n<p><a class=\"brz-a brz-container-link\" href=\"\/en\/servisler\/estetik\/gogus-estetigi\/meme-implant-revizyonu\/\" target=\"_self\" rel=\"noopener\" data-brz-link-type=\"external\"><\/a><\/div>\n<div class=\"brz-columns brz-css-yAgs2 brz-css-i20BB\" data-brz-custom-id=\"mihqnvwsvzauawudhuntdgxalspujlifjzde\">\n<div class=\"brz-bg\">\n<div class=\"brz-bg-image\"><\/div>\n<div class=\"brz-bg-color\"><\/div>\n<\/div>\n<div class=\"brz-column__items brz-css-ov1Qs brz-css-tERsD\">\n<div id=\"\" class=\"brz-css-caSrV brz-css-jptQ1 brz-wrapper\">\n<div class=\"brz-spacer brz-css-smswH brz-css-f0RTf\"><\/div>\n<\/div>\n<div id=\"\" class=\"brz-css-caSrV brz-wrapper\">\n<div class=\"brz-rich-text brz-rich-text__custom brz-css-i75Fd\" data-brz-custom-id=\"znjjageepoevfijrfyengxryffargvignydl\">\n<div data-brz-translate-text=\"1\">\n<h2 class=\"brz-ls-lg-0 brz-fw-lg-700 brz-fss-lg-px brz-fs-lg-24 brz-ft-upload brz-ff-ozhkiphnhvhspgnsirfckwjaxjgjldcctydj brz-tp-lg-empty brz-lh-lg-1_3 brz-text-lg-center brz-css-m63k_\" data-generated-css=\"brz-css-kVT0z\" data-uniq-id=\"dxQRx\"><span class=\"brz-cp-color8\">Breast Augmentation<\/span><\/h2>\n<\/div>\n<\/div>\n<\/div>\n<\/div>\n<p><a class=\"brz-a brz-container-link\" href=\"\/en\/servisler\/estetik\/gogus-estetigi\/meme-buyutme\/\" target=\"_self\" rel=\"noopener\" data-brz-link-type=\"external\"><\/a><\/div>\n<div class=\"brz-columns brz-css-yAgs2 brz-css-zGNhK\" data-brz-custom-id=\"yuggwlvlsdmiazdywbtvtyesjbkigfafjwxz\">\n<div class=\"brz-bg\">\n<div class=\"brz-bg-image\"><\/div>\n<div class=\"brz-bg-color\"><\/div>\n<\/div>\n<div class=\"brz-column__items brz-css-ov1Qs brz-css-qTJ40\">\n<div id=\"\" class=\"brz-css-caSrV brz-css-jptQ1 brz-wrapper\">\n<div class=\"brz-spacer brz-css-smswH brz-css-m6bnQ\"><\/div>\n<\/div>\n<div id=\"\" class=\"brz-css-caSrV brz-wrapper\">\n<div class=\"brz-rich-text brz-rich-text__custom brz-css-i75Fd\" data-brz-custom-id=\"ndpdrprbtsapjvrzrhngjpquxjdvebusrrhv\">\n<div data-brz-translate-text=\"1\">\n<h2 class=\"brz-ls-lg-0 brz-fw-lg-700 brz-fss-lg-px brz-fs-lg-24 brz-ft-upload brz-ff-ozhkiphnhvhspgnsirfckwjaxjgjldcctydj brz-tp-lg-empty brz-lh-lg-1_3 brz-text-lg-center brz-css-uN_iw\" data-uniq-id=\"n_pMc\" data-generated-css=\"brz-css-dmiLQ\"><span class=\"brz-cp-color8\">Breast Lift<\/span><\/h2>\n<\/div>\n<\/div>\n<\/div>\n<\/div>\n<p><a class=\"brz-a brz-container-link\" href=\"\/en\/servisler\/estetik\/gogus-estetigi\/meme-diklestirme\/\" target=\"_self\" rel=\"noopener\" data-brz-link-type=\"external\"><\/a><\/div>\n<div class=\"brz-columns brz-css-yAgs2 brz-css-uT0hc\" data-brz-custom-id=\"awcmdbrulksegocprtbcvscorvrorfkryimi\">\n<div class=\"brz-bg\">\n<div class=\"brz-bg-image\"><\/div>\n<div class=\"brz-bg-color\"><\/div>\n<\/div>\n<div class=\"brz-column__items brz-css-ov1Qs brz-css-fA9VW\">\n<div id=\"\" class=\"brz-css-caSrV brz-css-jptQ1 brz-wrapper\">\n<div class=\"brz-spacer brz-css-smswH brz-css-iP7FG\"><\/div>\n<\/div>\n<div id=\"\" class=\"brz-css-caSrV brz-css-tzt1W brz-wrapper\">\n<div class=\"brz-rich-text brz-rich-text__custom brz-css-i75Fd\" data-brz-custom-id=\"iscvsrgfwvmzzfqsdaiolovmjscqwbllynnf\">\n<div data-brz-translate-text=\"1\">\n<h2 class=\"brz-ls-lg-0 brz-fw-lg-700 brz-fss-lg-px brz-fs-lg-24 brz-ft-upload brz-ff-ozhkiphnhvhspgnsirfckwjaxjgjldcctydj brz-tp-lg-empty brz-lh-lg-1_3 brz-text-lg-center brz-css-r59R9\" data-uniq-id=\"l2ESf\" data-generated-css=\"brz-css-swfeB\"><span class=\"brz-cp-color8\">Breast Reduction<\/span><\/h2>\n<\/div>\n<\/div>\n<\/div>\n<\/div>\n<p><a class=\"brz-a brz-container-link\" href=\"\/en\/servisler\/estetik\/gogus-estetigi\/meme-kucultme\/\" target=\"_self\" rel=\"noopener\" data-brz-link-type=\"external\"><\/a><\/div>\n<\/div>\n<\/div>\n<\/div>\n<\/div>\n<\/section>\n<\/div>\n<p>    <!-- version:1732120234 --><\/p>\n","protected":false},"excerpt":{"rendered":"<p>Aesthetic BREAST AESTHETICS We offer you special solutions in the field of breast aesthetics with our expert team of doctors and modern clinic. While you enjoy the change, we plan every remaining process for you. Gynecomastia Breast Implant Revision Breast Augmentation Breast Lift Breast Reduction<\/p>\n","protected":false},"author":1,"featured_media":0,"parent":20186,"menu_order":1,"comment_status":"closed","ping_status":"closed","template":"","meta":{"footnotes":""},"class_list":["post-20516","page","type-page","status-publish","hentry"],"blocksy_meta":[],"_links":{"self":[{"href":"https:\/\/timetravelaesthetic.com\/en\/wp-json\/wp\/v2\/pages\/20516","targetHints":{"allow":["GET"]}}],"collection":[{"href":"https:\/\/timetravelaesthetic.com\/en\/wp-json\/wp\/v2\/pages"}],"about":[{"href":"https:\/\/timetravelaesthetic.com\/en\/wp-json\/wp\/v2\/types\/page"}],"author":[{"embeddable":true,"href":"https:\/\/timetravelaesthetic.com\/en\/wp-json\/wp\/v2\/users\/1"}],"replies":[{"embeddable":true,"href":"https:\/\/timetravelaesthetic.com\/en\/wp-json\/wp\/v2\/comments?post=20516"}],"version-history":[{"count":1,"href":"https:\/\/timetravelaesthetic.com\/en\/wp-json\/wp\/v2\/pages\/20516\/revisions"}],"predecessor-version":[{"id":24190,"href":"https:\/\/timetravelaesthetic.com\/en\/wp-json\/wp\/v2\/pages\/20516\/revisions\/24190"}],"up":[{"embeddable":true,"href":"https:\/\/timetravelaesthetic.com\/en\/wp-json\/wp\/v2\/pages\/20186"}],"wp:attachment":[{"href":"https:\/\/timetravelaesthetic.com\/en\/wp-json\/wp\/v2\/media?parent=20516"}],"curies":[{"name":"wp","href":"https:\/\/api.w.org\/{rel}","templated":true}]}}