{"id":17000,"date":"2023-11-19T18:58:18","date_gmt":"2023-11-19T18:58:18","guid":{"rendered":"https:\/\/time3.vl-staging.com\/iletisim\/"},"modified":"2025-07-03T13:34:24","modified_gmt":"2025-07-03T13:34:24","slug":"iletisim","status":"publish","type":"page","link":"https:\/\/timetravelaesthetic.com\/fr\/iletisim\/","title":{"rendered":"\u0130leti\u015fim FR"},"content":{"rendered":"<div class=\"brz-root__container brz-reset-all brz\">\n<section id=\"_ebzsrsitlatkcpumslxssqaawkseuwxqzaqc\" class=\"brz-section brz-css-gul2e\">\n<div class=\"brz-section__content brz-section--boxed brz-css-lEVKV brz-css-zfl6z\" data-brz-custom-id=\"vobschfxrctkwhnpgtdciumzxghebrknhjkg\">\n<div class=\"brz-bg\">\n<div class=\"brz-bg-image\"><\/div>\n<div class=\"brz-bg-color\"><\/div>\n<\/div>\n<div class=\"brz-container brz-css-emwO9 brz-css-iKY7l\">\n<div id=\"\" class=\"brz-css-sXej9 brz-css-k4nQl brz-wrapper\">\n<div class=\"brz-rich-text brz-rich-text__custom brz-css-aNLYj\" data-brz-custom-id=\"edejfeevrfdzxnrbxuovexqsbmclskyimfre\">\n<div data-brz-translate-text=\"1\">\n<p class=\"brz-text-lg-left brz-tp-lg-heading2 brz-css-w0t9q\" data-generated-css=\"brz-css-nZPSf\" data-uniq-id=\"mQ2yU\"><span class=\"brz-cp-color2\">Nous serions heureux de vous informer.<\/span><\/p>\n<\/div>\n<\/div>\n<\/div>\n<div id=\"\" class=\"brz-css-sXej9 brz-css-z60X9 brz-wrapper\">\n<div class=\"brz-rich-text brz-rich-text__custom brz-css-aNLYj\" data-brz-custom-id=\"haqwrkfhhlzapwzoqrupejzpqzkzpxslxtsj\">\n<div data-brz-translate-text=\"1\">\n<p class=\"brz-text-lg-left brz-tp-lg-subtitle brz-css-aXYgi\" data-generated-css=\"brz-css-hlROu\" data-uniq-id=\"ulOXU\"><span class=\"brz-cp-color7\">Nous sommes l\u00e0 pour r\u00e9pondre \u00e0 vos questions, \u00e9valuer vos besoins et vous aider. Nous nous effor\u00e7ons de vous r\u00e9pondre rapidement et efficacement.<\/span><\/p>\n<\/div>\n<\/div>\n<\/div>\n<div id=\"\" class=\"brz-css-sXej9 brz-css-hnOA4 brz-wrapper\">\n<div class=\"brz-spacer brz-css-rsNOe brz-css-xCHAF\"><\/div>\n<\/div>\n<div class=\"brz-row__container brz-css-ptcQg brz-css-fmENA\" data-brz-custom-id=\"hzgwsqmavmimjblwzjsymxrnvwuzjymyllnt\">\n<div class=\"brz-bg\">\n<div class=\"brz-bg-color\"><\/div>\n<\/div>\n<div class=\"brz-row brz-css-zOrjV brz-css-m9VeB\">\n<div class=\"brz-columns brz-css-kyJHG brz-css-s4pEH\" data-brz-custom-id=\"mncugfnvwuqhmjafqbsmdeqyltadcdaoukcj\">\n<div class=\"brz-bg\"><\/div>\n<div class=\"brz-column__items brz-css-uqOd1 brz-css-hvZG9\">\n<div class=\"brz-row__container brz-css-ptcQg\" data-brz-custom-id=\"qncpigauccadlynzbmtcidpdvwlqqmlatois\">\n<div class=\"brz-bg\"><\/div>\n<div class=\"brz-row brz-row--inner brz-css-zOrjV brz-css-vZ9QA\">\n<div class=\"brz-columns brz-css-kyJHG\" data-brz-custom-id=\"eobxxvbjcawbckmgmzvnskqcwgniualccxhn\">\n<div class=\"brz-bg\"><\/div>\n<div class=\"brz-column__items brz-css-uqOd1 brz-css-wzjuh\">\n<div id=\"\" class=\"brz-css-sXej9 brz-css-iYYjm brz-wrapper\">\n<div class=\"brz-rich-text brz-rich-text__custom brz-css-aNLYj\" data-brz-custom-id=\"zylzmmdiscpbkhounczrjcmdkoiaoolfmuaw\">\n<div data-brz-translate-text=\"1\">\n<p class=\"brz-fs-lg-24 brz-ft-upload brz-ff-xhmjbvrqbkqlffzvfmiyjgkwowqvkjfotwxd brz-tp-lg-empty brz-lh-lg-1_4 brz-ls-lg-m_1_5 brz-fw-lg-700 brz-fss-lg-px brz-text-lg-left brz-mt-lg-0 brz-css-o78ai\" data-generated-css=\"brz-css-atGct\" data-uniq-id=\"w_VKY\"><span>Contactez-nous<\/span><\/p>\n<\/div>\n<\/div>\n<\/div>\n<div id=\"\" class=\"brz-css-sXej9 brz-css-hnOA4 brz-wrapper\">\n<div class=\"brz-spacer brz-css-rsNOe brz-css-z6Crx\"><\/div>\n<\/div>\n<div id=\"\" class=\"brz-css-sXej9 brz-css-ocn47 brz-wrapper\">\n<div class=\"brz-rich-text brz-rich-text__custom brz-css-aNLYj\" data-brz-custom-id=\"saedcecqpmmgasdqdzcfhlopxqipviqjoavf\">\n<div data-brz-translate-text=\"1\">\n<p class=\"brz-mt-lg-0 brz-text-lg-left brz-tp-lg-paragraph brz-css-tjqZb\" data-uniq-id=\"utN_7\" data-generated-css=\"brz-css-rgSsY\"><span style=\"opacity: 0.8\">Notre \u00e9quipe d\u2019experts r\u00e9pondra \u00e0 toutes vos questions sur nos proc\u00e9dures. Pour plus d&rsquo;informations sur les transactions et pour toute question que vous pourriez avoir, veuillez laisser votre num\u00e9ro de t\u00e9l\u00e9phone et votre nom et nous vous contacterons imm\u00e9diatement.<\/span><\/p>\n<\/div>\n<\/div>\n<\/div>\n<div id=\"\" class=\"brz-css-sXej9 brz-css-zh7wR brz-wrapper\">\n<div class=\"brz-line brz-line-default brz-css-wz0Qe brz-css-kTWqT\" data-brz-custom-id=\"snekzlgkidhlghiramyhliqkxxkmomjemgml\">\n<hr class=\"brz-hr\"><\/div>\n<\/div>\n<div id=\"\" class=\"brz-css-sXej9 brz-css-tH98V brz-wrapper\">\n<div class=\"brz-rich-text brz-rich-text__custom brz-css-aNLYj\" data-brz-custom-id=\"smyxuolbnvyucqltqhepiwjshrzbhdqayibg\">\n<div data-brz-translate-text=\"1\">\n<p class=\"brz-mt-lg-0 brz-text-lg-left brz-fss-lg-px brz-fw-lg-700 brz-ls-lg-m_1_5 brz-lh-lg-1_4 brz-tp-lg-empty brz-ff-xhmjbvrqbkqlffzvfmiyjgkwowqvkjfotwxd brz-ft-upload brz-fs-lg-18 brz-css-bo8qi\" data-uniq-id=\"u9ZCe\" data-generated-css=\"brz-css-l3j7y\"><strong>Nos coordonn\u00e9es<\/strong><\/p>\n<\/div>\n<\/div>\n<\/div>\n<div id=\"\" class=\"brz-css-sXej9 brz-css-jLTOL brz-wrapper\">\n<div class=\"brz-icon-text brz-css-n6CwI brz-css-dD9N5\" data-brz-custom-id=\"zagmbghovynydjjykdqrynwpasmzjfhsjwjx\">\n<div class=\"brz-icon__container\" data-brz-custom-id=\"gddzssxwkbjhvsgxnizwxsezhwbajafzpoyp\">\n<div class=\"brz-hover-animation__container\" data-brz-hover-animationid=\"gddzssxwkbjhvsgxnizwxsezhwbajafzpoyp\" data-brz-hover-options=\"%7B%22duration%22:600,%22iterations%22:1%7D\" data-brz-hover-reversible=\"true\" data-brz-hover-target=\"%22firstChild%22\"><span class=\"brz-icon brz-span brz-css-y1hdM brz-css-loySd\"><\/span><\/div>\n<\/div>\n<div class=\"brz-text-btn\">\n<div class=\"brz-rich-text brz-rich-text__custom brz-css-aNLYj\" data-brz-custom-id=\"mkwitxbpeteyarbuabndqynbrqhjelbpiihc\">\n<div data-brz-translate-text=\"1\">\n<p class=\"brz-tp-lg-paragraph brz-css-iIUIc\" data-generated-css=\"brz-css-ycogw\" data-uniq-id=\"qjfaj\"><span style=\"opacity: 1\">+90 552 887 0 700<\/span><\/p>\n<\/div>\n<\/div>\n<\/div>\n<\/div>\n<\/div>\n<div id=\"\" class=\"brz-css-sXej9 brz-css-lrk3L brz-wrapper\">\n<div class=\"brz-icon-text brz-css-n6CwI brz-css-uiuHE\" data-brz-custom-id=\"rzlreqstpqkzzpuinnkhsguvzweyfoqvqzuz\">\n<div class=\"brz-icon__container\" data-brz-custom-id=\"fmijjobrtlhytcbollxvknikdlrnzubncloj\">\n<div class=\"brz-hover-animation__container\" data-brz-hover-animationid=\"fmijjobrtlhytcbollxvknikdlrnzubncloj\" data-brz-hover-options=\"%7B%22duration%22:600,%22iterations%22:1%7D\" data-brz-hover-reversible=\"true\" data-brz-hover-target=\"%22firstChild%22\"><span class=\"brz-icon brz-span brz-css-y1hdM brz-css-bvbGc\"><\/span><\/div>\n<\/div>\n<div class=\"brz-text-btn\">\n<div class=\"brz-rich-text brz-rich-text__custom brz-css-aNLYj\" data-brz-custom-id=\"pyomyrafdkkdhbofcyjivczubfhnohposmsu\">\n<div data-brz-translate-text=\"1\">\n<p class=\"brz-tp-lg-paragraph brz-css-wIumS\" data-uniq-id=\"fyjdd\" data-generated-css=\"brz-css-jeyih\"><span style=\"opacity: 1\">info@timetravelaesthetic.com<\/span><\/p>\n<\/div>\n<\/div>\n<\/div>\n<\/div>\n<\/div>\n<div id=\"\" class=\"brz-css-sXej9 brz-css-hcihJ brz-wrapper\">\n<div class=\"brz-icon-text brz-css-n6CwI brz-css-sqz_a\" data-brz-custom-id=\"yqageewduqiswwsadsqfvuvuclejynitdvxd\">\n<div class=\"brz-icon__container\" data-brz-custom-id=\"orqzmqfbzasccbtltabczglyerefddpzdach\">\n<div class=\"brz-hover-animation__container\" data-brz-hover-animationid=\"orqzmqfbzasccbtltabczglyerefddpzdach\" data-brz-hover-options=\"%7B%22duration%22:600,%22iterations%22:1%7D\" data-brz-hover-reversible=\"true\" data-brz-hover-target=\"%22firstChild%22\"><span class=\"brz-icon brz-span brz-css-y1hdM brz-css-yvCDJ\"><\/span><\/div>\n<\/div>\n<div class=\"brz-text-btn\">\n<div class=\"brz-rich-text brz-rich-text__custom brz-css-aNLYj\" data-brz-custom-id=\"qqoubekegeewlonvpraaoliblxcqqegpnjlb\">\n<div data-brz-translate-text=\"1\">\n<p class=\"brz-tp-lg-paragraph brz-css-zMT3O\" data-generated-css=\"brz-css-ocday\" data-uniq-id=\"zddyh\"><span class=\"brz-cp-color7\">Atat\u00fcrk, 2629. Sk. No:2, 07010 Antalya\/T\u00fcrkiye<\/span><\/p>\n<\/div>\n<\/div>\n<\/div>\n<\/div>\n<\/div>\n<\/div>\n<\/div>\n<div class=\"brz-columns brz-css-kyJHG brz-css-dCq4E\" data-brz-custom-id=\"xzyzqvnenzwmpwslhqzftgpsfnigkxpacubu\">\n<div class=\"brz-bg\">\n<div class=\"brz-bg-color\"><\/div>\n<\/div>\n<div class=\"brz-column__items brz-css-uqOd1 brz-css-xlJx7\">\n<div id=\"\" class=\"brz-css-sXej9 brz-css-fhrpn brz-wrapper\">\n<div class=\"brz-rich-text brz-rich-text__custom brz-css-aNLYj\" data-brz-custom-id=\"xmluurkjondweoljdjubhviaatozpwhpjryb\">\n<div data-brz-translate-text=\"1\">\n<p class=\"brz-mt-lg-0 brz-text-lg-left brz-fss-lg-px brz-fw-lg-700 brz-ls-lg-m_1_5 brz-lh-lg-1_4 brz-tp-lg-empty brz-ff-xhmjbvrqbkqlffzvfmiyjgkwowqvkjfotwxd brz-ft-upload brz-fs-lg-24 brz-css-gglsu\" data-uniq-id=\"s0ZQI\" data-generated-css=\"brz-css-yIAII\"><span style=\"opacity: 1\">Bonjour!<\/span><\/p>\n<\/div>\n<\/div>\n<\/div>\n<div id=\"\" class=\"brz-css-sXej9 brz-css-j8oL7 brz-wrapper\">\n<div data-brz-form-version=\"2\" class=\"brz-forms2 brz-css-mtRuA\" data-brz-custom-id=\"eubliqjcwhskbmqykgeilxgigdooceddmtaf\">\n<div data-brz-translate-text=\"1\" class=\"brz-forms2__item brz-css-w4nbD brz-css-yq9Tf brz-css-mHsw_\"><\/div>\n<div data-brz-translate-text=\"1\" class=\"brz-forms2__item brz-css-w4nbD brz-css-yq9Tf brz-css-mHsw_\"><\/div>\n<div data-brz-translate-text=\"1\" class=\"brz-forms2__item brz-css-w4nbD brz-css-yq9Tf brz-css-mHsw_ brz-css-ijxD_\"><textarea id=\"fDOQn20E3STv_\" name=\"smvawhdibyofqtbfqymsirrqwvmfsbaonsac\" data-brz-type=\"Paragraph\" data-brz-label=\"Je suis int\u00e9ress\u00e9 par...\" data-brz-placeholder=\"Je suis int\u00e9ress\u00e9 par...\" class=\"brz-textarea brz-forms2__field brz-forms2__field-paragraph\"><\/textarea><\/div>\n<div class=\"brz-forms2 brz-forms2__item brz-forms2__item-button\" data-brz-custom-id=\"eubliqjcwhskbmqykgeilxgigdooceddmtaf\">\n<div class=\"brz-hover-animation__container\" data-brz-hover-animationid=\"fwdvubhgqhwjqymyzphbqbvrgxuhfjwgprer\" data-brz-hover-options=\"%7B%22duration%22:600,%22iterations%22:1%7D\" data-brz-hover-reversible=\"true\" data-brz-hover-target=\"%22firstChild%22\"><button class=\"brz-btn brz-btn-submit brz-css-c103U brz-css-pIkMt\" data-brz-custom-id=\"fwdvubhgqhwjqymyzphbqbvrgxuhfjwgprer\"><span data-brz-translate-text=\"1\" class=\"brz-span brz-text__editor\">Envoyer<\/span><\/button><\/div>\n<\/div>\n<div class=\"brz-g-recaptcha\" data-sitekey=\"\" data-size=\"invisible\" data-callback=\"brzFormV2Captcha\"><\/div>\n<\/div>\n<\/div>\n<\/div>\n<\/div>\n<\/div>\n<\/div>\n<\/div>\n<\/div>\n<\/div>\n<\/div>\n<\/div>\n<\/div>\n<\/section>\n<section id=\"_qvjtwriwnyxrttvotkwyhgvpzupvvgrkpypi\" class=\"brz-section brz-css-gul2e\">\n<div class=\"brz-section__content brz-section--fullWidth brz-css-lEVKV brz-css-gXLxg\" data-brz-custom-id=\"umfwlqlskydivsoicnjmncclysfyubnupjci\">\n<div class=\"brz-bg\">\n<div class=\"brz-bg-color\"><\/div>\n<\/div>\n<div class=\"brz-container brz-css-emwO9 brz-css-snHEP\">\n<div id=\"\" class=\"brz-css-sXej9 brz-css-ibd4T brz-wrapper\">\n<div class=\"brz-map brz-map_styles brz-css-l1ZkF brz-css-siq3T\" data-brz-custom-id=\"iauivsnltpnhjqrnbpuabojhvdwyyevvyoyl\">\n<div class=\"brz-ui-ed-map-content\"><\/div>\n<\/div>\n<\/div>\n<\/div>\n<\/div>\n<\/section>\n<\/div>\n<p>    <!-- version:1733511460 --><\/p>\n","protected":false},"excerpt":{"rendered":"<p>Nous serions heureux de vous informer. Nous sommes l\u00e0 pour r\u00e9pondre \u00e0 vos questions, \u00e9valuer vos besoins et vous aider. Nous nous effor\u00e7ons de vous r\u00e9pondre rapidement et efficacement. Contactez-nous Notre \u00e9quipe d\u2019experts r\u00e9pondra \u00e0 toutes vos questions sur nos proc\u00e9dures. Pour plus d&rsquo;informations sur les transactions et pour toute question que vous pourriez avoir, [&hellip;]<\/p>\n","protected":false},"author":1,"featured_media":0,"parent":0,"menu_order":1,"comment_status":"closed","ping_status":"closed","template":"","meta":{"footnotes":""},"class_list":["post-17000","page","type-page","status-publish","hentry"],"blocksy_meta":[],"_links":{"self":[{"href":"https:\/\/timetravelaesthetic.com\/fr\/wp-json\/wp\/v2\/pages\/17000","targetHints":{"allow":["GET"]}}],"collection":[{"href":"https:\/\/timetravelaesthetic.com\/fr\/wp-json\/wp\/v2\/pages"}],"about":[{"href":"https:\/\/timetravelaesthetic.com\/fr\/wp-json\/wp\/v2\/types\/page"}],"author":[{"embeddable":true,"href":"https:\/\/timetravelaesthetic.com\/fr\/wp-json\/wp\/v2\/users\/1"}],"replies":[{"embeddable":true,"href":"https:\/\/timetravelaesthetic.com\/fr\/wp-json\/wp\/v2\/comments?post=17000"}],"version-history":[{"count":1,"href":"https:\/\/timetravelaesthetic.com\/fr\/wp-json\/wp\/v2\/pages\/17000\/revisions"}],"predecessor-version":[{"id":24605,"href":"https:\/\/timetravelaesthetic.com\/fr\/wp-json\/wp\/v2\/pages\/17000\/revisions\/24605"}],"wp:attachment":[{"href":"https:\/\/timetravelaesthetic.com\/fr\/wp-json\/wp\/v2\/media?parent=17000"}],"curies":[{"name":"wp","href":"https:\/\/api.w.org\/{rel}","templated":true}]}}