{"id":17004,"date":"2023-11-19T18:59:29","date_gmt":"2023-11-19T18:59:29","guid":{"rendered":"https:\/\/time3.vl-staging.com\/sartlar-ve-kosullar\/"},"modified":"2025-07-02T22:40:28","modified_gmt":"2025-07-02T22:40:28","slug":"sartlar-ve-kosullar","status":"publish","type":"page","link":"https:\/\/timetravelaesthetic.com\/fr\/sartlar-ve-kosullar\/","title":{"rendered":"\u015eartlar ve Ko\u015fullar FR"},"content":{"rendered":"<div class=\"brz-root__container brz-reset-all brz\">\n<section id=\"_kihzzgckchebczrtysocgslbzkogngypesab\" class=\"brz-section brz-css-gz4xw\">\n<div class=\"brz-section__content brz-section--boxed brz-css-gI3pA brz-css-s3HWG\" data-brz-custom-id=\"maklprqbzugxzzxptblbrvsqcbfiewfszzuw\">\n<div class=\"brz-bg\">\n<div class=\"brz-bg-image\"><\/div>\n<div class=\"brz-bg-color\"><\/div>\n<\/div>\n<div class=\"brz-container brz-css-kvwMT brz-css-ogkdE\">\n<div id=\"\" class=\"brz-css-yarW5 brz-wrapper\">\n<div class=\"brz-rich-text brz-rich-text__custom brz-css-kFhrD\" data-brz-custom-id=\"ssoazzxiyzuhigcyapcaufdlqcvrekirdbix\">\n<div data-brz-translate-text=\"1\">\n<p class=\"brz-fs-lg-36 brz-ft-upload brz-ff-ozhkiphnhvhspgnsirfckwjaxjgjldcctydj brz-tp-lg-empty brz-text-lg-center brz-fss-lg-px brz-fw-lg-400 brz-ls-lg-0 brz-lh-lg-1_9 brz-css-oZ4U_\" data-uniq-id=\"aVnN_\" data-generated-css=\"brz-css-bimOH\"><strong style=\"opacity: 1\">TERMES ET CONDITIONS<\/strong><\/p>\n<\/div>\n<\/div>\n<\/div>\n<div class=\"brz-row__container brz-css-xiEkG\" data-brz-custom-id=\"sthwmrgjaaqjnjmzqkxqhqpfqnrumyqhiexz\">\n<div class=\"brz-bg\"><\/div>\n<div class=\"brz-row brz-css-tbpqu brz-css-o8T8d\">\n<div class=\"brz-columns brz-css-dnoyL brz-css-u2ywA\" data-brz-custom-id=\"iveminimdrqaykvtiockdfwmjudasbzajgze\">\n<div class=\"brz-bg\"><\/div>\n<div class=\"brz-column__items brz-css-lLID6 brz-css-oE1pZ\">\n<div id=\"\" class=\"brz-css-yarW5 brz-css-vqiMr brz-wrapper\">\n<div class=\"brz-rich-text brz-rich-text__custom brz-css-kFhrD\" data-brz-custom-id=\"kgavuixxiiapnbvwezvajapyesftmghephwb\">\n<div data-brz-translate-text=\"1\">\n<p class=\"brz-tp-lg-empty brz-ff-ozhkiphnhvhspgnsirfckwjaxjgjldcctydj brz-ft-upload brz-fs-lg-19 brz-fss-lg-px brz-fw-lg-400 brz-ls-lg-0 brz-lh-lg-1_8 brz-css-phhTp\" data-uniq-id=\"l3oTY\" data-generated-css=\"brz-css-wOe_u\"><strong>PARTIES CONTRACTANTES<\/strong><\/p>\n<p class=\"brz-tp-lg-empty brz-ff-wezyasbxuqgubgesyrpopjmxdwuuvjhpghzy brz-ft-upload brz-fs-lg-16 brz-fss-lg-px brz-fw-lg-400 brz-ls-lg-0 brz-lh-lg-1_8 brz-css-x75y5\" data-uniq-id=\"qujDr\" data-generated-css=\"brz-css-xB_ia\"><span>Le Contrat d&rsquo;Organisation Interm\u00e9diaire de Tourisme de Sant\u00e9 a \u00e9t\u00e9 conclu entre Time Travel Aesthetic (ci-apr\u00e8s d\u00e9nomm\u00e9e ORGANISATION AGENCE DE TOURISME DE SANT\u00c9) et la personne dont les informations figurent ci-dessous (ci-apr\u00e8s d\u00e9nomm\u00e9e PATIENT), selon les termes et conditions expos\u00e9s ci-dessous et sign\u00e9. avec l&rsquo;ex\u00e9cution du contrat par les parties, le patient accepte toutes les dispositions \u00e9nonc\u00e9es dans l&rsquo;accord. Il accepte, d\u00e9clare et s&rsquo;engage \u00e0 comprendre ces r\u00e8gles et \u00e0 les respecter.<\/span><\/p>\n<\/div>\n<\/div>\n<\/div>\n<\/div>\n<\/div>\n<\/div>\n<\/div>\n<div class=\"brz-row__container brz-css-xiEkG\" data-brz-custom-id=\"gbtajnxfpbuyqkofkkjezvburluqgyxbybsg\">\n<div class=\"brz-bg\"><\/div>\n<div class=\"brz-row brz-css-tbpqu brz-css-o8T8d\">\n<div class=\"brz-columns brz-css-dnoyL brz-css-mk8ik\" data-brz-custom-id=\"rydmkxulpjsxhiptzuyuqidvbrxalicdpxpe\">\n<div class=\"brz-bg\"><\/div>\n<div class=\"brz-column__items brz-css-lLID6 brz-css-o69Np\">\n<div id=\"\" class=\"brz-css-yarW5 brz-css-rORfc brz-wrapper\">\n<div class=\"brz-rich-text brz-rich-text__custom brz-css-kFhrD\" data-brz-custom-id=\"oxfaspbxvceagangiqycqxemxhgpuqobvdgm\">\n<div data-brz-translate-text=\"1\">\n<p class=\"brz-lh-lg-1_8 brz-ls-lg-0 brz-fw-lg-400 brz-fss-lg-px brz-fs-lg-19 brz-ft-upload brz-ff-ozhkiphnhvhspgnsirfckwjaxjgjldcctydj brz-tp-lg-empty brz-css-i8Fx4\" data-generated-css=\"brz-css-e8S2E\" data-uniq-id=\"rN0Rs\"><strong>OBJET DE L&rsquo;ACCORD ET DROITS ET OBLIGATIONS DE L&rsquo;ESTH\u00c9TIQUE DU VOYAGE DANS LE TEMPS<\/strong><\/p>\n<p class=\"brz-lh-lg-1_8 brz-ls-lg-0 brz-fw-lg-400 brz-fss-lg-px brz-fs-lg-16 brz-ft-upload brz-ff-wezyasbxuqgubgesyrpopjmxdwuuvjhpghzy brz-tp-lg-empty brz-css-bdpZH\" data-generated-css=\"brz-css-mbOtS\" data-uniq-id=\"gkhCD\"><span>Time Travel Aesthetic est une agence de tourisme sp\u00e9cialement autoris\u00e9e qui agit comme interm\u00e9diaire entre les \u00e9tablissements de sant\u00e9 en Turquie. L&rsquo;objet du contrat comprend la fourniture de tous types de services tels que m\u00e9decins, h\u00f4pitaux, h\u00e9bergement, voyages et transports n\u00e9cessaires dans le cadre du tourisme m\u00e9dical en Turquie conform\u00e9ment aux souhaits du patient, aux principes de tarification et de paiement, aux droits et obligations du les parties. Time Travel Aesthetic fournit au patient des informations pr\u00e9liminaires et fournit un soutien tel que le transport et l\u2019h\u00e9bergement si la proc\u00e9dure est approuv\u00e9e. Le patient sait que la prestation \u00e0 fournir est une prestation interm\u00e9diaire et reconna\u00eet, d\u00e9clare et s&rsquo;engage \u00e0 avoir connaissance des prestations interm\u00e9diaires fournies dans le cadre du pr\u00e9sent contrat, telles que l&rsquo;h\u00f4pital, le m\u00e9decin, le transfert et l&rsquo;h\u00e9bergement. Il accepte, d\u00e9clare et s&rsquo;engage que Time Travel Aesthetic n&rsquo;assume aucune responsabilit\u00e9 l\u00e9gale pour les prestations de sant\u00e9 autres que les prestations d&rsquo;agence et qu&rsquo;il ne tient pas Time Travel Aesthetic responsable de tout dommage mat\u00e9riel ou moral pouvant survenir du fait des prestations de sant\u00e9. Si le service de sant\u00e9 n\u2019est pas satisfait, le patient ne peut entreprendre aucune action susceptible de nuire \u00e0 l\u2019esth\u00e9tique du voyage dans le temps.<\/span><\/p>\n<\/div>\n<\/div>\n<\/div>\n<\/div>\n<\/div>\n<\/div>\n<\/div>\n<div class=\"brz-row__container brz-css-xiEkG\" data-brz-custom-id=\"lopyhhhgnzyqfgifhsfgyboomuuocbkerxjm\">\n<div class=\"brz-bg\"><\/div>\n<div class=\"brz-row brz-css-tbpqu brz-css-o8T8d\">\n<div class=\"brz-columns brz-css-dnoyL brz-css-q2QOn\" data-brz-custom-id=\"aizmaszezeeulbeuwtcmrnxootmlrpdittxb\">\n<div class=\"brz-bg\"><\/div>\n<div class=\"brz-column__items brz-css-lLID6 brz-css-s_RHz\">\n<div id=\"\" class=\"brz-css-yarW5 brz-css-oSmu5 brz-wrapper\">\n<div class=\"brz-rich-text brz-rich-text__custom brz-css-kFhrD\" data-brz-custom-id=\"xvqvqjbahfvrduiknybiqruysoxnyafxnlap\">\n<div data-brz-translate-text=\"1\">\n<p class=\"brz-tp-lg-empty brz-ff-ozhkiphnhvhspgnsirfckwjaxjgjldcctydj brz-ft-upload brz-fs-lg-19 brz-fss-lg-px brz-fw-lg-400 brz-ls-lg-0 brz-lh-lg-1_8 brz-css-d9QCm\" data-uniq-id=\"siZAV\" data-generated-css=\"brz-css-agqoK\"><strong>DROITS ET OBLIGATIONS DU PATIENT<\/strong><\/p>\n<p class=\"brz-tp-lg-empty brz-ff-wezyasbxuqgubgesyrpopjmxdwuuvjhpghzy brz-ft-upload brz-fs-lg-16 brz-fss-lg-px brz-fw-lg-400 brz-ls-lg-0 brz-lh-lg-1_8 brz-css-qdQjw\" data-uniq-id=\"mpfZQ\" data-generated-css=\"brz-css-qUR6A\"><span>Le patient accepte, d\u00e9clare et s&rsquo;engage \u00e0 \u00eatre conscient que Time Travel Aesthetic fournira des informations pr\u00e9liminaires concernant les proc\u00e9dures demand\u00e9es et fournira une assistance telle que le transport et l&rsquo;h\u00e9bergement si la proc\u00e9dure est approuv\u00e9e. Le patient est tenu de fournir correctement et clairement toutes ses informations de sant\u00e9 \u00e0 Time Travel Aesthetic en remplissant le formulaire m\u00e9dical envoy\u00e9 via WhatsApp. Si le patient fournit des informations incompl\u00e8tes sur son \u00e9tat de sant\u00e9 ou ne fournit pas les informations requises, l&rsquo;enti\u00e8re responsabilit\u00e9 l\u00e9gale incombe au patient. Le patient est responsable de tous les dommages caus\u00e9s, par exemple, par une absence du vol ou par une perturbation des proc\u00e9dures. Le patient accepte et d\u00e9clare que Time Travel Aesthetic n&rsquo;assume aucune responsabilit\u00e9.<\/span><\/p>\n<p class=\"brz-tp-lg-empty brz-ff-wezyasbxuqgubgesyrpopjmxdwuuvjhpghzy brz-ft-upload brz-fs-lg-16 brz-fss-lg-px brz-fw-lg-400 brz-ls-lg-0 brz-lh-lg-1_8 brz-css-iP2Vf\" data-uniq-id=\"mpfZQ\" data-generated-css=\"brz-css-qUR6A\"><span>Le patient est responsable du paiement des frais d\u00e9termin\u00e9s par Time Travel Aesthetic. Le patient est personnellement responsable de tout retard caus\u00e9 par lui. Si cette situation entra\u00eene des co\u00fbts et des responsabilit\u00e9s suppl\u00e9mentaires pour Time Travel Aesthetic, les frais et d\u00e9penses seront pay\u00e9s par le patient \u00e0 l\u2019organisme interm\u00e9diaire de tourisme de sant\u00e9. Time Travel Aesthetic recommande au patient de souscrire une assurance aupr\u00e8s d\u2019une compagnie d\u2019assurance. Toutes les responsabilit\u00e9s et cons\u00e9quences d\u00e9coulant de l&rsquo;incapacit\u00e9 du patient \u00e0 obtenir une assurance appropri\u00e9e sont \u00e0 la charge exclusive du patient. Le patient comprend qu&rsquo;il n&rsquo;y a aucune garantie pour les services re\u00e7us de Time Travel Aesthetic et accepte, d\u00e9clare et s&rsquo;engage qu&rsquo;en cas de probl\u00e8me avec ces services, il en informera au pr\u00e9alable Time Travel Aesthetic par \u00e9crit. <\/span><\/p>\n<\/div>\n<\/div>\n<\/div>\n<\/div>\n<\/div>\n<\/div>\n<\/div>\n<div class=\"brz-row__container brz-css-xiEkG\" data-brz-custom-id=\"mldomcbezmqwfqeofdcvccfbuysfniarjqua\">\n<div class=\"brz-bg\"><\/div>\n<div class=\"brz-row brz-css-tbpqu brz-css-o8T8d\">\n<div class=\"brz-columns brz-css-dnoyL brz-css-sbDEb\" data-brz-custom-id=\"xfahrkevytkjgejogacrajngxsocvxoqbspf\">\n<div class=\"brz-bg\"><\/div>\n<div class=\"brz-column__items brz-css-lLID6 brz-css-fa8f0\">\n<div id=\"\" class=\"brz-css-yarW5 brz-css-a99HS brz-wrapper\">\n<div class=\"brz-rich-text brz-rich-text__custom brz-css-kFhrD\" data-brz-custom-id=\"zkmluyacwgmlbvuaidrpxpyermplrexbletm\">\n<div data-brz-translate-text=\"1\">\n<p class=\"brz-tp-lg-empty brz-ff-ozhkiphnhvhspgnsirfckwjaxjgjldcctydj brz-ft-upload brz-fs-lg-19 brz-fss-lg-px brz-fw-lg-400 brz-ls-lg-0 brz-lh-lg-1_8 brz-css-eeaXm\" data-uniq-id=\"nijb4\" data-generated-css=\"brz-css-x6n3r\"><strong>PROC\u00c9DURE DE PAIEMENT<\/strong><\/p>\n<p class=\"brz-tp-lg-empty brz-ff-wezyasbxuqgubgesyrpopjmxdwuuvjhpghzy brz-ft-upload brz-fs-lg-16 brz-fss-lg-px brz-fw-lg-400 brz-ls-lg-0 brz-lh-lg-1_8 brz-css-doOes\" data-uniq-id=\"eYGcH\" data-generated-css=\"brz-css-q0ea8\"><span>Time Travel Aesthetic d\u00e9termine le co\u00fbt du forfait de traitement souhait\u00e9 par le patient. Si le patient accepte l&rsquo;offre, il doit d&rsquo;abord payer l&rsquo;acompte en \u00e9change du service de courtage que Time Travel Aesthetic fournit au patient. Cet acompte garantit le rendez-vous pour les d\u00e9marches n\u00e9cessaires au patient et le r\u00e9serve aux entreprises et\/ou particuliers qui assurent les prestations de sant\u00e9, d&rsquo;h\u00e9bergement et de transfert pour le compte du patient. Les m\u00e9thodes de paiement sont propos\u00e9es par Time Travel Aesthetic sur un formulaire de frais distinct. Si le patient ne respecte pas ses obligations en vertu de cette section \u00ab Paiement \u00bb, il sera en violation de l&rsquo;accord et Time Travel Aesthetic n&rsquo;aura aucune obligation de fournir des services. Des frais suppl\u00e9mentaires s&rsquo;appliquent \u00e9galement pour des situations, des situations particuli\u00e8res demand\u00e9es par le patient ou des travaux et services \u00e0 fournir apr\u00e8s que le patient a fourni des services de m\u00e9diation en sant\u00e9. Le solde restant de toutes les prestations soumises au service de courtage devra \u00eatre r\u00e9gl\u00e9 \u00e0 Time Travel Aesthetic au plus tard le jour de l\u2019op\u00e9ration. Une fois r\u00e9serv\u00e9 par le patient, les frais pay\u00e9s ne seront pas rembours\u00e9s si le patient ne signe pas les contrats ou documents pr\u00e9sent\u00e9s par les prestataires ou ne respecte pas les actions convenues avec la signature. Le patient accepte, d\u00e9clare et s&rsquo;engage \u00e0 ne pas demander le remboursement des honoraires conform\u00e9ment aux dispositions du pr\u00e9sent article. Le patient peut annuler sa r\u00e9servation 1 mois \u00e0 l\u2019avance en informant Time Travel Aesthetic par \u00e9crit. Toutefois, en cas d&rsquo;annulation, l&rsquo;acompte reste acquis \u00e0 Time Travel Aesthetic \u00e0 titre de frais de r\u00e9servation.<\/span><\/p>\n<\/div>\n<\/div>\n<\/div>\n<\/div>\n<\/div>\n<\/div>\n<\/div>\n<div class=\"brz-row__container brz-css-xiEkG\" data-brz-custom-id=\"osmmtdyvswbjnucslyzthfnlcxzodmkxzmmj\">\n<div class=\"brz-bg\"><\/div>\n<div class=\"brz-row brz-css-tbpqu brz-css-o8T8d\">\n<div class=\"brz-columns brz-css-dnoyL brz-css-bBF79\" data-brz-custom-id=\"ciydcpawrpepwazolmgbczhaahitvkisybzu\">\n<div class=\"brz-bg\"><\/div>\n<div class=\"brz-column__items brz-css-lLID6 brz-css-qPdGO\">\n<div id=\"\" class=\"brz-css-yarW5 brz-css-km8MB brz-wrapper\">\n<div class=\"brz-rich-text brz-rich-text__custom brz-css-kFhrD\" data-brz-custom-id=\"jxqcbenyehvrqyuhudmltejmcclcegiopacw\">\n<div data-brz-translate-text=\"1\">\n<p class=\"brz-lh-lg-1_8 brz-ls-lg-0 brz-fw-lg-400 brz-fss-lg-px brz-fs-lg-19 brz-ft-upload brz-ff-ozhkiphnhvhspgnsirfckwjaxjgjldcctydj brz-tp-lg-empty brz-css-bhrS6\" data-generated-css=\"brz-css-pWXdq\" data-uniq-id=\"ezu5N\"><strong>D\u00c9FINITION DES INFORMATIONS CONFIDENTIELLES<\/strong><\/p>\n<p class=\"brz-lh-lg-1_8 brz-ls-lg-0 brz-fw-lg-400 brz-fss-lg-px brz-fs-lg-16 brz-ft-upload brz-ff-wezyasbxuqgubgesyrpopjmxdwuuvjhpghzy brz-tp-lg-empty brz-css-lnghS\" data-generated-css=\"brz-css-lJhbj\" data-uniq-id=\"xNCpA\"><span>Informations sur la personne d\u00e9finie par la loi sur la protection des donn\u00e9es et tous types d&rsquo;informations sur une personne physique identifi\u00e9e ou identifiable, tous types d&rsquo;informations de sant\u00e9 sur une personne physique identifi\u00e9e ou identifiable, race, origine ethnique, opinion politique, conviction philosophique, religion, secte ou autres Croyances, apparence et v\u00eatements, appartenance \u00e0 un club, une fondation ou un syndicat, sant\u00e9, vie sexuelle, condamnations p\u00e9nales et mesures de s\u00e9curit\u00e9 ainsi que donn\u00e9es biom\u00e9triques et g\u00e9n\u00e9tiques.<\/span><\/p>\n<\/div>\n<\/div>\n<\/div>\n<\/div>\n<\/div>\n<\/div>\n<\/div>\n<div class=\"brz-row__container brz-css-xiEkG\" data-brz-custom-id=\"iwyjvmzycmlxasfggnyucgtucfgesiupravi\">\n<div class=\"brz-bg\"><\/div>\n<div class=\"brz-row brz-css-tbpqu brz-css-o8T8d\">\n<div class=\"brz-columns brz-css-dnoyL brz-css-eSwmH\" data-brz-custom-id=\"tkiicixltablfkxtftvguqztebyerwiouyiz\">\n<div class=\"brz-bg\"><\/div>\n<div class=\"brz-column__items brz-css-lLID6 brz-css-r6KJy\">\n<div id=\"\" class=\"brz-css-yarW5 brz-css-t96C8 brz-wrapper\">\n<div class=\"brz-rich-text brz-rich-text__custom brz-css-kFhrD\" data-brz-custom-id=\"npqgibdnqexssxyzqgvgolmamuczyujlicis\">\n<div data-brz-translate-text=\"1\">\n<p class=\"brz-lh-lg-1_8 brz-ls-lg-0 brz-fw-lg-400 brz-fss-lg-px brz-fs-lg-19 brz-ft-upload brz-ff-ozhkiphnhvhspgnsirfckwjaxjgjldcctydj brz-tp-lg-empty brz-css-dOAMO\" data-generated-css=\"brz-css-zH10j\" data-uniq-id=\"igi62\"><strong>FORCE MAJEURE<\/strong><\/p>\n<p class=\"brz-lh-lg-1_8 brz-ls-lg-0 brz-fw-lg-400 brz-fss-lg-px brz-fs-lg-16 brz-ft-upload brz-ff-wezyasbxuqgubgesyrpopjmxdwuuvjhpghzy brz-tp-lg-empty brz-css-cL6Zc\" data-generated-css=\"brz-css-kJsqK\" data-uniq-id=\"fpC1U\"><span>Force majeure (catastrophe naturelle, guerre, terreur, \u00e9meute, changement de r\u00e9glementation l\u00e9gale, confiscation ou gr\u00e8ve, lock-out, perturbation importante des installations de production et de communication, etc.). La partie touch\u00e9e par un cas de force majeure en informera imm\u00e9diatement l&rsquo;autre partie par \u00e9crit. Pendant la p\u00e9riode de force majeure, les parties ne sont pas responsables du manquement \u00e0 leurs obligations.<\/span><\/p>\n<\/div>\n<\/div>\n<\/div>\n<\/div>\n<\/div>\n<\/div>\n<\/div>\n<div class=\"brz-row__container brz-css-xiEkG\" data-brz-custom-id=\"goyctwblkayerbdtzafjogcrvuxxyxogpegf\">\n<div class=\"brz-bg\"><\/div>\n<div class=\"brz-row brz-css-tbpqu brz-css-o8T8d\">\n<div class=\"brz-columns brz-css-dnoyL brz-css-qVcHv\" data-brz-custom-id=\"uezvbjbyxqtmbwvltfxkfsgzktbdkagmygpu\">\n<div class=\"brz-bg\"><\/div>\n<div class=\"brz-column__items brz-css-lLID6 brz-css-uOSUK\">\n<div id=\"\" class=\"brz-css-yarW5 brz-css-rBGyz brz-wrapper\">\n<div class=\"brz-rich-text brz-rich-text__custom brz-css-kFhrD\" data-brz-custom-id=\"ldtwymjaacrimdpvljbusoqxjtomoimrvpno\">\n<div data-brz-translate-text=\"1\">\n<p class=\"brz-lh-lg-1_8 brz-ls-lg-0 brz-fw-lg-400 brz-fss-lg-px brz-fs-lg-19 brz-ft-upload brz-ff-ozhkiphnhvhspgnsirfckwjaxjgjldcctydj brz-tp-lg-empty brz-css-dsGLj\" data-generated-css=\"brz-css-lLtdO\" data-uniq-id=\"p9ILP\"><strong>INTERDICTION DE TRANSFERT<\/strong><\/p>\n<p class=\"brz-lh-lg-1_8 brz-ls-lg-0 brz-fw-lg-400 brz-fss-lg-px brz-fs-lg-16 brz-ft-upload brz-ff-wezyasbxuqgubgesyrpopjmxdwuuvjhpghzy brz-tp-lg-empty brz-css-uok3s\" data-generated-css=\"brz-css-mEkIm\" data-uniq-id=\"uYiOC\"><span>Le pr\u00e9sent Contrat et\/ou aucun des droits et obligations en vertu des pr\u00e9sentes ne peut \u00eatre transf\u00e9r\u00e9 ou c\u00e9d\u00e9 \u00e0 un autre tiers sans le consentement \u00e9crit pr\u00e9alable de l&rsquo;autre partie.<\/span><\/p>\n<\/div>\n<\/div>\n<\/div>\n<\/div>\n<\/div>\n<\/div>\n<\/div>\n<div class=\"brz-row__container brz-css-xiEkG\" data-brz-custom-id=\"gveldxfhrhdigwwxczrdlkzothbpcwwrxdpd\">\n<div class=\"brz-bg\"><\/div>\n<div class=\"brz-row brz-css-tbpqu brz-css-o8T8d\">\n<div class=\"brz-columns brz-css-dnoyL brz-css-pfY6K\" data-brz-custom-id=\"mmajpdnulxukuxrabmylnipslxyhnsjzlqot\">\n<div class=\"brz-bg\"><\/div>\n<div class=\"brz-column__items brz-css-lLID6 brz-css-omm2I\">\n<div id=\"\" class=\"brz-css-yarW5 brz-css-mErS6 brz-wrapper\">\n<div class=\"brz-rich-text brz-rich-text__custom brz-css-kFhrD\" data-brz-custom-id=\"tdcygeizlppkrqufsnfqdobrulbyjqcvwmps\">\n<div data-brz-translate-text=\"1\">\n<p class=\"brz-lh-lg-1_8 brz-ls-lg-0 brz-fw-lg-400 brz-fss-lg-px brz-fs-lg-19 brz-ft-upload brz-ff-ozhkiphnhvhspgnsirfckwjaxjgjldcctydj brz-tp-lg-empty brz-css-a7PTG\" data-generated-css=\"brz-css-tp2hI\" data-uniq-id=\"xaKFj\"><strong>S\u00c9PARABILIT\u00c9 DES MAT\u00c9RIAUX<\/strong><\/p>\n<p class=\"brz-lh-lg-1_8 brz-ls-lg-0 brz-fw-lg-400 brz-fss-lg-px brz-fs-lg-16 brz-ft-upload brz-ff-wezyasbxuqgubgesyrpopjmxdwuuvjhpghzy brz-tp-lg-empty brz-css-lov4y\" data-generated-css=\"brz-css-fWPP0\" data-uniq-id=\"wM6ZF\"><span>Si une ou plusieurs dispositions du pr\u00e9sent Accord sont jug\u00e9es invalides, ill\u00e9gales ou inapplicables par une loi ou un r\u00e8glement, la validit\u00e9, la l\u00e9galit\u00e9 et le caract\u00e8re ex\u00e9cutoire des dispositions restantes ne seront en aucun cas affect\u00e9es ou alt\u00e9r\u00e9es.<\/span><\/p>\n<\/div>\n<\/div>\n<\/div>\n<\/div>\n<\/div>\n<\/div>\n<\/div>\n<div class=\"brz-row__container brz-css-xiEkG\" data-brz-custom-id=\"wqqphliijojcumpcddznulxpcmhqdhnqcgre\">\n<div class=\"brz-bg\"><\/div>\n<div class=\"brz-row brz-css-tbpqu brz-css-o8T8d\">\n<div class=\"brz-columns brz-css-dnoyL brz-css-bHWAM\" data-brz-custom-id=\"trwkfzrttxkzfuefqqinduhlmfmofizhrfau\">\n<div class=\"brz-bg\"><\/div>\n<div class=\"brz-column__items brz-css-lLID6 brz-css-bY9tO\">\n<div id=\"\" class=\"brz-css-yarW5 brz-css-c2d8K brz-wrapper\">\n<div class=\"brz-rich-text brz-rich-text__custom brz-css-kFhrD\" data-brz-custom-id=\"naotdikqlugprkioxxpllzsgvbimfvrhippg\">\n<div data-brz-translate-text=\"1\">\n<p class=\"brz-lh-lg-1_8 brz-ls-lg-0 brz-fw-lg-400 brz-fss-lg-px brz-fs-lg-19 brz-ft-upload brz-ff-ozhkiphnhvhspgnsirfckwjaxjgjldcctydj brz-tp-lg-empty brz-css-u48IP\" data-generated-css=\"brz-css-ubeBt\" data-uniq-id=\"qAYkS\"><strong>CONTRAT DE PREUVE<\/strong><\/p>\n<p class=\"brz-lh-lg-1_8 brz-ls-lg-0 brz-fw-lg-400 brz-fss-lg-px brz-fs-lg-16 brz-ft-upload brz-ff-wezyasbxuqgubgesyrpopjmxdwuuvjhpghzy brz-tp-lg-empty brz-css-h8Bgz\" data-generated-css=\"brz-css-i4NWq\" data-uniq-id=\"nzMM5\"><span>Le patient accepte, d\u00e9clare et s&rsquo;engage \u00e0 ce que les dossiers et livres de Time Travel Aesthetic serviront de preuve dans tout litige d\u00e9coulant du pr\u00e9sent contrat et qu&rsquo;il ne s&rsquo;opposera pas \u00e0 ces dossiers et livres ni ne fournira de preuves autres que celles-ci.<\/span><\/p>\n<\/div>\n<\/div>\n<\/div>\n<\/div>\n<\/div>\n<\/div>\n<\/div>\n<div class=\"brz-row__container brz-css-xiEkG\" data-brz-custom-id=\"vzcslulnezzuphsiyyqvgqgpqyfrjrcroiky\">\n<div class=\"brz-bg\"><\/div>\n<div class=\"brz-row brz-css-tbpqu brz-css-o8T8d\">\n<div class=\"brz-columns brz-css-dnoyL brz-css-uaEdZ\" data-brz-custom-id=\"ryztckmdklgyuionbhgmqvzayemhiislxlql\">\n<div class=\"brz-bg\"><\/div>\n<div class=\"brz-column__items brz-css-lLID6 brz-css-smuBR\">\n<div id=\"\" class=\"brz-css-yarW5 brz-css-dHsnM brz-wrapper\">\n<div class=\"brz-rich-text brz-rich-text__custom brz-css-kFhrD\" data-brz-custom-id=\"cyfufszmfmzmawfpcmwitlhumsozainwgnyn\">\n<div data-brz-translate-text=\"1\">\n<p class=\"brz-lh-lg-1_8 brz-ls-lg-0 brz-fw-lg-400 brz-fss-lg-px brz-fs-lg-19 brz-ft-upload brz-ff-ozhkiphnhvhspgnsirfckwjaxjgjldcctydj brz-tp-lg-empty brz-css-szZXE\" data-generated-css=\"brz-css-dmqlG\" data-uniq-id=\"uFTjG\"><strong>STATUT DU LITIGE<\/strong><\/p>\n<p class=\"brz-lh-lg-1_8 brz-ls-lg-0 brz-fw-lg-400 brz-fss-lg-px brz-fs-lg-16 brz-ft-upload brz-ff-wezyasbxuqgubgesyrpopjmxdwuuvjhpghzy brz-tp-lg-empty brz-css-b_yte\" data-generated-css=\"brz-css-qC2N0\" data-uniq-id=\"veMu7\"><span>Tout litige pouvant d\u00e9couler de l&rsquo;interpr\u00e9tation et de l&rsquo;ex\u00e9cution du pr\u00e9sent Accord sera r\u00e9gi par les lois de la R\u00e9publique de Turquie et les tribunaux et autorit\u00e9s charg\u00e9es de l&rsquo;application des lois d&rsquo;Antalya auront le pouvoir exclusif de conna\u00eetre du litige.<\/span><\/p>\n<\/div>\n<\/div>\n<\/div>\n<\/div>\n<\/div>\n<\/div>\n<\/div>\n<div class=\"brz-row__container brz-css-xiEkG\" data-brz-custom-id=\"ocutndmukybwbjqcbwznnkdacpaoragivpjp\">\n<div class=\"brz-bg\"><\/div>\n<div class=\"brz-row brz-css-tbpqu brz-css-o8T8d\">\n<div class=\"brz-columns brz-css-dnoyL brz-css-e4Pf5\" data-brz-custom-id=\"aretevmwtbxkkhzppltaetkslwpihczstkzm\">\n<div class=\"brz-bg\"><\/div>\n<div class=\"brz-column__items brz-css-lLID6 brz-css-mYJUa\">\n<div id=\"\" class=\"brz-css-yarW5 brz-css-wKrU0 brz-wrapper\">\n<div class=\"brz-rich-text brz-rich-text__custom brz-css-kFhrD\" data-brz-custom-id=\"hmrdhidfajmclkameoiflxxkwjlkykwlivze\">\n<div data-brz-translate-text=\"1\">\n<p class=\"brz-lh-lg-1_8 brz-ls-lg-0 brz-fw-lg-400 brz-fss-lg-px brz-fs-lg-19 brz-ft-upload brz-ff-ozhkiphnhvhspgnsirfckwjaxjgjldcctydj brz-tp-lg-empty brz-css-yyNqX\" data-generated-css=\"brz-css-wYvKC\" data-uniq-id=\"yir4n\"><strong>INT\u00c9GRIT\u00c9 ET APPLICABILIT\u00c9 DU CONTRAT<\/strong><\/p>\n<p class=\"brz-lh-lg-1_8 brz-ls-lg-0 brz-fw-lg-400 brz-fss-lg-px brz-fs-lg-16 brz-ft-upload brz-ff-wezyasbxuqgubgesyrpopjmxdwuuvjhpghzy brz-tp-lg-empty brz-css-uHzcD\" data-generated-css=\"brz-css-nmZVg\" data-uniq-id=\"r30Nk\"><span>Les articles ci-dessus constituent l\u2019int\u00e9gralit\u00e9 de l\u2019accord entre les parties et remplacent tous les accords, promesses et ententes oraux ou \u00e9crits pr\u00e9c\u00e9dents relatifs \u00e0 l\u2019objet du pr\u00e9sent accord.<\/span><\/p>\n<\/div>\n<\/div>\n<\/div>\n<\/div>\n<\/div>\n<\/div>\n<\/div>\n<\/div>\n<\/div>\n<\/section>\n<\/div>\n<p>    <!-- version:1734133433 --><\/p>\n","protected":false},"excerpt":{"rendered":"<p>TERMES ET CONDITIONS PARTIES CONTRACTANTES Le Contrat d&rsquo;Organisation Interm\u00e9diaire de Tourisme de Sant\u00e9 a \u00e9t\u00e9 conclu entre Time Travel Aesthetic (ci-apr\u00e8s d\u00e9nomm\u00e9e ORGANISATION AGENCE DE TOURISME DE SANT\u00c9) et la personne dont les informations figurent ci-dessous (ci-apr\u00e8s d\u00e9nomm\u00e9e PATIENT), selon les termes et conditions expos\u00e9s ci-dessous et sign\u00e9. avec l&rsquo;ex\u00e9cution du contrat par les parties, [&hellip;]<\/p>\n","protected":false},"author":1,"featured_media":0,"parent":0,"menu_order":2,"comment_status":"closed","ping_status":"closed","template":"","meta":{"footnotes":""},"class_list":["post-17004","page","type-page","status-publish","hentry"],"blocksy_meta":[],"_links":{"self":[{"href":"https:\/\/timetravelaesthetic.com\/fr\/wp-json\/wp\/v2\/pages\/17004","targetHints":{"allow":["GET"]}}],"collection":[{"href":"https:\/\/timetravelaesthetic.com\/fr\/wp-json\/wp\/v2\/pages"}],"about":[{"href":"https:\/\/timetravelaesthetic.com\/fr\/wp-json\/wp\/v2\/types\/page"}],"author":[{"embeddable":true,"href":"https:\/\/timetravelaesthetic.com\/fr\/wp-json\/wp\/v2\/users\/1"}],"replies":[{"embeddable":true,"href":"https:\/\/timetravelaesthetic.com\/fr\/wp-json\/wp\/v2\/comments?post=17004"}],"version-history":[{"count":1,"href":"https:\/\/timetravelaesthetic.com\/fr\/wp-json\/wp\/v2\/pages\/17004\/revisions"}],"predecessor-version":[{"id":24412,"href":"https:\/\/timetravelaesthetic.com\/fr\/wp-json\/wp\/v2\/pages\/17004\/revisions\/24412"}],"wp:attachment":[{"href":"https:\/\/timetravelaesthetic.com\/fr\/wp-json\/wp\/v2\/media?parent=17004"}],"curies":[{"name":"wp","href":"https:\/\/api.w.org\/{rel}","templated":true}]}}