{"id":17026,"date":"2023-11-19T14:38:44","date_gmt":"2023-11-19T14:38:44","guid":{"rendered":"https:\/\/time3.vl-staging.com\/ekip\/"},"modified":"2025-07-06T06:47:06","modified_gmt":"2025-07-06T06:47:06","slug":"ekip","status":"publish","type":"page","link":"https:\/\/timetravelaesthetic.com\/fr\/ekip\/","title":{"rendered":"Ekip FR"},"content":{"rendered":"<div class=\"brz-root__container brz-reset-all brz\">\n<section id=\"_tdoymavpmtbacvfpwegewewbenudnmdgwbou\" class=\"brz-section brz-css-wGAW1\">\n<div class=\"brz-section__content brz-section--boxed brz-css-dzFk1 brz-css-m2vHp\" data-brz-custom-id=\"pxytseuqkxylmdlgdnqcwdxiebxyluhxkeid\">\n<div class=\"brz-bg\">\n<div class=\"brz-bg-color\"><\/div>\n<\/div>\n<div class=\"brz-container brz-css-xJHYZ\">\n<div class=\"brz-row__container brz-css-s_6gv\" data-brz-custom-id=\"bcaqewbpqrhcxtlfcrvdoggtdogzppagbjoa\">\n<div class=\"brz-bg\"><\/div>\n<div class=\"brz-row brz-css-hitFq brz-css-hJo0W\">\n<div class=\"brz-columns brz-css-vm2_l brz-css-frkcK\" data-brz-custom-id=\"tbiqeswkqrdnpyqtwzrcrhpvegppphmzxxmq\">\n<div class=\"brz-bg\"><\/div>\n<div class=\"brz-column__items brz-css-gqZvP brz-css-cchM5\">\n<div id=\"\" class=\"brz-css-tH_o7 brz-css-g_zyZ brz-wrapper\">\n<div class=\"brz-rich-text brz-rich-text__custom brz-css-waKrg\" data-brz-custom-id=\"zftzlbwfjvxmahyoewjovrwkjexzjvkgddty\">\n<div data-brz-translate-text=\"1\">\n<p class=\"brz-fw-lg-400 brz-fss-lg-px brz-fs-lg-14 brz-ft-upload brz-ff-wezyasbxuqgubgesyrpopjmxdwuuvjhpghzy brz-tp-lg-empty brz-lh-lg-1_5 brz-ls-lg-1_1 brz-text-lg-left brz-css-galGL\" data-uniq-id=\"q4P7f\" data-generated-css=\"brz-css-r5VWV\"><span>Equipe<\/span><\/p>\n<\/div>\n<\/div>\n<\/div>\n<div id=\"\" class=\"brz-css-tH_o7 brz-css-hzwfu brz-wrapper\">\n<div class=\"brz-rich-text brz-rich-text__custom brz-css-waKrg\" data-brz-custom-id=\"ravdkafbelkynhuadukbpshzwrmomljmxmts\">\n<div data-brz-translate-text=\"1\">\n<p class=\"brz-text-lg-left brz-ff-xhmjbvrqbkqlffzvfmiyjgkwowqvkjfotwxd brz-ft-upload brz-fs-lg-32 brz-fss-lg-px brz-fw-lg-600 brz-ls-lg-m_1_5 brz-lh-lg-1_3 brz-tp-lg-empty brz-css-fOjyc\" data-generated-css=\"brz-css-kmJ3p\" data-uniq-id=\"m8y0M\"><span>Notre \u00e9quipe est toujours \u00e0 vos c\u00f4t\u00e9s pour rendre votre exp\u00e9rience unique et compl\u00e8te.<\/span><\/p>\n<\/div>\n<\/div>\n<\/div>\n<\/div>\n<\/div>\n<div class=\"brz-columns brz-css-vm2_l brz-css-p7DZQ\" data-brz-custom-id=\"yyctlsjewbxyvslemehlivgwwdymcthfqskd\">\n<div class=\"brz-bg\"><\/div>\n<div class=\"brz-column__items brz-css-gqZvP brz-css-m4ejY\">\n<div id=\"\" class=\"brz-css-tH_o7 brz-css-dnlHz brz-wrapper\">\n<div class=\"brz-rich-text brz-rich-text__custom brz-css-waKrg\" data-brz-custom-id=\"znfrphnewvgumrevkgfeglmfwlwfygxoptqn\">\n<div data-brz-translate-text=\"1\">\n<p class=\"brz-fw-lg-300 brz-fss-lg-px brz-fs-lg-18 brz-ft-upload brz-ff-wezyasbxuqgubgesyrpopjmxdwuuvjhpghzy brz-tp-lg-empty brz-lh-lg-1_8 brz-ls-lg-0 brz-text-lg-left brz-css-r9Vto\" data-uniq-id=\"mscri\" data-generated-css=\"brz-css-gvlrw\"><strong>Lorem Ipsum<\/strong><span>&nbsp;is simply dummy text of the printing and typesetting industry. Lorem Ipsum has been the industry&rsquo;s standard dummy <\/span><\/p>\n<\/div>\n<\/div>\n<\/div>\n<\/div>\n<\/div>\n<\/div>\n<\/div>\n<div id=\"\" class=\"brz-css-tH_o7 brz-css-lQhYC brz-wrapper\">\n<div class=\"brz-spacer brz-css-xn6q1 brz-css-lHxIl\"><\/div>\n<\/div>\n<div class=\"brz-row__container brz-css-s_6gv\" data-brz-custom-id=\"vquchcmtnrncoisjhhunibxgtbjyhdtonqty\">\n<div class=\"brz-bg\"><\/div>\n<div class=\"brz-row brz-css-hitFq brz-css-bphdO\">\n<div class=\"brz-columns brz-css-vm2_l brz-css-pVsxP\" data-brz-custom-id=\"xbheczntmvzivfhuezfrzwyuaxdnyaquxbpc\">\n<div class=\"brz-bg\"><\/div>\n<div class=\"brz-column__items brz-css-gqZvP brz-css-dNFW_\">\n<div id=\"\" class=\"brz-css-tH_o7 brz-css-bXCag brz-wrapper\">\n<div class=\"brz-image brz-css-ePmMk brz-css-pxqz3\" data-brz-custom-id=\"cysgfbyujdhnllsfvgjpyijqgfkfichfadpg\"><img decoding=\"async\" class=\"brz-img\" src=\"https:\/\/timetravelaesthetic.com\/fr?brizy_media=wp-bcd15a61d58b0998b2b22c94e4d41784.jpeg&amp;brizy_crop=original\" alt=\"\" loading=\"lazy\"><\/div>\n<\/div>\n<div id=\"\" class=\"brz-css-tH_o7 brz-css-urREJ brz-wrapper\">\n<div class=\"brz-rich-text brz-rich-text__custom brz-css-waKrg\" data-brz-custom-id=\"ivhganegyzgjtemsdmgbfrpyambrihsvocpr\">\n<div data-brz-translate-text=\"1\">\n<p class=\"brz-fw-lg-300 brz-fss-lg-px brz-fs-lg-18 brz-ft-upload brz-ff-wezyasbxuqgubgesyrpopjmxdwuuvjhpghzy brz-tp-lg-empty brz-lh-lg-1_8 brz-ls-lg-0 brz-text-lg-left brz-css-bbSv4\" data-uniq-id=\"ubtfp\" data-generated-css=\"brz-css-oxvgq\"><span>ABC<\/span><\/p>\n<\/div>\n<\/div>\n<\/div>\n<div id=\"\" class=\"brz-css-tH_o7 brz-css-auglc brz-wrapper\">\n<div class=\"brz-rich-text brz-rich-text__custom brz-css-waKrg\" data-brz-custom-id=\"jyxghjtkgmwqpxuliyvspwhhmtmwpwcfyuxp\">\n<div data-brz-translate-text=\"1\">\n<p class=\"brz-text-lg-left brz-tp-lg-empty brz-ff-ozhkiphnhvhspgnsirfckwjaxjgjldcctydj brz-ft-upload brz-fs-lg-14 brz-fss-lg-px brz-fw-lg-300 brz-ls-lg-0 brz-lh-lg-1_8 brz-css-eyvTe\" data-generated-css=\"brz-css-mltek\" data-uniq-id=\"njkdy\"><span>abcde<\/span><\/p>\n<\/div>\n<\/div>\n<\/div>\n<\/div>\n<\/div>\n<div class=\"brz-columns brz-css-vm2_l brz-css-iE0oX\" data-brz-custom-id=\"ywjhwmrksvwoqvegmtdxbgafdjgsafmpddka\">\n<div class=\"brz-bg\"><\/div>\n<div class=\"brz-column__items brz-css-gqZvP brz-css-rd7q6\">\n<div id=\"\" class=\"brz-css-tH_o7 brz-css-yHfOH brz-wrapper\">\n<div class=\"brz-image brz-css-tSa83 brz-css-xe2ai\" data-brz-custom-id=\"cymqzhtgqjahfdtbwnpuyrhtzmpyaynyrjrk\"><img decoding=\"async\" class=\"brz-img\" src=\"https:\/\/timetravelaesthetic.com\/fr?brizy_media=wp-bcd15a61d58b0998b2b22c94e4d41784.jpeg&amp;brizy_crop=original\" alt=\"\" loading=\"lazy\"><\/div>\n<\/div>\n<div id=\"\" class=\"brz-css-tH_o7 brz-css-zoXp3 brz-wrapper\">\n<div class=\"brz-rich-text brz-rich-text__custom brz-css-waKrg\" data-brz-custom-id=\"xgwsryiftbujjlnkruyhmgnqyowqyvbnpfms\">\n<div data-brz-translate-text=\"1\">\n<p class=\"brz-fw-lg-300 brz-fss-lg-px brz-fs-lg-18 brz-ft-upload brz-ff-wezyasbxuqgubgesyrpopjmxdwuuvjhpghzy brz-tp-lg-empty brz-lh-lg-1_8 brz-ls-lg-0 brz-text-lg-left brz-css-nM3Vg\" data-uniq-id=\"ubtfp\" data-generated-css=\"brz-css-oxvgq\"><span>ABC<\/span><\/p>\n<\/div>\n<\/div>\n<\/div>\n<div id=\"\" class=\"brz-css-tH_o7 brz-css-mkvuR brz-wrapper\">\n<div class=\"brz-rich-text brz-rich-text__custom brz-css-waKrg\" data-brz-custom-id=\"zzcjsqimpzlscjdnitzxpdwqinmnqpenaggm\">\n<div data-brz-translate-text=\"1\">\n<p class=\"brz-text-lg-left brz-tp-lg-empty brz-ff-ozhkiphnhvhspgnsirfckwjaxjgjldcctydj brz-ft-upload brz-fs-lg-14 brz-fss-lg-px brz-fw-lg-300 brz-ls-lg-0 brz-lh-lg-1_8 brz-css-lkA9s\" data-generated-css=\"brz-css-mltek\" data-uniq-id=\"njkdy\"><span>abcde<\/span><\/p>\n<\/div>\n<\/div>\n<\/div>\n<\/div>\n<\/div>\n<div class=\"brz-columns brz-css-vm2_l brz-css-pt8d8\" data-brz-custom-id=\"shaekwtkvtajnkjxabwebubihzmutgehfeea\">\n<div class=\"brz-bg\"><\/div>\n<div class=\"brz-column__items brz-css-gqZvP\">\n<div id=\"\" class=\"brz-css-tH_o7 brz-css-rhz5D brz-wrapper\">\n<div class=\"brz-image brz-css-mELDp brz-css-k73wp\" data-brz-custom-id=\"zcyoigrfdjnxlrvpiqlbqvskxrpgkcxekpim\"><img decoding=\"async\" class=\"brz-img\" src=\"https:\/\/timetravelaesthetic.com\/fr?brizy_media=wp-bcd15a61d58b0998b2b22c94e4d41784.jpeg&amp;brizy_crop=original\" alt=\"\" loading=\"lazy\"><\/div>\n<\/div>\n<div id=\"\" class=\"brz-css-tH_o7 brz-css-ejLgP brz-wrapper\">\n<div class=\"brz-rich-text brz-rich-text__custom brz-css-waKrg\" data-brz-custom-id=\"sawgeqwjlidlupfcgutbbdpnntcpcpprmbde\">\n<div data-brz-translate-text=\"1\">\n<p class=\"brz-fw-lg-300 brz-fss-lg-px brz-fs-lg-18 brz-ft-upload brz-ff-wezyasbxuqgubgesyrpopjmxdwuuvjhpghzy brz-tp-lg-empty brz-lh-lg-1_8 brz-ls-lg-0 brz-text-lg-left brz-css-mfpJn\" data-uniq-id=\"ubtfp\" data-generated-css=\"brz-css-oxvgq\"><span>ABC<\/span><\/p>\n<\/div>\n<\/div>\n<\/div>\n<div id=\"\" class=\"brz-css-tH_o7 brz-css-o6WZX brz-wrapper\">\n<div class=\"brz-rich-text brz-rich-text__custom brz-css-waKrg\" data-brz-custom-id=\"tdazxongqjtolfnhddmdjdpdvqnuvvxcexcf\">\n<div data-brz-translate-text=\"1\">\n<p class=\"brz-text-lg-left brz-tp-lg-empty brz-ff-ozhkiphnhvhspgnsirfckwjaxjgjldcctydj brz-ft-upload brz-fs-lg-14 brz-fss-lg-px brz-fw-lg-300 brz-ls-lg-0 brz-lh-lg-1_8 brz-css-rPqOL\" data-generated-css=\"brz-css-mltek\" data-uniq-id=\"njkdy\"><span>abcde<\/span><\/p>\n<\/div>\n<\/div>\n<\/div>\n<\/div>\n<\/div>\n<div class=\"brz-columns brz-css-vm2_l brz-css-tQnef\" data-brz-custom-id=\"kbxjzguqgoqynkpydarrxmxxhzcaroyppomz\">\n<div class=\"brz-bg\"><\/div>\n<div class=\"brz-column__items brz-css-gqZvP brz-css-aH4_o\">\n<div id=\"\" class=\"brz-css-tH_o7 brz-css-bYA9u brz-wrapper\">\n<div class=\"brz-image brz-css-yf5u5 brz-css-tHh1j\" data-brz-custom-id=\"ppynkbsrtiodnudbkywfcvkctrpdrnijqshp\"><img decoding=\"async\" class=\"brz-img\" src=\"https:\/\/timetravelaesthetic.com\/fr?brizy_media=wp-bcd15a61d58b0998b2b22c94e4d41784.jpeg&amp;brizy_crop=original\" alt=\"\" loading=\"lazy\"><\/div>\n<\/div>\n<div id=\"\" class=\"brz-css-tH_o7 brz-css-i0Bri brz-wrapper\">\n<div class=\"brz-rich-text brz-rich-text__custom brz-css-waKrg\" data-brz-custom-id=\"anpcvvvrjfmfmtxjubzrecneulydzydgmhus\">\n<div data-brz-translate-text=\"1\">\n<p class=\"brz-fw-lg-300 brz-fss-lg-px brz-fs-lg-18 brz-ft-upload brz-ff-wezyasbxuqgubgesyrpopjmxdwuuvjhpghzy brz-tp-lg-empty brz-lh-lg-1_8 brz-ls-lg-0 brz-text-lg-left brz-css-thkeo\" data-uniq-id=\"ubtfp\" data-generated-css=\"brz-css-oxvgq\"><span>ABC<\/span><\/p>\n<\/div>\n<\/div>\n<\/div>\n<div id=\"\" class=\"brz-css-tH_o7 brz-css-eHIuV brz-wrapper\">\n<div class=\"brz-rich-text brz-rich-text__custom brz-css-waKrg\" data-brz-custom-id=\"rzusllfsipcqumozrnaulptadbdyiclwvvol\">\n<div data-brz-translate-text=\"1\">\n<p class=\"brz-text-lg-left brz-tp-lg-empty brz-ff-ozhkiphnhvhspgnsirfckwjaxjgjldcctydj brz-ft-upload brz-fs-lg-14 brz-fss-lg-px brz-fw-lg-300 brz-ls-lg-0 brz-lh-lg-1_8 brz-css-qH13n\" data-generated-css=\"brz-css-mltek\" data-uniq-id=\"njkdy\"><span>abcde<\/span><\/p>\n<\/div>\n<\/div>\n<\/div>\n<\/div>\n<\/div>\n<div class=\"brz-columns brz-css-vm2_l brz-css-mCtlk\" data-brz-custom-id=\"astbcgqcdozhgqjvgjkcshymnkcrrfrnkdku\">\n<div class=\"brz-bg\"><\/div>\n<div class=\"brz-column__items brz-css-gqZvP brz-css-h4YEZ\">\n<div id=\"\" class=\"brz-css-tH_o7 brz-css-jnzZ4 brz-wrapper\">\n<div class=\"brz-image brz-css-bQpHD brz-css-sMwWJ\" data-brz-custom-id=\"bzjqgtubncpznrpgpugtwtnsgyetnugojyls\"><img decoding=\"async\" class=\"brz-img\" src=\"https:\/\/timetravelaesthetic.com\/fr?brizy_media=wp-bcd15a61d58b0998b2b22c94e4d41784.jpeg&amp;brizy_crop=original\" alt=\"\" loading=\"lazy\"><\/div>\n<\/div>\n<div id=\"\" class=\"brz-css-tH_o7 brz-css-jDgnK brz-wrapper\">\n<div class=\"brz-rich-text brz-rich-text__custom brz-css-waKrg\" data-brz-custom-id=\"dqwwkflwwzldmfyfchwurjhelpdqqljtcazl\">\n<div data-brz-translate-text=\"1\">\n<p class=\"brz-fw-lg-300 brz-fss-lg-px brz-fs-lg-18 brz-ft-upload brz-ff-wezyasbxuqgubgesyrpopjmxdwuuvjhpghzy brz-tp-lg-empty brz-lh-lg-1_8 brz-ls-lg-0 brz-text-lg-left brz-css-sX_Ix\" data-uniq-id=\"ubtfp\" data-generated-css=\"brz-css-oxvgq\"><span>ABC<\/span><\/p>\n<\/div>\n<\/div>\n<\/div>\n<div id=\"\" class=\"brz-css-tH_o7 brz-css-d2vAQ brz-wrapper\">\n<div class=\"brz-rich-text brz-rich-text__custom brz-css-waKrg\" data-brz-custom-id=\"gsdhgcrrhyudhtxjulokjoqtnewneejstano\">\n<div data-brz-translate-text=\"1\">\n<p class=\"brz-text-lg-left brz-tp-lg-empty brz-ff-ozhkiphnhvhspgnsirfckwjaxjgjldcctydj brz-ft-upload brz-fs-lg-14 brz-fss-lg-px brz-fw-lg-300 brz-ls-lg-0 brz-lh-lg-1_8 brz-css-tZW0x\" data-generated-css=\"brz-css-mltek\" data-uniq-id=\"njkdy\"><span>abcde<\/span><\/p>\n<\/div>\n<\/div>\n<\/div>\n<\/div>\n<\/div>\n<\/div>\n<\/div>\n<\/div>\n<\/div>\n<\/section>\n<\/div>\n<p>    <!-- version:1733967182 --><\/p>\n","protected":false},"excerpt":{"rendered":"<p>Equipe Notre \u00e9quipe est toujours \u00e0 vos c\u00f4t\u00e9s pour rendre votre exp\u00e9rience unique et compl\u00e8te. Lorem Ipsum&nbsp;is simply dummy text of the printing and typesetting industry. Lorem Ipsum has been the industry&rsquo;s standard dummy ABC abcde ABC abcde ABC abcde ABC abcde ABC abcde<\/p>\n","protected":false},"author":1,"featured_media":0,"parent":0,"menu_order":6,"comment_status":"closed","ping_status":"closed","template":"","meta":{"footnotes":""},"class_list":["post-17026","page","type-page","status-publish","hentry"],"blocksy_meta":[],"_links":{"self":[{"href":"https:\/\/timetravelaesthetic.com\/fr\/wp-json\/wp\/v2\/pages\/17026","targetHints":{"allow":["GET"]}}],"collection":[{"href":"https:\/\/timetravelaesthetic.com\/fr\/wp-json\/wp\/v2\/pages"}],"about":[{"href":"https:\/\/timetravelaesthetic.com\/fr\/wp-json\/wp\/v2\/types\/page"}],"author":[{"embeddable":true,"href":"https:\/\/timetravelaesthetic.com\/fr\/wp-json\/wp\/v2\/users\/1"}],"replies":[{"embeddable":true,"href":"https:\/\/timetravelaesthetic.com\/fr\/wp-json\/wp\/v2\/comments?post=17026"}],"version-history":[{"count":0,"href":"https:\/\/timetravelaesthetic.com\/fr\/wp-json\/wp\/v2\/pages\/17026\/revisions"}],"wp:attachment":[{"href":"https:\/\/timetravelaesthetic.com\/fr\/wp-json\/wp\/v2\/media?parent=17026"}],"curies":[{"name":"wp","href":"https:\/\/api.w.org\/{rel}","templated":true}]}}