{"id":17028,"date":"2023-11-19T14:43:49","date_gmt":"2023-11-19T14:43:49","guid":{"rendered":"https:\/\/time3.vl-staging.com\/doktorlar\/doktorlar-obezite\/"},"modified":"2025-07-03T14:51:34","modified_gmt":"2025-07-03T14:51:34","slug":"doktorlar-obezite","status":"publish","type":"page","link":"https:\/\/timetravelaesthetic.com\/fr\/doktorlar\/doktorlar-obezite\/","title":{"rendered":"Doktorlar-Obezite FR"},"content":{"rendered":"<div class=\"brz-root__container brz-reset-all brz\">\n<section id=\"thOa81X8NMar\" class=\"brz-section brz-css-fQsxu\">\n<div class=\"brz-section__content brz-section--boxed brz-css-gWm3Q brz-css-lqQnR\" data-brz-custom-id=\"almWPLrFvYO7\">\n<div class=\"brz-bg\">\n<div class=\"brz-bg-image\"><\/div>\n<\/div>\n<div class=\"brz-container brz-css-cQ69H\">\n<div id=\"\" class=\"brz-css-jsn57 brz-css-gvQob brz-wrapper\">\n<div class=\"brz-rich-text brz-rich-text__custom brz-css-fdNQr\" data-brz-custom-id=\"gkFiwyCSVZb5\">\n<div data-brz-translate-text=\"1\">\n<h1 class=\"brz-mt-lg-0 brz-fsft-lg-0 brz-fwdth-lg-100 brz-vfw-lg-400 brz-lh-lg-1 brz-ls-lg-m_1_5 brz-fw-lg-600 brz-fss-lg-px brz-fs-lg-46 brz-ft-upload brz-ff-ozhkiphnhvhspgnsirfckwjaxjgjldcctydj brz-tp-lg-heading1 brz-fs-xs-36 brz-tp-xs-empty brz-lh-xs-1 brz-ls-xs-m_1_5 brz-fw-xs-600 brz-fss-xs-px brz-text-lg-center brz-css-mVFuf\" data-uniq-id=\"r_Kh0\" data-generated-css=\"brz-css-tqdsQ\"><span>M\u00c9DECINS PARTENAIRES<\/span><\/h1>\n<\/div>\n<\/div>\n<\/div>\n<div id=\"\" class=\"brz-css-jsn57 brz-css-vCuZD brz-wrapper\">\n<div class=\"brz-rich-text brz-rich-text__custom brz-css-fdNQr\" data-brz-custom-id=\"eVPTZ2Gn1HzY\">\n<div data-brz-translate-text=\"1\">\n<h2 class=\"brz-fs-xs-36 brz-tp-xs-empty brz-lh-xs-1_3 brz-ls-xs-m_1 brz-fw-xs-700 brz-fss-xs-px brz-tp-lg-heading2 brz-text-lg-center brz-css-fuUnv\" data-uniq-id=\"vMY50\" data-generated-css=\"brz-css-tLBXc\"><span class=\"brz-cp-color2\">Un service sp\u00e9cial pour vous avec des experts en sant\u00e9.<\/span><\/h2>\n<\/div>\n<\/div>\n<\/div>\n<div id=\"\" class=\"brz-css-jsn57 brz-css-nI4sx brz-wrapper\">\n<div class=\"brz-rich-text brz-rich-text__custom brz-css-fdNQr\" data-brz-custom-id=\"t0cpOOXCKEoC\">\n<div data-brz-translate-text=\"1\">\n<p class=\"brz-tp-lg-subtitle brz-bcp-color2 brz-text-lg-center brz-css-lkskn\" data-generated-css=\"brz-css-qJPNn\" data-uniq-id=\"tE9pP\"><span class=\"brz-cp-color2\">Notre agence travaille avec des m\u00e9decins exp\u00e9riment\u00e9s pour vous fournir des services de sant\u00e9 de qualit\u00e9. Nos m\u00e9decins sont des professionnels de la sant\u00e9 qui poss\u00e8dent une vaste exp\u00e9rience dans leur domaine, suivent l&rsquo;information m\u00e9dicale actuelle et s&rsquo;am\u00e9liorent constamment.  Time Travel s&rsquo;associe \u00e0 des m\u00e9decins r\u00e9put\u00e9s pour leurs taux de satisfaction \u00e9lev\u00e9s des patients pour vous aider \u00e0 atteindre l&rsquo;apparence souhait\u00e9e. <\/span><\/p>\n<\/div>\n<\/div>\n<\/div>\n<div id=\"\" class=\"brz-css-jsn57 brz-css-hvxJT brz-css-pLWGD brz-wrapper\">\n<div class=\"brz-spacer brz-css-vCAmH brz-css-ka8fa\"><\/div>\n<\/div>\n<div class=\"brz-row__container brz-css-u8uml\" data-brz-custom-id=\"b89Y8q8qoxt3\">\n<div class=\"brz-bg\"><\/div>\n<div class=\"brz-row brz-css-p73M1 brz-css-q7nbd\">\n<div class=\"brz-columns brz-css-p0p2V brz-css-rD0FT\" data-brz-custom-id=\"s77HvDgFeKTO\">\n<div class=\"brz-column__items brz-css-bQHRO brz-css-jjq9f\">\n<div class=\"brz-row__container brz-css-u8uml\" data-brz-custom-id=\"yDTpqfCWeBHt\">\n<div class=\"brz-bg\"><\/div>\n<div class=\"brz-row brz-row--inner brz-css-p73M1 brz-css-q7nbd\">\n<div class=\"brz-columns brz-css-p0p2V brz-css-hZYlh\" data-brz-custom-id=\"yt34Xo7mICL0\">\n<div class=\"brz-bg\">\n<div class=\"brz-bg-color\"><\/div>\n<\/div>\n<div class=\"brz-column__items brz-css-bQHRO brz-css-oONAj\">\n<div id=\"\" class=\"brz-css-jsn57 brz-css-xUMzy brz-wrapper\">\n<div class=\"brz-image brz-css-cAcjX brz-css-naO4N\" data-brz-custom-id=\"gKExfwbwPJS8\"><img decoding=\"async\" class=\"brz-img\" src=\"https:\/\/imagedelivery.net\/NRkGkMCNdh-YTHlxRUe04Q\/timetravelaesthetic.com\/brizy\/93\/assets\/images\/Op.-Dr.-Namik-Yilmaz.jpg\/w=9999\" alt=\"\" loading=\"lazy\"><\/div>\n<\/div>\n<\/div>\n<\/div>\n<div class=\"brz-columns brz-css-p0p2V brz-css-hk0fj\" data-brz-custom-id=\"uuW8C0WLCfyA\">\n<div class=\"brz-bg\">\n<div class=\"brz-bg-color\"><\/div>\n<\/div>\n<div class=\"brz-column__items brz-css-bQHRO brz-css-bgicx\">\n<div id=\"\" class=\"brz-css-jsn57 brz-css-fh_26 brz-wrapper\">\n<div class=\"brz-icon-text brz-css-q8suF\" data-brz-custom-id=\"eFD_6zFI55TP\">\n<div class=\"brz-icon__container\" data-brz-custom-id=\"sK5jHG_NgjFH\"><span class=\"brz-icon brz-span brz-css-aF1j9 brz-css-sNdm0\"><\/span><\/div>\n<div class=\"brz-text-btn\">\n<div class=\"brz-rich-text brz-rich-text__custom brz-css-fdNQr\" data-brz-custom-id=\"aTZn7S5ozXs1\">\n<div data-brz-translate-text=\"1\">\n<h6 class=\"brz-text-lg-justify brz-tp-lg-empty brz-ff-ozhkiphnhvhspgnsirfckwjaxjgjldcctydj brz-ft-upload brz-fs-lg-24 brz-fss-lg-px brz-fw-lg-600 brz-ls-lg-0 brz-lh-lg-1_2 brz-mb-lg-0 brz-css-eRvgb\" data-generated-css=\"brz-css-fW3X_\" data-uniq-id=\"ihimW\"><span class=\"brz-cp-color2\">Nam\u0131k Y\u0131lmaz<\/span><\/h6>\n<h4 class=\"brz-mb-lg-10 ql-align-center brz-tp-lg-empty brz-ff-ozhkiphnhvhspgnsirfckwjaxjgjldcctydj brz-ft-upload brz-fs-lg-18 brz-fss-lg-px brz-fw-lg-500 brz-ls-lg-m_0_5 brz-lh-lg-1_2 brz-css-vsYVS\" data-generated-css=\"brz-css-l5ZAR\" data-uniq-id=\"aBz1X\"><span class=\"brz-cp-color2\">Chirurgien g\u00e9n\u00e9ral<\/span><\/h4>\n<p class=\"brz-tp-lg-empty brz-ff-ozhkiphnhvhspgnsirfckwjaxjgjldcctydj brz-ft-upload brz-fs-lg-14 brz-fss-lg-px brz-fw-lg-400 brz-ls-lg-0 brz-lh-lg-1_9 brz-css-qqUQD\" data-generated-css=\"brz-css-bObCy\" data-uniq-id=\"n3AB4\"><span class=\"brz-cp-color7\">Il est n\u00e9 \u00e0 Ankara en 1983. Il a termin\u00e9 ses \u00e9tudes primaires et secondaires \u00e0 Balikesir. Il est dipl\u00f4m\u00e9 troisi\u00e8me de son d\u00e9partement du Coll\u00e8ge militaire de Kuleli. Il a termin\u00e9 sa formation m\u00e9dicale \u00e0 l&rsquo;Acad\u00e9mie de m\u00e9decine militaire de G\u00fclhane en 2008. Il a ensuite compl\u00e9t\u00e9 sa formation en chirurgie plastique, reconstructive et esth\u00e9tique \u00e0 la Facult\u00e9 de m\u00e9decine de l&rsquo;Universit\u00e9 d&rsquo;Ankara. Il a publi\u00e9 de nombreux articles lors de conf\u00e9rences internationales. Il a particip\u00e9 \u00e0 plusieurs reprises \u00e0 des conf\u00e9rences nationales et internationales. Il r\u00e9alise avec succ\u00e8s tous types d\u2019interventions et d\u2019op\u00e9rations de chirurgie plastique.<\/span><\/p>\n<\/div>\n<\/div>\n<\/div>\n<\/div>\n<\/div>\n<\/div>\n<\/div>\n<\/div>\n<\/div>\n<\/div>\n<\/div>\n<\/div>\n<\/div>\n<div class=\"brz-row__container brz-css-u8uml\" data-brz-custom-id=\"mdSponwYfeaz\">\n<div class=\"brz-bg\"><\/div>\n<div class=\"brz-row brz-css-p73M1 brz-css-q7nbd\">\n<div class=\"brz-columns brz-css-p0p2V brz-css-bkQc1\" data-brz-custom-id=\"aVPQv3BDr9uX\">\n<div class=\"brz-column__items brz-css-bQHRO brz-css-vWiUD\">\n<div class=\"brz-row__container brz-css-u8uml\" data-brz-custom-id=\"yl15vh2KbDNh\">\n<div class=\"brz-bg\"><\/div>\n<div class=\"brz-row brz-row--inner brz-css-p73M1 brz-css-q7nbd\">\n<div class=\"brz-columns brz-css-p0p2V brz-css-wh01G\" data-brz-custom-id=\"hqXdlChBEs4h\">\n<div class=\"brz-bg\">\n<div class=\"brz-bg-color\"><\/div>\n<\/div>\n<div class=\"brz-column__items brz-css-bQHRO brz-css-r_ECt\">\n<div id=\"\" class=\"brz-css-jsn57 brz-css-iSN0I brz-wrapper\">\n<div class=\"brz-image brz-css-eZIZr brz-css-tIJnf\" data-brz-custom-id=\"iMmsEC2bTWAC\"><img decoding=\"async\" class=\"brz-img\" src=\"https:\/\/imagedelivery.net\/NRkGkMCNdh-YTHlxRUe04Q\/timetravelaesthetic.com\/brizy\/93\/assets\/images\/erdem-can-yardimci.jpeg\/w=9999\" alt=\"\" loading=\"lazy\"><\/div>\n<\/div>\n<\/div>\n<\/div>\n<div class=\"brz-columns brz-css-p0p2V brz-css-yjgOG\" data-brz-custom-id=\"pV4CivM8G08T\">\n<div class=\"brz-bg\">\n<div class=\"brz-bg-color\"><\/div>\n<\/div>\n<div class=\"brz-column__items brz-css-bQHRO brz-css-lMHpe\">\n<div id=\"\" class=\"brz-css-jsn57 brz-css-yBxSX brz-wrapper\">\n<div class=\"brz-icon-text brz-css-q8suF\" data-brz-custom-id=\"bvFwfAHEfgHX\">\n<div class=\"brz-icon__container\" data-brz-custom-id=\"j5dFAbHN02o5\"><span class=\"brz-icon brz-span brz-css-aF1j9 brz-css-ta49v\"><\/span><\/div>\n<div class=\"brz-text-btn\">\n<div class=\"brz-rich-text brz-rich-text__custom brz-css-fdNQr\" data-brz-custom-id=\"gsNMTVi3XgU0\">\n<div data-brz-translate-text=\"1\">\n<h6 class=\"brz-text-lg-justify brz-tp-lg-empty brz-ff-ozhkiphnhvhspgnsirfckwjaxjgjldcctydj brz-ft-upload brz-fs-lg-24 brz-fss-lg-px brz-fw-lg-600 brz-ls-lg-0 brz-lh-lg-1_2 brz-mb-lg-0 brz-css-iEwbZ\" data-generated-css=\"brz-css-zKfGq\" data-uniq-id=\"rmcuS\"><span class=\"brz-cp-color2\">Erdem Can Yard\u0131mc\u0131<\/span><\/h6>\n<h4 class=\"brz-mb-lg-10 ql-align-center brz-tp-lg-empty brz-ff-ozhkiphnhvhspgnsirfckwjaxjgjldcctydj brz-ft-upload brz-fs-lg-18 brz-fss-lg-px brz-fw-lg-500 brz-ls-lg-m_0_5 brz-lh-lg-1_2 brz-css-lGlQi\" data-generated-css=\"brz-css-xZzFN\" data-uniq-id=\"roEyc\"><span class=\"brz-cp-color2\">Chirurgien g\u00e9n\u00e9ral<\/span><\/h4>\n<p class=\"brz-tp-lg-empty brz-ff-ozhkiphnhvhspgnsirfckwjaxjgjldcctydj brz-ft-upload brz-fs-lg-14 brz-fss-lg-px brz-fw-lg-400 brz-ls-lg-0 brz-lh-lg-1_9 brz-css-vUP5j\" data-generated-css=\"brz-css-fyi6g\" data-uniq-id=\"l7fM4\"><span class=\"brz-cp-color7\">En 2011, il est dipl\u00f4m\u00e9 de la facult\u00e9 de m\u00e9decine de l\u2019Universit\u00e9 19 Mayis. Entre 2013 et 2018, il a suivi une formation \u00e0 la Clinique de Chirurgie G\u00e9n\u00e9rale de l&rsquo;H\u00f4pital de Formation et de Recherche d&rsquo;Antalya et a suivi une formation de sp\u00e9cialiste en chirurgie g\u00e9n\u00e9rale. Il a travaill\u00e9 dans des cliniques de transplantation d&rsquo;organes \u00e0 Tokat et \u00e0 Istanbul. Il poursuit sa carri\u00e8re de chirurgien g\u00e9n\u00e9ral dans les domaines de la chirurgie laparoscopique avanc\u00e9e, de la chirurgie bariatrique et m\u00e9tabolique.<\/span><\/p>\n<\/div>\n<\/div>\n<\/div>\n<\/div>\n<\/div>\n<\/div>\n<\/div>\n<\/div>\n<\/div>\n<\/div>\n<\/div>\n<\/div>\n<\/div>\n<\/div>\n<\/div>\n<\/section>\n<\/div>\n<p>    <!-- version:1723989774 --><\/p>\n","protected":false},"excerpt":{"rendered":"<p>M\u00c9DECINS PARTENAIRES Un service sp\u00e9cial pour vous avec des experts en sant\u00e9. Notre agence travaille avec des m\u00e9decins exp\u00e9riment\u00e9s pour vous fournir des services de sant\u00e9 de qualit\u00e9. Nos m\u00e9decins sont des professionnels de la sant\u00e9 qui poss\u00e8dent une vaste exp\u00e9rience dans leur domaine, suivent l&rsquo;information m\u00e9dicale actuelle et s&rsquo;am\u00e9liorent constamment. Time Travel s&rsquo;associe \u00e0 [&hellip;]<\/p>\n","protected":false},"author":1,"featured_media":0,"parent":17027,"menu_order":0,"comment_status":"closed","ping_status":"closed","template":"","meta":{"footnotes":""},"class_list":["post-17028","page","type-page","status-publish","hentry"],"blocksy_meta":[],"_links":{"self":[{"href":"https:\/\/timetravelaesthetic.com\/fr\/wp-json\/wp\/v2\/pages\/17028","targetHints":{"allow":["GET"]}}],"collection":[{"href":"https:\/\/timetravelaesthetic.com\/fr\/wp-json\/wp\/v2\/pages"}],"about":[{"href":"https:\/\/timetravelaesthetic.com\/fr\/wp-json\/wp\/v2\/types\/page"}],"author":[{"embeddable":true,"href":"https:\/\/timetravelaesthetic.com\/fr\/wp-json\/wp\/v2\/users\/1"}],"replies":[{"embeddable":true,"href":"https:\/\/timetravelaesthetic.com\/fr\/wp-json\/wp\/v2\/comments?post=17028"}],"version-history":[{"count":1,"href":"https:\/\/timetravelaesthetic.com\/fr\/wp-json\/wp\/v2\/pages\/17028\/revisions"}],"predecessor-version":[{"id":24335,"href":"https:\/\/timetravelaesthetic.com\/fr\/wp-json\/wp\/v2\/pages\/17028\/revisions\/24335"}],"up":[{"embeddable":true,"href":"https:\/\/timetravelaesthetic.com\/fr\/wp-json\/wp\/v2\/pages\/17027"}],"wp:attachment":[{"href":"https:\/\/timetravelaesthetic.com\/fr\/wp-json\/wp\/v2\/media?parent=17028"}],"curies":[{"name":"wp","href":"https:\/\/api.w.org\/{rel}","templated":true}]}}