{"id":17029,"date":"2023-11-19T14:46:39","date_gmt":"2023-11-19T14:46:39","guid":{"rendered":"https:\/\/time3.vl-staging.com\/doktorlar\/doktorlar-estetik\/"},"modified":"2025-07-03T14:07:22","modified_gmt":"2025-07-03T14:07:22","slug":"doktorlar-estetik","status":"publish","type":"page","link":"https:\/\/timetravelaesthetic.com\/fr\/doktorlar\/doktorlar-estetik\/","title":{"rendered":"Doktorlar-Estetik FR"},"content":{"rendered":"<div class=\"brz-root__container brz-reset-all brz\">\n<section id=\"_no_i9tVw4rAK\" class=\"brz-section brz-css-wZ2UR\">\n<div class=\"brz-section__content brz-section--boxed brz-css-jkukI brz-css-yXpVN\" data-brz-custom-id=\"xIGLVaXruMXs\">\n<div class=\"brz-bg\">\n<div class=\"brz-bg-image\"><\/div>\n<\/div>\n<div class=\"brz-container brz-css-lXuGJ\">\n<div id=\"\" class=\"brz-css-aVxLK brz-css-vnS_u brz-wrapper\">\n<div class=\"brz-rich-text brz-rich-text__custom brz-css-jC4kY\" data-brz-custom-id=\"l2z_SQoujCUC\">\n<div data-brz-translate-text=\"1\">\n<h1 class=\"brz-mt-lg-0 brz-fsft-lg-0 brz-fwdth-lg-100 brz-vfw-lg-400 brz-lh-lg-1 brz-ls-lg-m_1_5 brz-fw-lg-600 brz-fss-lg-px brz-fs-lg-46 brz-ft-upload brz-ff-ozhkiphnhvhspgnsirfckwjaxjgjldcctydj brz-tp-lg-heading1 brz-fs-xs-36 brz-tp-xs-empty brz-lh-xs-1 brz-ls-xs-m_1_5 brz-fw-xs-600 brz-fss-xs-px brz-text-lg-center brz-css-vqmuh\" data-uniq-id=\"r_Kh0\" data-generated-css=\"brz-css-tqdsQ\"><span style=\"opacity: 1\">M\u00c9DECINS PARTENAIRES<\/span><\/h1>\n<\/div>\n<\/div>\n<\/div>\n<div id=\"\" class=\"brz-css-aVxLK brz-css-rhWuD brz-wrapper\">\n<div class=\"brz-rich-text brz-rich-text__custom brz-css-jC4kY\" data-brz-custom-id=\"v2djxPf8k46g\">\n<div data-brz-translate-text=\"1\">\n<h2 class=\"brz-fs-xs-36 brz-tp-xs-empty brz-lh-xs-1_3 brz-ls-xs-m_1 brz-fw-xs-700 brz-fss-xs-px brz-tp-lg-heading2 brz-text-lg-center brz-css-piu4M\" data-uniq-id=\"vMY50\" data-generated-css=\"brz-css-tLBXc\"><span class=\"brz-cp-color2\">Un service sp\u00e9cial pour vous avec des experts en sant\u00e9.<\/span><\/h2>\n<\/div>\n<\/div>\n<\/div>\n<div id=\"\" class=\"brz-css-aVxLK brz-css-zAt0d brz-wrapper\">\n<div class=\"brz-rich-text brz-rich-text__custom brz-css-jC4kY\" data-brz-custom-id=\"mBqLBmBwe63u\">\n<div data-brz-translate-text=\"1\">\n<p class=\"brz-tp-lg-subtitle brz-bcp-color2 brz-text-lg-center brz-css-tTpSs\" data-generated-css=\"brz-css-n8Wj8\" data-uniq-id=\"ypchs\"><span class=\"brz-cp-color2\">Notre agence travaille avec des m\u00e9decins exp\u00e9riment\u00e9s pour vous fournir des services de sant\u00e9 de qualit\u00e9. Nos m\u00e9decins sont des professionnels de la sant\u00e9 qui poss\u00e8dent une vaste exp\u00e9rience dans leur domaine, suivent l&rsquo;information m\u00e9dicale actuelle et s&rsquo;am\u00e9liorent constamment.  Time Travel s&rsquo;associe \u00e0 des m\u00e9decins r\u00e9put\u00e9s pour leurs taux de satisfaction \u00e9lev\u00e9s des patients pour vous aider \u00e0 atteindre l&rsquo;apparence souhait\u00e9e. <\/span><\/p>\n<\/div>\n<\/div>\n<\/div>\n<div id=\"\" class=\"brz-css-aVxLK brz-css-eS4oW brz-css-sjq_Y brz-wrapper\">\n<div class=\"brz-spacer brz-css-qTTIQ brz-css-rZcJp\"><\/div>\n<\/div>\n<div class=\"brz-row__container brz-css-rWwqP\" data-brz-custom-id=\"cYS7QbZl_ZU_\">\n<div class=\"brz-bg\"><\/div>\n<div class=\"brz-row brz-css-lJ9dH brz-css-ohKnn\">\n<div class=\"brz-columns brz-css-ihyFf brz-css-fGpnE\" data-brz-custom-id=\"fPxYwY8X5RFK\">\n<div class=\"brz-column__items brz-css-lwsjZ brz-css-qMaIZ\">\n<div class=\"brz-row__container brz-css-rWwqP\" data-brz-custom-id=\"vzNg0Vm4iL9j\">\n<div class=\"brz-bg\"><\/div>\n<div class=\"brz-row brz-row--inner brz-css-lJ9dH brz-css-ohKnn\">\n<div class=\"brz-columns brz-css-ihyFf brz-css-ktLxb\" data-brz-custom-id=\"iaWq3kZ3kvr1\">\n<div class=\"brz-bg\">\n<div class=\"brz-bg-color\"><\/div>\n<\/div>\n<div class=\"brz-column__items brz-css-lwsjZ brz-css-rebSG\">\n<div id=\"\" class=\"brz-css-aVxLK brz-css-qs4UC brz-wrapper\">\n<div class=\"brz-image brz-css-hZETn brz-css-ln2j2\" data-brz-custom-id=\"w92hKUoufCHw\"><img decoding=\"async\" class=\"brz-img\" src=\"https:\/\/timetravelaesthetic.com\/fr?brizy_media=wp-9ed9a53370bc7c9cdfbe6a1b53f5fc9d.png&amp;brizy_crop=original\" alt=\"\" loading=\"lazy\"><\/div>\n<\/div>\n<\/div>\n<\/div>\n<div class=\"brz-columns brz-css-ihyFf brz-css-duo_4\" data-brz-custom-id=\"iLttLk41zvyW\">\n<div class=\"brz-bg\">\n<div class=\"brz-bg-color\"><\/div>\n<\/div>\n<div class=\"brz-column__items brz-css-lwsjZ brz-css-ulMfo\">\n<div id=\"\" class=\"brz-css-aVxLK brz-css-wv7rT brz-wrapper\">\n<div class=\"brz-icon-text brz-css-ccwwk\" data-brz-custom-id=\"qqr8QWqVgU0V\">\n<div class=\"brz-icon__container\" data-brz-custom-id=\"eL_Vh90MLijF\">\n<div class=\"brz-hover-animation__container\" data-brz-hover-animationid=\"eL_Vh90MLijF\" data-brz-hover-options=\"%7B%22duration%22:600,%22iterations%22:1%7D\" data-brz-hover-reversible=\"true\" data-brz-hover-target=\"%22firstChild%22\"><span class=\"brz-icon brz-span brz-css-fHQyM brz-css-kgdu_\"><\/span><\/div>\n<\/div>\n<div class=\"brz-text-btn\">\n<div class=\"brz-rich-text brz-rich-text__custom brz-css-jC4kY\" data-brz-custom-id=\"xyVfZR6dXe3u\">\n<div data-brz-translate-text=\"1\">\n<h6 class=\"brz-mb-lg-0 brz-tp-lg-empty brz-ff-ozhkiphnhvhspgnsirfckwjaxjgjldcctydj brz-ft-upload brz-fs-lg-24 brz-fss-lg-px brz-fw-lg-600 brz-ls-lg-0 brz-lh-lg-1_2 brz-text-xs-justify brz-css-l02RL\" data-uniq-id=\"gJ2Xq\" data-generated-css=\"brz-css-lEol6\"><span class=\"brz-cp-color2\">Adem Usta<\/span><\/h6>\n<h6 class=\"brz-mb-lg-10 brz-tp-lg-empty brz-ff-ozhkiphnhvhspgnsirfckwjaxjgjldcctydj brz-ft-upload brz-fs-lg-18 brz-fss-lg-px brz-fw-lg-500 brz-ls-lg-0 brz-lh-lg-1_2 brz-text-xs-left brz-css-jmX6R\" data-uniq-id=\"nhvPX\" data-generated-css=\"brz-css-ljgwz\"><span class=\"brz-cp-color2\">Sp\u00e9cialiste en chirurgie plastique, reconstructive et esth\u00e9tique<\/span><\/h6>\n<p class=\"brz-mb-lg-28 ql-align-center brz-tp-lg-empty brz-ff-ozhkiphnhvhspgnsirfckwjaxjgjldcctydj brz-ft-upload brz-fs-lg-14 brz-fss-lg-px brz-fw-lg-400 brz-ls-lg-0 brz-lh-lg-1_9 brz-text-xs-left brz-css-hwUff\" data-uniq-id=\"yYqLU\" data-generated-css=\"brz-css-kppx7\"><span class=\"brz-cp-color7\">Il est n\u00e9 \u00e0 Antalya en 1989, Op. Dr. Adem Usta est dipl\u00f4m\u00e9 du lyc\u00e9e d&rsquo;Antalya Yusuf Ziya \u00d6ner en 2007 et de la Facult\u00e9 de m\u00e9decine de l&rsquo;Universit\u00e9 de Pamukkale en 2014. Apr\u00e8s son service obligatoire en tant que m\u00e9decin g\u00e9n\u00e9raliste dans le district de \u00c7avd\u0131r de Burdur, il a termin\u00e9 sa formation sp\u00e9cialis\u00e9e \u00e0 la Facult\u00e9 de m\u00e9decine de l&rsquo;Universit\u00e9 de Pamukkale, D\u00e9partement de chirurgie plastique, reconstructive et esth\u00e9tique en 2015-2020, et sa formation obligatoire comme sp\u00e9cialiste \u00e0 l&rsquo;H\u00f4pital d&rsquo;\u00c9tat d&rsquo;I\u011fd\u0131r en 2020-2021.<\/span><\/p>\n<\/div>\n<\/div>\n<\/div>\n<\/div>\n<\/div>\n<\/div>\n<\/div>\n<\/div>\n<\/div>\n<\/div>\n<\/div>\n<\/div>\n<\/div>\n<div class=\"brz-row__container brz-css-rWwqP\" data-brz-custom-id=\"zKmh5RaStzW6\">\n<div class=\"brz-bg\"><\/div>\n<div class=\"brz-row brz-css-lJ9dH brz-css-ohKnn\">\n<div class=\"brz-columns brz-css-ihyFf brz-css-ndiuA\" data-brz-custom-id=\"qgXpxjnS4L7v\">\n<div class=\"brz-column__items brz-css-lwsjZ brz-css-zACSc\">\n<div class=\"brz-row__container brz-css-rWwqP\" data-brz-custom-id=\"ycX7OnzqSgEW\">\n<div class=\"brz-bg\"><\/div>\n<div class=\"brz-row brz-row--inner brz-css-lJ9dH brz-css-ohKnn\">\n<div class=\"brz-columns brz-css-ihyFf brz-css-r8QEN\" data-brz-custom-id=\"pp6BaI1DvO3D\">\n<div class=\"brz-bg\">\n<div class=\"brz-bg-color\"><\/div>\n<\/div>\n<div class=\"brz-column__items brz-css-lwsjZ brz-css-hJRME\">\n<div id=\"\" class=\"brz-css-aVxLK brz-css-bC9eM brz-wrapper\">\n<div class=\"brz-image brz-css-kAlKc brz-css-bVS_v\" data-brz-custom-id=\"gq2NsWCuFp98\"><img decoding=\"async\" class=\"brz-img\" src=\"https:\/\/timetravelaesthetic.com\/fr?brizy_media=wp-e63f0e29d4665480fd988a6175366b9e.png&amp;brizy_crop=original\" alt=\"\" loading=\"lazy\"><\/div>\n<\/div>\n<\/div>\n<\/div>\n<div class=\"brz-columns brz-css-ihyFf brz-css-pPDg1\" data-brz-custom-id=\"tr1wxf2urYfF\">\n<div class=\"brz-bg\">\n<div class=\"brz-bg-color\"><\/div>\n<\/div>\n<div class=\"brz-column__items brz-css-lwsjZ brz-css-k66oE\">\n<div id=\"\" class=\"brz-css-aVxLK brz-css-cPpvM brz-wrapper\">\n<div class=\"brz-icon-text brz-css-ccwwk\" data-brz-custom-id=\"n4C6kS4ycD6N\">\n<div class=\"brz-icon__container\" data-brz-custom-id=\"d_IpPCRHPE_b\">\n<div class=\"brz-hover-animation__container\" data-brz-hover-animationid=\"d_IpPCRHPE_b\" data-brz-hover-options=\"%7B%22duration%22:600,%22iterations%22:1%7D\" data-brz-hover-reversible=\"true\" data-brz-hover-target=\"%22firstChild%22\"><span class=\"brz-icon brz-span brz-css-fHQyM brz-css-x01Ta\"><\/span><\/div>\n<\/div>\n<div class=\"brz-text-btn\">\n<div class=\"brz-rich-text brz-rich-text__custom brz-css-jC4kY\" data-brz-custom-id=\"eduMEZn6Yc21\">\n<div data-brz-translate-text=\"1\">\n<h6 class=\"brz-mb-lg-0 brz-lh-lg-1_2 brz-ls-lg-0 brz-fw-lg-600 brz-fss-lg-px brz-fs-lg-24 brz-ft-upload brz-ff-ozhkiphnhvhspgnsirfckwjaxjgjldcctydj brz-tp-lg-empty brz-text-lg-justify brz-css-nOJ1y\" data-uniq-id=\"h2st1\" data-generated-css=\"brz-css-ipKmL\"><span class=\"brz-cp-color2\">Bahad\u0131r \u00c7EL\u0130K<\/span><\/h6>\n<h4 class=\"brz-lh-lg-1_2 brz-ls-lg-m_0_5 brz-fw-lg-500 brz-fss-lg-px brz-fs-lg-18 brz-ft-upload brz-ff-ozhkiphnhvhspgnsirfckwjaxjgjldcctydj brz-tp-lg-empty ql-align-center brz-mb-lg-10 brz-css-vd3Nl\" data-uniq-id=\"pk1Pu\" data-generated-css=\"brz-css-ft7c8\"><span class=\"brz-cp-color2\">Sp\u00e9cialiste en chirurgie plastique, reconstructive et esth\u00e9tique<\/span><\/h4>\n<p class=\"brz-lh-lg-1_9 brz-ls-lg-0 brz-fw-lg-400 brz-fss-lg-px brz-fs-lg-14 brz-ft-upload brz-ff-ozhkiphnhvhspgnsirfckwjaxjgjldcctydj brz-tp-lg-empty brz-text-xs-left brz-css-x0H21\" data-uniq-id=\"mggck\" data-generated-css=\"brz-css-n01eJ\"><span class=\"brz-cp-color7\">Il est n\u00e9 \u00e0 Ankara en 1983. Il a termin\u00e9 ses \u00e9tudes primaires et secondaires \u00e0 Bal\u0131kesir. Il est dipl\u00f4m\u00e9 troisi\u00e8me de son d\u00e9partement du Coll\u00e8ge militaire de Kuleli. Il a termin\u00e9 sa formation m\u00e9dicale \u00e0 l&rsquo;Acad\u00e9mie de m\u00e9decine militaire de G\u00fclhane en 2008. Il a ensuite compl\u00e9t\u00e9 sa formation en chirurgie plastique, reconstructive et esth\u00e9tique \u00e0 la Facult\u00e9 de m\u00e9decine de l&rsquo;Universit\u00e9 d&rsquo;Ankara. Il a publi\u00e9 de nombreux articles lors de conf\u00e9rences internationales. Il a particip\u00e9 \u00e0 plusieurs reprises \u00e0 des conf\u00e9rences nationales et internationales. Il r\u00e9alise avec succ\u00e8s tous types d\u2019interventions et d\u2019op\u00e9rations de chirurgie plastique.<\/span><\/p>\n<\/div>\n<\/div>\n<\/div>\n<\/div>\n<\/div>\n<\/div>\n<\/div>\n<\/div>\n<\/div>\n<\/div>\n<\/div>\n<\/div>\n<\/div>\n<\/div>\n<\/div>\n<\/section>\n<\/div>\n<p>    <!-- version:1734764510 --><\/p>\n","protected":false},"excerpt":{"rendered":"<p>M\u00c9DECINS PARTENAIRES Un service sp\u00e9cial pour vous avec des experts en sant\u00e9. Notre agence travaille avec des m\u00e9decins exp\u00e9riment\u00e9s pour vous fournir des services de sant\u00e9 de qualit\u00e9. Nos m\u00e9decins sont des professionnels de la sant\u00e9 qui poss\u00e8dent une vaste exp\u00e9rience dans leur domaine, suivent l&rsquo;information m\u00e9dicale actuelle et s&rsquo;am\u00e9liorent constamment. Time Travel s&rsquo;associe \u00e0 [&hellip;]<\/p>\n","protected":false},"author":1,"featured_media":0,"parent":17027,"menu_order":1,"comment_status":"closed","ping_status":"closed","template":"","meta":{"footnotes":""},"class_list":["post-17029","page","type-page","status-publish","hentry"],"blocksy_meta":[],"_links":{"self":[{"href":"https:\/\/timetravelaesthetic.com\/fr\/wp-json\/wp\/v2\/pages\/17029","targetHints":{"allow":["GET"]}}],"collection":[{"href":"https:\/\/timetravelaesthetic.com\/fr\/wp-json\/wp\/v2\/pages"}],"about":[{"href":"https:\/\/timetravelaesthetic.com\/fr\/wp-json\/wp\/v2\/types\/page"}],"author":[{"embeddable":true,"href":"https:\/\/timetravelaesthetic.com\/fr\/wp-json\/wp\/v2\/users\/1"}],"replies":[{"embeddable":true,"href":"https:\/\/timetravelaesthetic.com\/fr\/wp-json\/wp\/v2\/comments?post=17029"}],"version-history":[{"count":4,"href":"https:\/\/timetravelaesthetic.com\/fr\/wp-json\/wp\/v2\/pages\/17029\/revisions"}],"predecessor-version":[{"id":24331,"href":"https:\/\/timetravelaesthetic.com\/fr\/wp-json\/wp\/v2\/pages\/17029\/revisions\/24331"}],"up":[{"embeddable":true,"href":"https:\/\/timetravelaesthetic.com\/fr\/wp-json\/wp\/v2\/pages\/17027"}],"wp:attachment":[{"href":"https:\/\/timetravelaesthetic.com\/fr\/wp-json\/wp\/v2\/media?parent=17029"}],"curies":[{"name":"wp","href":"https:\/\/api.w.org\/{rel}","templated":true}]}}