{"id":17030,"date":"2023-11-19T14:51:09","date_gmt":"2023-11-19T14:51:09","guid":{"rendered":"https:\/\/time3.vl-staging.com\/doktorlar\/doktorlar-dis\/"},"modified":"2025-07-02T10:16:01","modified_gmt":"2025-07-02T10:16:01","slug":"doktorlar-dis","status":"publish","type":"page","link":"https:\/\/timetravelaesthetic.com\/fr\/doktorlar\/doktorlar-dis\/","title":{"rendered":"Doktorlar-di\u015f FR"},"content":{"rendered":"<div class=\"brz-root__container brz-reset-all brz\">\n<section id=\"_bjTnODzdKcwr\" class=\"brz-section brz-css-mCcvK\">\n<div class=\"brz-section__content brz-section--boxed brz-css-sayBe brz-css-jneZo\" data-brz-custom-id=\"nRIUJZvVVoVC\">\n<div class=\"brz-bg\">\n<div class=\"brz-bg-image\"><\/div>\n<\/div>\n<div class=\"brz-container brz-css-xASRT\">\n<div id=\"\" class=\"brz-css-kdfqG brz-css-fj65G brz-wrapper\">\n<div class=\"brz-rich-text brz-rich-text__custom brz-css-qZ9bp\" data-brz-custom-id=\"aaNbO1WSLJFX\">\n<div data-brz-translate-text=\"1\">\n<h1 class=\"brz-mt-lg-0 brz-fsft-lg-0 brz-fwdth-lg-100 brz-vfw-lg-400 brz-lh-lg-1 brz-ls-lg-m_1_5 brz-fw-lg-600 brz-fss-lg-px brz-fs-lg-46 brz-ft-upload brz-ff-ozhkiphnhvhspgnsirfckwjaxjgjldcctydj brz-tp-lg-heading1 brz-fs-xs-36 brz-tp-xs-empty brz-lh-xs-1 brz-ls-xs-m_1_5 brz-fw-xs-600 brz-fss-xs-px brz-text-lg-center brz-css-u7BiO\" data-uniq-id=\"r_Kh0\" data-generated-css=\"brz-css-tqdsQ\"><span style=\"opacity: 1\">M\u00c9DECINS PARTENAIRES<\/span><\/h1>\n<\/div>\n<\/div>\n<\/div>\n<div id=\"\" class=\"brz-css-kdfqG brz-css-zn2PN brz-wrapper\">\n<div class=\"brz-rich-text brz-rich-text__custom brz-css-qZ9bp\" data-brz-custom-id=\"k4pvZuQxDQz1\">\n<div data-brz-translate-text=\"1\">\n<h2 class=\"brz-fs-xs-36 brz-tp-xs-empty brz-lh-xs-1_3 brz-ls-xs-m_1 brz-fw-xs-700 brz-fss-xs-px brz-tp-lg-heading2 brz-text-lg-center brz-css-c2htt\" data-uniq-id=\"vMY50\" data-generated-css=\"brz-css-tLBXc\"><span class=\"brz-cp-color2\">Un service sp\u00e9cial pour vous avec des experts en sant\u00e9.<\/span><\/h2>\n<\/div>\n<\/div>\n<\/div>\n<div id=\"\" class=\"brz-css-kdfqG brz-css-xeZIi brz-wrapper\">\n<div class=\"brz-rich-text brz-rich-text__custom brz-css-qZ9bp\" data-brz-custom-id=\"oEJ9hm40kHgN\">\n<div data-brz-translate-text=\"1\">\n<p class=\"brz-tp-lg-subtitle brz-bcp-color2 brz-text-lg-center brz-css-l_pm2\" data-generated-css=\"brz-css-fvF4F\" data-uniq-id=\"mnPnE\"><span class=\"brz-cp-color2\">Notre agence travaille avec des m\u00e9decins exp\u00e9riment\u00e9s pour vous fournir des services de sant\u00e9 de qualit\u00e9. Nos m\u00e9decins sont des professionnels de la sant\u00e9 qui poss\u00e8dent une vaste exp\u00e9rience dans leur domaine, suivent l&rsquo;information m\u00e9dicale actuelle et s&rsquo;am\u00e9liorent constamment.  Time Travel s&rsquo;associe \u00e0 des m\u00e9decins r\u00e9put\u00e9s pour leurs taux de satisfaction \u00e9lev\u00e9s des patients pour vous aider \u00e0 atteindre l&rsquo;apparence souhait\u00e9e. <\/span><\/p>\n<\/div>\n<\/div>\n<\/div>\n<div id=\"\" class=\"brz-css-kdfqG brz-css-k5YMQ brz-css-qhKUv brz-wrapper\">\n<div class=\"brz-spacer brz-css-xZUYq brz-css-mLCo8\"><\/div>\n<\/div>\n<div class=\"brz-row__container brz-css-mr64Y\" data-brz-custom-id=\"eLE5QmGBwjt8\">\n<div class=\"brz-bg\"><\/div>\n<div class=\"brz-row brz-css-zkmtA brz-css-fzK6U\">\n<div class=\"brz-columns brz-css-sq5Yk brz-css-mXx28\" data-brz-custom-id=\"ln6xnTANRv6T\">\n<div class=\"brz-column__items brz-css-zDVAk brz-css-zp51k\">\n<div class=\"brz-row__container brz-css-mr64Y\" data-brz-custom-id=\"eUZ4bMC17G9O\">\n<div class=\"brz-bg\"><\/div>\n<div class=\"brz-row brz-row--inner brz-css-zkmtA brz-css-fzK6U\">\n<div class=\"brz-columns brz-css-sq5Yk brz-css-aXGvp\" data-brz-custom-id=\"dtlesOJQ16Jl\">\n<div class=\"brz-bg\">\n<div class=\"brz-bg-color\"><\/div>\n<\/div>\n<div class=\"brz-column__items brz-css-zDVAk brz-css-zAbxs\">\n<div id=\"\" class=\"brz-css-kdfqG brz-css-vgHdp brz-wrapper\">\n<div class=\"brz-image brz-css-c0G4A brz-css-oYmdm\" data-brz-custom-id=\"qavBTcZ9aR4o\"><img decoding=\"async\" class=\"brz-img\" src=\"https:\/\/timetravelaesthetic.com\/fr?brizy_media=wp-8c0a37cccd88c529e43fc81fb6144600.jpg&amp;brizy_crop=original\" alt=\"\" loading=\"lazy\"><\/div>\n<\/div>\n<\/div>\n<\/div>\n<div class=\"brz-columns brz-css-sq5Yk brz-css-p1dfO\" data-brz-custom-id=\"gbyY8cKEkGN1\">\n<div class=\"brz-bg\">\n<div class=\"brz-bg-color\"><\/div>\n<\/div>\n<div class=\"brz-column__items brz-css-zDVAk brz-css-qzir3\">\n<div id=\"\" class=\"brz-css-kdfqG brz-css-t2PaY brz-wrapper\">\n<div class=\"brz-icon-text brz-css-qaz1_\" data-brz-custom-id=\"mFhZGwcqUyHA\">\n<div class=\"brz-icon__container\" data-brz-custom-id=\"tjYrzEVvagaE\">\n<div class=\"brz-hover-animation__container\" data-brz-hover-animationid=\"tjYrzEVvagaE\" data-brz-hover-options=\"%7B%22duration%22:600,%22iterations%22:1%7D\" data-brz-hover-reversible=\"true\" data-brz-hover-target=\"%22firstChild%22\"><span class=\"brz-icon brz-span brz-css-jYKKA brz-css-n3Guk\"><\/span><\/div>\n<\/div>\n<div class=\"brz-text-btn\">\n<div class=\"brz-rich-text brz-rich-text__custom brz-css-qZ9bp\" data-brz-custom-id=\"ptnkAxllPtiA\">\n<div data-brz-translate-text=\"1\">\n<h6 class=\"brz-text-xs-left brz-text-lg-justify brz-tp-lg-empty brz-ff-ozhkiphnhvhspgnsirfckwjaxjgjldcctydj brz-ft-upload brz-fs-lg-24 brz-fss-lg-px brz-fw-lg-600 brz-ls-lg-0 brz-lh-lg-1_2 brz-mb-lg-0 brz-css-h63j5\" data-generated-css=\"brz-css-pG72r\" data-uniq-id=\"qb3Ee\">Spezialist Dt. Mustafa DILLI<\/h6>\n<h4 class=\"brz-mb-lg-10 ql-align-center brz-tp-lg-empty brz-ff-ozhkiphnhvhspgnsirfckwjaxjgjldcctydj brz-ft-upload brz-fs-lg-18 brz-fss-lg-px brz-fw-lg-500 brz-ls-lg-m_0_5 brz-lh-lg-1_2 brz-css-xPNC3\" data-generated-css=\"brz-css-zuIeA\" data-uniq-id=\"iB8qw\"><span class=\"brz-cp-color2\">Sp\u00e9cialiste en endodontie<\/span><\/h4>\n<p class=\"brz-tp-lg-empty brz-ff-ozhkiphnhvhspgnsirfckwjaxjgjldcctydj brz-ft-upload brz-fs-lg-14 brz-fss-lg-px brz-fw-lg-400 brz-ls-lg-0 brz-lh-lg-1_9 brz-css-aA2_Q\" data-generated-css=\"brz-css-h_HIm\" data-uniq-id=\"b_F3A\"><span class=\"brz-cp-color7\">Le sp\u00e9cialiste en endodontie Mustafa Dilli est n\u00e9 \u00e0 Hatay en 1989. En 2014, il est dipl\u00f4m\u00e9 de la Facult\u00e9 de m\u00e9decine dentaire de l&rsquo;Universit\u00e9 de Gazi. En 2017, il a commenc\u00e9 sa formation sp\u00e9cialis\u00e9e \u00e0 l&rsquo;Universit\u00e9 Tokat Gaziosmanpasa, D\u00e9partement d&rsquo;endodontie. Il a compl\u00e9t\u00e9 sa th\u00e8se sur \u00ab La douleur postop\u00e9ratoire en endodontie \u00bb en 2021. Mustafa Dilli travaille comme sp\u00e9cialiste en endodontie dans notre clinique depuis 2022.<\/span><\/p>\n<\/div>\n<\/div>\n<\/div>\n<\/div>\n<\/div>\n<\/div>\n<\/div>\n<\/div>\n<\/div>\n<\/div>\n<\/div>\n<\/div>\n<\/div>\n<div class=\"brz-row__container brz-css-mr64Y\" data-brz-custom-id=\"wQrHyuBrRay1\">\n<div class=\"brz-bg\"><\/div>\n<div class=\"brz-row brz-css-zkmtA brz-css-fzK6U\">\n<div class=\"brz-columns brz-css-sq5Yk brz-css-xpkJV\" data-brz-custom-id=\"cyVMgZ9mbzdw\">\n<div class=\"brz-column__items brz-css-zDVAk brz-css-vN92E\">\n<div class=\"brz-row__container brz-css-mr64Y\" data-brz-custom-id=\"h8SEbFnTEu0H\">\n<div class=\"brz-bg\"><\/div>\n<div class=\"brz-row brz-row--inner brz-css-zkmtA brz-css-fzK6U\">\n<div class=\"brz-columns brz-css-sq5Yk brz-css-lZhn_\" data-brz-custom-id=\"bAGw1tvaMSfK\">\n<div class=\"brz-bg\">\n<div class=\"brz-bg-color\"><\/div>\n<\/div>\n<div class=\"brz-column__items brz-css-zDVAk brz-css-omASc\">\n<div id=\"\" class=\"brz-css-kdfqG brz-css-wUc06 brz-wrapper\">\n<div class=\"brz-image brz-css-iIuEn brz-css-vupnT\" data-brz-custom-id=\"fE9hSnF9J8E5\"><img decoding=\"async\" class=\"brz-img\" src=\"https:\/\/timetravelaesthetic.com\/fr?brizy_media=wp-40f1f146e53367ff4d1cbe4996343bdb.png&amp;brizy_crop=original\" alt=\"\" loading=\"lazy\"><\/div>\n<\/div>\n<\/div>\n<\/div>\n<div class=\"brz-columns brz-css-sq5Yk brz-css-e_EKK\" data-brz-custom-id=\"bDsmQdCLowyJ\">\n<div class=\"brz-bg\">\n<div class=\"brz-bg-color\"><\/div>\n<\/div>\n<div class=\"brz-column__items brz-css-zDVAk brz-css-k5TdP\">\n<div id=\"\" class=\"brz-css-kdfqG brz-css-acHf_ brz-wrapper\">\n<div class=\"brz-icon-text brz-css-qaz1_\" data-brz-custom-id=\"yqUUvlIM3am0\">\n<div class=\"brz-icon__container\" data-brz-custom-id=\"sMRHpv8MAPFY\">\n<div class=\"brz-hover-animation__container\" data-brz-hover-animationid=\"sMRHpv8MAPFY\" data-brz-hover-options=\"%7B%22duration%22:600,%22iterations%22:1%7D\" data-brz-hover-reversible=\"true\" data-brz-hover-target=\"%22firstChild%22\"><span class=\"brz-icon brz-span brz-css-jYKKA brz-css-dD8Vj\"><\/span><\/div>\n<\/div>\n<div class=\"brz-text-btn\">\n<div class=\"brz-rich-text brz-rich-text__custom brz-css-qZ9bp\" data-brz-custom-id=\"uWgksydf14vn\">\n<div data-brz-translate-text=\"1\">\n<h6 class=\"brz-text-xs-left brz-text-lg-justify brz-tp-lg-empty brz-ff-ozhkiphnhvhspgnsirfckwjaxjgjldcctydj brz-ft-upload brz-fs-lg-24 brz-fss-lg-px brz-fw-lg-600 brz-ls-lg-0 brz-lh-lg-1_2 brz-mb-lg-0 brz-css-goNn6\" data-generated-css=\"brz-css-suQDT\" data-uniq-id=\"f14zS\">Spezialistin Dr. Dt Piril T. SINDEL<\/h6>\n<h4 class=\"brz-mb-lg-10 ql-align-center brz-tp-lg-empty brz-ff-ozhkiphnhvhspgnsirfckwjaxjgjldcctydj brz-ft-upload brz-fs-lg-18 brz-fss-lg-px brz-fw-lg-500 brz-ls-lg-m_0_5 brz-lh-lg-1_2 brz-css-oOuZQ\" data-generated-css=\"brz-css-h3unw\" data-uniq-id=\"lQ1wv\"><span class=\"brz-cp-color2\">Proth\u00e9siste<\/span><\/h4>\n<p class=\"brz-tp-lg-empty brz-ff-ozhkiphnhvhspgnsirfckwjaxjgjldcctydj brz-ft-upload brz-fs-lg-14 brz-fss-lg-px brz-fw-lg-400 brz-ls-lg-0 brz-lh-lg-1_9 brz-css-brPuY\" data-generated-css=\"brz-css-g9piT\" data-uniq-id=\"awdYv\"><span class=\"brz-cp-color7\">Piril T\u00fcrkan Sindel, n\u00e9 en 1985, est dipl\u00f4m\u00e9 de la Facult\u00e9 de m\u00e9decine dentaire de l&rsquo;Universit\u00e9 d&rsquo;Ankara en 2009. La m\u00eame ann\u00e9e, elle a commenc\u00e9 sa formation sp\u00e9cialis\u00e9e et doctorale \u00e0 la Facult\u00e9 de m\u00e9decine dentaire de l&rsquo;Universit\u00e9 de Gazi, D\u00e9partement de dentisterie proth\u00e9tique, et a termin\u00e9 sa formation en 2014. En plus de diverses cliniques priv\u00e9es, elle a travaill\u00e9 pendant 6 ans \u00e0 l&rsquo;h\u00f4pital de sant\u00e9 bucco-dentaire d&rsquo;Antalya. Depuis ao\u00fbt 2022, elle occupe le poste de directrice g\u00e9n\u00e9rale de la Clinique ARD, dont elle est actionnaire.<\/span><\/p>\n<\/div>\n<\/div>\n<\/div>\n<\/div>\n<\/div>\n<\/div>\n<\/div>\n<\/div>\n<\/div>\n<\/div>\n<\/div>\n<\/div>\n<\/div>\n<div class=\"brz-row__container brz-css-mr64Y\" data-brz-custom-id=\"jLmXV0mcC1xl\">\n<div class=\"brz-bg\"><\/div>\n<div class=\"brz-row brz-css-zkmtA brz-css-fzK6U\">\n<div class=\"brz-columns brz-css-sq5Yk brz-css-kVSJM\" data-brz-custom-id=\"niz7mxKM8BjM\">\n<div class=\"brz-column__items brz-css-zDVAk brz-css-vAxbN\">\n<div class=\"brz-row__container brz-css-mr64Y\" data-brz-custom-id=\"t634XBXfcpgl\">\n<div class=\"brz-bg\"><\/div>\n<div class=\"brz-row brz-row--inner brz-css-zkmtA brz-css-fzK6U\">\n<div class=\"brz-columns brz-css-sq5Yk brz-css-cXA2W\" data-brz-custom-id=\"xKXgBN_jPS3I\">\n<div class=\"brz-bg\">\n<div class=\"brz-bg-color\"><\/div>\n<\/div>\n<div class=\"brz-column__items brz-css-zDVAk brz-css-vUUkI\">\n<div id=\"\" class=\"brz-css-kdfqG brz-css-sQfRH brz-wrapper\">\n<div class=\"brz-image brz-css-lL74b brz-css-o78mZ\" data-brz-custom-id=\"jNlmuvuKSdl1\"><img decoding=\"async\" class=\"brz-img\" src=\"https:\/\/timetravelaesthetic.com\/fr?brizy_media=wp-0fd1d72e0f98b1380379c99b8a871c75.png&amp;brizy_crop=original\" alt=\"\" loading=\"lazy\"><\/div>\n<\/div>\n<\/div>\n<\/div>\n<div class=\"brz-columns brz-css-sq5Yk brz-css-mDQ1m\" data-brz-custom-id=\"fuEt4KzPPo9e\">\n<div class=\"brz-bg\">\n<div class=\"brz-bg-color\"><\/div>\n<\/div>\n<div class=\"brz-column__items brz-css-zDVAk brz-css-lmSJa\">\n<div id=\"\" class=\"brz-css-kdfqG brz-css-m55IX brz-wrapper\">\n<div class=\"brz-icon-text brz-css-qaz1_\" data-brz-custom-id=\"eK2tBEvFvjNt\">\n<div class=\"brz-icon__container\" data-brz-custom-id=\"wOyWPQxEIztr\">\n<div class=\"brz-hover-animation__container\" data-brz-hover-animationid=\"wOyWPQxEIztr\" data-brz-hover-options=\"%7B%22duration%22:600,%22iterations%22:1%7D\" data-brz-hover-reversible=\"true\" data-brz-hover-target=\"%22firstChild%22\"><span class=\"brz-icon brz-span brz-css-jYKKA brz-css-pI9Qq\"><\/span><\/div>\n<\/div>\n<div class=\"brz-text-btn\">\n<div class=\"brz-rich-text brz-rich-text__custom brz-css-qZ9bp\" data-brz-custom-id=\"yPr73mzPC67y\">\n<div data-brz-translate-text=\"1\">\n<h6 class=\"brz-text-xs-left brz-text-lg-justify brz-tp-lg-empty brz-ff-ozhkiphnhvhspgnsirfckwjaxjgjldcctydj brz-ft-upload brz-fs-lg-24 brz-fss-lg-px brz-fw-lg-600 brz-ls-lg-0 brz-lh-lg-1_2 brz-mb-lg-0 brz-css-t_4pq\" data-generated-css=\"brz-css-b9SmH\" data-uniq-id=\"tr63q\">Spezialist Dt. Alican TEZERISENER<\/h6>\n<h4 class=\"brz-mb-lg-10 ql-align-center brz-tp-lg-empty brz-ff-ozhkiphnhvhspgnsirfckwjaxjgjldcctydj brz-ft-upload brz-fs-lg-18 brz-fss-lg-px brz-fw-lg-500 brz-ls-lg-m_0_5 brz-lh-lg-1_2 brz-css-dEbjB\" data-generated-css=\"brz-css-bjEzS\" data-uniq-id=\"oDvlO\"><span class=\"brz-cp-color2\">Sp\u00e9cialiste en chirurgie buccale, maxillo-faciale et faciale<\/span><\/h4>\n<p class=\"brz-tp-lg-empty brz-ff-ozhkiphnhvhspgnsirfckwjaxjgjldcctydj brz-ft-upload brz-fs-lg-14 brz-fss-lg-px brz-fw-lg-400 brz-ls-lg-0 brz-lh-lg-1_9 brz-css-uNQu5\" data-generated-css=\"brz-css-en0V4\" data-uniq-id=\"bbNYm\"><span class=\"brz-cp-color7\">Alican Tezerisener est n\u00e9 \u00e0 Bursa en 1990. Apr\u00e8s avoir obtenu son dipl\u00f4me de l&rsquo;Universit\u00e9 de Marmara en 2014, il a compl\u00e9t\u00e9 sa formation sp\u00e9cialis\u00e9e \u00e0 la Facult\u00e9 de m\u00e9decine dentaire de l&rsquo;Universit\u00e9 d&rsquo;Akdeniz et a re\u00e7u le titre de sp\u00e9cialiste en chirurgie buccale et maxillo-faciale en 2019. En plus de travailler dans de nombreuses cliniques priv\u00e9es diff\u00e9rentes, il poursuit son travail \u00e0 la Clinique ARD depuis 2021.<\/span><\/p>\n<\/div>\n<\/div>\n<\/div>\n<\/div>\n<\/div>\n<\/div>\n<\/div>\n<\/div>\n<\/div>\n<\/div>\n<\/div>\n<\/div>\n<\/div>\n<\/div>\n<\/div>\n<\/section>\n<\/div>\n<p>    <!-- version:1732194607 --><\/p>\n","protected":false},"excerpt":{"rendered":"<p>M\u00c9DECINS PARTENAIRES Un service sp\u00e9cial pour vous avec des experts en sant\u00e9. Notre agence travaille avec des m\u00e9decins exp\u00e9riment\u00e9s pour vous fournir des services de sant\u00e9 de qualit\u00e9. Nos m\u00e9decins sont des professionnels de la sant\u00e9 qui poss\u00e8dent une vaste exp\u00e9rience dans leur domaine, suivent l&rsquo;information m\u00e9dicale actuelle et s&rsquo;am\u00e9liorent constamment. Time Travel s&rsquo;associe \u00e0 [&hellip;]<\/p>\n","protected":false},"author":1,"featured_media":0,"parent":17027,"menu_order":2,"comment_status":"closed","ping_status":"closed","template":"","meta":{"footnotes":""},"class_list":["post-17030","page","type-page","status-publish","hentry"],"blocksy_meta":[],"_links":{"self":[{"href":"https:\/\/timetravelaesthetic.com\/fr\/wp-json\/wp\/v2\/pages\/17030","targetHints":{"allow":["GET"]}}],"collection":[{"href":"https:\/\/timetravelaesthetic.com\/fr\/wp-json\/wp\/v2\/pages"}],"about":[{"href":"https:\/\/timetravelaesthetic.com\/fr\/wp-json\/wp\/v2\/types\/page"}],"author":[{"embeddable":true,"href":"https:\/\/timetravelaesthetic.com\/fr\/wp-json\/wp\/v2\/users\/1"}],"replies":[{"embeddable":true,"href":"https:\/\/timetravelaesthetic.com\/fr\/wp-json\/wp\/v2\/comments?post=17030"}],"version-history":[{"count":1,"href":"https:\/\/timetravelaesthetic.com\/fr\/wp-json\/wp\/v2\/pages\/17030\/revisions"}],"predecessor-version":[{"id":24332,"href":"https:\/\/timetravelaesthetic.com\/fr\/wp-json\/wp\/v2\/pages\/17030\/revisions\/24332"}],"up":[{"embeddable":true,"href":"https:\/\/timetravelaesthetic.com\/fr\/wp-json\/wp\/v2\/pages\/17027"}],"wp:attachment":[{"href":"https:\/\/timetravelaesthetic.com\/fr\/wp-json\/wp\/v2\/media?parent=17030"}],"curies":[{"name":"wp","href":"https:\/\/api.w.org\/{rel}","templated":true}]}}