{"id":17031,"date":"2023-11-19T14:52:46","date_gmt":"2023-11-19T14:52:46","guid":{"rendered":"https:\/\/time3.vl-staging.com\/doktorlar\/doktorlar-sac\/"},"modified":"2025-07-04T13:14:14","modified_gmt":"2025-07-04T13:14:14","slug":"doktorlar-sac","status":"publish","type":"page","link":"https:\/\/timetravelaesthetic.com\/fr\/doktorlar\/doktorlar-sac\/","title":{"rendered":"Doktorlar-Sa\u00e7 FR"},"content":{"rendered":"<div class=\"brz-root__container brz-reset-all brz\">\n<section id=\"_dW_T76wXnNkx\" class=\"brz-section brz-css-zWcdB\">\n<div class=\"brz-section__content brz-section--boxed brz-css-mTF8m brz-css-zHU3h\" data-brz-custom-id=\"mMWqBvpKtDUb\">\n<div class=\"brz-bg\">\n<div class=\"brz-bg-image\"><\/div>\n<\/div>\n<div class=\"brz-container brz-css-s5qmm\">\n<div id=\"\" class=\"brz-css-rFtnU brz-css-uqLjQ brz-wrapper\">\n<div class=\"brz-rich-text brz-rich-text__custom brz-css-zEtOI\" data-brz-custom-id=\"b4nfInDqi_fX\">\n<div data-brz-translate-text=\"1\">\n<h1 class=\"brz-mt-lg-0 brz-fsft-lg-0 brz-fwdth-lg-100 brz-vfw-lg-400 brz-lh-lg-1 brz-ls-lg-m_1_5 brz-fw-lg-600 brz-fss-lg-px brz-fs-lg-46 brz-ft-upload brz-ff-ozhkiphnhvhspgnsirfckwjaxjgjldcctydj brz-tp-lg-heading1 brz-fs-xs-36 brz-tp-xs-empty brz-lh-xs-1 brz-ls-xs-m_1_5 brz-fw-xs-600 brz-fss-xs-px brz-text-lg-center brz-css-oe9ay\" data-uniq-id=\"r_Kh0\" data-generated-css=\"brz-css-tqdsQ\"><span style=\"opacity: 1\">M\u00c9DECINS PARTENAIRES<\/span><\/h1>\n<\/div>\n<\/div>\n<\/div>\n<div id=\"\" class=\"brz-css-rFtnU brz-css-ujudp brz-wrapper\">\n<div class=\"brz-rich-text brz-rich-text__custom brz-css-zEtOI\" data-brz-custom-id=\"cEnwmCjhPowT\">\n<div data-brz-translate-text=\"1\">\n<h2 class=\"brz-fs-xs-36 brz-tp-xs-empty brz-lh-xs-1_3 brz-ls-xs-m_1 brz-fw-xs-700 brz-fss-xs-px brz-tp-lg-heading2 brz-text-lg-center brz-css-k2hcY\" data-uniq-id=\"vMY50\" data-generated-css=\"brz-css-tLBXc\"><span class=\"brz-cp-color2\">Un service sp\u00e9cial pour vous avec des experts en sant\u00e9.<\/span><\/h2>\n<\/div>\n<\/div>\n<\/div>\n<div id=\"\" class=\"brz-css-rFtnU brz-css-colJ5 brz-wrapper\">\n<div class=\"brz-rich-text brz-rich-text__custom brz-css-zEtOI\" data-brz-custom-id=\"sySbQtuO7DLT\">\n<div data-brz-translate-text=\"1\">\n<p class=\"brz-tp-lg-subtitle brz-bcp-color2 brz-text-lg-center brz-css-myQCH\" data-generated-css=\"brz-css-vxYlL\" data-uniq-id=\"zbI4d\"><span class=\"brz-cp-color2\">Notre agence travaille avec des m\u00e9decins exp\u00e9riment\u00e9s pour vous fournir des services de sant\u00e9 de qualit\u00e9. Nos m\u00e9decins sont des professionnels de la sant\u00e9 qui poss\u00e8dent une vaste exp\u00e9rience dans leur domaine, suivent l&rsquo;information m\u00e9dicale actuelle et s&rsquo;am\u00e9liorent constamment.  Time Travel s&rsquo;associe \u00e0 des m\u00e9decins r\u00e9put\u00e9s pour leurs taux de satisfaction \u00e9lev\u00e9s des patients pour vous aider \u00e0 atteindre l&rsquo;apparence souhait\u00e9e. <\/span><\/p>\n<\/div>\n<\/div>\n<\/div>\n<div id=\"\" class=\"brz-css-rFtnU brz-css-l2dvu brz-css-uJRuC brz-wrapper\">\n<div class=\"brz-spacer brz-css-q_Ke6 brz-css-bTykb\"><\/div>\n<\/div>\n<div class=\"brz-row__container brz-css-qrIyT\" data-brz-custom-id=\"yCHSr7t5yOvg\">\n<div class=\"brz-bg\"><\/div>\n<div class=\"brz-row brz-css-cDgFQ brz-css-byNNv\">\n<div class=\"brz-columns brz-css-c8o2F brz-css-coTuY\" data-brz-custom-id=\"hUmClTrqP8Hh\">\n<div class=\"brz-column__items brz-css-kjG0J brz-css-pCzVf\">\n<div class=\"brz-row__container brz-css-qrIyT\" data-brz-custom-id=\"jhIeZsQ_Z8No\">\n<div class=\"brz-bg\"><\/div>\n<div class=\"brz-row brz-row--inner brz-css-cDgFQ brz-css-byNNv\">\n<div class=\"brz-columns brz-css-c8o2F brz-css-tkWrT\" data-brz-custom-id=\"qkOv7dqkQggm\">\n<div class=\"brz-bg\">\n<div class=\"brz-bg-color\"><\/div>\n<\/div>\n<div class=\"brz-column__items brz-css-kjG0J brz-css-jpqZr\">\n<div id=\"\" class=\"brz-css-rFtnU brz-css-g3i5V brz-wrapper\">\n<div class=\"brz-image brz-css-aO4Zc brz-css-if9jb\" data-brz-custom-id=\"pIhiun72gAKX\"><img decoding=\"async\" class=\"brz-img\" src=\"https:\/\/timetravelaesthetic.com\/fr?brizy_media=wp-7c2c8bb5616dd4f75f22620f69bac946.png&amp;brizy_crop=original\" alt=\"\" loading=\"lazy\"><\/div>\n<\/div>\n<\/div>\n<\/div>\n<div class=\"brz-columns brz-css-c8o2F brz-css-nR35a\" data-brz-custom-id=\"oFPtWMRhOREC\">\n<div class=\"brz-bg\">\n<div class=\"brz-bg-color\"><\/div>\n<\/div>\n<div class=\"brz-column__items brz-css-kjG0J brz-css-euweI\">\n<div id=\"\" class=\"brz-css-rFtnU brz-css-te5PP brz-wrapper\">\n<div class=\"brz-icon-text brz-css-lxOhg\" data-brz-custom-id=\"zDU9l4ET6J1b\">\n<div class=\"brz-icon__container\" data-brz-custom-id=\"hZ4sY2mmaUVW\">\n<div class=\"brz-hover-animation__container\" data-brz-hover-animationid=\"hZ4sY2mmaUVW\" data-brz-hover-options=\"%7B%22duration%22:600,%22iterations%22:1%7D\" data-brz-hover-reversible=\"true\" data-brz-hover-target=\"%22firstChild%22\"><span class=\"brz-icon brz-span brz-css-aOvNQ brz-css-p7_vk\"><\/span><\/div>\n<\/div>\n<div class=\"brz-text-btn\">\n<div class=\"brz-rich-text brz-rich-text__custom brz-css-zEtOI\" data-brz-custom-id=\"fYhkkx4UpMO0\">\n<div data-brz-translate-text=\"1\">\n<h6 class=\"brz-text-lg-justify brz-tp-lg-empty brz-ff-ozhkiphnhvhspgnsirfckwjaxjgjldcctydj brz-ft-upload brz-fs-lg-24 brz-fss-lg-px brz-fw-lg-600 brz-ls-lg-0 brz-lh-lg-1_2 brz-mb-lg-0 brz-css-wypBr\" data-generated-css=\"brz-css-hQ130\" data-uniq-id=\"a4W6G\">Banu \u00c7a\u011flar<\/h6>\n<h4 class=\"brz-mb-lg-10 ql-align-center brz-tp-lg-empty brz-ff-ozhkiphnhvhspgnsirfckwjaxjgjldcctydj brz-ft-upload brz-fs-lg-18 brz-fss-lg-px brz-fw-lg-500 brz-ls-lg-m_0_5 brz-lh-lg-1_2 brz-css-vJ9Tm\" data-generated-css=\"brz-css-t6jJi\" data-uniq-id=\"uTuqB\"><span class=\"brz-cp-color2\">Kosmetologie Sp\u00e9cialiste en dermatologie et cosm\u00e9tologie<\/span><\/h4>\n<p class=\"brz-tp-lg-empty brz-ff-ozhkiphnhvhspgnsirfckwjaxjgjldcctydj brz-ft-upload brz-fs-lg-14 brz-fss-lg-px brz-fw-lg-400 brz-ls-lg-0 brz-lh-lg-1_9 brz-css-qrrr6\" data-generated-css=\"brz-css-oHi4q\" data-uniq-id=\"kYJSp\"><span class=\"brz-cp-color7\">Dr. Banu Caglar est n\u00e9 \u00e0 ANKARA en 1985. Elle est dipl\u00f4m\u00e9e du lyc\u00e9e anatolien Atat\u00fcrk d&rsquo;Ankara et a commenc\u00e9 ses \u00e9tudes de m\u00e9decine \u00e0 la facult\u00e9 de m\u00e9decine de l&rsquo;universit\u00e9 de Gazi en 2003. Elle a commenc\u00e9 sa sp\u00e9cialisation en dermatologie au d\u00e9partement de dermatologie de l&rsquo;Universit\u00e9 d&rsquo;Ankara en 2009 lorsqu&rsquo;elle a obtenu son dipl\u00f4me et s&rsquo;est qualifi\u00e9e pour la sp\u00e9cialisation en 2014. Elle a obtenu son travail de sp\u00e9cialit\u00e9 gr\u00e2ce \u00e0 une \u00e9tude d\u00e9montrant l\u2019efficacit\u00e9 du traitement intensif par lumi\u00e8re puls\u00e9e contre la rosac\u00e9e. En 2014, elle \u00e9tait \u00e9ligible pour recevoir le certificat de comp\u00e9tence dermatologique (Conseil) de Turquie.<\/span><\/p>\n<\/div>\n<\/div>\n<\/div>\n<\/div>\n<\/div>\n<\/div>\n<\/div>\n<\/div>\n<\/div>\n<\/div>\n<\/div>\n<\/div>\n<\/div>\n<\/div>\n<\/div>\n<\/section>\n<\/div>\n<p>    <!-- version:1733434104 --><\/p>\n","protected":false},"excerpt":{"rendered":"<p>M\u00c9DECINS PARTENAIRES Un service sp\u00e9cial pour vous avec des experts en sant\u00e9. Notre agence travaille avec des m\u00e9decins exp\u00e9riment\u00e9s pour vous fournir des services de sant\u00e9 de qualit\u00e9. Nos m\u00e9decins sont des professionnels de la sant\u00e9 qui poss\u00e8dent une vaste exp\u00e9rience dans leur domaine, suivent l&rsquo;information m\u00e9dicale actuelle et s&rsquo;am\u00e9liorent constamment. Time Travel s&rsquo;associe \u00e0 [&hellip;]<\/p>\n","protected":false},"author":1,"featured_media":0,"parent":17027,"menu_order":3,"comment_status":"closed","ping_status":"closed","template":"","meta":{"footnotes":""},"class_list":["post-17031","page","type-page","status-publish","hentry"],"blocksy_meta":[],"_links":{"self":[{"href":"https:\/\/timetravelaesthetic.com\/fr\/wp-json\/wp\/v2\/pages\/17031","targetHints":{"allow":["GET"]}}],"collection":[{"href":"https:\/\/timetravelaesthetic.com\/fr\/wp-json\/wp\/v2\/pages"}],"about":[{"href":"https:\/\/timetravelaesthetic.com\/fr\/wp-json\/wp\/v2\/types\/page"}],"author":[{"embeddable":true,"href":"https:\/\/timetravelaesthetic.com\/fr\/wp-json\/wp\/v2\/users\/1"}],"replies":[{"embeddable":true,"href":"https:\/\/timetravelaesthetic.com\/fr\/wp-json\/wp\/v2\/comments?post=17031"}],"version-history":[{"count":1,"href":"https:\/\/timetravelaesthetic.com\/fr\/wp-json\/wp\/v2\/pages\/17031\/revisions"}],"predecessor-version":[{"id":24333,"href":"https:\/\/timetravelaesthetic.com\/fr\/wp-json\/wp\/v2\/pages\/17031\/revisions\/24333"}],"up":[{"embeddable":true,"href":"https:\/\/timetravelaesthetic.com\/fr\/wp-json\/wp\/v2\/pages\/17027"}],"wp:attachment":[{"href":"https:\/\/timetravelaesthetic.com\/fr\/wp-json\/wp\/v2\/media?parent=17031"}],"curies":[{"name":"wp","href":"https:\/\/api.w.org\/{rel}","templated":true}]}}