{"id":17032,"date":"2023-11-19T14:54:14","date_gmt":"2023-11-19T14:54:14","guid":{"rendered":"https:\/\/time3.vl-staging.com\/doktorlar\/doktorlar-goz\/"},"modified":"2025-07-03T02:47:09","modified_gmt":"2025-07-03T02:47:09","slug":"doktorlar-goz","status":"publish","type":"page","link":"https:\/\/timetravelaesthetic.com\/fr\/doktorlar\/doktorlar-goz\/","title":{"rendered":"Doktorlar-G\u00f6z FR"},"content":{"rendered":"<div class=\"brz-root__container brz-reset-all brz\">\n<section id=\"_a5so9qgNfZuR\" class=\"brz-section brz-css-dUSSv\">\n<div class=\"brz-section__content brz-section--boxed brz-css-l4fzx brz-css-ch0D7\" data-brz-custom-id=\"ad4f55_VsUCM\">\n<div class=\"brz-bg\">\n<div class=\"brz-bg-image\"><\/div>\n<\/div>\n<div class=\"brz-container brz-css-gWjst\">\n<div id=\"\" class=\"brz-css-ylO4c brz-css-nG9ku brz-wrapper\">\n<div class=\"brz-rich-text brz-rich-text__custom brz-css-njZCu\" data-brz-custom-id=\"sjGqdf9_IgFR\">\n<div data-brz-translate-text=\"1\">\n<h1 class=\"brz-mt-lg-0 brz-fsft-lg-0 brz-fwdth-lg-100 brz-vfw-lg-400 brz-lh-lg-1 brz-ls-lg-m_1_5 brz-fw-lg-600 brz-fss-lg-px brz-fs-lg-46 brz-ft-upload brz-ff-ozhkiphnhvhspgnsirfckwjaxjgjldcctydj brz-tp-lg-heading1 brz-fs-xs-36 brz-tp-xs-empty brz-lh-xs-1 brz-ls-xs-m_1_5 brz-fw-xs-600 brz-fss-xs-px brz-text-lg-center brz-css-ad9_5\" data-uniq-id=\"r_Kh0\" data-generated-css=\"brz-css-tqdsQ\"><span style=\"opacity: 1\">M\u00c9DECINS PARTENAIRES<\/span><\/h1>\n<\/div>\n<\/div>\n<\/div>\n<div id=\"\" class=\"brz-css-ylO4c brz-css-cXgMa brz-wrapper\">\n<div class=\"brz-rich-text brz-rich-text__custom brz-css-njZCu\" data-brz-custom-id=\"lavcwizDuUb9\">\n<div data-brz-translate-text=\"1\">\n<h2 class=\"brz-fs-xs-36 brz-tp-xs-empty brz-lh-xs-1_3 brz-ls-xs-m_1 brz-fw-xs-700 brz-fss-xs-px brz-tp-lg-heading2 brz-text-lg-center brz-css-ztk6M\" data-uniq-id=\"vMY50\" data-generated-css=\"brz-css-tLBXc\"><span class=\"brz-cp-color2\">Un service sp\u00e9cial pour vous avec des experts en sant\u00e9.<\/span><\/h2>\n<\/div>\n<\/div>\n<\/div>\n<div id=\"\" class=\"brz-css-ylO4c brz-css-qC5k5 brz-wrapper\">\n<div class=\"brz-rich-text brz-rich-text__custom brz-css-njZCu\" data-brz-custom-id=\"yArDpc3Is77X\">\n<div data-brz-translate-text=\"1\">\n<p class=\"brz-tp-lg-subtitle brz-bcp-color2 brz-text-lg-center brz-css-zQYL8\" data-generated-css=\"brz-css-w1D5T\" data-uniq-id=\"xgupZ\"><span class=\"brz-cp-color2\">Notre agence travaille avec des m\u00e9decins exp\u00e9riment\u00e9s pour vous fournir des services de sant\u00e9 de qualit\u00e9. Nos m\u00e9decins sont des professionnels de la sant\u00e9 qui poss\u00e8dent une vaste exp\u00e9rience dans leur domaine, suivent l&rsquo;information m\u00e9dicale actuelle et s&rsquo;am\u00e9liorent constamment.  Time Travel s&rsquo;associe \u00e0 des m\u00e9decins r\u00e9put\u00e9s pour leurs taux de satisfaction \u00e9lev\u00e9s des patients pour vous aider \u00e0 atteindre l&rsquo;apparence souhait\u00e9e. <\/span><\/p>\n<\/div>\n<\/div>\n<\/div>\n<div id=\"\" class=\"brz-css-ylO4c brz-css-pV6Hj brz-css-yWO6y brz-wrapper\">\n<div class=\"brz-spacer brz-css-eDn6K brz-css-tOXyv\"><\/div>\n<\/div>\n<div class=\"brz-row__container brz-css-zDhWV\" data-brz-custom-id=\"gAQotXDNtIYP\">\n<div class=\"brz-bg\"><\/div>\n<div class=\"brz-row brz-css-i8Djq brz-css-oTXBF\">\n<div class=\"brz-columns brz-css-j1uvc brz-css-arTMk\" data-brz-custom-id=\"vC458yBSyhDQ\">\n<div class=\"brz-column__items brz-css-eAzZQ brz-css-dnQSV\">\n<div class=\"brz-row__container brz-css-zDhWV\" data-brz-custom-id=\"xRgvwRIAGIwl\">\n<div class=\"brz-bg\"><\/div>\n<div class=\"brz-row brz-row--inner brz-css-i8Djq brz-css-oTXBF\">\n<div class=\"brz-columns brz-css-j1uvc brz-css-yC732\" data-brz-custom-id=\"io1sRqNfMY5e\">\n<div class=\"brz-bg\">\n<div class=\"brz-bg-color\"><\/div>\n<\/div>\n<div class=\"brz-column__items brz-css-eAzZQ brz-css-aRSJI\">\n<div id=\"\" class=\"brz-css-ylO4c brz-css-clqkM brz-wrapper\">\n<div class=\"brz-image brz-css-sXPoH brz-css-ootNR\" data-brz-custom-id=\"vnXkiaI23xfz\"><img decoding=\"async\" class=\"brz-img\" src=\"https:\/\/timetravelaesthetic.com\/fr?brizy_media=wp-95890496739d399af20d41acb5ef4c14.jpeg&amp;brizy_crop=iW%3D436%26iH%3D436%26oX%3D0%26oY%3D0%26cW%3D436%26cH%3D436\" alt=\"\" loading=\"lazy\"><\/div>\n<\/div>\n<\/div>\n<\/div>\n<div class=\"brz-columns brz-css-j1uvc brz-css-aIOm3\" data-brz-custom-id=\"wE3uaQt1sB2z\">\n<div class=\"brz-bg\">\n<div class=\"brz-bg-color\"><\/div>\n<\/div>\n<div class=\"brz-column__items brz-css-eAzZQ brz-css-pUBmp\">\n<div id=\"\" class=\"brz-css-ylO4c brz-css-y1jqW brz-wrapper\">\n<div class=\"brz-icon-text brz-css-aT2UV\" data-brz-custom-id=\"kEL0PCaXuyEU\">\n<div class=\"brz-icon__container\" data-brz-custom-id=\"xwwyJIi4ShF7\">\n<div class=\"brz-hover-animation__container\" data-brz-hover-animationid=\"xwwyJIi4ShF7\" data-brz-hover-options=\"%7B%22duration%22:600,%22iterations%22:1%7D\" data-brz-hover-reversible=\"true\" data-brz-hover-target=\"%22firstChild%22\"><span class=\"brz-icon brz-span brz-css-zWlSS brz-css-clLX9\"><\/span><\/div>\n<\/div>\n<div class=\"brz-text-btn\">\n<div class=\"brz-rich-text brz-rich-text__custom brz-css-njZCu\" data-brz-custom-id=\"pcU9hIJMBAZY\">\n<div data-brz-translate-text=\"1\">\n<h6 class=\"brz-mb-lg-0 brz-lh-lg-1_2 brz-ls-lg-0 brz-fw-lg-600 brz-fss-lg-px brz-fs-lg-24 brz-ft-upload brz-ff-ozhkiphnhvhspgnsirfckwjaxjgjldcctydj brz-tp-lg-empty brz-text-lg-justify brz-css-pEdhh\" data-uniq-id=\"vL58E\" data-generated-css=\"brz-css-s_I1U\"><span class=\"brz-cp-color2\">U\u011fur Balc\u0131<\/span><\/h6>\n<h4 class=\"brz-lh-lg-1_2 brz-ls-lg-m_0_5 brz-fw-lg-500 brz-fss-lg-px brz-fs-lg-18 brz-ft-upload brz-ff-ozhkiphnhvhspgnsirfckwjaxjgjldcctydj brz-tp-lg-empty ql-align-center brz-mb-lg-10 brz-css-s7VPk\" data-uniq-id=\"fUt2W\" data-generated-css=\"brz-css-tMw9J\"><span class=\"brz-cp-color2\">Maladies oculaires et chirurgie<\/span><\/h4>\n<p class=\"brz-lh-lg-1_9 brz-ls-lg-0 brz-fw-lg-400 brz-fss-lg-px brz-fs-lg-14 brz-ft-upload brz-ff-ozhkiphnhvhspgnsirfckwjaxjgjldcctydj brz-tp-lg-empty brz-css-jYdYF\" data-uniq-id=\"hErab\" data-generated-css=\"brz-css-zwbto\"><span class=\"brz-cp-color7\">Apr\u00e8s avoir termin\u00e9 ses \u00e9tudes primaires et secondaires, il est entr\u00e9 \u00e0 la facult\u00e9 de m\u00e9decine de l&rsquo;Universit\u00e9 d&rsquo;Ankara en 2006 et a obtenu son dipl\u00f4me en 2012. En 2012, il a commenc\u00e9 \u00e0 travailler comme assistant \u00e0 l&rsquo;h\u00f4pital de formation et de recherche d&rsquo;Antalya et \u00e0 la clinique ophtalmologique de la facult\u00e9 de m\u00e9decine de l&rsquo;universit\u00e9 d&rsquo;Akdeniz. En 2012, il a obtenu son dipl\u00f4me de sp\u00e9cialiste en ophtalmologie et en chirurgie. Il poursuit son travail au Veni Vidi Eye Hospital et a trait\u00e9 plus de 10 000 cas tout au long de sa carri\u00e8re.<\/span><\/p>\n<\/div>\n<\/div>\n<\/div>\n<\/div>\n<\/div>\n<\/div>\n<\/div>\n<\/div>\n<\/div>\n<\/div>\n<\/div>\n<\/div>\n<\/div>\n<div class=\"brz-row__container brz-css-zDhWV\" data-brz-custom-id=\"dG97p7VYb9bX\">\n<div class=\"brz-bg\"><\/div>\n<div class=\"brz-row brz-css-i8Djq brz-css-oTXBF\">\n<div class=\"brz-columns brz-css-j1uvc brz-css-jSMFH\" data-brz-custom-id=\"pTnl1RQtpmfs\">\n<div class=\"brz-column__items brz-css-eAzZQ brz-css-nCRRb\">\n<div class=\"brz-row__container brz-css-zDhWV\" data-brz-custom-id=\"wxXqUG2UEfwb\">\n<div class=\"brz-bg\"><\/div>\n<div class=\"brz-row brz-row--inner brz-css-i8Djq brz-css-oTXBF\">\n<div class=\"brz-columns brz-css-j1uvc brz-css-nUkQv\" data-brz-custom-id=\"ykwfKcit8zQj\">\n<div class=\"brz-bg\">\n<div class=\"brz-bg-color\"><\/div>\n<\/div>\n<div class=\"brz-column__items brz-css-eAzZQ brz-css-ioKpm\">\n<div id=\"\" class=\"brz-css-ylO4c brz-css-kDADK brz-wrapper\">\n<div class=\"brz-image brz-css-yfo8M brz-css-yfkbm\" data-brz-custom-id=\"oYjcS0gtona1\"><img decoding=\"async\" class=\"brz-img\" src=\"https:\/\/timetravelaesthetic.com\/fr?brizy_media=wp-81cc705bc5d067d587e34c688012f574.jpeg&amp;brizy_crop=iW%3D436%26iH%3D436%26oX%3D0%26oY%3D0%26cW%3D436%26cH%3D436\" alt=\"\" loading=\"lazy\"><\/div>\n<\/div>\n<\/div>\n<\/div>\n<div class=\"brz-columns brz-css-j1uvc brz-css-cdwIV\" data-brz-custom-id=\"vbdVdaVA6fjz\">\n<div class=\"brz-bg\">\n<div class=\"brz-bg-color\"><\/div>\n<\/div>\n<div class=\"brz-column__items brz-css-eAzZQ brz-css-eEy2J\">\n<div id=\"\" class=\"brz-css-ylO4c brz-css-z3nA8 brz-wrapper\">\n<div class=\"brz-icon-text brz-css-aT2UV\" data-brz-custom-id=\"oyrntpbAjYOr\">\n<div class=\"brz-icon__container\" data-brz-custom-id=\"ebmFbJLTw8h8\">\n<div class=\"brz-hover-animation__container\" data-brz-hover-animationid=\"ebmFbJLTw8h8\" data-brz-hover-options=\"%7B%22duration%22:600,%22iterations%22:1%7D\" data-brz-hover-reversible=\"true\" data-brz-hover-target=\"%22firstChild%22\"><span class=\"brz-icon brz-span brz-css-zWlSS brz-css-i_srn\"><\/span><\/div>\n<\/div>\n<div class=\"brz-text-btn\">\n<div class=\"brz-rich-text brz-rich-text__custom brz-css-njZCu\" data-brz-custom-id=\"lwgPWBdb6VNe\">\n<div data-brz-translate-text=\"1\">\n<h6 class=\"brz-text-lg-justify brz-tp-lg-empty brz-ff-ozhkiphnhvhspgnsirfckwjaxjgjldcctydj brz-ft-upload brz-fs-lg-24 brz-fss-lg-px brz-fw-lg-600 brz-ls-lg-0 brz-lh-lg-1_2 brz-mb-lg-0 brz-css-ynUqC\" data-generated-css=\"brz-css-q7Wey\" data-uniq-id=\"gpkar\"><span class=\"brz-cp-color2\">Prof. Dr. Elif T\u00fcrko\u011flu<\/span><\/h6>\n<h4 class=\"brz-mb-lg-10 ql-align-center brz-tp-lg-empty brz-ff-ozhkiphnhvhspgnsirfckwjaxjgjldcctydj brz-ft-upload brz-fs-lg-18 brz-fss-lg-px brz-fw-lg-500 brz-ls-lg-m_0_5 brz-lh-lg-1_2 brz-css-oumA9\" data-generated-css=\"brz-css-g30Cl\" data-uniq-id=\"lx0zJ\"><span class=\"brz-cp-color2\">Maladies oculaires et chirurgie<\/span><\/h4>\n<p class=\"brz-tp-lg-empty brz-ff-ozhkiphnhvhspgnsirfckwjaxjgjldcctydj brz-ft-upload brz-fs-lg-14 brz-fss-lg-px brz-fw-lg-400 brz-ls-lg-0 brz-lh-lg-1_9 brz-text-xs-left brz-css-i8zLy\" data-generated-css=\"brz-css-gnX2n\" data-uniq-id=\"euht4\"><span class=\"brz-cp-color7\">Dr. Elif Bet\u00fcl T\u00fcrkoglu a obtenu le dipl\u00f4me de meilleure \u00e9tudiante de l&rsquo;universit\u00e9 en 2005. Elle a commenc\u00e9 sa r\u00e9sidence \u00e0 la clinique ophtalmologique de l&rsquo;h\u00f4pital d&rsquo;Ankara avec un score \u00e9lev\u00e9 \u00e0 l&rsquo;examen TUS. Apr\u00e8s 2010, elle a travaill\u00e9 au d\u00e9partement d&rsquo;esth\u00e9tique ophtalmique de l&rsquo;h\u00f4pital universitaire de formation et de recherche de Sakarya. En 2014, elle a commenc\u00e9 \u00e0 travailler comme professeur adjoint \u00e0 la clinique ophtalmologique de la facult\u00e9 de m\u00e9decine de l&rsquo;universit\u00e9 d&rsquo;Akdeniz. Elle a concentr\u00e9 ses \u00e9tudes sur le cancer des yeux et a travaill\u00e9 comme docteur entre 2015 et 2016. au D\u00e9partement d&rsquo;oncologie oculaire du Wills Eye Institute en Am\u00e9rique. Elle a compl\u00e9t\u00e9 sa ma\u00eetrise sous la direction de Carol Shields. En mars 2017, elle re\u00e7oit le titre de professeur agr\u00e9g\u00e9. En 2019, elle a particip\u00e9 en tant qu&rsquo;observatrice au Tokyo National Cancer Center, qui a utilis\u00e9 pour la premi\u00e8re fois au monde la chimioth\u00e9rapie intra-art\u00e9rielle pour le r\u00e9tinoblastome. Elle re\u00e7oit le titre de professeur en novembre 2022 et axe ses \u00e9tudes sur l&rsquo;oncologie oculaire adulte et p\u00e9diatrique, l&rsquo;oculoplastie, la chirurgie de la cataracte et les troubles de la vision r\u00e9fractive. Elle a publi\u00e9 plus de 150 \u00e9tudes scientifiques et de nombreux articles dans des revues internationales et nationales.<\/span><\/p>\n<\/div>\n<\/div>\n<\/div>\n<\/div>\n<\/div>\n<\/div>\n<\/div>\n<\/div>\n<\/div>\n<\/div>\n<\/div>\n<\/div>\n<\/div>\n<div class=\"brz-row__container brz-css-zDhWV\" data-brz-custom-id=\"dXCpweozWQMx\">\n<div class=\"brz-bg\"><\/div>\n<div class=\"brz-row brz-css-i8Djq brz-css-oTXBF\">\n<div class=\"brz-columns brz-css-j1uvc brz-css-lxZuf\" data-brz-custom-id=\"qzndDVJmmPis\">\n<div class=\"brz-column__items brz-css-eAzZQ brz-css-zYpmK\">\n<div class=\"brz-row__container brz-css-zDhWV\" data-brz-custom-id=\"gtKZ_g7wp_YL\">\n<div class=\"brz-bg\"><\/div>\n<div class=\"brz-row brz-row--inner brz-css-i8Djq brz-css-oTXBF\">\n<div class=\"brz-columns brz-css-j1uvc brz-css-taY4V\" data-brz-custom-id=\"ynquHvCqO8WM\">\n<div class=\"brz-bg\">\n<div class=\"brz-bg-color\"><\/div>\n<\/div>\n<div class=\"brz-column__items brz-css-eAzZQ brz-css-cMokL\">\n<div id=\"\" class=\"brz-css-ylO4c brz-css-a1bmZ brz-wrapper\">\n<div class=\"brz-image brz-css-wZ97H brz-css-mJo5t\" data-brz-custom-id=\"qKCrCQInO4zv\"><img decoding=\"async\" class=\"brz-img\" src=\"https:\/\/timetravelaesthetic.com\/fr?brizy_media=wp-3674270e97d70b5732221c2e5f19c855.jpg&amp;brizy_crop=original\" alt=\"\" loading=\"lazy\"><\/div>\n<\/div>\n<\/div>\n<\/div>\n<div class=\"brz-columns brz-css-j1uvc brz-css-f1nKn\" data-brz-custom-id=\"gmduSOCnE4UR\">\n<div class=\"brz-bg\">\n<div class=\"brz-bg-color\"><\/div>\n<\/div>\n<div class=\"brz-column__items brz-css-eAzZQ brz-css-mqNNG\">\n<div id=\"\" class=\"brz-css-ylO4c brz-css-cZerD brz-wrapper\">\n<div class=\"brz-icon-text brz-css-aT2UV\" data-brz-custom-id=\"uA9JJB8BbApH\">\n<div class=\"brz-icon__container\" data-brz-custom-id=\"oCoP6Jg9iP7f\">\n<div class=\"brz-hover-animation__container\" data-brz-hover-animationid=\"oCoP6Jg9iP7f\" data-brz-hover-options=\"%7B%22duration%22:600,%22iterations%22:1%7D\" data-brz-hover-reversible=\"true\" data-brz-hover-target=\"%22firstChild%22\"><span class=\"brz-icon brz-span brz-css-zWlSS brz-css-lCBgG\"><\/span><\/div>\n<\/div>\n<div class=\"brz-text-btn\">\n<div class=\"brz-rich-text brz-rich-text__custom brz-css-njZCu\" data-brz-custom-id=\"ofcl4niSKVvV\">\n<div data-brz-translate-text=\"1\">\n<h6 class=\"brz-mb-lg-0 brz-lh-lg-1_2 brz-ls-lg-0 brz-fw-lg-600 brz-fss-lg-px brz-fs-lg-24 brz-ft-upload brz-ff-ozhkiphnhvhspgnsirfckwjaxjgjldcctydj brz-tp-lg-empty brz-text-lg-justify brz-css-hEyme\" data-uniq-id=\"bBSUa\" data-generated-css=\"brz-css-fbFh5\">Fer\u015fat Muhacir<\/h6>\n<h4 class=\"brz-lh-lg-1_2 brz-ls-lg-m_0_5 brz-fw-lg-500 brz-fss-lg-px brz-fs-lg-18 brz-ft-upload brz-ff-ozhkiphnhvhspgnsirfckwjaxjgjldcctydj brz-tp-lg-empty ql-align-center brz-mb-lg-10 brz-css-huhMI\" data-uniq-id=\"hsvwU\" data-generated-css=\"brz-css-mphwQ\">Maladies oculaires et chirurgie<\/h4>\n<p class=\"brz-lh-lg-1_9 brz-ls-lg-0 brz-fw-lg-400 brz-fss-lg-px brz-fs-lg-14 brz-ft-upload brz-ff-ozhkiphnhvhspgnsirfckwjaxjgjldcctydj brz-tp-lg-empty brz-css-w8NP3\" data-uniq-id=\"gSeiZ\" data-generated-css=\"brz-css-n59R_\"><span class=\"brz-cp-color7\">Apr\u00e8s avoir termin\u00e9 ses \u00e9tudes primaires et secondaires \u00e0 Ankara, il entre \u00e0 la facult\u00e9 de m\u00e9decine de l&rsquo;Universit\u00e9 Cukurova en 1986 et obtient son dipl\u00f4me en 1992. Il a commenc\u00e9 \u00e0 travailler en 1993 en tant qu&rsquo;assistant \u00e0 la clinique ophtalmologique de la facult\u00e9 de m\u00e9decine de l&rsquo;universit\u00e9 19 Mayis. Apr\u00e8s avoir \u00e9tudi\u00e9 \u00e0 l&rsquo;Universit\u00e9 de Gazi, il a travaill\u00e9 \u00e0 la clinique ophtalmologique pendant six mois en 1996 et a obtenu son dipl\u00f4me de sp\u00e9cialiste en ophtalmologie et chirurgie en 1997. Apr\u00e8s sa sp\u00e9cialisation, il part aux \u00c9tats-Unis et sert comme observateur \u00e0 l&rsquo;UCSF (University of California San Francisco). Il s&rsquo;est rendu aux Pays-Bas et en Autriche et a eu l&rsquo;occasion de travailler sur la chirurgie moderne de la cataracte. Dr. Fersat Muhacir a r\u00e9ussi l&rsquo;examen ICO (Conseil international d&rsquo;ophtalmologie, \u00e9valuation clinique) en avril 2009. Il a pass\u00e9 avec succ\u00e8s le European Ophthalmology Board, qui s&rsquo;est tenu \u00e0 Paris les 8 et 9 mai 2009, et a re\u00e7u le Dipl\u00f4me de Sp\u00e9cialiste en Ophtalmologie de l&rsquo;Union Europ\u00e9enne ainsi que le titre FEBO (European Ophthalmology Board Member). y avait droit.<\/span><\/p>\n<\/div>\n<\/div>\n<\/div>\n<\/div>\n<\/div>\n<\/div>\n<\/div>\n<\/div>\n<\/div>\n<\/div>\n<\/div>\n<\/div>\n<\/div>\n<\/div>\n<\/div>\n<\/section>\n<\/div>\n<p>    <!-- version:1732282914 --><\/p>\n","protected":false},"excerpt":{"rendered":"<p>M\u00c9DECINS PARTENAIRES Un service sp\u00e9cial pour vous avec des experts en sant\u00e9. Notre agence travaille avec des m\u00e9decins exp\u00e9riment\u00e9s pour vous fournir des services de sant\u00e9 de qualit\u00e9. Nos m\u00e9decins sont des professionnels de la sant\u00e9 qui poss\u00e8dent une vaste exp\u00e9rience dans leur domaine, suivent l&rsquo;information m\u00e9dicale actuelle et s&rsquo;am\u00e9liorent constamment. Time Travel s&rsquo;associe \u00e0 [&hellip;]<\/p>\n","protected":false},"author":1,"featured_media":0,"parent":17027,"menu_order":4,"comment_status":"closed","ping_status":"closed","template":"","meta":{"footnotes":""},"class_list":["post-17032","page","type-page","status-publish","hentry"],"blocksy_meta":[],"_links":{"self":[{"href":"https:\/\/timetravelaesthetic.com\/fr\/wp-json\/wp\/v2\/pages\/17032","targetHints":{"allow":["GET"]}}],"collection":[{"href":"https:\/\/timetravelaesthetic.com\/fr\/wp-json\/wp\/v2\/pages"}],"about":[{"href":"https:\/\/timetravelaesthetic.com\/fr\/wp-json\/wp\/v2\/types\/page"}],"author":[{"embeddable":true,"href":"https:\/\/timetravelaesthetic.com\/fr\/wp-json\/wp\/v2\/users\/1"}],"replies":[{"embeddable":true,"href":"https:\/\/timetravelaesthetic.com\/fr\/wp-json\/wp\/v2\/comments?post=17032"}],"version-history":[{"count":1,"href":"https:\/\/timetravelaesthetic.com\/fr\/wp-json\/wp\/v2\/pages\/17032\/revisions"}],"predecessor-version":[{"id":24334,"href":"https:\/\/timetravelaesthetic.com\/fr\/wp-json\/wp\/v2\/pages\/17032\/revisions\/24334"}],"up":[{"embeddable":true,"href":"https:\/\/timetravelaesthetic.com\/fr\/wp-json\/wp\/v2\/pages\/17027"}],"wp:attachment":[{"href":"https:\/\/timetravelaesthetic.com\/fr\/wp-json\/wp\/v2\/media?parent=17032"}],"curies":[{"name":"wp","href":"https:\/\/api.w.org\/{rel}","templated":true}]}}