{"id":17033,"date":"2023-11-19T14:56:07","date_gmt":"2023-11-19T14:56:07","guid":{"rendered":"https:\/\/time3.vl-staging.com\/doktorlar\/doktorlar-genital\/"},"modified":"2025-07-04T13:20:09","modified_gmt":"2025-07-04T13:20:09","slug":"doktorlar-genital","status":"publish","type":"page","link":"https:\/\/timetravelaesthetic.com\/fr\/doktorlar\/doktorlar-genital\/","title":{"rendered":"Doktorlar-genital FR"},"content":{"rendered":"<div class=\"brz-root__container brz-reset-all brz\">\n<section id=\"_pWQhvPMpD7Hs\" class=\"brz-section brz-css-shGeI\">\n<div class=\"brz-section__content brz-section--boxed brz-css-afbUa brz-css-wOIv_\" data-brz-custom-id=\"h_J8DzDGmUXW\">\n<div class=\"brz-bg\">\n<div class=\"brz-bg-image\"><\/div>\n<\/div>\n<div class=\"brz-container brz-css-sHo_c\">\n<div id=\"\" class=\"brz-css-pgWYg brz-css-yONXm brz-wrapper\">\n<div class=\"brz-rich-text brz-rich-text__custom brz-css-mbwHO\" data-brz-custom-id=\"x1XIXydNjEj0\">\n<div data-brz-translate-text=\"1\">\n<h1 class=\"brz-mt-lg-0 brz-fsft-lg-0 brz-fwdth-lg-100 brz-vfw-lg-400 brz-lh-lg-1 brz-ls-lg-m_1_5 brz-fw-lg-600 brz-fss-lg-px brz-fs-lg-46 brz-ft-upload brz-ff-ozhkiphnhvhspgnsirfckwjaxjgjldcctydj brz-tp-lg-heading1 brz-fs-xs-36 brz-tp-xs-empty brz-lh-xs-1 brz-ls-xs-m_1_5 brz-fw-xs-600 brz-fss-xs-px brz-text-lg-center brz-css-npEH0\" data-uniq-id=\"r_Kh0\" data-generated-css=\"brz-css-tqdsQ\"><span style=\"opacity: 1\">M\u00c9DECINS PARTENAIRES<\/span><\/h1>\n<\/div>\n<\/div>\n<\/div>\n<div id=\"\" class=\"brz-css-pgWYg brz-css-yiCWW brz-wrapper\">\n<div class=\"brz-rich-text brz-rich-text__custom brz-css-mbwHO\" data-brz-custom-id=\"v7YAisn01se9\">\n<div data-brz-translate-text=\"1\">\n<h2 class=\"brz-fs-xs-36 brz-tp-xs-empty brz-lh-xs-1_3 brz-ls-xs-m_1 brz-fw-xs-700 brz-fss-xs-px brz-tp-lg-heading2 brz-text-lg-center brz-css-eUm2p\" data-uniq-id=\"vMY50\" data-generated-css=\"brz-css-tLBXc\"><span class=\"brz-cp-color2\">Un service sp\u00e9cial pour vous avec des experts en sant\u00e9.<\/span><\/h2>\n<\/div>\n<\/div>\n<\/div>\n<div id=\"\" class=\"brz-css-pgWYg brz-css-oYzp2 brz-wrapper\">\n<div class=\"brz-rich-text brz-rich-text__custom brz-css-mbwHO\" data-brz-custom-id=\"piPL4UjFgPeX\">\n<div data-brz-translate-text=\"1\">\n<p class=\"brz-tp-lg-subtitle brz-bcp-color2 brz-text-lg-center brz-css-mKECk\" data-generated-css=\"brz-css-lUUyG\" data-uniq-id=\"hlKS_\"><span class=\"brz-cp-color2\">Notre agence travaille avec des m\u00e9decins exp\u00e9riment\u00e9s pour vous fournir des services de sant\u00e9 de qualit\u00e9. Nos m\u00e9decins sont des professionnels de la sant\u00e9 qui poss\u00e8dent une vaste exp\u00e9rience dans leur domaine, suivent l&rsquo;information m\u00e9dicale actuelle et s&rsquo;am\u00e9liorent constamment.  Time Travel s&rsquo;associe \u00e0 des m\u00e9decins r\u00e9put\u00e9s pour leurs taux de satisfaction \u00e9lev\u00e9s des patients pour vous aider \u00e0 atteindre l&rsquo;apparence souhait\u00e9e. <\/span><\/p>\n<\/div>\n<\/div>\n<\/div>\n<div id=\"\" class=\"brz-css-pgWYg brz-css-tw_G5 brz-css-mgUyA brz-wrapper\">\n<div class=\"brz-spacer brz-css-hhAjy brz-css-nYOLD\"><\/div>\n<\/div>\n<div class=\"brz-row__container brz-css-w15b3\" data-brz-custom-id=\"kFwQXDkEINIs\">\n<div class=\"brz-bg\"><\/div>\n<div class=\"brz-row brz-css-avW7E brz-css-sOJVk\">\n<div class=\"brz-columns brz-css-i1Rd3 brz-css-jpGfC\" data-brz-custom-id=\"h5f5S7PRLTPn\">\n<div class=\"brz-column__items brz-css-apcwj brz-css-qkjWx\">\n<div class=\"brz-row__container brz-css-w15b3\" data-brz-custom-id=\"hSLHDVofLEIq\">\n<div class=\"brz-bg\"><\/div>\n<div class=\"brz-row brz-row--inner brz-css-avW7E brz-css-sOJVk\">\n<div class=\"brz-columns brz-css-i1Rd3 brz-css-xEfrh\" data-brz-custom-id=\"ocIydGlFBEOW\">\n<div class=\"brz-bg\">\n<div class=\"brz-bg-color\"><\/div>\n<\/div>\n<div class=\"brz-column__items brz-css-apcwj brz-css-pFy4y\">\n<div id=\"\" class=\"brz-css-pgWYg brz-css-xD49h brz-wrapper\">\n<div class=\"brz-image brz-css-pv7AU brz-css-cvFy3\" data-brz-custom-id=\"tLsrwHncb2gA\"><img decoding=\"async\" class=\"brz-img\" src=\"https:\/\/timetravelaesthetic.com\/fr?brizy_media=wp-1bcd2a437ab084eb932b6733a6360f5a.png&amp;brizy_crop=original\" alt=\"\" loading=\"lazy\"><\/div>\n<\/div>\n<\/div>\n<\/div>\n<div class=\"brz-columns brz-css-i1Rd3 brz-css-skGHd\" data-brz-custom-id=\"bokpnEAA5fef\">\n<div class=\"brz-bg\">\n<div class=\"brz-bg-color\"><\/div>\n<\/div>\n<div class=\"brz-column__items brz-css-apcwj brz-css-oUwl4\">\n<div id=\"\" class=\"brz-css-pgWYg brz-css-eXwg0 brz-wrapper\">\n<div class=\"brz-icon-text brz-css-tkqS0\" data-brz-custom-id=\"sUkwgBnSMUfl\">\n<div class=\"brz-icon__container\" data-brz-custom-id=\"yigytcSU7mBF\">\n<div class=\"brz-hover-animation__container\" data-brz-hover-animationid=\"yigytcSU7mBF\" data-brz-hover-options=\"%7B%22duration%22:600,%22iterations%22:1%7D\" data-brz-hover-reversible=\"true\" data-brz-hover-target=\"%22firstChild%22\"><span class=\"brz-icon brz-span brz-css-gyylk brz-css-oM2mJ\"><\/span><\/div>\n<\/div>\n<div class=\"brz-text-btn\">\n<div class=\"brz-rich-text brz-rich-text__custom brz-css-mbwHO\" data-brz-custom-id=\"oZxM9mbkzqqo\">\n<div data-brz-translate-text=\"1\">\n<h6 class=\"brz-lh-lg-1_2 brz-ls-lg-0 brz-fw-lg-600 brz-fss-lg-px brz-fs-lg-24 brz-ft-upload brz-ff-ozhkiphnhvhspgnsirfckwjaxjgjldcctydj brz-tp-lg-empty brz-mb-lg-0 brz-mt-lg-0 brz-text-lg-justify brz-css-ztmuq\" data-generated-css=\"brz-css-sC3Xe\" data-uniq-id=\"dxw88\"><span class=\"brz-cp-color2\">Mehmet Bekir \u015eEN<\/span><\/h6>\n<p class=\"brz-lh-lg-1_2 brz-ls-lg-0 brz-fw-lg-500 brz-fss-lg-px brz-fs-lg-18 brz-ft-upload brz-ff-ozhkiphnhvhspgnsirfckwjaxjgjldcctydj brz-tp-lg-empty brz-css-hDsy6\" data-generated-css=\"brz-css-rf8u8\" data-uniq-id=\"m0603\"><span style=\"opacity: 1\">Sp\u00e9cialiste en gyn\u00e9cologie et obst\u00e9trique<\/span><\/p>\n<p class=\"brz-lh-lg-1_9 brz-ls-lg-0 brz-fw-lg-400 brz-fss-lg-px brz-fs-lg-14 brz-ft-upload brz-ff-ozhkiphnhvhspgnsirfckwjaxjgjldcctydj brz-tp-lg-empty brz-css-mQrKs\" data-generated-css=\"brz-css-syXX2\" data-uniq-id=\"fE6ny\"><span class=\"brz-cp-color7\">Le chirurgien Mehmet Bekir Sen est n\u00e9 \u00e0 Hatay, Antakya. Il est dipl\u00f4m\u00e9 avec distinction de la facult\u00e9 de m\u00e9decine de l&rsquo;Universit\u00e9 Yeditepe. Il a acquis son expertise \u00e0 l&rsquo;h\u00f4pital de formation et de recherche de l&rsquo;universit\u00e9 des sciences de la sant\u00e9 d&rsquo;\u00dcmraniye. Apr\u00e8s s&rsquo;\u00eatre sp\u00e9cialis\u00e9, il a travaill\u00e9 au d\u00e9partement de p\u00e9rinatologie du King&rsquo;s College of London Fetal Medicine Centre pour am\u00e9liorer ses connaissances et sa culture. Il a \u00e9tudi\u00e9 la gyn\u00e9cologie esth\u00e9tique aux \u00c9tats-Unis. Il a \u00e9galement re\u00e7u une formation en th\u00e9rapie sexuelle, en vaginisme et en esth\u00e9tique g\u00e9nitale. Apr\u00e8s avoir termin\u00e9 sa formation \u00e0 l&rsquo;\u00e9tranger, il retourne en Turquie et fonde sa propre clinique priv\u00e9e \u00e0 Antalya. Il s&rsquo;int\u00e9resse particuli\u00e8rement aux domaines de la gyn\u00e9cologie esth\u00e9tique et de l&rsquo;esth\u00e9tique g\u00e9nitale, des soins postnatals et de l&rsquo;accouchement.<\/span><\/p>\n<\/div>\n<\/div>\n<\/div>\n<\/div>\n<\/div>\n<\/div>\n<\/div>\n<\/div>\n<\/div>\n<\/div>\n<\/div>\n<\/div>\n<\/div>\n<\/div>\n<\/div>\n<\/section>\n<\/div>\n<p>    <!-- version:1733592363 --><\/p>\n","protected":false},"excerpt":{"rendered":"<p>M\u00c9DECINS PARTENAIRES Un service sp\u00e9cial pour vous avec des experts en sant\u00e9. Notre agence travaille avec des m\u00e9decins exp\u00e9riment\u00e9s pour vous fournir des services de sant\u00e9 de qualit\u00e9. Nos m\u00e9decins sont des professionnels de la sant\u00e9 qui poss\u00e8dent une vaste exp\u00e9rience dans leur domaine, suivent l&rsquo;information m\u00e9dicale actuelle et s&rsquo;am\u00e9liorent constamment. Time Travel s&rsquo;associe \u00e0 [&hellip;]<\/p>\n","protected":false},"author":1,"featured_media":0,"parent":17027,"menu_order":5,"comment_status":"closed","ping_status":"closed","template":"","meta":{"footnotes":""},"class_list":["post-17033","page","type-page","status-publish","hentry"],"blocksy_meta":[],"_links":{"self":[{"href":"https:\/\/timetravelaesthetic.com\/fr\/wp-json\/wp\/v2\/pages\/17033","targetHints":{"allow":["GET"]}}],"collection":[{"href":"https:\/\/timetravelaesthetic.com\/fr\/wp-json\/wp\/v2\/pages"}],"about":[{"href":"https:\/\/timetravelaesthetic.com\/fr\/wp-json\/wp\/v2\/types\/page"}],"author":[{"embeddable":true,"href":"https:\/\/timetravelaesthetic.com\/fr\/wp-json\/wp\/v2\/users\/1"}],"replies":[{"embeddable":true,"href":"https:\/\/timetravelaesthetic.com\/fr\/wp-json\/wp\/v2\/comments?post=17033"}],"version-history":[{"count":1,"href":"https:\/\/timetravelaesthetic.com\/fr\/wp-json\/wp\/v2\/pages\/17033\/revisions"}],"predecessor-version":[{"id":24336,"href":"https:\/\/timetravelaesthetic.com\/fr\/wp-json\/wp\/v2\/pages\/17033\/revisions\/24336"}],"up":[{"embeddable":true,"href":"https:\/\/timetravelaesthetic.com\/fr\/wp-json\/wp\/v2\/pages\/17027"}],"wp:attachment":[{"href":"https:\/\/timetravelaesthetic.com\/fr\/wp-json\/wp\/v2\/media?parent=17033"}],"curies":[{"name":"wp","href":"https:\/\/api.w.org\/{rel}","templated":true}]}}