{"id":17097,"date":"2023-11-19T15:00:07","date_gmt":"2023-11-19T15:00:07","guid":{"rendered":"https:\/\/time3.vl-staging.com\/servisler\/"},"modified":"2025-07-02T06:51:22","modified_gmt":"2025-07-02T06:51:22","slug":"servisler","status":"publish","type":"page","link":"https:\/\/timetravelaesthetic.com\/fr\/servisler\/","title":{"rendered":"Servisler FR"},"content":{"rendered":"<div class=\"brz-root__container brz-reset-all brz\">\n<section id=\"_v4DhF0Fy3NRR\" class=\"brz-section brz-css-ah69z brz-css-r6Zhl\">\n<div class=\"brz-section__content brz-section--boxed brz-css-bquC_ brz-css-fXskG\" data-brz-custom-id=\"zxpSra6Q7P6s\">\n<div class=\"brz-container brz-css-g9Wsh\">\n<div id=\"\" class=\"brz-css-nGL5G brz-css-iTToS brz-wrapper\">\n<div class=\"brz-rich-text brz-rich-text__custom brz-css-jbHKW\" data-brz-custom-id=\"tp3xz9QD25xe\">\n<div data-brz-translate-text=\"1\">\n<h1 class=\"brz-fs-xs-36 brz-tp-xs-empty brz-lh-xs-1 brz-ls-xs-m_1_5 brz-fw-xs-600 brz-fss-xs-px brz-mt-lg-0 brz-lh-lg-1 brz-ls-lg-m_1_5 brz-fw-lg-600 brz-fss-lg-px brz-fs-lg-46 brz-ft-upload brz-ff-ozhkiphnhvhspgnsirfckwjaxjgjldcctydj brz-tp-lg-empty brz-text-lg-center brz-css-sk6m1\" data-generated-css=\"brz-css-gvIUS\" data-uniq-id=\"oP22h\"><span style=\"opacity: 1\">PRESTATIONS DE SERVICE<\/span><\/h1>\n<\/div>\n<\/div>\n<\/div>\n<div id=\"\" class=\"brz-css-nGL5G brz-wrapper\">\n<div class=\"brz-rich-text brz-rich-text__custom brz-css-jbHKW\" data-brz-custom-id=\"mA3TINFk4jT5\">\n<div data-brz-translate-text=\"1\">\n<p class=\"brz-tp-lg-paragraph brz-text-lg-center brz-css-cAGAr\" data-uniq-id=\"stjqw\" data-generated-css=\"brz-css-ucjxu\"><\/p>\n<\/div>\n<\/div>\n<\/div>\n<div class=\"brz-row__container brz-css-hnw3M\" data-brz-custom-id=\"pSsLj3mhsLVV\">\n<div class=\"brz-bg\"><\/div>\n<div class=\"brz-row brz-css-pS6Q4 brz-css-coSGd\">\n<div class=\"brz-columns brz-css-nOJTq brz-css-nI2V1\" data-brz-custom-id=\"oKN4KeCtUMpC\">\n<div class=\"brz-bg\">\n<div class=\"brz-bg-image\"><\/div>\n<div class=\"brz-bg-color\"><\/div>\n<\/div>\n<div class=\"brz-column__items brz-css-is0ZE brz-css-zvygO\">\n<div id=\"\" class=\"brz-css-nGL5G brz-css-sIHlv brz-wrapper\">\n<div class=\"brz-image brz-css-kfkVp\" data-brz-custom-id=\"mBCayhmMVY6h\"><img decoding=\"async\" class=\"brz-img\" src=\"https:\/\/timetravelaesthetic.com\/fr?brizy_media=wp-91ff9e5f0101cddbaf89c8ce3e509d10.png&amp;brizy_crop=iW%3D55%26iH%3D55%26oX%3D0%26oY%3D1%26cW%3D55%26cH%3D53\" alt=\"\" loading=\"lazy\"><\/div>\n<\/div>\n<div id=\"\" class=\"brz-css-nGL5G brz-css-y6vHH brz-wrapper\">\n<div class=\"brz-rich-text brz-rich-text__custom brz-css-jbHKW\" data-brz-custom-id=\"bnfImLqrw1NV\">\n<div data-brz-translate-text=\"1\">\n<h2 class=\"brz-mt-lg-0 brz-ff-mpjyynqwgvyhatkoestlnfxjlpjxmhldaxxc brz-text-xs-left brz-text-lg-left brz-ls-lg-0 brz-lh-lg-1_6 brz-tp-lg-empty brz-ft-upload brz-fs-lg-20 brz-fss-lg-px brz-fw-lg-600 brz-css-yj3td\" data-uniq-id=\"vjsOs\" data-generated-css=\"brz-css-zPnGU\">Esth\u00e9tique<\/h2>\n<\/div>\n<\/div>\n<\/div>\n<div id=\"\" class=\"brz-css-nGL5G brz-css-nP3YG brz-wrapper\">\n<div class=\"brz-spacer brz-css-jsWmM brz-css-nZlDQ\"><\/div>\n<\/div>\n<div id=\"\" class=\"brz-css-nGL5G brz-css-wLgGN brz-wrapper\">\n<div class=\"brz-rich-text brz-rich-text__custom brz-css-jbHKW\" data-brz-custom-id=\"uEHjoFJYjKaJ\">\n<div data-brz-translate-text=\"1\">\n<p class=\"brz-fw-lg-400 brz-fss-lg-px brz-fs-lg-16 brz-ft-upload brz-ff-mpjyynqwgvyhatkoestlnfxjlpjxmhldaxxc brz-tp-lg-empty brz-text-xs-left brz-mt-lg-0 brz-text-lg-left brz-ls-lg-0 brz-lh-lg-1_9 brz-css-iTVWT\" data-generated-css=\"brz-css-xAw7C\" data-uniq-id=\"wzl0H\"><span class=\"text-gradient brz-image-gradient\" data-gradient_type=\"linear-gradient\" data-gradient_radial_position=\"90\" data-gradient_linear_angle=\"90\" data-gradient_start_pointer=\"0\" data-gradient_finish_pointer=\"100\" data-gradient_active_pointer=\"finishPointer\" data-gradient_start_hex=\"#000000\" data-gradient_finish_hex=\"#666666\" data-gradient_start_opacity=\"1\" data-gradient_finish_opacity=\"1\" data-gradient_start_palette=\"\" data-gradient_finish_palette=\"color7\" style=\"background-image: linear-gradient(90deg, rgb(0, 0, 0) 0%, rgb(102, 102, 102) 100%)\">Une <\/span><strong><span class=\"text-gradient brz-image-gradient\" data-gradient_type=\"linear-gradient\" data-gradient_radial_position=\"90\" data-gradient_linear_angle=\"90\" data-gradient_start_pointer=\"0\" data-gradient_finish_pointer=\"100\" data-gradient_active_pointer=\"finishPointer\" data-gradient_start_hex=\"#712283\" data-gradient_finish_hex=\"#8a5e95\" data-gradient_start_opacity=\"1\" data-gradient_finish_opacity=\"1\" data-gradient_start_palette=\"\" data-gradient_finish_palette=\"\" style=\"background-image: linear-gradient(90deg, rgb(113, 34, 131) 0%, rgb(138, 94, 149) 100%)\">beaut\u00e9<\/span><span class=\"text-gradient brz-image-gradient\" data-gradient_type=\"linear-gradient\" data-gradient_radial_position=\"90\" data-gradient_linear_angle=\"90\" data-gradient_start_pointer=\"0\" data-gradient_finish_pointer=\"100\" data-gradient_active_pointer=\"finishPointer\" data-gradient_start_hex=\"#712283\" data-gradient_finish_hex=\"#8a5e95\" data-gradient_start_opacity=\"1\" data-gradient_finish_opacity=\"1\" data-gradient_start_palette=\"\" data-gradient_finish_palette=\"\" style=\"background-image: linear-gradient(90deg, rgb(113, 34, 131) 0%, rgb(138, 94, 149) 100%)\"> <\/span><\/strong><span class=\"text-gradient brz-image-gradient\" data-gradient_type=\"linear-gradient\" data-gradient_radial_position=\"90\" data-gradient_linear_angle=\"90\" data-gradient_start_pointer=\"0\" data-gradient_finish_pointer=\"100\" data-gradient_active_pointer=\"finishPointer\" data-gradient_start_hex=\"#000000\" data-gradient_finish_hex=\"#666666\" data-gradient_start_opacity=\"1\" data-gradient_finish_opacity=\"1\" data-gradient_start_palette=\"\" data-gradient_finish_palette=\"color7\" style=\"background-image: linear-gradient(90deg, rgb(0, 0, 0) 0%, rgb(102, 102, 102) 100%)\">hors du temps<\/span><\/p>\n<\/div>\n<\/div>\n<\/div>\n<\/div>\n<p><a class=\"brz-a brz-container-link\" href=\"\/fr\/servisler\/estetik\/\" target=\"_self\" rel=\"noopener\" data-brz-link-type=\"external\"><\/a><\/div>\n<div class=\"brz-columns brz-css-nOJTq brz-css-z4rJm\" data-brz-custom-id=\"gJXRffZfVEX2\">\n<div class=\"brz-bg\">\n<div class=\"brz-bg-image\"><\/div>\n<div class=\"brz-bg-color\"><\/div>\n<\/div>\n<div class=\"brz-column__items brz-css-is0ZE brz-css-pkvFW\">\n<div id=\"\" class=\"brz-css-nGL5G brz-css-l24y7 brz-wrapper\">\n<div class=\"brz-image brz-css-rAis3\" data-brz-custom-id=\"lr36JKRDo520\"><img decoding=\"async\" class=\"brz-img\" src=\"https:\/\/timetravelaesthetic.com\/fr?brizy_media=wp-41eccbbde1abb0c3974aff64e0edef47.png&amp;brizy_crop=iW%3D55%26iH%3D55%26oX%3D0%26oY%3D1%26cW%3D55%26cH%3D53\" alt=\"\" loading=\"lazy\"><\/div>\n<\/div>\n<div id=\"\" class=\"brz-css-nGL5G brz-css-xW4dR brz-wrapper\">\n<div class=\"brz-rich-text brz-rich-text__custom brz-css-jbHKW\" data-brz-custom-id=\"ykfLW3TiAXhx\">\n<div data-brz-translate-text=\"1\">\n<h2 class=\"brz-fw-lg-600 brz-fss-lg-px brz-fs-lg-20 brz-ft-upload brz-tp-lg-empty brz-lh-lg-1_6 brz-ls-lg-0 brz-text-lg-left brz-text-xs-left brz-ff-mpjyynqwgvyhatkoestlnfxjlpjxmhldaxxc brz-mt-lg-0 brz-css-piVjJ\" data-generated-css=\"brz-css-eYckv\" data-uniq-id=\"r0kms\">Dent<\/h2>\n<\/div>\n<\/div>\n<\/div>\n<div id=\"\" class=\"brz-css-nGL5G brz-css-nP3YG brz-wrapper\">\n<div class=\"brz-spacer brz-css-jsWmM brz-css-opWzn\"><\/div>\n<\/div>\n<div id=\"\" class=\"brz-css-nGL5G brz-css-gIRYY brz-wrapper\">\n<div class=\"brz-rich-text brz-rich-text__custom brz-css-jbHKW\" data-brz-custom-id=\"t6roGSSlZYFp\">\n<div data-brz-translate-text=\"1\">\n<p class=\"brz-text-lg-left brz-mt-lg-0 brz-text-xs-left brz-tp-lg-empty brz-ff-mpjyynqwgvyhatkoestlnfxjlpjxmhldaxxc brz-ft-upload brz-fs-lg-16 brz-fss-lg-px brz-fw-lg-400 brz-ls-lg-0 brz-lh-lg-1_9 brz-css-rcmou\" data-uniq-id=\"aWTWv\" data-generated-css=\"brz-css-nG1mA\"><span style=\"opacity: 1\">Un <\/span><strong><span class=\"text-gradient brz-image-gradient\" data-gradient_type=\"linear-gradient\" data-gradient_radial_position=\"90\" data-gradient_linear_angle=\"90\" data-gradient_start_pointer=\"0\" data-gradient_finish_pointer=\"100\" data-gradient_active_pointer=\"startPointer\" data-gradient_start_hex=\"#5787bd\" data-gradient_finish_hex=\"#2f6eb9\" data-gradient_start_opacity=\"1\" data-gradient_finish_opacity=\"1\" data-gradient_start_palette=\"\" data-gradient_finish_palette=\"\" style=\"background-image: linear-gradient(90deg, rgb(87, 135, 189) 0%, rgb(47, 110, 185) 100%)\">sourire <\/span><\/strong><span style=\"opacity: 1\">hors du temps<\/span><\/p>\n<\/div>\n<\/div>\n<\/div>\n<\/div>\n<p><a class=\"brz-a brz-container-link\" href=\"\/fr\/servisler\/dis-tedavisi\/\" target=\"_self\" rel=\"noopener\" data-brz-link-type=\"external\"><\/a><\/div>\n<div class=\"brz-columns brz-css-nOJTq brz-css-sJjD6\" data-brz-custom-id=\"dHftP3zrpH5M\">\n<div class=\"brz-bg\">\n<div class=\"brz-bg-image\"><\/div>\n<div class=\"brz-bg-color\"><\/div>\n<\/div>\n<div class=\"brz-column__items brz-css-is0ZE brz-css-onrT0\">\n<div id=\"\" class=\"brz-css-nGL5G brz-css-n5gfq brz-wrapper\">\n<div class=\"brz-image brz-css-kMyFd\" data-brz-custom-id=\"dkYT5mVE_lby\"><img decoding=\"async\" class=\"brz-img\" src=\"https:\/\/timetravelaesthetic.com\/fr?brizy_media=wp-4f07bb1120ff9e8bd3632511c15e944c.png&amp;brizy_crop=iW%3D56%26iH%3D55%26oX%3D0%26oY%3D0%26cW%3D56%26cH%3D55\" alt=\"\" loading=\"lazy\"><\/div>\n<\/div>\n<div id=\"\" class=\"brz-css-nGL5G brz-css-iWsoj brz-wrapper\">\n<div class=\"brz-rich-text brz-rich-text__custom brz-css-jbHKW\" data-brz-custom-id=\"m3imdfIxagwL\">\n<div data-brz-translate-text=\"1\">\n<h2 class=\"brz-mt-lg-0 brz-ff-mpjyynqwgvyhatkoestlnfxjlpjxmhldaxxc brz-text-xs-left brz-text-lg-left brz-ls-lg-0 brz-lh-lg-1_6 brz-tp-lg-empty brz-ft-upload brz-fs-lg-20 brz-fss-lg-px brz-fw-lg-600 brz-css-q5zBr\" data-uniq-id=\"i80uU\" data-generated-css=\"brz-css-wREFu\">\u0152il<\/h2>\n<\/div>\n<\/div>\n<\/div>\n<div id=\"\" class=\"brz-css-nGL5G brz-css-nP3YG brz-wrapper\">\n<div class=\"brz-spacer brz-css-jsWmM brz-css-ub9Jj\"><\/div>\n<\/div>\n<div id=\"\" class=\"brz-css-nGL5G brz-css-rxiXH brz-wrapper\">\n<div class=\"brz-rich-text brz-rich-text__custom brz-css-jbHKW\" data-brz-custom-id=\"s4_gwNRS1VXA\">\n<div data-brz-translate-text=\"1\">\n<p class=\"brz-lh-lg-1_9 brz-ls-lg-0 brz-fw-lg-400 brz-fss-lg-px brz-fs-lg-16 brz-ft-upload brz-ff-mpjyynqwgvyhatkoestlnfxjlpjxmhldaxxc brz-tp-lg-empty brz-text-xs-left brz-mt-lg-0 brz-text-lg-left brz-css-uoBX2\" data-generated-css=\"brz-css-x4pWR\" data-uniq-id=\"jNlmO\"><span style=\"opacity: 1\">Une <\/span><strong><span class=\"text-gradient brz-image-gradient\" data-gradient_type=\"linear-gradient\" data-gradient_radial_position=\"90\" data-gradient_linear_angle=\"90\" data-gradient_start_pointer=\"0\" data-gradient_finish_pointer=\"100\" data-gradient_active_pointer=\"startPointer\" data-gradient_start_hex=\"#305b57\" data-gradient_finish_hex=\"#18c4b2\" data-gradient_start_opacity=\"1\" data-gradient_finish_opacity=\"1\" data-gradient_start_palette=\"\" data-gradient_finish_palette=\"\" style=\"background-image: linear-gradient(90deg, rgb(48, 91, 87) 0%, rgb(24, 196, 178) 100%)\">vision <\/span><\/strong><span style=\"opacity: 1\">au-del\u00e0 du temps<\/span><\/p>\n<\/div>\n<\/div>\n<\/div>\n<\/div>\n<p><a class=\"brz-a brz-container-link\" href=\"\/fr\/servisler\/goz\/\" target=\"_self\" rel=\"noopener\" data-brz-link-type=\"external\"><\/a><\/div>\n<\/div>\n<\/div>\n<div class=\"brz-row__container brz-css-hnw3M\" data-brz-custom-id=\"sabNntWtbj1P\">\n<div class=\"brz-bg\"><\/div>\n<div class=\"brz-row brz-css-pS6Q4 brz-css-coSGd\">\n<div class=\"brz-columns brz-css-nOJTq brz-css-oEjxW\" data-brz-custom-id=\"qQDHUXbBezv6\">\n<div class=\"brz-bg\">\n<div class=\"brz-bg-image\"><\/div>\n<div class=\"brz-bg-color\"><\/div>\n<\/div>\n<div class=\"brz-column__items brz-css-is0ZE brz-css-np7VF\">\n<div id=\"\" class=\"brz-css-nGL5G brz-css-clCZ2 brz-wrapper\">\n<div class=\"brz-image brz-css-yVvFC\" data-brz-custom-id=\"wAd3VL4CZUi8\"><img decoding=\"async\" class=\"brz-img\" src=\"https:\/\/timetravelaesthetic.com\/fr?brizy_media=wp-d2be1ad5563cf18578d14319862ad940.png&amp;brizy_crop=iW%3D55%26iH%3D55%26oX%3D0%26oY%3D1%26cW%3D55%26cH%3D53\" alt=\"\" loading=\"lazy\"><\/div>\n<\/div>\n<div id=\"\" class=\"brz-css-nGL5G brz-css-ib2BQ brz-wrapper\">\n<div class=\"brz-rich-text brz-rich-text__custom brz-css-jbHKW\" data-brz-custom-id=\"tACvswADm4CZ\">\n<div data-brz-translate-text=\"1\">\n<h2 class=\"brz-fw-lg-600 brz-fss-lg-px brz-fs-lg-20 brz-ft-upload brz-tp-lg-empty brz-lh-lg-1_6 brz-ls-lg-0 brz-text-lg-left brz-text-xs-left brz-ff-mpjyynqwgvyhatkoestlnfxjlpjxmhldaxxc brz-mt-lg-0 brz-css-nyla4\" data-generated-css=\"brz-css-qJelK\" data-uniq-id=\"nHhtb\">Cheveux<\/h2>\n<\/div>\n<\/div>\n<\/div>\n<div id=\"\" class=\"brz-css-nGL5G brz-css-nP3YG brz-wrapper\">\n<div class=\"brz-spacer brz-css-jsWmM brz-css-xgqDi\"><\/div>\n<\/div>\n<div id=\"\" class=\"brz-css-nGL5G brz-css-ctFuu brz-wrapper\">\n<div class=\"brz-rich-text brz-rich-text__custom brz-css-jbHKW\" data-brz-custom-id=\"vjzRD5sYqB3p\">\n<div data-brz-translate-text=\"1\">\n<p class=\"brz-text-lg-left brz-mt-lg-0 brz-text-xs-left brz-tp-lg-empty brz-ff-mpjyynqwgvyhatkoestlnfxjlpjxmhldaxxc brz-ft-upload brz-fs-lg-16 brz-fss-lg-px brz-fw-lg-400 brz-ls-lg-0 brz-lh-lg-1_9 brz-css-v1epL\" data-uniq-id=\"qVKZK\" data-generated-css=\"brz-css-zWgNi\"><span style=\"opacity: 1\">Un <\/span><strong><span class=\"text-gradient brz-image-gradient\" data-gradient_type=\"linear-gradient\" data-gradient_radial_position=\"90\" data-gradient_linear_angle=\"90\" data-gradient_start_pointer=\"0\" data-gradient_finish_pointer=\"100\" data-gradient_active_pointer=\"startPointer\" data-gradient_start_hex=\"#c26373\" data-gradient_finish_hex=\"#E03E5A\" data-gradient_start_opacity=\"1\" data-gradient_finish_opacity=\"1\" data-gradient_start_palette=\"\" data-gradient_finish_palette=\"\" style=\"background-image: linear-gradient(90deg, rgb(194, 99, 115) 0%, rgb(224, 62, 90) 100%)\">regard <\/span><\/strong><span style=\"opacity: 1\">au-del\u00e0 du temps<\/span><\/p>\n<\/div>\n<\/div>\n<\/div>\n<\/div>\n<p><a class=\"brz-a brz-container-link\" href=\"\/fr\/servisler\/sac\/\" target=\"_self\" rel=\"noopener\" data-brz-link-type=\"external\"><\/a><\/div>\n<div class=\"brz-columns brz-css-nOJTq brz-css-e25g6\" data-brz-custom-id=\"vy6B_OQpUGG4\">\n<div class=\"brz-bg\">\n<div class=\"brz-bg-image\"><\/div>\n<div class=\"brz-bg-color\"><\/div>\n<\/div>\n<div class=\"brz-column__items brz-css-is0ZE brz-css-cJh92\">\n<div id=\"\" class=\"brz-css-nGL5G brz-css-k5MNb brz-wrapper\">\n<div class=\"brz-image brz-css-j8mMA\" data-brz-custom-id=\"tnFEtaLW85WV\"><img decoding=\"async\" class=\"brz-img\" src=\"https:\/\/timetravelaesthetic.com\/fr?brizy_media=wp-61abaed2b3c2aafd3bcc8c2753f3866c.png&amp;brizy_crop=iW%3D52%26iH%3D52%26oX%3D0%26oY%3D1%26cW%3D52%26cH%3D50\" alt=\"\" loading=\"lazy\"><\/div>\n<\/div>\n<div id=\"\" class=\"brz-css-nGL5G brz-css-slafP brz-wrapper\">\n<div class=\"brz-rich-text brz-rich-text__custom brz-css-jbHKW\" data-brz-custom-id=\"uGW5FxNCtEeE\">\n<div data-brz-translate-text=\"1\">\n<h2 class=\"brz-mt-lg-0 brz-ff-mpjyynqwgvyhatkoestlnfxjlpjxmhldaxxc brz-text-xs-left brz-text-lg-left brz-ls-lg-0 brz-lh-lg-1_6 brz-tp-lg-empty brz-ft-upload brz-fs-lg-20 brz-fss-lg-px brz-fw-lg-600 brz-css-x0XSs\" data-uniq-id=\"yKE18\" data-generated-css=\"brz-css-bhhan\">Ob\u00e9sit\u00e9<\/h2>\n<\/div>\n<\/div>\n<\/div>\n<div id=\"\" class=\"brz-css-nGL5G brz-css-nP3YG brz-wrapper\">\n<div class=\"brz-spacer brz-css-jsWmM brz-css-a0f44\"><\/div>\n<\/div>\n<div id=\"\" class=\"brz-css-nGL5G brz-css-tl2Nw brz-wrapper\">\n<div class=\"brz-rich-text brz-rich-text__custom brz-css-jbHKW\" data-brz-custom-id=\"uUokpF9LscWx\">\n<div data-brz-translate-text=\"1\">\n<p class=\"brz-lh-lg-1_9 brz-ls-lg-0 brz-fw-lg-400 brz-fss-lg-px brz-fs-lg-16 brz-ft-upload brz-ff-mpjyynqwgvyhatkoestlnfxjlpjxmhldaxxc brz-tp-lg-empty brz-text-xs-left brz-mt-lg-0 brz-text-lg-left brz-css-a6WT1\" data-generated-css=\"brz-css-nYCE4\" data-uniq-id=\"h90cC\"><span style=\"opacity: 1\">Une <\/span><strong><span class=\"text-gradient brz-image-gradient\" data-gradient_type=\"linear-gradient\" data-gradient_radial_position=\"90\" data-gradient_linear_angle=\"90\" data-gradient_start_pointer=\"0\" data-gradient_finish_pointer=\"100\" data-gradient_active_pointer=\"startPointer\" data-gradient_start_hex=\"#b06a53\" data-gradient_finish_hex=\"#ff551c\" data-gradient_start_opacity=\"1\" data-gradient_finish_opacity=\"1\" data-gradient_start_palette=\"\" data-gradient_finish_palette=\"\" style=\"background-image: linear-gradient(90deg, rgb(176, 106, 83) 0%, rgb(255, 85, 28) 100%)\">sant\u00e9 <\/span><\/strong><span style=\"opacity: 1\">hors du temps<\/span><\/p>\n<\/div>\n<\/div>\n<\/div>\n<\/div>\n<p><a class=\"brz-a brz-container-link\" href=\"\/fr\/servisler\/obezite\/\" target=\"_self\" rel=\"noopener\" data-brz-link-type=\"external\"><\/a><\/div>\n<div class=\"brz-columns brz-css-nOJTq brz-css-dJTNc\" data-brz-custom-id=\"xZ1yspz4SCDO\">\n<div class=\"brz-bg\">\n<div class=\"brz-bg-image\"><\/div>\n<div class=\"brz-bg-color\"><\/div>\n<\/div>\n<div class=\"brz-column__items brz-css-is0ZE brz-css-pprhY\">\n<div id=\"\" class=\"brz-css-nGL5G brz-css-rRAyS brz-wrapper\">\n<div class=\"brz-image brz-css-f0nvc\" data-brz-custom-id=\"bNNBRSzehXFz\"><img decoding=\"async\" class=\"brz-img\" src=\"https:\/\/timetravelaesthetic.com\/fr?brizy_media=wp-6cd10bbfa486e49d66d78efe46a32025.png&amp;brizy_crop=iW%3D56%26iH%3D56%26oX%3D0%26oY%3D1%26cW%3D56%26cH%3D53\" alt=\"\" loading=\"lazy\"><\/div>\n<\/div>\n<div id=\"\" class=\"brz-css-nGL5G brz-css-bwaXz brz-wrapper\">\n<div class=\"brz-rich-text brz-rich-text__custom brz-css-jbHKW\" data-brz-custom-id=\"xp_COIkoUGXl\">\n<div data-brz-translate-text=\"1\">\n<h2 class=\"brz-fw-lg-600 brz-fss-lg-px brz-fs-lg-20 brz-ft-upload brz-tp-lg-empty brz-lh-lg-1_6 brz-ls-lg-0 brz-text-lg-left brz-text-xs-left brz-ff-mpjyynqwgvyhatkoestlnfxjlpjxmhldaxxc brz-mt-lg-0 brz-css-iQJ4a\" data-generated-css=\"brz-css-htS6h\" data-uniq-id=\"fCTHO\">G\u00e9nital<\/h2>\n<\/div>\n<\/div>\n<\/div>\n<div id=\"\" class=\"brz-css-nGL5G brz-css-nP3YG brz-wrapper\">\n<div class=\"brz-spacer brz-css-jsWmM brz-css-zFPII\"><\/div>\n<\/div>\n<div id=\"\" class=\"brz-css-nGL5G brz-css-zSATd brz-wrapper\">\n<div class=\"brz-rich-text brz-rich-text__custom brz-css-jbHKW\" data-brz-custom-id=\"baLbZ6QnXb8J\">\n<div data-brz-translate-text=\"1\">\n<p class=\"brz-text-lg-justify brz-lh-lg-1_9 brz-ls-lg-0 brz-mt-lg-0 brz-text-xs-left brz-tp-lg-empty brz-ff-mpjyynqwgvyhatkoestlnfxjlpjxmhldaxxc brz-ft-upload brz-fs-lg-16 brz-fss-lg-px brz-fw-lg-400 brz-css-muzyS\" data-uniq-id=\"uX0_Z\" data-generated-css=\"brz-css-bhqee\"><span style=\"opacity: 1\">Un <\/span><strong><span class=\"text-gradient brz-image-gradient\" data-gradient_type=\"linear-gradient\" data-gradient_radial_position=\"90\" data-gradient_linear_angle=\"90\" data-gradient_start_pointer=\"0\" data-gradient_finish_pointer=\"100\" data-gradient_active_pointer=\"startPointer\" data-gradient_start_hex=\"#b17979\" data-gradient_finish_hex=\"#F4C1C1\" data-gradient_start_opacity=\"1\" data-gradient_finish_opacity=\"1\" data-gradient_start_palette=\"\" data-gradient_finish_palette=\"\" style=\"background-image: linear-gradient(90deg, rgb(177, 121, 121) 0%, rgb(244, 193, 193) 100%)\">confort <\/span><\/strong><span style=\"opacity: 1\">hors du temps<\/span><\/p>\n<\/div>\n<\/div>\n<\/div>\n<\/div>\n<p><a class=\"brz-a brz-container-link\" href=\"\/fr\/servisler\/genital-estetik\/\" target=\"_self\" rel=\"noopener\" data-brz-link-type=\"external\"><\/a><\/div>\n<\/div>\n<\/div>\n<\/div>\n<\/div>\n<\/section>\n<\/div>\n<p>    <!-- version:1734720480 --><\/p>\n","protected":false},"excerpt":{"rendered":"<p>PRESTATIONS DE SERVICE Esth\u00e9tique Une beaut\u00e9 hors du temps Dent Un sourire hors du temps \u0152il Une vision au-del\u00e0 du temps Cheveux Un regard au-del\u00e0 du temps Ob\u00e9sit\u00e9 Une sant\u00e9 hors du temps G\u00e9nital Un confort hors du temps<\/p>\n","protected":false},"author":1,"featured_media":0,"parent":0,"menu_order":8,"comment_status":"closed","ping_status":"closed","template":"","meta":{"footnotes":""},"class_list":["post-17097","page","type-page","status-publish","hentry"],"blocksy_meta":[],"_links":{"self":[{"href":"https:\/\/timetravelaesthetic.com\/fr\/wp-json\/wp\/v2\/pages\/17097","targetHints":{"allow":["GET"]}}],"collection":[{"href":"https:\/\/timetravelaesthetic.com\/fr\/wp-json\/wp\/v2\/pages"}],"about":[{"href":"https:\/\/timetravelaesthetic.com\/fr\/wp-json\/wp\/v2\/types\/page"}],"author":[{"embeddable":true,"href":"https:\/\/timetravelaesthetic.com\/fr\/wp-json\/wp\/v2\/users\/1"}],"replies":[{"embeddable":true,"href":"https:\/\/timetravelaesthetic.com\/fr\/wp-json\/wp\/v2\/comments?post=17097"}],"version-history":[{"count":0,"href":"https:\/\/timetravelaesthetic.com\/fr\/wp-json\/wp\/v2\/pages\/17097\/revisions"}],"wp:attachment":[{"href":"https:\/\/timetravelaesthetic.com\/fr\/wp-json\/wp\/v2\/media?parent=17097"}],"curies":[{"name":"wp","href":"https:\/\/api.w.org\/{rel}","templated":true}]}}