{"id":18120,"date":"2023-11-19T15:34:58","date_gmt":"2023-11-19T15:34:58","guid":{"rendered":"https:\/\/time3.vl-staging.com\/servisler\/estetik\/gogus-estetigi\/"},"modified":"2025-07-02T08:54:51","modified_gmt":"2025-07-02T08:54:51","slug":"gogus-estetigi","status":"publish","type":"page","link":"https:\/\/timetravelaesthetic.com\/fr\/servisler\/estetik\/gogus-estetigi\/","title":{"rendered":"G\u00f6\u011f\u00fcs Esteti\u011fi FR"},"content":{"rendered":"<div class=\"brz-root__container brz-reset-all brz\">\n<section id=\"_fidtqyzvpxqsslmkvahoifsqedgenxhujabx\" class=\"brz-section brz-css-e6rJD\">\n<div class=\"brz-section__content brz-section--boxed brz-css-zvWCB brz-css-mUkBF\" data-brz-custom-id=\"tktpusjiwfvvcsfwmrcfxrvurjgyeejdbiax\">\n<div class=\"brz-bg\">\n<div class=\"brz-bg-image\"><\/div>\n<div class=\"brz-bg-color\"><\/div>\n<\/div>\n<div class=\"brz-container brz-css-jZ60q\">\n<div class=\"brz-row__container brz-css-dwEA2\" data-brz-custom-id=\"hmtyxgoszsbtogxddyenxphtqcnqtlcotxma\">\n<div class=\"brz-bg\"><\/div>\n<div class=\"brz-row brz-css-fmgfg brz-css-vJr3e\">\n<div class=\"brz-columns brz-css-dNM12 brz-css-fqnfH\" data-brz-custom-id=\"enrqknxsiouqownwkkzqwydoxxrgfazplqyj\">\n<div class=\"brz-bg\"><\/div>\n<div class=\"brz-column__items brz-css-kbX81 brz-css-youj_\">\n<div id=\"\" class=\"brz-css-eBSFo brz-css-rAUOG brz-wrapper\">\n<div class=\"brz-rich-text brz-rich-text__custom brz-css-lQ_7H\" data-brz-custom-id=\"objbzwisehomcgcgwbuwkgsdzqxmwemuyhsp\">\n<div data-brz-translate-text=\"1\">\n<p class=\"brz-text-lg-left brz-ls-lg-1_1 brz-lh-lg-1_5 brz-tp-lg-empty brz-ff-wezyasbxuqgubgesyrpopjmxdwuuvjhpghzy brz-ft-upload brz-fs-lg-14 brz-fss-lg-px brz-fw-lg-400 brz-css-pbL2_\" data-generated-css=\"brz-css-iUVlb\" data-uniq-id=\"uk803\"><span>ESTH\u00c9TIQUE<\/span><\/p>\n<\/div>\n<\/div>\n<\/div>\n<div id=\"\" class=\"brz-css-eBSFo brz-css-bdRSF brz-wrapper\">\n<div class=\"brz-rich-text brz-rich-text__custom brz-css-lQ_7H\" data-brz-custom-id=\"ufqvvtrznchtmpqyosvfuhyjqhstfiwipvqj\">\n<div data-brz-translate-text=\"1\">\n<p class=\"brz-fs-lg-54 brz-ft-upload brz-ff-ozhkiphnhvhspgnsirfckwjaxjgjldcctydj brz-tp-lg-empty brz-lh-lg-1_3 brz-ls-lg-m_1_5 brz-fw-lg-600 brz-fss-lg-px brz-text-lg-left brz-css-r5oC2\" data-uniq-id=\"e12VW\" data-generated-css=\"brz-css-t5sZH\"><span class=\"brz-cp-color2\">ESTH\u00c9TIQUE DES SEINS<\/span><\/p>\n<\/div>\n<\/div>\n<\/div>\n<\/div>\n<\/div>\n<div class=\"brz-columns brz-css-dNM12 brz-css-dLBLg\" data-brz-custom-id=\"yufgcgarkyossnwwmqyirwensctdtdbwaasu\">\n<div class=\"brz-bg\"><\/div>\n<div class=\"brz-column__items brz-css-kbX81 brz-css-i4bUk\">\n<div id=\"\" class=\"brz-css-eBSFo brz-css-t9AIw brz-wrapper\">\n<div class=\"brz-rich-text brz-rich-text__custom brz-css-lQ_7H\" data-brz-custom-id=\"opcmomtupmiskpvirumyvpkavjrieraazdiv\">\n<div data-brz-translate-text=\"1\">\n<p class=\"brz-text-lg-left brz-ls-lg-0 brz-lh-lg-1_8 brz-tp-lg-empty brz-ff-wezyasbxuqgubgesyrpopjmxdwuuvjhpghzy brz-ft-upload brz-fs-lg-18 brz-fss-lg-px brz-fw-lg-300 brz-css-uIWDu\" data-generated-css=\"brz-css-pLvM6\" data-uniq-id=\"eOlbQ\"><span>Nous vous proposons des solutions sp\u00e9ciales dans le domaine de l\u2019esth\u00e9tique du sein avec notre \u00e9quipe experte de m\u00e9decins et notre clinique moderne. Pendant que vous appr\u00e9ciez le changement, nous planifions pour vous tous les processus restants.<\/span><\/p>\n<\/div>\n<\/div>\n<\/div>\n<\/div>\n<\/div>\n<\/div>\n<\/div>\n<div id=\"\" class=\"brz-css-eBSFo brz-css-xKcgj brz-wrapper\">\n<div class=\"brz-spacer brz-css-wuYfk brz-css-gLz5X\"><\/div>\n<\/div>\n<div class=\"brz-row__container brz-css-dwEA2\" data-brz-custom-id=\"rvszxyatxwivvfcrxltokjunzcffutoigijz\">\n<div class=\"brz-bg\"><\/div>\n<div class=\"brz-row brz-css-fmgfg brz-css-vJr3e\">\n<div class=\"brz-columns brz-css-dNM12 brz-css-wffYF\" data-brz-custom-id=\"mtxvszgksxhicqasiagvwetryczasfahrsej\">\n<div class=\"brz-bg\">\n<div class=\"brz-bg-image\"><\/div>\n<div class=\"brz-bg-color\"><\/div>\n<\/div>\n<div class=\"brz-column__items brz-css-kbX81 brz-css-gTXR1\">\n<div id=\"\" class=\"brz-css-eBSFo brz-css-xKcgj brz-wrapper\">\n<div class=\"brz-spacer brz-css-wuYfk brz-css-lo2H9\"><\/div>\n<\/div>\n<div id=\"\" class=\"brz-css-eBSFo brz-wrapper\">\n<div class=\"brz-rich-text brz-rich-text__custom brz-css-lQ_7H\" data-brz-custom-id=\"vcfoxmtfeeywzcacnzkmzalywewnbnxukuva\">\n<div data-brz-translate-text=\"1\">\n<h2 class=\"brz-ls-lg-0 brz-fw-lg-700 brz-fss-lg-px brz-fs-lg-24 brz-ft-upload brz-ff-ozhkiphnhvhspgnsirfckwjaxjgjldcctydj brz-tp-lg-empty brz-lh-lg-1_3 brz-text-lg-center brz-css-rpy9r\" data-uniq-id=\"npgWt\" data-generated-css=\"brz-css-enPhA\"><strong class=\"brz-cp-color8\">R\u00e9duction mammaire chez l&rsquo;homme<\/strong><\/h2>\n<\/div>\n<\/div>\n<\/div>\n<\/div>\n<p><a class=\"brz-a brz-container-link\" href=\"\/fr\/servisler\/estetik\/gogus-estetigi\/erkek-meme-kucultme\/\" target=\"_self\" rel=\"noopener\" data-brz-link-type=\"external\"><\/a><\/div>\n<div class=\"brz-columns brz-css-dNM12 brz-css-oUHcm\" data-brz-custom-id=\"tovkgpzzlriczrrxabuvethidqsdmgilciwp\">\n<div class=\"brz-bg\">\n<div class=\"brz-bg-image\"><\/div>\n<div class=\"brz-bg-color\"><\/div>\n<\/div>\n<div class=\"brz-column__items brz-css-kbX81 brz-css-fikcb\">\n<div id=\"\" class=\"brz-css-eBSFo brz-css-xKcgj brz-wrapper\">\n<div class=\"brz-spacer brz-css-wuYfk brz-css-r62Xg\"><\/div>\n<\/div>\n<div id=\"\" class=\"brz-css-eBSFo brz-wrapper\">\n<div class=\"brz-rich-text brz-rich-text__custom brz-css-lQ_7H\" data-brz-custom-id=\"puxoagalvgxhfcakppetelqipuqmzxhtsime\">\n<div data-brz-translate-text=\"1\">\n<h2 class=\"brz-text-lg-center brz-lh-lg-1_3 brz-tp-lg-empty brz-ff-ozhkiphnhvhspgnsirfckwjaxjgjldcctydj brz-ft-upload brz-fs-lg-24 brz-fss-lg-px brz-fw-lg-700 brz-ls-lg-0 brz-css-c7QIR\" data-generated-css=\"brz-css-ucv7D\" data-uniq-id=\"gPVZo\"><strong class=\"brz-cp-color8\">R\u00e9vision d&rsquo;implant mammaire<\/strong><\/h2>\n<\/div>\n<\/div>\n<\/div>\n<\/div>\n<p><a class=\"brz-a brz-container-link\" href=\"\/fr\/servisler\/estetik\/gogus-estetigi\/meme-implant-revizyonu\/\" target=\"_self\" rel=\"noopener\" data-brz-link-type=\"external\"><\/a><\/div>\n<div class=\"brz-columns brz-css-dNM12 brz-css-s0xAg\" data-brz-custom-id=\"mihqnvwsvzauawudhuntdgxalspujlifjzde\">\n<div class=\"brz-bg\">\n<div class=\"brz-bg-image\"><\/div>\n<div class=\"brz-bg-color\"><\/div>\n<\/div>\n<div class=\"brz-column__items brz-css-kbX81 brz-css-t9Jf_\">\n<div id=\"\" class=\"brz-css-eBSFo brz-css-xKcgj brz-wrapper\">\n<div class=\"brz-spacer brz-css-wuYfk brz-css-fT6KU\"><\/div>\n<\/div>\n<div id=\"\" class=\"brz-css-eBSFo brz-wrapper\">\n<div class=\"brz-rich-text brz-rich-text__custom brz-css-lQ_7H\" data-brz-custom-id=\"znjjageepoevfijrfyengxryffargvignydl\">\n<div data-brz-translate-text=\"1\">\n<h2 class=\"brz-ls-lg-0 brz-fw-lg-700 brz-fss-lg-px brz-fs-lg-24 brz-ft-upload brz-ff-ozhkiphnhvhspgnsirfckwjaxjgjldcctydj brz-tp-lg-empty brz-lh-lg-1_3 brz-text-lg-center brz-css-h1MyG\" data-generated-css=\"brz-css-aOfFD\" data-uniq-id=\"bm0ly\"><span class=\"brz-cp-color8\">Augmentation mammaire<\/span><\/h2>\n<\/div>\n<\/div>\n<\/div>\n<\/div>\n<p><a class=\"brz-a brz-container-link\" href=\"\/fr\/servisler\/estetik\/gogus-estetigi\/meme-buyutme\/\" target=\"_self\" rel=\"noopener\" data-brz-link-type=\"external\"><\/a><\/div>\n<div class=\"brz-columns brz-css-dNM12 brz-css-y2tgh\" data-brz-custom-id=\"yuggwlvlsdmiazdywbtvtyesjbkigfafjwxz\">\n<div class=\"brz-bg\">\n<div class=\"brz-bg-image\"><\/div>\n<div class=\"brz-bg-color\"><\/div>\n<\/div>\n<div class=\"brz-column__items brz-css-kbX81 brz-css-phnDY\">\n<div id=\"\" class=\"brz-css-eBSFo brz-css-xKcgj brz-wrapper\">\n<div class=\"brz-spacer brz-css-wuYfk brz-css-thhSs\"><\/div>\n<\/div>\n<div id=\"\" class=\"brz-css-eBSFo brz-wrapper\">\n<div class=\"brz-rich-text brz-rich-text__custom brz-css-lQ_7H\" data-brz-custom-id=\"ndpdrprbtsapjvrzrhngjpquxjdvebusrrhv\">\n<div data-brz-translate-text=\"1\">\n<h2 class=\"brz-ls-lg-0 brz-fw-lg-700 brz-fss-lg-px brz-fs-lg-24 brz-ft-upload brz-ff-ozhkiphnhvhspgnsirfckwjaxjgjldcctydj brz-tp-lg-empty brz-lh-lg-1_3 brz-text-lg-center brz-css-meG9l\" data-uniq-id=\"tW5YY\" data-generated-css=\"brz-css-rHQUf\"><span class=\"brz-cp-color8\">Lifting des seins<\/span><\/h2>\n<\/div>\n<\/div>\n<\/div>\n<\/div>\n<p><a class=\"brz-a brz-container-link\" href=\"\/fr\/servisler\/estetik\/gogus-estetigi\/meme-diklestirme\/\" target=\"_self\" rel=\"noopener\" data-brz-link-type=\"external\"><\/a><\/div>\n<div class=\"brz-columns brz-css-dNM12 brz-css-ltPfW\" data-brz-custom-id=\"awcmdbrulksegocprtbcvscorvrorfkryimi\">\n<div class=\"brz-bg\">\n<div class=\"brz-bg-image\"><\/div>\n<div class=\"brz-bg-color\"><\/div>\n<\/div>\n<div class=\"brz-column__items brz-css-kbX81 brz-css-aGQz3\">\n<div id=\"\" class=\"brz-css-eBSFo brz-css-xKcgj brz-wrapper\">\n<div class=\"brz-spacer brz-css-wuYfk brz-css-hpyNq\"><\/div>\n<\/div>\n<div id=\"\" class=\"brz-css-eBSFo brz-css-cXXsk brz-wrapper\">\n<div class=\"brz-rich-text brz-rich-text__custom brz-css-lQ_7H\" data-brz-custom-id=\"iscvsrgfwvmzzfqsdaiolovmjscqwbllynnf\">\n<div data-brz-translate-text=\"1\">\n<h2 class=\"brz-ls-lg-0 brz-fw-lg-700 brz-fss-lg-px brz-fs-lg-24 brz-ft-upload brz-ff-ozhkiphnhvhspgnsirfckwjaxjgjldcctydj brz-tp-lg-empty brz-lh-lg-1_3 brz-text-lg-center brz-css-kSiRy\" data-uniq-id=\"rWVAo\" data-generated-css=\"brz-css-u26Bb\"><span class=\"brz-cp-color8\">R\u00e9duction mammaire<\/span><\/h2>\n<\/div>\n<\/div>\n<\/div>\n<\/div>\n<p><a class=\"brz-a brz-container-link\" href=\"\/fr\/servisler\/estetik\/gogus-estetigi\/meme-kucultme\/\" target=\"_self\" rel=\"noopener\" data-brz-link-type=\"external\"><\/a><\/div>\n<\/div>\n<\/div>\n<\/div>\n<\/div>\n<\/section>\n<\/div>\n<p>    <!-- version:1733729953 --><\/p>\n","protected":false},"excerpt":{"rendered":"<p>ESTH\u00c9TIQUE ESTH\u00c9TIQUE DES SEINS Nous vous proposons des solutions sp\u00e9ciales dans le domaine de l\u2019esth\u00e9tique du sein avec notre \u00e9quipe experte de m\u00e9decins et notre clinique moderne. Pendant que vous appr\u00e9ciez le changement, nous planifions pour vous tous les processus restants. R\u00e9duction mammaire chez l&rsquo;homme R\u00e9vision d&rsquo;implant mammaire Augmentation mammaire Lifting des seins R\u00e9duction mammaire<\/p>\n","protected":false},"author":1,"featured_media":0,"parent":17109,"menu_order":1,"comment_status":"closed","ping_status":"closed","template":"","meta":{"footnotes":""},"class_list":["post-18120","page","type-page","status-publish","hentry"],"blocksy_meta":[],"_links":{"self":[{"href":"https:\/\/timetravelaesthetic.com\/fr\/wp-json\/wp\/v2\/pages\/18120","targetHints":{"allow":["GET"]}}],"collection":[{"href":"https:\/\/timetravelaesthetic.com\/fr\/wp-json\/wp\/v2\/pages"}],"about":[{"href":"https:\/\/timetravelaesthetic.com\/fr\/wp-json\/wp\/v2\/types\/page"}],"author":[{"embeddable":true,"href":"https:\/\/timetravelaesthetic.com\/fr\/wp-json\/wp\/v2\/users\/1"}],"replies":[{"embeddable":true,"href":"https:\/\/timetravelaesthetic.com\/fr\/wp-json\/wp\/v2\/comments?post=18120"}],"version-history":[{"count":0,"href":"https:\/\/timetravelaesthetic.com\/fr\/wp-json\/wp\/v2\/pages\/18120\/revisions"}],"up":[{"embeddable":true,"href":"https:\/\/timetravelaesthetic.com\/fr\/wp-json\/wp\/v2\/pages\/17109"}],"wp:attachment":[{"href":"https:\/\/timetravelaesthetic.com\/fr\/wp-json\/wp\/v2\/media?parent=18120"}],"curies":[{"name":"wp","href":"https:\/\/api.w.org\/{rel}","templated":true}]}}