{"id":18205,"date":"2023-11-19T15:47:02","date_gmt":"2023-11-19T15:47:02","guid":{"rendered":"https:\/\/time3.vl-staging.com\/servisler\/estetik\/vucut-estetigi\/"},"modified":"2025-07-02T03:00:48","modified_gmt":"2025-07-02T03:00:48","slug":"vucut-estetigi","status":"publish","type":"page","link":"https:\/\/timetravelaesthetic.com\/fr\/servisler\/estetik\/vucut-estetigi\/","title":{"rendered":"V\u00fccut Esteti\u011fi FR"},"content":{"rendered":"<div class=\"brz-root__container brz-reset-all brz\">\n<section id=\"_jxiliymmgdehlcylyhxtumxjlmprkdjmyrmi\" class=\"brz-section brz-css-sLp0N\">\n<div class=\"brz-section__content brz-section--boxed brz-css-lZW1h brz-css-tO0W0\" data-brz-custom-id=\"wldvxckbtbnxaufkplqnniqnmjujzentgjad\">\n<div class=\"brz-bg\">\n<div class=\"brz-bg-image\"><\/div>\n<div class=\"brz-bg-color\"><\/div>\n<\/div>\n<div class=\"brz-container brz-css-vXAHL\">\n<div id=\"\" class=\"brz-css-jYF_p brz-wrapper\">\n<div class=\"brz-rich-text brz-rich-text__custom brz-css-p1SZd\" data-brz-custom-id=\"tavjyksvgjqwbidydbzjhdhmklhuktxlumrt\">\n<div data-brz-translate-text=\"1\">\n<h1 class=\"brz-text-lg-center brz-tp-lg-heading1 brz-css-su5Ff\" data-generated-css=\"brz-css-zoYQB\" data-uniq-id=\"mn5KU\"><span class=\"brz-cp-color2\">ESTH\u00c9TIQUE DU CORPS<\/span><\/h1>\n<\/div>\n<\/div>\n<\/div>\n<div id=\"\" class=\"brz-css-jYF_p brz-css-coJzW brz-wrapper\">\n<div class=\"brz-rich-text brz-rich-text__custom brz-css-p1SZd\" data-brz-custom-id=\"gstwwadgwvxqpdvqwyudewxvqttehhhmkpqt\">\n<div data-brz-translate-text=\"1\">\n<p class=\"brz-tp-lg-subtitle brz-text-lg-center brz-css-jqclY\" data-uniq-id=\"t3tbJ\" data-generated-css=\"brz-css-lN2sy\"><span class=\"brz-cp-color7\" style=\"background-color: transparent\">Nous vous proposons des solutions sp\u00e9ciales dans le domaine de l\u2019esth\u00e9tique corporelle avec notre \u00e9quipe de m\u00e9decins experts et notre clinique moderne. Pendant que vous appr\u00e9ciez le changement, nous planifions pour vous tous les processus restants.<\/span><\/p>\n<\/div>\n<\/div>\n<\/div>\n<div id=\"\" class=\"brz-css-jYF_p brz-css-pGkud brz-css-zXve_ brz-wrapper\">\n<div class=\"brz-spacer brz-css-julwg brz-css-sMmID\"><\/div>\n<\/div>\n<div class=\"brz-row__container brz-css-aLo8t\" data-brz-custom-id=\"oomisoprhjlcndugkdrpxouhgphlklzuikbb\">\n<div class=\"brz-bg\"><\/div>\n<div class=\"brz-row brz-css-j8e07 brz-css-pOJZB\">\n<div class=\"brz-columns brz-css-uHeXk brz-css-oMMoJ\" data-brz-custom-id=\"erymabuoogklatbiclojkedyophgmtunxjuj\">\n<div class=\"brz-bg\">\n<div class=\"brz-bg-image\"><\/div>\n<div class=\"brz-bg-color\"><\/div>\n<\/div>\n<div class=\"brz-column__items brz-css-xJFWa brz-css-et9b0\">\n<div id=\"\" class=\"brz-css-jYF_p brz-css-pGkud brz-wrapper\">\n<div class=\"brz-spacer brz-css-julwg brz-css-v2Ll8\"><\/div>\n<\/div>\n<div id=\"\" class=\"brz-css-jYF_p brz-wrapper\">\n<div class=\"brz-rich-text brz-rich-text__custom brz-css-p1SZd\" data-brz-custom-id=\"bcgadcxpeefvunqhjlbrjgjdnfwtfttjbnzt\">\n<div data-brz-translate-text=\"1\">\n<h2 class=\"brz-tp-lg-heading2 brz-text-lg-center brz-css-l_mTw\" data-uniq-id=\"bhPE_\" data-generated-css=\"brz-css-xDfzy\"><span class=\"brz-cp-color8\">Lifting du corps<\/span><\/h2>\n<\/div>\n<\/div>\n<\/div>\n<\/div>\n<p><a class=\"brz-a brz-container-link\" href=\"\/fr\/servisler\/estetik\/vucut-estetigi\/vucut-germe\/\" target=\"_self\" rel=\"noopener\" data-brz-link-type=\"external\"><\/a><\/div>\n<div class=\"brz-columns brz-css-uHeXk brz-css-goS5W\" data-brz-custom-id=\"wqwrdvydcwkeneytogxxjsmfgesomtqdaeps\">\n<div class=\"brz-bg\">\n<div class=\"brz-bg-image\"><\/div>\n<div class=\"brz-bg-color\"><\/div>\n<\/div>\n<div class=\"brz-column__items brz-css-xJFWa brz-css-xYR0I\">\n<div id=\"\" class=\"brz-css-jYF_p brz-css-pGkud brz-wrapper\">\n<div class=\"brz-spacer brz-css-julwg brz-css-eku6O\"><\/div>\n<\/div>\n<div id=\"\" class=\"brz-css-jYF_p brz-wrapper\">\n<div class=\"brz-rich-text brz-rich-text__custom brz-css-p1SZd\" data-brz-custom-id=\"vgxrbhqunhyhqrdindtjzpvlmwdjvrkvutqe\">\n<div data-brz-translate-text=\"1\">\n<h2 class=\"brz-text-lg-center brz-tp-lg-heading2 brz-css-j35pm\" data-generated-css=\"brz-css-qTMFx\" data-uniq-id=\"cQHGl\"><span class=\"brz-cp-color8\">Abdominoplastie<\/span><\/h2>\n<\/div>\n<\/div>\n<\/div>\n<\/div>\n<p><a class=\"brz-a brz-container-link\" href=\"\/fr\/servisler\/estetik\/vucut-estetigi\/karin-germe\/\" target=\"_self\" rel=\"noopener\" data-brz-link-type=\"external\"><\/a><\/div>\n<div class=\"brz-columns brz-css-uHeXk brz-css-tH3Mp\" data-brz-custom-id=\"vtpmzuikpgysuiihdzkcukjdyltbccgqeyrn\">\n<div class=\"brz-bg\">\n<div class=\"brz-bg-image\"><\/div>\n<div class=\"brz-bg-color\"><\/div>\n<\/div>\n<div class=\"brz-column__items brz-css-xJFWa brz-css-d30cB\">\n<div id=\"\" class=\"brz-css-jYF_p brz-css-pGkud brz-wrapper\">\n<div class=\"brz-spacer brz-css-julwg brz-css-t9sup\"><\/div>\n<\/div>\n<div id=\"\" class=\"brz-css-jYF_p brz-wrapper\">\n<div class=\"brz-rich-text brz-rich-text__custom brz-css-p1SZd\" data-brz-custom-id=\"eiotgcxybbctcennzjclhvcaivayllgnzgag\">\n<div data-brz-translate-text=\"1\">\n<h2 class=\"brz-text-lg-center brz-tp-lg-heading2 brz-css-nO4Xk\" data-generated-css=\"brz-css-dHaPe\" data-uniq-id=\"sHehH\"><span class=\"brz-cp-color8\">Lifting des fesses<\/span><\/h2>\n<\/div>\n<\/div>\n<\/div>\n<\/div>\n<p><a class=\"brz-a brz-container-link\" href=\"\/fr\/servisler\/estetik\/vucut-estetigi\/popo-diklestirme\/\" target=\"_self\" rel=\"noopener\" data-brz-link-type=\"external\"><\/a><\/div>\n<\/div>\n<\/div>\n<div class=\"brz-row__container brz-css-aLo8t\" data-brz-custom-id=\"iqsqntsmunvbumqujcoxckxghrkqfyrlmqze\">\n<div class=\"brz-bg\"><\/div>\n<div class=\"brz-row brz-css-j8e07 brz-css-pOJZB\">\n<div class=\"brz-columns brz-css-uHeXk brz-css-hTQHn\" data-brz-custom-id=\"ijcwkpnolobzdebezdqvwqjzkdxygbxvxgzo\">\n<div class=\"brz-bg\">\n<div class=\"brz-bg-image\"><\/div>\n<div class=\"brz-bg-color\"><\/div>\n<\/div>\n<div class=\"brz-column__items brz-css-xJFWa brz-css-jTleX\">\n<div id=\"\" class=\"brz-css-jYF_p brz-css-pGkud brz-wrapper\">\n<div class=\"brz-spacer brz-css-julwg brz-css-gNcH1\"><\/div>\n<\/div>\n<div id=\"\" class=\"brz-css-jYF_p brz-wrapper\">\n<div class=\"brz-rich-text brz-rich-text__custom brz-css-p1SZd\" data-brz-custom-id=\"ywimmdebdyfiobtikyiukmfnnfstqorcbbqt\">\n<div data-brz-translate-text=\"1\">\n<h2 class=\"brz-text-lg-center brz-tp-lg-heading2 brz-css-ye81M\" data-generated-css=\"brz-css-ttwEa\" data-uniq-id=\"kyVdV\"><span class=\"brz-cp-color8\">Augmentation des fesses avec implant<\/span><\/h2>\n<\/div>\n<\/div>\n<\/div>\n<\/div>\n<p><a class=\"brz-a brz-container-link\" href=\"\/fr\/servisler\/estetik\/vucut-estetigi\/implantli-popo-buyutme\/\" target=\"_self\" rel=\"noopener\" data-brz-link-type=\"external\"><\/a><\/div>\n<div class=\"brz-columns brz-css-uHeXk brz-css-tWs_c\" data-brz-custom-id=\"naqosydpbxuxxrrusmvjdmblbiobhfubloje\">\n<div class=\"brz-bg\">\n<div class=\"brz-bg-image\"><\/div>\n<div class=\"brz-bg-color\"><\/div>\n<\/div>\n<div class=\"brz-column__items brz-css-xJFWa brz-css-txqkW\">\n<div id=\"\" class=\"brz-css-jYF_p brz-css-pGkud brz-wrapper\">\n<div class=\"brz-spacer brz-css-julwg brz-css-aK0dF\"><\/div>\n<\/div>\n<div id=\"\" class=\"brz-css-jYF_p brz-wrapper\">\n<div class=\"brz-rich-text brz-rich-text__custom brz-css-p1SZd\" data-brz-custom-id=\"zunxmsbllzfdhiqbsswcozejteiwozwdqpuv\">\n<div data-brz-translate-text=\"1\">\n<h2 class=\"brz-text-lg-center brz-tp-lg-heading2 brz-css-wybpQ\" data-generated-css=\"brz-css-oWKs5\" data-uniq-id=\"izQ4x\"><span class=\"brz-cp-color8\">Lifting des cuisses<\/span><\/h2>\n<\/div>\n<\/div>\n<\/div>\n<\/div>\n<p><a class=\"brz-a brz-container-link\" href=\"\/fr\/servisler\/estetik\/vucut-estetigi\/uyluk-germe\/\" target=\"_self\" rel=\"noopener\" data-brz-link-type=\"external\"><\/a><\/div>\n<div class=\"brz-columns brz-css-uHeXk brz-css-nDxTq\" data-brz-custom-id=\"tndggjngygrmyvklamkhslxtmngsrperqsve\">\n<div class=\"brz-bg\">\n<div class=\"brz-bg-image\"><\/div>\n<div class=\"brz-bg-color\"><\/div>\n<\/div>\n<div class=\"brz-column__items brz-css-xJFWa brz-css-yST05\">\n<div id=\"\" class=\"brz-css-jYF_p brz-css-pGkud brz-wrapper\">\n<div class=\"brz-spacer brz-css-julwg brz-css-oFzjw\"><\/div>\n<\/div>\n<div id=\"\" class=\"brz-css-jYF_p brz-css-wD46d brz-wrapper\">\n<div class=\"brz-rich-text brz-rich-text__custom brz-css-p1SZd\" data-brz-custom-id=\"fcnouwgxpiqyjtvnkijystntyflkhgfrqyrw\">\n<div data-brz-translate-text=\"1\">\n<h2 class=\"brz-tp-lg-heading2 brz-text-lg-center brz-css-gRyru\" data-uniq-id=\"g_xGg\" data-generated-css=\"brz-css-wfBle\"><span class=\"brz-cp-color8\">Liposuccion<\/span><\/h2>\n<\/div>\n<\/div>\n<\/div>\n<\/div>\n<p><a class=\"brz-a brz-container-link\" href=\"\/fr\/servisler\/estetik\/vucut-estetigi\/yag-aldirma\/\" target=\"_self\" rel=\"noopener\" data-brz-link-type=\"external\"><\/a><\/div>\n<\/div>\n<\/div>\n<div class=\"brz-row__container brz-css-aLo8t\" data-brz-custom-id=\"qcvejuydrpkqlfpqybdbiwlsmryqdibosafq\">\n<div class=\"brz-bg\"><\/div>\n<div class=\"brz-row brz-css-j8e07 brz-css-pOJZB\">\n<div class=\"brz-columns brz-css-uHeXk brz-css-p1a6P\" data-brz-custom-id=\"mhcrnglpjwftbvdeitiugfybkwplzaoprrqa\">\n<div class=\"brz-bg\">\n<div class=\"brz-bg-image\"><\/div>\n<div class=\"brz-bg-color\"><\/div>\n<\/div>\n<div class=\"brz-column__items brz-css-xJFWa brz-css-x9sCd\">\n<div id=\"\" class=\"brz-css-jYF_p brz-css-pGkud brz-wrapper\">\n<div class=\"brz-spacer brz-css-julwg brz-css-hcdk0\"><\/div>\n<\/div>\n<div id=\"\" class=\"brz-css-jYF_p brz-css-r_TnC brz-wrapper\">\n<div class=\"brz-rich-text brz-rich-text__custom brz-css-p1SZd\" data-brz-custom-id=\"cjtjtlmaldulxlvtfqznykjbqbmprsldtgai\">\n<div data-brz-translate-text=\"1\">\n<h2 class=\"brz-text-lg-center brz-tp-lg-heading2 brz-css-uclvX\" data-generated-css=\"brz-css-cbG75\" data-uniq-id=\"vXBPY\"><span class=\"brz-cp-color8\">Esth\u00e9tique de la maternit\u00e9<\/span><\/h2>\n<\/div>\n<\/div>\n<\/div>\n<\/div>\n<p><a class=\"brz-a brz-container-link\" href=\"\/fr\/servisler\/estetik\/vucut-estetigi\/annelik-estetigi\/\" target=\"_self\" rel=\"noopener\" data-brz-link-type=\"external\"><\/a><\/div>\n<div class=\"brz-columns brz-css-uHeXk brz-css-tvdYM\" data-brz-custom-id=\"uatitpjchhzetdaeddefdnmqygxincurhbon\">\n<div class=\"brz-bg\">\n<div class=\"brz-bg-image\"><\/div>\n<div class=\"brz-bg-color\"><\/div>\n<\/div>\n<div class=\"brz-column__items brz-css-xJFWa brz-css-gvG_h\">\n<div id=\"\" class=\"brz-css-jYF_p brz-css-pGkud brz-wrapper\">\n<div class=\"brz-spacer brz-css-julwg brz-css-uiwEl\"><\/div>\n<\/div>\n<div id=\"\" class=\"brz-css-jYF_p brz-css-uor4G brz-wrapper\">\n<div class=\"brz-rich-text brz-rich-text__custom brz-css-p1SZd\" data-brz-custom-id=\"ibhorbffarhumpljiehqykruyvkyiiliczpb\">\n<div data-brz-translate-text=\"1\">\n<h2 class=\"brz-tp-lg-heading2 brz-text-lg-center brz-css-l4zBc\" data-uniq-id=\"xksht\" data-generated-css=\"brz-css-pulop\"><span class=\"brz-cp-color8\">BBL <\/span><\/h2>\n<\/div>\n<\/div>\n<\/div>\n<\/div>\n<p><a class=\"brz-a brz-container-link\" href=\"\/fr\/servisler\/estetik\/vucut-estetigi\/bbl\/\" target=\"_self\" rel=\"noopener\" data-brz-link-type=\"external\"><\/a><\/div>\n<div class=\"brz-columns brz-css-uHeXk brz-css-idx4V\" data-brz-custom-id=\"pcdlyshopvczxaviqthsnawbudcjrexaqivi\">\n<div class=\"brz-bg\">\n<div class=\"brz-bg-image\"><\/div>\n<div class=\"brz-bg-color\"><\/div>\n<\/div>\n<div class=\"brz-column__items brz-css-xJFWa brz-css-u8f_f\">\n<div id=\"\" class=\"brz-css-jYF_p brz-css-pGkud brz-wrapper\">\n<div class=\"brz-spacer brz-css-julwg brz-css-oTbuR\"><\/div>\n<\/div>\n<div id=\"\" class=\"brz-css-jYF_p brz-css-gmj0e brz-wrapper\">\n<div class=\"brz-rich-text brz-rich-text__custom brz-css-p1SZd\" data-brz-custom-id=\"vnwijktvlqpwervyydeapqmylbroimupshsu\">\n<div data-brz-translate-text=\"1\">\n<h2 class=\"brz-text-lg-center brz-tp-lg-heading2 brz-css-pYxBC\" data-generated-css=\"brz-css-o0Dd1\" data-uniq-id=\"p_oYJ\"><span class=\"brz-cp-color8\">Lifting des bras<\/span><\/h2>\n<\/div>\n<\/div>\n<\/div>\n<\/div>\n<p><a class=\"brz-a brz-container-link\" href=\"\/fr\/servisler\/estetik\/vucut-estetigi\/kol-germe\/\" target=\"_self\" rel=\"noopener\" data-brz-link-type=\"external\"><\/a><\/div>\n<\/div>\n<\/div>\n<\/div>\n<\/div>\n<\/section>\n<\/div>\n<p>    <!-- version:1733687976 --><\/p>\n","protected":false},"excerpt":{"rendered":"<p>ESTH\u00c9TIQUE DU CORPS Nous vous proposons des solutions sp\u00e9ciales dans le domaine de l\u2019esth\u00e9tique corporelle avec notre \u00e9quipe de m\u00e9decins experts et notre clinique moderne. Pendant que vous appr\u00e9ciez le changement, nous planifions pour vous tous les processus restants. Lifting du corps Abdominoplastie Lifting des fesses Augmentation des fesses avec implant Lifting des cuisses Liposuccion [&hellip;]<\/p>\n","protected":false},"author":1,"featured_media":0,"parent":17109,"menu_order":2,"comment_status":"closed","ping_status":"closed","template":"","meta":{"footnotes":""},"class_list":["post-18205","page","type-page","status-publish","hentry"],"blocksy_meta":[],"_links":{"self":[{"href":"https:\/\/timetravelaesthetic.com\/fr\/wp-json\/wp\/v2\/pages\/18205","targetHints":{"allow":["GET"]}}],"collection":[{"href":"https:\/\/timetravelaesthetic.com\/fr\/wp-json\/wp\/v2\/pages"}],"about":[{"href":"https:\/\/timetravelaesthetic.com\/fr\/wp-json\/wp\/v2\/types\/page"}],"author":[{"embeddable":true,"href":"https:\/\/timetravelaesthetic.com\/fr\/wp-json\/wp\/v2\/users\/1"}],"replies":[{"embeddable":true,"href":"https:\/\/timetravelaesthetic.com\/fr\/wp-json\/wp\/v2\/comments?post=18205"}],"version-history":[{"count":1,"href":"https:\/\/timetravelaesthetic.com\/fr\/wp-json\/wp\/v2\/pages\/18205\/revisions"}],"predecessor-version":[{"id":24192,"href":"https:\/\/timetravelaesthetic.com\/fr\/wp-json\/wp\/v2\/pages\/18205\/revisions\/24192"}],"up":[{"embeddable":true,"href":"https:\/\/timetravelaesthetic.com\/fr\/wp-json\/wp\/v2\/pages\/17109"}],"wp:attachment":[{"href":"https:\/\/timetravelaesthetic.com\/fr\/wp-json\/wp\/v2\/media?parent=18205"}],"curies":[{"name":"wp","href":"https:\/\/api.w.org\/{rel}","templated":true}]}}